{"id":937,"date":"2011-01-12T07:38:32","date_gmt":"2011-01-12T07:38:32","guid":{"rendered":"http:\/\/www.donsp.sk\/donsp\/?page_id=937"},"modified":"2026-01-28T09:29:04","modified_gmt":"2026-01-28T07:29:04","slug":"cennik-nadstandardnych-sluzieb","status":"publish","type":"page","link":"https:\/\/www.donsp.sk\/donsp\/inzercia\/cennik-nadstandardnych-sluzieb\/","title":{"rendered":"Cenn\u00edk  zdravotn\u00fdch v\u00fdkonov a slu\u017eieb"},"content":{"rendered":"<iframe loading=\"lazy\" class=\"wonderplugin-pdf-iframe\" src=\"https:\/\/www.donsp.sk\/donsp\/wp-content\/plugins\/wonderplugin-pdf-embed\/pdfjslight\/web\/viewer.html?v=2&file=https:\/\/www.donsp.sk\/donsp\/wp-content\/uploads\/cennik-vykonov-od-1.1.2026.pdf\" width=\"100%\" height=\"600px\"><\/iframe>\n\n\n","protected":false},"excerpt":{"rendered":"","protected":false},"author":1,"featured_media":0,"parent":761,"menu_order":0,"comment_status":"closed","ping_status":"closed","template":"","meta":{"_seopress_robots_primary_cat":"0","_seopress_titles_title":"","_seopress_titles_desc":"","_seopress_robots_index":"","pgc_sgb_lightbox_settings":"","footnotes":""},"class_list":["post-937","page","type-page","status-publish"],"_links":{"self":[{"href":"https:\/\/www.donsp.sk\/donsp\/wp-json\/wp\/v2\/pages\/937","targetHints":{"allow":["GET"]}}],"collection":[{"href":"https:\/\/www.donsp.sk\/donsp\/wp-json\/wp\/v2\/pages"}],"about":[{"href":"https:\/\/www.donsp.sk\/donsp\/wp-json\/wp\/v2\/types\/page"}],"author":[{"embeddable":true,"href":"https:\/\/www.donsp.sk\/donsp\/wp-json\/wp\/v2\/users\/1"}],"replies":[{"embeddable":true,"href":"https:\/\/www.donsp.sk\/donsp\/wp-json\/wp\/v2\/comments?post=937"}],"version-history":[{"count":7,"href":"https:\/\/www.donsp.sk\/donsp\/wp-json\/wp\/v2\/pages\/937\/revisions"}],"predecessor-version":[{"id":8785,"href":"https:\/\/www.donsp.sk\/donsp\/wp-json\/wp\/v2\/pages\/937\/revisions\/8785"}],"up":[{"embeddable":true,"href":"https:\/\/www.donsp.sk\/donsp\/wp-json\/wp\/v2\/pages\/761"}],"wp:attachment":[{"href":"https:\/\/www.donsp.sk\/donsp\/wp-json\/wp\/v2\/media?parent=937"}],"curies":[{"name":"wp","href":"https:\/\/api.w.org\/{rel}","templated":true}]}}