{"id":911,"date":"2010-11-18T10:17:14","date_gmt":"2010-11-18T10:17:14","guid":{"rendered":"http:\/\/www.donsp.sk\/donsp\/?page_id=911"},"modified":"2025-11-30T13:20:52","modified_gmt":"2025-11-30T11:20:52","slug":"oaim","status":"publish","type":"page","link":"https:\/\/www.donsp.sk\/donsp\/oddelenia\/oaim\/","title":{"rendered":"OAIM"},"content":{"rendered":"\n<div class=\"wp-block-columns alignwide visboard is-layout-flex wp-container-core-columns-is-layout-9d6595d7 wp-block-columns-is-layout-flex\">\n<div class=\"wp-block-column is-vertically-aligned-center is-layout-flow wp-block-column-is-layout-flow\" style=\"flex-basis:100%\">\n<h5 class=\"wp-block-heading\">Kontakt<\/h5>\n\n\n\n<p>Prim\u00e1r oddelenia: MUDr. Franti\u0161ek Mi\u010d\u00e1\u0148 \u010d. t.  <a href=\"tel:+421435801310\">+421 (0) 43 5801 310<\/a><br>Ved\u00faca sestra: Pilkov\u00e1 O\u013ega \u010d. t.  <a href=\"tel:+421435801328\">+421 (0) 43 5801 328<\/a><br>Oddelenie: <a href=\"tel:+421435801538\">+421 (0) 43 5801 538<\/a><br>Anesteziologick\u00e1 amb.: <a href=\"tel:+421435801125\">+421 (0) 43 5801 125<\/a><\/p>\n\n\n\n<p><a href=\"https:\/\/www.donsp.sk\/donsp\/telefonny-zoznam\/#oaim\">telef\u00f3nny zoznam<\/a><\/p>\n<\/div>\n<\/div>\n\n\n\n<figure class=\"wp-block-embed is-type-video is-provider-youtube wp-block-embed-youtube wp-embed-aspect-16-9 wp-has-aspect-ratio\"><div class=\"wp-block-embed__wrapper\">\n<iframe loading=\"lazy\" title=\"Komplet nemocnica prihovory  cele  fullhd 50p\" width=\"1140\" height=\"641\" src=\"https:\/\/www.youtube.com\/embed\/0d9zLymV4oo?start=987&#038;feature=oembed\" frameborder=\"0\" allow=\"accelerometer; autoplay; clipboard-write; encrypted-media; gyroscope; picture-in-picture; web-share\" referrerpolicy=\"strict-origin-when-cross-origin\" allowfullscreen><\/iframe>\n<\/div><\/figure>\n\n\n\n<hr class=\"wp-block-separator has-css-opacity\"\/>\n\n\n\n<h2 class=\"wp-block-heading has-text-align-center headline-xsmall\">O ODDELEN\u00cd<\/h2>\n\n\n\n<p>Lek\u00e1ri:<\/p>\n\n\n\n<p>MUDr. Franti\u0161ek Mi\u010d\u00e1\u0148,     atestovan\u00fd<\/p>\n\n\n\n<p>MUDr. Anett Strenkov\u00e1, v atesta\u010dnej pr\u00edprave<\/p>\n\n\n\n<p> MUDr. Brej\u010d\u00e1k Daniel,      atestovan\u00fd<\/p>\n\n\n\n<p>MUDr. Havl\u00edkov\u00e1&nbsp;Jana, atestovan\u00e1&nbsp;<\/p>\n\n\n\n<p>MUDr. Homolov\u00e1 Zuzana, v atesta\u010dnej pr\u00edprave <\/p>\n\n\n\n<p>MUDr. Krut\u00e1 Regina,          atestovan\u00e1 <\/p>\n\n\n\n<p>MUDr. Medveck\u00e1 Adriana, v atesta\u010dnej pr\u00edprave <\/p>\n\n\n\n<p>MUDr. Puk\u00e1\u010dov\u00e1 Andrea, atestovan\u00e1   <\/p>\n\n\n\n<p>MUDr. Rybansk\u00e1 Jana, atestovan\u00e1<\/p>\n\n\n\n<p>MUDr. Strenk Peter,           v atesta\u010dnej pr\u00edprave <\/p>\n\n\n\n<p>MUDr. Stre\u017eov\u00e1 Miroslava, v atesta\u010dnej pr\u00edprave <\/p>\n\n\n\n<p>MUDr. \u0160eligov\u00e1 Veronika, atestovan\u00e1<\/p>\n\n\n\n<p>N\u00e1v\u0161tevn\u00e9 hodiny:<\/p>\n\n\n\n<p>Pondelok a\u017e v piatok      14,00 &#8211; 17,00 hod.<\/p>\n\n\n\n<p>Sobota, nede\u013ea :  10,00 &#8211; 12,00 hod.  a 14,00 &#8211; 17,00 hod.<\/p>\n\n\n\n<p><strong>Pri z\u00e1va\u017en\u00fdch diagn\u00f3zach slu\u017ebu konaj\u00faci lek\u00e1r umo\u017en\u00ed n\u00e1v\u0161tevu po\u010das 24 hod\u00edn<\/strong><\/p>\n\n\n\n<p>Oddelenie bolo zriaden\u00e9 vroku 1978.\u00a0\u010cinnos\u0165 oddelenia je realizovan\u00e1 na dvoch \u010dastiach: anesteziologick\u00e1\u00a0a l\u00f4\u017ekov\u00e1 \u010das\u0165.<\/p>\n\n\n\n<p>&#8211;&nbsp;l\u00f4\u017ekov\u00e9 oddelenie &#8211; so 4&nbsp; l\u00f4\u017ekami pre intenz\u00edvnu medic\u00ednu&nbsp;a 4 l\u00f4\u017ekami pre intenz\u00edvnu medic\u00ednu-centr\u00e1lna JIS<\/p>\n\n\n\n<p>&#8211; na OAIM&nbsp;aktu\u00e1lne pracuje&nbsp;12 lek\u00e1rov, \u0161iesti s&nbsp;atest\u00e1ciou II. stup\u0148a . 27 SZP, 5&nbsp;NZP<\/p>\n\n\n\n<p>&#8211;&nbsp;ro\u010dne je priemerne hospitalizovan\u00fdch 470 pacientov<\/p>\n\n\n\n<p>&#8211;&nbsp;v anesteziologickej \u010dasti&nbsp;pod\u00e1vame ro\u010dne 5 400&nbsp;anest\u00e9zi\u00ed<\/p>\n\n\n\n<p>&#8211;&nbsp; 5 lek\u00e1ri vykon\u00e1vaj\u00fa&nbsp;p\u00f4rodn\u00edcku analg\u00e9ziu&nbsp;aj v mimopracovnej dobe<\/p>\n\n\n\n<p><\/p>\n\n\n\n<p><\/p>\n","protected":false},"excerpt":{"rendered":"<p>Kontakt Prim&aacute;r oddelenia: MUDr. Franti&scaron;ek Mi&#269;&aacute;&#328; &#269;. t. +421 (0) 43 5801 310Ved&uacute;ca sestra: Pilkov&aacute; O&#318;ga &#269;. t. +421 (0) 43 5801 328Oddelenie: +421 (0) 43 5801 538Anesteziologick&aacute; amb.: +421 (0) 43 5801 125 telef&oacute;nny zoznam O ODDELEN&Iacute; Lek&aacute;ri: MUDr.&nbsp;<a class=\"read-more\" href=\"https:\/\/www.donsp.sk\/donsp\/oddelenia\/oaim\/\"><\/a><\/p>\n","protected":false},"author":1,"featured_media":0,"parent":5,"menu_order":6,"comment_status":"closed","ping_status":"closed","template":"","meta":{"_seopress_robots_primary_cat":"0","_seopress_titles_title":"","_seopress_titles_desc":"","_seopress_robots_index":"","pgc_sgb_lightbox_settings":"","footnotes":""},"class_list":["post-911","page","type-page","status-publish"],"_links":{"self":[{"href":"https:\/\/www.donsp.sk\/donsp\/wp-json\/wp\/v2\/pages\/911","targetHints":{"allow":["GET"]}}],"collection":[{"href":"https:\/\/www.donsp.sk\/donsp\/wp-json\/wp\/v2\/pages"}],"about":[{"href":"https:\/\/www.donsp.sk\/donsp\/wp-json\/wp\/v2\/types\/page"}],"author":[{"embeddable":true,"href":"https:\/\/www.donsp.sk\/donsp\/wp-json\/wp\/v2\/users\/1"}],"replies":[{"embeddable":true,"href":"https:\/\/www.donsp.sk\/donsp\/wp-json\/wp\/v2\/comments?post=911"}],"version-history":[{"count":7,"href":"https:\/\/www.donsp.sk\/donsp\/wp-json\/wp\/v2\/pages\/911\/revisions"}],"predecessor-version":[{"id":8453,"href":"https:\/\/www.donsp.sk\/donsp\/wp-json\/wp\/v2\/pages\/911\/revisions\/8453"}],"up":[{"embeddable":true,"href":"https:\/\/www.donsp.sk\/donsp\/wp-json\/wp\/v2\/pages\/5"}],"wp:attachment":[{"href":"https:\/\/www.donsp.sk\/donsp\/wp-json\/wp\/v2\/media?parent=911"}],"curies":[{"name":"wp","href":"https:\/\/api.w.org\/{rel}","templated":true}]}}