{"id":89,"date":"2010-09-11T08:42:26","date_gmt":"2010-09-11T08:42:26","guid":{"rendered":"http:\/\/www.donsp.sk\/donsp\/?page_id=89"},"modified":"2025-11-30T13:42:50","modified_gmt":"2025-11-30T11:42:50","slug":"ortopedicka-ambulancia","status":"publish","type":"page","link":"https:\/\/www.donsp.sk\/donsp\/ambulancie\/ortopedicka-ambulancia\/","title":{"rendered":"Ortopedick\u00e1  ambulancia"},"content":{"rendered":"\n<div class=\"wp-block-columns alignwide visboard is-layout-flex wp-container-core-columns-is-layout-9d6595d7 wp-block-columns-is-layout-flex\">\n<div class=\"wp-block-column is-vertically-aligned-center is-layout-flow wp-block-column-is-layout-flow\" style=\"flex-basis:50%\">\n<h5 class=\"wp-block-heading\">Ordina\u010dn\u00e9 hodiny<\/h5>\n\n\n\n<div class=\"wp-block-group\"><div class=\"wp-block-group__inner-container is-layout-flow wp-block-group-is-layout-flow\">\n<figure class=\"wp-block-table is-style-regular\"><table><tbody><tr><td>Pondelok<\/td><td>08:00 &#8211; 14:15 hod<\/td><\/tr><tr><td>Utorok<\/td><td>08:00 &#8211; 14:15 hod<\/td><\/tr><tr><td>Streda<\/td><td>08:00 &#8211; 14:15 hod<\/td><\/tr><tr><td>\u0160tvrtok<\/td><td>08:00 &#8211; 14:15 hod<\/td><\/tr><tr><td>Piatok<\/td><td>08:00 &#8211; 14:15 hod<\/td><\/tr><tr><td>Sobota<\/td><td><\/td><\/tr><tr><td>Nede\u013ea<\/td><td><\/td><\/tr><\/tbody><\/table><\/figure>\n<\/div><\/div>\n<\/div>\n\n\n\n<div class=\"wp-block-column is-vertically-aligned-center is-layout-flow wp-block-column-is-layout-flow\" style=\"flex-basis:50%\">\n<div class=\"wp-block-columns is-layout-flex wp-container-core-columns-is-layout-9d6595d7 wp-block-columns-is-layout-flex\">\n<div class=\"wp-block-column is-layout-flow wp-block-column-is-layout-flow\" style=\"flex-basis:100%\">\n<div class=\"wp-block-group\"><div class=\"wp-block-group__inner-container is-layout-flow wp-block-group-is-layout-flow\">\n<div class=\"wp-block-group\"><div class=\"wp-block-group__inner-container is-layout-flow wp-block-group-is-layout-flow\">\n<h5 class=\"wp-block-heading\">Kontakt<\/h5>\n\n\n\n<p>Objednanie: <a href=\"tel:+421435801358\">+421 (0) 43 5801 358<\/a><\/p>\n\n\n\n<p><a href=\"https:\/\/www.objednatvysetrenie.sk\/vyber-druhu-vysetrenia.html?page_id=89960&amp;zid=56213\" target=\"_blank\" rel=\"noreferrer noopener\" class=\"obj\">objednanie<\/a><\/p>\n<\/div><\/div>\n\n\n\n<div class=\"wp-block-group\"><div class=\"wp-block-group__inner-container is-layout-flow wp-block-group-is-layout-flow\">\n<p>Objedn\u00e1vajte sa 13.00 \u2013 15.00 hod. po\u010das pracovn\u00fdch dn\u00ed!!<\/p>\n<\/div><\/div>\n\n\n\n<div class=\"wp-block-group\"><div class=\"wp-block-group__inner-container is-layout-flow wp-block-group-is-layout-flow\">\n<p>Poveren\u00fd lek\u00e1r: <a href=\"tel:+421435801272\">+421 (0) 43 5801 272<\/a><\/p>\n<\/div><\/div>\n<\/div><\/div>\n<\/div>\n<\/div>\n<\/div>\n<\/div>\n\n\n\n<p><strong>Ortopedick\u00e1 ambulancia.<\/strong><\/p>\n\n\n\n<p>ORTOPEDICK\u00c1 PR\u00cdJMOV\u00c1 AMBULANCIA poskytuje ambulantn\u00fa starostlivos\u0165 pre&nbsp;raj\u00f3nnych, ale aj mimoraj\u00f3nn\u00fdch klientov s ochoreniami a \u00farazmi osteoartikul\u00e1rneho apar\u00e1tu.<\/p>\n\n\n\n<p>Z\u00e1kladn\u00fdm poslan\u00edm tejto ambulancie\u00a0je v prvom rade kompletn\u00fd\u00a0pr\u00edjem\u00a0pacienta na ortopedick\u00e9\u00a0oddelenie,\u00a0\u010falej sa prev\u00e1dzaj\u00fa v\u0161etky\u00a0kontroly\u00a0u pacientov, ktor\u00ed boli\u00a0na na\u0161om oddelen\u00ed lie\u010den\u00ed a operovan\u00ed. Druh\u00fdm pilierom pr\u00e1ce je\u00a0 posudzova\u0165 vhodnos\u0165 opera\u010dn\u00e9ho\u00a0rie\u0161enia\u00a0u chorobn\u00fdch stavov nato\u00a0indikovan\u00fdch, naj\u010dastej\u0161ie u\u017e\u00a0u pacientov\u00a0\u00a0 vy\u0161etren\u00fdch\u00a0na\u00a0inej (sp\u00e1dovej) ortopedickej\u00a0 ambulancii. Po d\u00f4kladnom vypo\u010dut\u00ed va\u0161ich probl\u00e9mov a n\u00e1slednom vy\u0161etren\u00ed doporu\u010d\u00edme najvhodnej\u0161\u00ed terapeutick\u00fd postup zahr\u0148uj\u00faci medikament\u00f3znu lie\u010dbu, rehabilit\u00e1ciu alebo opera\u010dn\u00e9 rie\u0161enie\u00a0va\u0161ich\u00a0zdravotn\u00fdch\u00a0probl\u00e9mov.<\/p>\n\n\n\n<p>V&nbsp;ortop\u00e9dii dospel\u00fdch s\u00fa to predov\u0161etk\u00fdm degenerat\u00edvne zmeny na pohybovom apar\u00e1te&nbsp;hlavne v\u00e1honosn\u00fdch zhybov \/napr. gonartr\u00f3za, koxartr\u00f3za\/,&nbsp;ale aj&nbsp;zmeny na axi\u00e1lnom skelete&nbsp;\/vertebrog\u00e9nne \u0165a\u017ekosti\/. Samozrejmos\u0165ou je u na\u0161ich pacientiek \/predov\u0161etk\u00fdm v&nbsp;klimakt\u00e9riu\/ aj zabezpe\u010denie diagnostiky a terapie&nbsp;osteopor\u00f3zy, s \u010fal\u0161\u00edm sledovan\u00edm \u00fa\u010dinnosti lie\u010dby. V detskej ortop\u00e9dii je to predov\u0161etk\u00fdm screeningov\u00e9 sonografick\u00e9 vy\u0161etrenie bedrov\u00e9ho k\u013abu novorodenca a n\u00e1sledn\u00e1 terapia pri vyk\u013aben\u00ed. Samozrejmos\u0165ou je diagnostika a&nbsp;lie\u010dba vroden\u00fdch deform\u00edt nohy \/napr. konsk\u00e1 noha\/. U detsk\u00e9ho pacienta je to napr\u00edklad lie\u010dba a sledovanie plochej nohy, chybn\u00e9ho dr\u017eania tela, skoli\u00f3zy. V&nbsp;pr\u00edpade potreby protetickej pom\u00f4cky zabezpe\u010d\u00edme v&nbsp;spolupr\u00e1ci s&nbsp;protetikom jej spr\u00e1vnu v\u00fdrobu a aplik\u00e1ciu.&nbsp;V r\u00e1mci&nbsp; starostlivosti o&nbsp;\u00farazy&nbsp;pohybov\u00e9ho \u00fastrojenstva prev\u00e1dzame&nbsp;prim\u00e1rnu aj sekund\u00e1rnu diagnostiku a&nbsp;\u010fal\u0161iu n\u00e1sledn\u00fa&nbsp; starostlivos\u0165&nbsp;prakticky v\u0161etk\u00fdch&nbsp;typov&nbsp;poranen\u00ed oateoartikuzl\u00e1rneho apar\u00e1tu.&nbsp;V r\u00e1mci kontinuity&nbsp;predopera\u010dnej&nbsp;&nbsp; starostlivosti a n\u00e1sledn\u00e9ho&nbsp;sledovania pacientov&nbsp;je&nbsp;pr\u00e1ca&nbsp;na&nbsp;ortopedickej pr\u00edjmovej ambulancii&nbsp;organizovan\u00e1 tak, aby&nbsp; ka\u017ed\u00fd lek\u00e1r oddelenia&nbsp;mal&nbsp;svoj&nbsp;ambulantn\u00fd&nbsp;de\u0148.&nbsp;Takto je&nbsp;najlep\u0161ie zabezpe\u010den\u00e1 zdravotn\u00e1 starostlivos\u0165 a&nbsp;tie\u017e&nbsp;m\u00f4\u017ee&nbsp;fungova\u0165&nbsp;princ\u00edp kontinu\u00e1lnej&nbsp;sp\u00e4tnej v\u00e4zby medzi&nbsp;o\u0161etruj\u00facim lek\u00e1rom a jeho pacientom.<\/p>\n\n\n\n<p><strong>Inform\u00e1cie pre pacienta:<\/strong><br>N\u00e1jdete n\u00e1s v bloku C nemocnice na konci chodby za chirurgickou pr\u00edjmovou ambulanciou.<br>Na prv\u00e9 vy\u0161etrenie si nezabudnite zobra\u0165 cel\u00fa zdravotn\u00fa dokument\u00e1ciu, karti\u010dku poistenca a v\u00fdmenn\u00fd l\u00edstok od v\u0161eobecn\u00e9ho lek\u00e1ra.<\/p>\n\n\n\n<p>Po pr\u00edchode do \u010dak\u00e1rne sa pros\u00edm zap\u00ed\u0161te do zoznamu pacientov.<\/p>\n\n\n\n<p>Kontroln\u00e9 doporu\u010den\u00e9 vy\u0161etrenia bud\u00fa realizovan\u00e9 bez objednania.<br>Prvovy\u0161etrenia bud\u00fa realizovan\u00e9 po telefonickom dohovore u pacientom vybran\u00e9ho lek\u00e1ra v stanoven\u00fd de\u0148 vo vy\u0161\u0161ie uveden\u00fdch ambulantn\u00fdch hodin\u00e1ch.<\/p>\n\n\n\n<p><strong>Vy\u0161etrenia chrbtice u dospel\u00fdch<\/strong><br>Tieto vy\u0161etrenia bud\u00fa realizovan\u00e9 na priv\u00e1tnych ambulanci\u00e1ch, preto\u017ee ortopedick\u00e1 pr\u00edjmov\u00e1 ambulancia prim\u00e1rne rie\u0161i predopera\u010dn\u00fa a poopera\u010dn\u00fa starostlivos\u0165.<\/p>\n\n\n\n<p><strong>Upozornenie:<\/strong> \u017diadame pacientov z in\u00fdch okresov, aby pri prvom vy\u0161etren\u00ed prim\u00e1rne nav\u0161tevovali ambulancie v danom sp\u00e1de (priv\u00e1tne ambulancie N\u00e1mestovo \/ priv\u00e1tna ambulancia Trsten\u00e1).<\/p>\n\n\n\n<p>Ortopedick\u00e1 pr\u00edjmov\u00e1 ambulancia je ur\u010den\u00e1 hlavne pre pacientov vy\u017eaduj\u00facich opera\u010dn\u00e9 rie\u0161enie a pre pacientov s poopera\u010dn\u00fdm dispenz\u00e1rom u n\u00e1s realizovan\u00fdch oper\u00e1ci\u00ed. Za pochopenie \u010fakujeme.<\/p>\n","protected":false},"excerpt":{"rendered":"<p>Ordina&#269;n&eacute; hodiny Pondelok 08:00 &ndash; 14:15 hod Utorok 08:00 &ndash; 14:15 hod Streda 08:00 &ndash; 14:15 hod &Scaron;tvrtok 08:00 &ndash; 14:15 hod Piatok 08:00 &ndash; 14:15 hod Sobota Nede&#318;a Kontakt Objednanie: +421 (0) 43 5801 358 objednanie Objedn&aacute;vajte sa 13.00&nbsp;<a class=\"read-more\" href=\"https:\/\/www.donsp.sk\/donsp\/ambulancie\/ortopedicka-ambulancia\/\"><\/a><\/p>\n","protected":false},"author":1,"featured_media":0,"parent":6,"menu_order":0,"comment_status":"closed","ping_status":"closed","template":"","meta":{"_seopress_robots_primary_cat":"0","_seopress_titles_title":"","_seopress_titles_desc":"","_seopress_robots_index":"","pgc_sgb_lightbox_settings":"","footnotes":""},"class_list":["post-89","page","type-page","status-publish"],"_links":{"self":[{"href":"https:\/\/www.donsp.sk\/donsp\/wp-json\/wp\/v2\/pages\/89","targetHints":{"allow":["GET"]}}],"collection":[{"href":"https:\/\/www.donsp.sk\/donsp\/wp-json\/wp\/v2\/pages"}],"about":[{"href":"https:\/\/www.donsp.sk\/donsp\/wp-json\/wp\/v2\/types\/page"}],"author":[{"embeddable":true,"href":"https:\/\/www.donsp.sk\/donsp\/wp-json\/wp\/v2\/users\/1"}],"replies":[{"embeddable":true,"href":"https:\/\/www.donsp.sk\/donsp\/wp-json\/wp\/v2\/comments?post=89"}],"version-history":[{"count":7,"href":"https:\/\/www.donsp.sk\/donsp\/wp-json\/wp\/v2\/pages\/89\/revisions"}],"predecessor-version":[{"id":8466,"href":"https:\/\/www.donsp.sk\/donsp\/wp-json\/wp\/v2\/pages\/89\/revisions\/8466"}],"up":[{"embeddable":true,"href":"https:\/\/www.donsp.sk\/donsp\/wp-json\/wp\/v2\/pages\/6"}],"wp:attachment":[{"href":"https:\/\/www.donsp.sk\/donsp\/wp-json\/wp\/v2\/media?parent=89"}],"curies":[{"name":"wp","href":"https:\/\/api.w.org\/{rel}","templated":true}]}}