{"id":87,"date":"2010-09-11T08:42:05","date_gmt":"2010-09-11T06:42:05","guid":{"rendered":"http:\/\/www.donsp.sk\/donsp\/?page_id=87"},"modified":"2025-05-23T11:06:36","modified_gmt":"2025-05-23T09:06:36","slug":"neurologicka-ambulancia","status":"publish","type":"page","link":"https:\/\/www.donsp.sk\/donsp\/ambulancie\/neurologicka-ambulancia\/","title":{"rendered":"Neurologick\u00e1 ambulancia"},"content":{"rendered":"\n<div class=\"wp-block-columns alignwide visbg is-layout-flex wp-container-core-columns-is-layout-9d6595d7 wp-block-columns-is-layout-flex\">\n<div class=\"wp-block-column is-vertically-aligned-center visboard is-layout-flow wp-block-column-is-layout-flow\" style=\"flex-basis:50%\">\n<h5 class=\"wp-block-heading\">Neurologick\u00e1 ambulancia<\/h5>\n\n\n\n<div class=\"wp-block-group\"><div class=\"wp-block-group__inner-container is-layout-flow wp-block-group-is-layout-flow\">\n<figure class=\"wp-block-table is-style-regular\"><table><tbody><tr><td>Pondelok &#8211; Piatok<\/td><td>7:30 &#8211; 14:30 h<\/td><\/tr><tr><td>Kontakt<\/td><td><a href=\"tel:+421435801581\">+421 43 5801 581<\/a><\/td><\/tr><\/tbody><\/table><\/figure>\n<\/div><\/div>\n<\/div>\n\n\n\n<div class=\"wp-block-column visboard is-layout-flow wp-block-column-is-layout-flow\" style=\"flex-basis:50%\">\n<h5 class=\"wp-block-heading\">EEG, EMG<\/h5>\n\n\n\n<figure class=\"wp-block-table is-style-regular\"><table><tbody><tr><td>Pondelok &#8211; Piatok<\/td><td>7:30 &#8211; 14:30 h<\/td><\/tr><tr><td>Kontakt<\/td><td><a href=\"tel:+421435801233\">+421 43 5801 233<\/a><\/td><\/tr><\/tbody><\/table><\/figure>\n<\/div>\n<\/div>\n\n\n\n<p>Neuro-fyziologick\u00e9 laborat\u00f3rium pri neurologickom oddelen\u00ed DONsP Doln\u00fd Kub\u00edn vy\u0161etruje na EEG pr\u00edstroji pacientov s boles\u0165ami hlavy z\u00e1vratmi poruchami vedomia a pod., rob\u00edme aj vy\u0161etrenia po sp\u00e1nkovej depriv\u00e1cii u epileptikov. <\/p>\n\n\n\n<p>Na EMG pr\u00edstroji vy\u0161etrujeme pacientov so v\u0161etk\u00fdmi druhmi por\u00fach motoriky a citlivosti kon\u010dat\u00edn. S\u00fa\u010das\u0165ou pr\u00edstroja je zariadenie na testovanie zrakovej, sluchovej dr\u00e1hy a dr\u00e1hy citlivosti.<\/p>\n\n\n\n<p>Na uveden\u00e9 vy\u0161etrenia objedn\u00e1va pacienta ambulantn\u00fd neurol\u00f3g, vy\u0161etrenia\u00a0s\u00fa plne hraden\u00e9 zdravotnou pois\u0165ov\u0148ou.<\/p>\n\n\n\n<p>Zapo\u017ei\u010dan\u00fd m\u00e1me pr\u00edstroj na vy\u0161etrovanie mozgovej cirkul\u00e1cie. Podmienky objednania term\u00ednu a vy\u0161etrenia s\u00fa rovnak\u00e9 &#8211; cez pr\u00edjmov\u00fa neurologick\u00fa ambulanciu v DONsP Doln\u00fd Kub\u00edn.<\/p>\n","protected":false},"excerpt":{"rendered":"<p>Neurologick&aacute; ambulancia Pondelok &ndash; Piatok 7:30 &ndash; 14:30 h Kontakt +421 43 5801 581 EEG, EMG Pondelok &ndash; Piatok 7:30 &ndash; 14:30 h Kontakt +421 43 5801 233 Neuro-fyziologick&eacute; laborat&oacute;rium pri neurologickom oddelen&iacute; DONsP Doln&yacute; Kub&iacute;n vy&scaron;etruje na EEG pr&iacute;stroji&nbsp;<a class=\"read-more\" href=\"https:\/\/www.donsp.sk\/donsp\/ambulancie\/neurologicka-ambulancia\/\"><\/a><\/p>\n","protected":false},"author":1,"featured_media":0,"parent":6,"menu_order":3,"comment_status":"closed","ping_status":"closed","template":"","meta":{"_seopress_robots_primary_cat":"0","_seopress_titles_title":"","_seopress_titles_desc":"","_seopress_robots_index":"","pgc_sgb_lightbox_settings":"","footnotes":""},"class_list":["post-87","page","type-page","status-publish"],"_links":{"self":[{"href":"https:\/\/www.donsp.sk\/donsp\/wp-json\/wp\/v2\/pages\/87","targetHints":{"allow":["GET"]}}],"collection":[{"href":"https:\/\/www.donsp.sk\/donsp\/wp-json\/wp\/v2\/pages"}],"about":[{"href":"https:\/\/www.donsp.sk\/donsp\/wp-json\/wp\/v2\/types\/page"}],"author":[{"embeddable":true,"href":"https:\/\/www.donsp.sk\/donsp\/wp-json\/wp\/v2\/users\/1"}],"replies":[{"embeddable":true,"href":"https:\/\/www.donsp.sk\/donsp\/wp-json\/wp\/v2\/comments?post=87"}],"version-history":[{"count":5,"href":"https:\/\/www.donsp.sk\/donsp\/wp-json\/wp\/v2\/pages\/87\/revisions"}],"predecessor-version":[{"id":7053,"href":"https:\/\/www.donsp.sk\/donsp\/wp-json\/wp\/v2\/pages\/87\/revisions\/7053"}],"up":[{"embeddable":true,"href":"https:\/\/www.donsp.sk\/donsp\/wp-json\/wp\/v2\/pages\/6"}],"wp:attachment":[{"href":"https:\/\/www.donsp.sk\/donsp\/wp-json\/wp\/v2\/media?parent=87"}],"curies":[{"name":"wp","href":"https:\/\/api.w.org\/{rel}","templated":true}]}}