{"id":86,"date":"2010-09-11T08:41:56","date_gmt":"2010-09-11T06:41:56","guid":{"rendered":"http:\/\/www.donsp.sk\/donsp\/?page_id=86"},"modified":"2025-10-27T13:35:19","modified_gmt":"2025-10-27T11:35:19","slug":"psychiatricka-ambulancia","status":"publish","type":"page","link":"https:\/\/www.donsp.sk\/donsp\/ambulancie\/psychiatricka-ambulancia\/","title":{"rendered":"Psychiatrick\u00e1 ambulancia"},"content":{"rendered":"\n<div class=\"wp-block-columns alignwide visboard is-layout-flex wp-container-core-columns-is-layout-9d6595d7 wp-block-columns-is-layout-flex\">\n<div class=\"wp-block-column is-vertically-aligned-center is-layout-flow wp-block-column-is-layout-flow\" style=\"flex-basis:50%\">\n<h5 class=\"wp-block-heading\">Ordina\u010dn\u00e9 hodiny<\/h5>\n\n\n\n<div class=\"wp-block-group\"><div class=\"wp-block-group__inner-container is-layout-flow wp-block-group-is-layout-flow\">\n<figure class=\"wp-block-table is-style-regular\"><table><tbody><tr><td>Pondelok<\/td><td>07:00 h &#8211; 15:00 h<\/td><\/tr><tr><td>Utorok<\/td><td>07:00 h &#8211; 15:00 h<\/td><\/tr><tr><td>Streda<\/td><td>07:00 h &#8211; 15:00 h<\/td><\/tr><tr><td>\u0160tvrtok<\/td><td>07:00 h &#8211; 15:00 h<\/td><\/tr><tr><td>Piatok<\/td><td>07:00 h &#8211; 13:00 h<\/td><\/tr><\/tbody><\/table><\/figure>\n<\/div><\/div>\n<\/div>\n\n\n\n<div class=\"wp-block-column is-vertically-aligned-center is-layout-flow wp-block-column-is-layout-flow\" style=\"flex-basis:50%\">\n<div class=\"wp-block-columns is-layout-flex wp-container-core-columns-is-layout-9d6595d7 wp-block-columns-is-layout-flex\">\n<div class=\"wp-block-column is-layout-flow wp-block-column-is-layout-flow\" style=\"flex-basis:100%\">\n<div class=\"wp-block-group\"><div class=\"wp-block-group__inner-container is-layout-flow wp-block-group-is-layout-flow\">\n<div class=\"wp-block-group\"><div class=\"wp-block-group__inner-container is-layout-flow wp-block-group-is-layout-flow\">\n<h5 class=\"wp-block-heading\">Kontakt<\/h5>\n\n\n\n<p>Objednanie: <a href=\"tel:4210435801336\">+421 (0) 43 5801 336<\/a><\/p>\n\n\n\n<p>MUDr. Zuzana Deve\u010dkov\u00e1<\/p>\n\n\n\n<p>MUDr. Nos\u00e1\u013eov\u00e1 Eva<\/p>\n<\/div><\/div>\n<\/div><\/div>\n<\/div>\n<\/div>\n<\/div>\n<\/div>\n\n\n\n<p><\/p>\n","protected":false},"excerpt":{"rendered":"<p>Ordina&#269;n&eacute; hodiny Pondelok 07:00 h &ndash; 15:00 h Utorok 07:00 h &ndash; 15:00 h Streda 07:00 h &ndash; 15:00 h &Scaron;tvrtok 07:00 h &ndash; 15:00 h Piatok 07:00 h &ndash; 13:00 h Kontakt Objednanie: +421 (0) 43 5801 336 MUDr.&nbsp;<a class=\"read-more\" href=\"https:\/\/www.donsp.sk\/donsp\/ambulancie\/psychiatricka-ambulancia\/\"><\/a><\/p>\n","protected":false},"author":1,"featured_media":0,"parent":6,"menu_order":9,"comment_status":"closed","ping_status":"closed","template":"","meta":{"_seopress_robots_primary_cat":"0","_seopress_titles_title":"","_seopress_titles_desc":"","_seopress_robots_index":"","pgc_sgb_lightbox_settings":"","footnotes":""},"class_list":["post-86","page","type-page","status-publish"],"_links":{"self":[{"href":"https:\/\/www.donsp.sk\/donsp\/wp-json\/wp\/v2\/pages\/86","targetHints":{"allow":["GET"]}}],"collection":[{"href":"https:\/\/www.donsp.sk\/donsp\/wp-json\/wp\/v2\/pages"}],"about":[{"href":"https:\/\/www.donsp.sk\/donsp\/wp-json\/wp\/v2\/types\/page"}],"author":[{"embeddable":true,"href":"https:\/\/www.donsp.sk\/donsp\/wp-json\/wp\/v2\/users\/1"}],"replies":[{"embeddable":true,"href":"https:\/\/www.donsp.sk\/donsp\/wp-json\/wp\/v2\/comments?post=86"}],"version-history":[{"count":6,"href":"https:\/\/www.donsp.sk\/donsp\/wp-json\/wp\/v2\/pages\/86\/revisions"}],"predecessor-version":[{"id":8013,"href":"https:\/\/www.donsp.sk\/donsp\/wp-json\/wp\/v2\/pages\/86\/revisions\/8013"}],"up":[{"embeddable":true,"href":"https:\/\/www.donsp.sk\/donsp\/wp-json\/wp\/v2\/pages\/6"}],"wp:attachment":[{"href":"https:\/\/www.donsp.sk\/donsp\/wp-json\/wp\/v2\/media?parent=86"}],"curies":[{"name":"wp","href":"https:\/\/api.w.org\/{rel}","templated":true}]}}