{"id":74,"date":"2010-09-11T08:41:07","date_gmt":"2010-09-11T08:41:07","guid":{"rendered":"http:\/\/www.donsp.sk\/donsp\/?page_id=74"},"modified":"2025-11-30T13:47:06","modified_gmt":"2025-11-30T11:47:06","slug":"fro-ambulancia","status":"publish","type":"page","link":"https:\/\/www.donsp.sk\/donsp\/ambulancie\/fro-ambulancia\/","title":{"rendered":"FRO ambulancie"},"content":{"rendered":"\n<div class=\"wp-block-columns alignwide visbg is-layout-flex wp-container-core-columns-is-layout-9d6595d7 wp-block-columns-is-layout-flex\">\n<div class=\"wp-block-column is-vertically-aligned-center visboard is-layout-flow wp-block-column-is-layout-flow\" style=\"flex-basis:50%\">\n<h5 class=\"wp-block-heading has-text-align-center\">FRO ambulancia 1<\/h5>\n\n\n\n<div class=\"wp-block-group\"><div class=\"wp-block-group__inner-container is-layout-flow wp-block-group-is-layout-flow\">\n<figure class=\"wp-block-table is-style-regular\"><table><tbody><tr><td>Pondelok \u2013 Piatok<\/td><td>7:00 \u2013 12:00 a 12:30-15:00 h<\/td><\/tr><tr><td>lek\u00e1r MUDr. Anna Horn\u00e1<\/td><td><a href=\"tel:421435801311\">+421 43 5801 311<\/a><\/td><\/tr><\/tbody><\/table><\/figure>\n<\/div><\/div>\n<\/div>\n\n\n\n<div class=\"wp-block-column is-vertically-aligned-center visboard is-layout-flow wp-block-column-is-layout-flow\" style=\"flex-basis:50%\">\n<h5 class=\"wp-block-heading has-text-align-center\">FRO ambulancia 2<\/h5>\n\n\n\n<div class=\"wp-block-group\"><div class=\"wp-block-group__inner-container is-layout-flow wp-block-group-is-layout-flow\">\n<figure class=\"wp-block-table is-style-regular\"><table><tbody><tr><td>Pondelok \u2013 Utorok<\/td><td>7:00 \u2013 12:00 a 12:30-15:00 h<\/td><\/tr><tr><td>lek\u00e1r MUDr. Katar\u00edna Ne\u010dasov\u00e1<\/td><td><a href=\"tel:421435801312\">+421 43 5801 312<\/a><\/td><\/tr><\/tbody><\/table><\/figure>\n<\/div><\/div>\n<\/div>\n<\/div>\n\n\n\n<div class=\"wp-block-columns alignwide visbg is-layout-flex wp-container-core-columns-is-layout-9d6595d7 wp-block-columns-is-layout-flex\">\n<div class=\"wp-block-column is-vertically-aligned-center visboard is-layout-flow wp-block-column-is-layout-flow\" style=\"flex-basis:50%\">\n<h5 class=\"wp-block-heading has-text-align-center\">Objedn\u00e1vanie<\/h5>\n\n\n\n<div class=\"wp-block-group\"><div class=\"wp-block-group__inner-container is-layout-flow wp-block-group-is-layout-flow\">\n<figure class=\"wp-block-table is-style-regular\"><table><tbody><tr><td>Pondelok \u2013 Piatok<\/td><td>7:00 \u2013 12:00 h a 12:30-14:30 h<\/td><\/tr><tr><td>ved. fyzioterapeut FRO<\/td><td><a href=\"tel:421435801327\">+421 43 5801 327<\/a><\/td><\/tr><\/tbody><\/table><\/figure>\n<\/div><\/div>\n<\/div>\n<\/div>\n\n\n\n<div>\n<p style=\"text-align: center;\"><strong>V na\u0161ej DONsP n\u00e1jdete dve fyziatricko-rehabilita\u010dn\u00e9 ambulancie.<\/strong><\/p>\n<p>Viac inform\u00e1cii n\u00e1jdete prostredn\u00edctvom ni\u017e\u0161ie uveden\u00fdch kontaktov.<\/p>\n<p>FRO ambulancia 1: MUDr. Anna Horn\u00e1, \u010d. t. <a href=\"http:\/\/0435801311\" data-wplink-url-error=\"true\">043 5801 311<\/a><\/p>\n<\/div>\n\n\n\n<div>FRO ambulancia 2: MUDr. Katar\u00edna Ne\u010dasov\u00e1, \u010d. t. <a href=\"http:\/\/0435801312\" data-wplink-url-error=\"true\">043 5801 312<\/a><\/div>\n\n\n\n<div>Objedn\u00e1vanie nov\u00fdch&nbsp; pacientov na vstupn\u00e9 vy\u0161etrenia k lek\u00e1rovi a na predpis pom\u00f4cok s doporu\u010den\u00edm m\u00f4\u017ee by\u0165 iba od:<br>1. obvodn\u00e9ho lek\u00e1ra<br>2. \u0161pecialistu lek\u00e1ra \/ortop\u00e9d, neurol\u00f3g&#8230;.\/<\/div>\n\n\n\n<div>Objedn\u00e1vanie pacientov na FRO: od 07.00 h &#8211; 12.00 h,<br>od 12.30 h &#8211; 14.30 h<br>Kontakt: tel. \u010d\u00edslo 0435801327 ved. fyzioterapeut FRO<\/div>\n\n\n\n<div>Inform\u00e1cia pre obvodn\u00fdch lek\u00e1rov, s\u00fakromn\u00fdch lek\u00e1rov na ambulanci\u00e1ch, ambulantn\u00fdch lek\u00e1rov nemocnice.<\/div>\n","protected":false},"excerpt":{"rendered":"<p>FRO ambulancia 1 Pondelok &ndash; Piatok 7:00 &ndash; 12:00 a 12:30-15:00 h lek&aacute;r MUDr. Anna Horn&aacute; +421 43 5801 311 FRO ambulancia 2 Pondelok &ndash; Utorok 7:00 &ndash; 12:00 a 12:30-15:00 h lek&aacute;r MUDr. Katar&iacute;na Ne&#269;asov&aacute; +421 43 5801 312&nbsp;<a class=\"read-more\" href=\"https:\/\/www.donsp.sk\/donsp\/ambulancie\/fro-ambulancia\/\"><\/a><\/p>\n","protected":false},"author":1,"featured_media":0,"parent":6,"menu_order":4,"comment_status":"closed","ping_status":"closed","template":"","meta":{"_seopress_robots_primary_cat":"0","_seopress_titles_title":"","_seopress_titles_desc":"","_seopress_robots_index":"","pgc_sgb_lightbox_settings":"","footnotes":""},"class_list":["post-74","page","type-page","status-publish"],"_links":{"self":[{"href":"https:\/\/www.donsp.sk\/donsp\/wp-json\/wp\/v2\/pages\/74","targetHints":{"allow":["GET"]}}],"collection":[{"href":"https:\/\/www.donsp.sk\/donsp\/wp-json\/wp\/v2\/pages"}],"about":[{"href":"https:\/\/www.donsp.sk\/donsp\/wp-json\/wp\/v2\/types\/page"}],"author":[{"embeddable":true,"href":"https:\/\/www.donsp.sk\/donsp\/wp-json\/wp\/v2\/users\/1"}],"replies":[{"embeddable":true,"href":"https:\/\/www.donsp.sk\/donsp\/wp-json\/wp\/v2\/comments?post=74"}],"version-history":[{"count":6,"href":"https:\/\/www.donsp.sk\/donsp\/wp-json\/wp\/v2\/pages\/74\/revisions"}],"predecessor-version":[{"id":8469,"href":"https:\/\/www.donsp.sk\/donsp\/wp-json\/wp\/v2\/pages\/74\/revisions\/8469"}],"up":[{"embeddable":true,"href":"https:\/\/www.donsp.sk\/donsp\/wp-json\/wp\/v2\/pages\/6"}],"wp:attachment":[{"href":"https:\/\/www.donsp.sk\/donsp\/wp-json\/wp\/v2\/media?parent=74"}],"curies":[{"name":"wp","href":"https:\/\/api.w.org\/{rel}","templated":true}]}}