{"id":7089,"date":"2025-05-29T07:53:18","date_gmt":"2025-05-29T05:53:18","guid":{"rendered":"https:\/\/www.donsp.sk\/donsp\/?page_id=7089"},"modified":"2025-05-29T07:54:02","modified_gmt":"2025-05-29T05:54:02","slug":"vzdelavanie-prinasa-lepsiu-starostlivost","status":"publish","type":"page","link":"https:\/\/www.donsp.sk\/donsp\/vzdelavanie-prinasa-lepsiu-starostlivost\/","title":{"rendered":"Vzdel\u00e1vanie prin\u00e1\u0161a lep\u0161iu starostlivos\u0165"},"content":{"rendered":"\n<p>Vzdel\u00e1vanie zdravotn\u00edkov je neoddelite\u013enou s\u00fa\u010das\u0165ou kvalitnej a bezpe\u010dnej zdravotnej starostlivosti. Pravideln\u00e9 odborn\u00e9 podujatia nielen prehlbuj\u00fa teoretick\u00e9 poznatky, ale z\u00e1rove\u0148 podporuj\u00fa v\u00fdmenu sk\u00fasenost\u00ed medzi odborn\u00edkmi z r\u00f4znych pracov\u00edsk.<\/p>\n\n\n\n<p>Na\u0161im zdravotn\u00edkom na odbornom nemocni\u010dnom semin\u00e1ri, pod z\u00e1\u0161titou Slovenskej lek\u00e1rskej komory, tentoraz radili \u0161pecialisti MUDr. Juraj Chudej, PhD., MBA a MUDr. \u013dubica V\u00e1lekov\u00e1, PhD. z Kliniky hematol\u00f3gie a transf\u00faziol\u00f3gie Jesseniovej lek\u00e1rskej fakulty v Martine, Univerzitn\u00e1 nemocnica Martin.<\/p>\n\n\n\n<p>Neust\u00e1ly odborn\u00fd rast zdravotn\u00edckeho person\u00e1lu je k\u013e\u00fa\u010dom k lep\u0161ej diagnostike, efekt\u00edvnej\u0161ej lie\u010dbe a spokojnosti pacienta.<\/p>\n\n\n\n<figure class=\"wp-block-gallery has-nested-images columns-default is-cropped wp-block-gallery-1 is-layout-flex wp-block-gallery-is-layout-flex\">\n<figure class=\"wp-block-image size-large\"><a href=\"https:\/\/www.donsp.sk\/donsp\/wp-content\/uploads\/7-20250527_140002-scaled.jpg\"><img loading=\"lazy\" decoding=\"async\" width=\"1024\" height=\"693\" data-id=\"7091\" src=\"https:\/\/www.donsp.sk\/donsp\/wp-content\/uploads\/7-20250527_140002-1024x693.jpg\" alt=\"7 20250527 140002\" class=\"wp-image-7091\" srcset=\"https:\/\/www.donsp.sk\/donsp\/wp-content\/uploads\/7-20250527_140002-1024x693.jpg 1024w, https:\/\/www.donsp.sk\/donsp\/wp-content\/uploads\/7-20250527_140002-300x203.jpg 300w, https:\/\/www.donsp.sk\/donsp\/wp-content\/uploads\/7-20250527_140002-768x520.jpg 768w, https:\/\/www.donsp.sk\/donsp\/wp-content\/uploads\/7-20250527_140002-1536x1039.jpg 1536w, https:\/\/www.donsp.sk\/donsp\/wp-content\/uploads\/7-20250527_140002-2048x1385.jpg 2048w, https:\/\/www.donsp.sk\/donsp\/wp-content\/uploads\/7-20250527_140002-750x507.jpg 750w\" sizes=\"auto, (max-width: 1024px) 100vw, 1024px\" \/><\/a><\/figure>\n\n\n\n<figure class=\"wp-block-image size-large\"><a href=\"https:\/\/www.donsp.sk\/donsp\/wp-content\/uploads\/2-20250527_140032-scaled.jpg\"><img loading=\"lazy\" decoding=\"async\" width=\"1024\" height=\"733\" data-id=\"7092\" src=\"https:\/\/www.donsp.sk\/donsp\/wp-content\/uploads\/2-20250527_140032-1024x733.jpg\" alt=\"2 20250527 140032\" class=\"wp-image-7092\" srcset=\"https:\/\/www.donsp.sk\/donsp\/wp-content\/uploads\/2-20250527_140032-1024x733.jpg 1024w, https:\/\/www.donsp.sk\/donsp\/wp-content\/uploads\/2-20250527_140032-300x215.jpg 300w, https:\/\/www.donsp.sk\/donsp\/wp-content\/uploads\/2-20250527_140032-768x550.jpg 768w, https:\/\/www.donsp.sk\/donsp\/wp-content\/uploads\/2-20250527_140032-1536x1099.jpg 1536w, https:\/\/www.donsp.sk\/donsp\/wp-content\/uploads\/2-20250527_140032-2048x1466.jpg 2048w, https:\/\/www.donsp.sk\/donsp\/wp-content\/uploads\/2-20250527_140032-750x537.jpg 750w\" sizes=\"auto, (max-width: 1024px) 100vw, 1024px\" \/><\/a><\/figure>\n\n\n\n<figure class=\"wp-block-image size-large\"><a href=\"https:\/\/www.donsp.sk\/donsp\/wp-content\/uploads\/3-20250527_140319-scaled.jpg\"><img loading=\"lazy\" decoding=\"async\" width=\"1024\" height=\"683\" data-id=\"7093\" src=\"https:\/\/www.donsp.sk\/donsp\/wp-content\/uploads\/3-20250527_140319-1024x683.jpg\" alt=\"3 20250527 140319\" class=\"wp-image-7093\" srcset=\"https:\/\/www.donsp.sk\/donsp\/wp-content\/uploads\/3-20250527_140319-1024x683.jpg 1024w, https:\/\/www.donsp.sk\/donsp\/wp-content\/uploads\/3-20250527_140319-300x200.jpg 300w, https:\/\/www.donsp.sk\/donsp\/wp-content\/uploads\/3-20250527_140319-768x512.jpg 768w, https:\/\/www.donsp.sk\/donsp\/wp-content\/uploads\/3-20250527_140319-1536x1024.jpg 1536w, https:\/\/www.donsp.sk\/donsp\/wp-content\/uploads\/3-20250527_140319-2048x1366.jpg 2048w, https:\/\/www.donsp.sk\/donsp\/wp-content\/uploads\/3-20250527_140319-750x500.jpg 750w\" sizes=\"auto, (max-width: 1024px) 100vw, 1024px\" \/><\/a><\/figure>\n\n\n\n<figure class=\"wp-block-image size-large\"><a href=\"https:\/\/www.donsp.sk\/donsp\/wp-content\/uploads\/4-20250527_135900-scaled.jpg\"><img loading=\"lazy\" decoding=\"async\" width=\"1024\" height=\"716\" data-id=\"7094\" src=\"https:\/\/www.donsp.sk\/donsp\/wp-content\/uploads\/4-20250527_135900-1024x716.jpg\" alt=\"4 20250527 135900\" class=\"wp-image-7094\" srcset=\"https:\/\/www.donsp.sk\/donsp\/wp-content\/uploads\/4-20250527_135900-1024x716.jpg 1024w, https:\/\/www.donsp.sk\/donsp\/wp-content\/uploads\/4-20250527_135900-300x210.jpg 300w, https:\/\/www.donsp.sk\/donsp\/wp-content\/uploads\/4-20250527_135900-768x537.jpg 768w, https:\/\/www.donsp.sk\/donsp\/wp-content\/uploads\/4-20250527_135900-1536x1074.jpg 1536w, https:\/\/www.donsp.sk\/donsp\/wp-content\/uploads\/4-20250527_135900-2048x1433.jpg 2048w, https:\/\/www.donsp.sk\/donsp\/wp-content\/uploads\/4-20250527_135900-750x525.jpg 750w\" sizes=\"auto, (max-width: 1024px) 100vw, 1024px\" \/><\/a><\/figure>\n\n\n\n<figure class=\"wp-block-image size-large\"><a href=\"https:\/\/www.donsp.sk\/donsp\/wp-content\/uploads\/5-20250527_140117-scaled.jpg\"><img loading=\"lazy\" decoding=\"async\" width=\"739\" height=\"1024\" data-id=\"7096\" src=\"https:\/\/www.donsp.sk\/donsp\/wp-content\/uploads\/5-20250527_140117-739x1024.jpg\" alt=\"5 20250527 140117\" class=\"wp-image-7096\" srcset=\"https:\/\/www.donsp.sk\/donsp\/wp-content\/uploads\/5-20250527_140117-739x1024.jpg 739w, https:\/\/www.donsp.sk\/donsp\/wp-content\/uploads\/5-20250527_140117-217x300.jpg 217w, https:\/\/www.donsp.sk\/donsp\/wp-content\/uploads\/5-20250527_140117-768x1064.jpg 768w, https:\/\/www.donsp.sk\/donsp\/wp-content\/uploads\/5-20250527_140117-1109x1536.jpg 1109w, https:\/\/www.donsp.sk\/donsp\/wp-content\/uploads\/5-20250527_140117-1479x2048.jpg 1479w, https:\/\/www.donsp.sk\/donsp\/wp-content\/uploads\/5-20250527_140117-750x1039.jpg 750w, https:\/\/www.donsp.sk\/donsp\/wp-content\/uploads\/5-20250527_140117-scaled.jpg 1848w\" sizes=\"auto, (max-width: 739px) 100vw, 739px\" \/><\/a><\/figure>\n\n\n\n<figure class=\"wp-block-image size-large\"><a href=\"https:\/\/www.donsp.sk\/donsp\/wp-content\/uploads\/6-20250527_140104-scaled.jpg\"><img loading=\"lazy\" decoding=\"async\" width=\"1024\" height=\"705\" data-id=\"7095\" src=\"https:\/\/www.donsp.sk\/donsp\/wp-content\/uploads\/6-20250527_140104-1024x705.jpg\" alt=\"6 20250527 140104\" class=\"wp-image-7095\" srcset=\"https:\/\/www.donsp.sk\/donsp\/wp-content\/uploads\/6-20250527_140104-1024x705.jpg 1024w, https:\/\/www.donsp.sk\/donsp\/wp-content\/uploads\/6-20250527_140104-300x206.jpg 300w, https:\/\/www.donsp.sk\/donsp\/wp-content\/uploads\/6-20250527_140104-768x528.jpg 768w, https:\/\/www.donsp.sk\/donsp\/wp-content\/uploads\/6-20250527_140104-1536x1057.jpg 1536w, https:\/\/www.donsp.sk\/donsp\/wp-content\/uploads\/6-20250527_140104-2048x1409.jpg 2048w, https:\/\/www.donsp.sk\/donsp\/wp-content\/uploads\/6-20250527_140104-750x516.jpg 750w\" sizes=\"auto, (max-width: 1024px) 100vw, 1024px\" \/><\/a><\/figure>\n<\/figure>\n","protected":false},"excerpt":{"rendered":"<p>Vzdel&aacute;vanie zdravotn&iacute;kov je neoddelite&#318;nou s&uacute;&#269;as&#357;ou kvalitnej a bezpe&#269;nej zdravotnej starostlivosti. Pravideln&eacute; odborn&eacute; podujatia nielen prehlbuj&uacute; teoretick&eacute; poznatky, ale z&aacute;rove&#328; podporuj&uacute; v&yacute;menu sk&uacute;senost&iacute; medzi odborn&iacute;kmi z r&ocirc;znych pracov&iacute;sk. Na&scaron;im zdravotn&iacute;kom na odbornom nemocni&#269;nom semin&aacute;ri, pod z&aacute;&scaron;titou Slovenskej lek&aacute;rskej komory, tentoraz radili&nbsp;<a class=\"read-more\" href=\"https:\/\/www.donsp.sk\/donsp\/vzdelavanie-prinasa-lepsiu-starostlivost\/\"><\/a><\/p>\n","protected":false},"author":4,"featured_media":7090,"parent":0,"menu_order":0,"comment_status":"closed","ping_status":"closed","template":"","meta":{"_seopress_robots_primary_cat":"","_seopress_titles_title":"","_seopress_titles_desc":"","_seopress_robots_index":"","pgc_sgb_lightbox_settings":"","footnotes":""},"class_list":["post-7089","page","type-page","status-publish","has-post-thumbnail"],"_links":{"self":[{"href":"https:\/\/www.donsp.sk\/donsp\/wp-json\/wp\/v2\/pages\/7089","targetHints":{"allow":["GET"]}}],"collection":[{"href":"https:\/\/www.donsp.sk\/donsp\/wp-json\/wp\/v2\/pages"}],"about":[{"href":"https:\/\/www.donsp.sk\/donsp\/wp-json\/wp\/v2\/types\/page"}],"author":[{"embeddable":true,"href":"https:\/\/www.donsp.sk\/donsp\/wp-json\/wp\/v2\/users\/4"}],"replies":[{"embeddable":true,"href":"https:\/\/www.donsp.sk\/donsp\/wp-json\/wp\/v2\/comments?post=7089"}],"version-history":[{"count":2,"href":"https:\/\/www.donsp.sk\/donsp\/wp-json\/wp\/v2\/pages\/7089\/revisions"}],"predecessor-version":[{"id":7098,"href":"https:\/\/www.donsp.sk\/donsp\/wp-json\/wp\/v2\/pages\/7089\/revisions\/7098"}],"wp:featuredmedia":[{"embeddable":true,"href":"https:\/\/www.donsp.sk\/donsp\/wp-json\/wp\/v2\/media\/7090"}],"wp:attachment":[{"href":"https:\/\/www.donsp.sk\/donsp\/wp-json\/wp\/v2\/media?parent=7089"}],"curies":[{"name":"wp","href":"https:\/\/api.w.org\/{rel}","templated":true}]}}