{"id":7,"date":"2010-09-11T08:22:14","date_gmt":"2010-09-11T08:22:14","guid":{"rendered":"http:\/\/www.donsp.sk\/donsp\/?page_id=7"},"modified":"2025-05-21T14:25:10","modified_gmt":"2025-05-21T12:25:10","slug":"informacie","status":"publish","type":"page","link":"https:\/\/www.donsp.sk\/donsp\/informacie\/","title":{"rendered":"Info pre pacienta"},"content":{"rendered":"<p style=\"text-align: center;\"><strong>Inform\u00e1cie o objednan\u00ed sa na jednotliv\u00e9 ambulancie h\u013eadajte na ich str\u00e1nkach. V hornej \u010dasti menu pokra\u010dujte v\u00fdberom ambulancie.\u00a0Inform\u00e1cie \u00a0a \u010dasto kladen\u00e9 ot\u00e1zky pred hospitaliz\u00e1ciou n\u00e1jdete na str\u00e1nke rady pre pacienta.\u00a0V hornej \u010dasti menu pokra\u010dujte v\u00fdberom info \/ rady pre pacienta.<\/strong><\/p>\n<p style=\"text-align: center;\"><strong>\u00a0<\/strong><\/p>\n<p><strong>Nemocni\u010dn\u00fd poriadok<\/strong><\/p>\n<p>Zdravie je jednou z najd\u00f4le\u017eitej\u0161\u00edch \u013eudsk\u00fdch hodn\u00f4t a jedn\u00fdm zo z\u00e1kladn\u00fdch predpokladov \u0161\u0165astn\u00e9ho a tvoriv\u00e9ho \u017eivota jednotlivcov i celej spolo\u010dnosti. Pacient m\u00e1 pr\u00e1vo na oh\u013eadupln\u00fa, odborn\u00fa zdravotn\u00fa starostlivos\u0165, vykon\u00e1van\u00fa so zrete\u013eom na jeho \u013eudsk\u00fa d\u00f4stojnos\u0165. Cie\u013eom \u00fastavnej lie\u010dby je poskytovanie komplexnej zdravotnej starostlivosti. Pri plnen\u00ed t\u00fdchto \u00faloh m\u00f4\u017eete pom\u00f4c\u0165 aj Vy t\u00fdm, \u017ee vytvor\u00edte v nemocnici \u010dist\u00e9 a pokojn\u00e9 prostredie.<\/p>\n<ol>\n<li>Pri prijat\u00ed do \u00fastavnej zdravotnej starostlivosti sestra alebo sanit\u00e1rka zabezpe\u010d\u00ed ulo\u017eenie pacienta na l\u00f4\u017eko a pln\u00ed pokyny a ordin\u00e1cie prij\u00edmaj\u00faceho lek\u00e1ra. Prevezme zvr\u0161ky pacienta a zabezpe\u010d\u00ed ich \u00faschovu. O prevzat\u00ed vyd\u00e1 potvrdenie o \u00faschove.<\/li>\n<li>Pacient pou\u017e\u00edva vlastn\u00fa osobn\u00fa bielize\u0148. Pri zne\u010disten\u00ed poskytne osobn\u00fa bielize\u0148 aj pr\u00edslu\u0161n\u00e9 oddelenie. S\u00fakromn\u00fa bielize\u0148 nie je mo\u017en\u00e9 pou\u017ei\u0165 na opera\u010dn\u00fdch s\u00e1lach.<\/li>\n<li>V zariaden\u00ed nie je dovolen\u00e9 prechov\u00e1va\u0165 nebezpe\u010dn\u00e9 predmety, streln\u00e9 zbrane, chemik\u00e1lie, veci hygienicky \u0161kodliv\u00e9 alebo vzbudzuj\u00face odpor, veci v nadmernom mno\u017estve.<\/li>\n<li>Cenn\u00e9 veci a pe\u0148a\u017en\u00fa hotovos\u0165, ktor\u00fa nemo\u017eno zveri\u0165 pr\u00edbuzn\u00fdm alebo sprievodcovi, prevezme sestra a ulo\u017e\u00ed v trezore oddelenia so z\u00e1znamom o prevzat\u00ed cennej veci, resp. pe\u0148a\u017enej hotovosti. V opa\u010dnom pr\u00edpade nemocnica nezodpoved\u00e1 za po\u0161kodenie, stratu alebo odcudzenie veci.<\/li>\n<li>V z\u00e1ujme ochrany majetku je potrebn\u00e9 \u0161etrne zaobch\u00e1dza\u0165 s nemocni\u010dn\u00fdm zariaden\u00edm. Pri \u00famyselnom po\u0161koden\u00ed nemocni\u010dn\u00e9ho majetku, ste povinn\u00ed \u0161kodu uhradi\u0165.<\/li>\n<li>Po\u010das V\u00e1\u0161ho pobytu v nemocnici sa o V\u00e1s star\u00e1 o\u0161etruj\u00faci zdravotn\u00fd person\u00e1l (lek\u00e1r, sestra, sanit\u00e1r). Je potrebn\u00e9, aby ste dodr\u017eiavali ich pokyny a rady, aby V\u00e1\u0161 pobyt v nemocnici splnil svoj \u00fa\u010del. Pri \u0165a\u017ekostiach sa obracajte na ktor\u00e9hoko\u013evek zamestnanca o\u0161etruj\u00faceho person\u00e1lu.<\/li>\n<li>M\u00e1te pr\u00e1vo na \u010dist\u00e9 l\u00f4\u017eko. Va\u0161ou povinnos\u0165ou je v\u0161ak ho udr\u017eiava\u0165 \u010dist\u00e9. Preto nedovo\u013ete sada\u0165 si n\u00e1v\u0161tevn\u00edkom na Va\u0161e l\u00f4\u017eko v civilnom odeve. V\u00fdmena poste\u013enej bielizne sa vykon\u00e1va pod\u013ea potreby, najmenej v\u0161ak raz za t\u00fd\u017ede\u0148.<\/li>\n<li>Lieky, ktor\u00e9 V\u00e1m ordinoval o\u0161etruj\u00faci lek\u00e1r a ktor\u00e9 V\u00e1m prinesie sestra v ur\u010den\u00fd \u010das, u\u017eite v jej pr\u00edtomnosti.<\/li>\n<li>Pri potrebe \u010fal\u0161\u00edch vy\u0161etren\u00ed na in\u00fdch oddeleniach ste povinn\u00fd riadi\u0165 sa pokynmi o\u0161etruj\u00faceho lek\u00e1ra a sestry. Ste povinn\u00fd dodr\u017eiava\u0165 lie\u010debn\u00fd re\u017eim.<\/li>\n<li>Za spr\u00e1vny predpis stravy zodpoved\u00e1 o\u0161etruj\u00faci lek\u00e1r, ktor\u00fd rozhoduje o vhodnom sp\u00f4sobe Va\u0161ej v\u00fd\u017eivy. Za spr\u00e1vny sp\u00f4sob pod\u00e1vania stravy zodpoved\u00e1 slu\u017ebukonaj\u00faca sestra. Zdravotn\u00edcki pracovn\u00edci maj\u00fa povinnos\u0165 i pr\u00e1vo kontrolova\u0165 stravu, ktor\u00fa pacientovi priniesli z domu alebo ktor\u00fa si pacient kupuje s\u00e1m.<\/li>\n<li>V z\u00e1ujme dodr\u017eiavanie lie\u010debn\u00e9ho re\u017eimu V\u00e1s \u017eiadame, aby ste neru\u0161ili ostatn\u00fdch pacientov hlu\u010dn\u00fdm spr\u00e1van\u00edm. Upozornite na nevyhnutnos\u0165 dodr\u017eiavanie ticha aj Va\u0161ich n\u00e1v\u0161tevn\u00edkov. No\u010dn\u00fd k\u013eud je po 22,00 hod. po tomto \u010dase pou\u017e\u00edvajte iba no\u010dn\u00e9 svetlo.<\/li>\n<li>Na oddeleniach sa vykon\u00e1va pravideln\u00e9 denn\u00e9 upratovanie. Va\u0161ou povinnos\u0165ou je udr\u017eiava\u0165 \u010distotu v izb\u00e1ch, chodb\u00e1ch a soci\u00e1lnych zariadeniach.<\/li>\n<li>Plat\u00ed z\u00e1kaz manipul\u00e1cie s otvoren\u00fdm oh\u0148om, zapa\u013eovanie svie\u010dok na izb\u00e1ch a v spolo\u010dn\u00fdch priestoroch.<\/li>\n<li>V celej nemocnici plat\u00ed z\u00e1kaz faj\u010denia.<\/li>\n<li>O\u0161etruj\u00faci lek\u00e1r m\u00f4\u017ee povoli\u0165 pacientovi s prihliadnut\u00edm na jeho zdravotn\u00fd stav vych\u00e1dzky v are\u00e1li nemocnice. Nemocnicu m\u00f4\u017eete opusti\u0165 len so s\u00fahlasom o\u0161etruj\u00faceho lek\u00e1ra alebo slu\u017ebukonaj\u00facej sestry.<\/li>\n<li>Svoje pripomienky a pr\u00edpadn\u00e9 n\u00e1vrhy na \u00farove\u0148 poskytnutej zdravotnej starostlivosti m\u00f4\u017eete vyjadri\u0165 na dotazn\u00edku. Dotazn\u00edk v\u00e1m pri prepusten\u00ed doru\u010d\u00ed poveren\u00e1 zamestnanky\u0148a.<\/li>\n<li>Pri prepusten\u00ed z nemocnice odovzdajte v\u0161etky veci, ktor\u00e9 V\u00e1m boli zapo\u017ei\u010dan\u00e9. O\u0161etruj\u00faci lek\u00e1r V\u00e1s pred prepusten\u00edm pou\u010d\u00ed o \u010fal\u0161ej lie\u010dbe a \u017eivotospr\u00e1ve.<\/li>\n<li>Pri poru\u0161ovan\u00ed nemocni\u010dn\u00e9ho poriadku m\u00f4\u017ee by\u0165 pacient pred\u010dasne prepusten\u00fd z nemocni\u010dnej starostlivosti len v pr\u00edpade, ak prepusten\u00edm nebude v\u00e1\u017ene ohrozen\u00fd jeho zdravotn\u00fd stav.<\/li>\n<li>Pacient m\u00f4\u017ee by\u0165 prepusten\u00fd z \u00fastavnej starostlivosti na vlastn\u00fa \u017eiados\u0165, alebo na \u017eiados\u0165 z\u00e1konn\u00e9ho z\u00e1stupcu, ak napriek n\u00e1le\u017eit\u00e9mu pou\u010deniu odmieta \u00fastavn\u00fa starostlivos\u0165. Prepustenie sa vykon\u00e1 na z\u00e1klade p\u00edsomn\u00e9ho s\u00fahlasu (reverz). Toto sa nevz\u0165ahuje na pacientov s prenosn\u00fdmi ochoreniami a tam, kde bolo ulo\u017een\u00e1 \u00fastavn\u00e1 starostlivos\u0165 s\u00fadom, alebo o ktorej z\u00e1konitosti rozhoduje s\u00fad.<\/li>\n<li>\u00dahrady za slu\u017eby spojen\u00e9 s poskytovan\u00edm zdravotnej starostlivosti v zmysle platn\u00fdch pr\u00e1vnych predpisov a v zmysle platn\u00e9ho cenn\u00edka vyvesen\u00e9ho na pr\u00edslu\u0161nom oddelen\u00ed sa uhr\u00e1dzaj\u00fa na z\u00e1klade internej smernice.<\/li>\n<li>N\u00e1v\u0161tevy na izbe pacienta s\u00fa povolen\u00e9 iba v n\u00e1v\u0161tevn\u00fdch hodin\u00e1ch. V mimoriadnych pr\u00edpadoch a na oddeleniach intenz\u00edvnej starostlivosti (JIS, OAIM) s\u00fa n\u00e1v\u0161tevy povolen\u00e9 len so s\u00fahlasom prim\u00e1ra oddelenia alebo slu\u017ebukonaj\u00faceho lek\u00e1ra.<\/li>\n<li>Na pracovisk\u00e1ch s vy\u0161\u0161\u00edm hygienicko &#8211; epidemiologik\u00fdm re\u017eimom (JIS,\u00a0 OAIM, detsk\u00e9, novorodeneck\u00e9, gynekologicko &#8211; p\u00f4rodn\u00edcke) s\u00fa n\u00e1v\u0161tevy na izbe pacienta zak\u00e1zan\u00e9. V mimoriadnych pr\u00edpadoch s\u00fa n\u00e1v\u0161tevy povolen\u00e9 len so s\u00fahlasom prim\u00e1ra oddelenia alebo slu\u017ebukonaj\u00faceho lek\u00e1ra.<\/li>\n<li>Inform\u00e1cie o zdravotnom stave pacienta poskytuje o\u0161etruj\u00faci lek\u00e1r, resp. prim\u00e1r oddelenia v \u010dase od 14,00 &#8211; 15,30 hod.<\/li>\n<\/ol>\n<p><strong>N\u00e1v\u0161tevn\u00e9 hodiny<\/strong><br \/>\nPondelok &#8211; Piatok 15.00 h &#8211; 17.00 h<br \/>\nSobota &#8211; Nede\u013ea 13.00 h &#8211; 17.00 h (dni pracovn\u00e9ho pokoja)<\/p>\n<p><a href=\"https:\/\/www.donsp.sk\/donsp\/wp-content\/uploads\/COVID19NemocniceNavstevy.pdf\" target=\"_blank\" rel=\"noopener\">Usmernenie k n\u00e1v\u0161tev\u00e1m pacientov hospitalizovan\u00fdch v \u00fastavn\u00fdch zdravotn\u00edckych zariadeniach po\u010das pand\u00e9mie ochorenia COVID-19<\/a><\/p>\n<p><strong>N\u00e1v\u0161tevn\u00e9 hodiny po\u010das opatrenia Hlavn\u00e9ho hygienika<\/strong><\/p>\n<p><a href=\"http:\/\/www.donsp.sk\/donsp\/wp-content\/uploads\/Screen-Shot-06-09-20-at-10.46-AM.png\" rel=\"attachment wp-att-4406\"><img loading=\"lazy\" decoding=\"async\" class=\"aligncenter size-full wp-image-4406\" src=\"http:\/\/www.donsp.sk\/donsp\/wp-content\/uploads\/Screen-Shot-06-09-20-at-10.46-AM.png\" alt=\"Screen Shot 06-09-20 at 10.46 AM\" width=\"547\" height=\"705\" srcset=\"https:\/\/www.donsp.sk\/donsp\/wp-content\/uploads\/Screen-Shot-06-09-20-at-10.46-AM.png 547w, https:\/\/www.donsp.sk\/donsp\/wp-content\/uploads\/Screen-Shot-06-09-20-at-10.46-AM-233x300.png 233w\" sizes=\"auto, (max-width: 547px) 100vw, 547px\" \/><\/a><\/p>\n<p>N\u00e1v\u0161tevn\u00e9 hodiny s\u00fa jednotn\u00e9 pre v\u0161etky oddelenia nemocnice.<\/p>\n<p><strong>Denn\u00fd re\u017eim<\/strong><br \/>\n05.00 h &#8211; 06.00 h Bud\u00ed\u010dek<br \/>\n06.00 h &#8211; 07.00 h Rann\u00e1 toaleta<br \/>\n07.00 h &#8211; 07.30 h Lek\u00e1rska vizita<br \/>\n07.30 h &#8211; 08.00 h Ra\u0148ajky<br \/>\n08.00 h &#8211; 08.15 h Pod\u00e1vanie liekov, pr\u00edprava k ve\u013ekej vizite<br \/>\n08.00 h &#8211; 09.00 h Ve\u013ek\u00e1 vizita<br \/>\n09.00 h &#8211; 11.30 h Vy\u0161etrenia, prev\u00e4zy, z\u00e1kroky<br \/>\n11.30 h &#8211; 13.00 h Obed, pod\u00e1vanie liekov<br \/>\n13.00 h &#8211; 15.00 h Odpo\u010dinok<br \/>\n15.00 h &#8211; 17.00 h N\u00e1v\u0161tevy<br \/>\n17.00 h &#8211; 18.00 h Ve\u010dern\u00e1 vizita<br \/>\n18.00 h &#8211; 18.30 h Ve\u010dera<br \/>\n22.00 h &#8211; 06.00 h No\u010dn\u00fd k\u013eud<\/p>\n<p><strong>Strava sa pod\u00e1va \u0161tyrikr\u00e1t denne v\u00a0\u010dase<\/strong><br \/>\nra\u0148ajky 07.00 h &#8211; 08.00 ho<br \/>\nobed 11.30 h &#8211; 12.00 h<\/p>\n<p>olovrant\u00a0 o 15.00 h<br \/>\nve\u010dera 16.15 h &#8211; 17.15 h<br \/>\n2. ve\u010dera 20.00 h &#8211; 21.00 h (pre pacientov s diabetom)<\/p>\n<p style=\"text-align: center;\"><strong><img loading=\"lazy\" decoding=\"async\" class=\"aligncenter\" title=\"a\" src=\"http:\/\/donsp.sk\/data\/8.jpg\" alt=\"Info pre pacienta\" width=\"238\" height=\"392\" \/><\/strong><\/p>\n","protected":false},"excerpt":{"rendered":"<p>Inform&aacute;cie o objednan&iacute; sa na jednotliv&eacute; ambulancie h&#318;adajte na ich str&aacute;nkach. V hornej &#269;asti menu pokra&#269;ujte v&yacute;berom ambulancie.&nbsp;Inform&aacute;cie &nbsp;a &#269;asto kladen&eacute; ot&aacute;zky pred hospitaliz&aacute;ciou n&aacute;jdete na str&aacute;nke rady pre pacienta.&nbsp;V hornej &#269;asti menu pokra&#269;ujte v&yacute;berom info \/ rady pre pacienta.&nbsp;<a class=\"read-more\" href=\"https:\/\/www.donsp.sk\/donsp\/informacie\/\"><\/a><\/p>\n","protected":false},"author":1,"featured_media":0,"parent":0,"menu_order":4,"comment_status":"closed","ping_status":"closed","template":"","meta":{"_seopress_robots_primary_cat":"0","_seopress_titles_title":"","_seopress_titles_desc":"","_seopress_robots_index":"","pgc_sgb_lightbox_settings":"","footnotes":""},"class_list":["post-7","page","type-page","status-publish"],"_links":{"self":[{"href":"https:\/\/www.donsp.sk\/donsp\/wp-json\/wp\/v2\/pages\/7","targetHints":{"allow":["GET"]}}],"collection":[{"href":"https:\/\/www.donsp.sk\/donsp\/wp-json\/wp\/v2\/pages"}],"about":[{"href":"https:\/\/www.donsp.sk\/donsp\/wp-json\/wp\/v2\/types\/page"}],"author":[{"embeddable":true,"href":"https:\/\/www.donsp.sk\/donsp\/wp-json\/wp\/v2\/users\/1"}],"replies":[{"embeddable":true,"href":"https:\/\/www.donsp.sk\/donsp\/wp-json\/wp\/v2\/comments?post=7"}],"version-history":[{"count":1,"href":"https:\/\/www.donsp.sk\/donsp\/wp-json\/wp\/v2\/pages\/7\/revisions"}],"predecessor-version":[{"id":7039,"href":"https:\/\/www.donsp.sk\/donsp\/wp-json\/wp\/v2\/pages\/7\/revisions\/7039"}],"wp:attachment":[{"href":"https:\/\/www.donsp.sk\/donsp\/wp-json\/wp\/v2\/media?parent=7"}],"curies":[{"name":"wp","href":"https:\/\/api.w.org\/{rel}","templated":true}]}}