{"id":6855,"date":"2025-05-16T08:13:12","date_gmt":"2025-05-16T06:13:12","guid":{"rendered":"https:\/\/www.donsp.sk\/donsp\/?page_id=6855"},"modified":"2025-05-16T08:13:15","modified_gmt":"2025-05-16T06:13:15","slug":"vedenie-donsp","status":"publish","type":"page","link":"https:\/\/www.donsp.sk\/donsp\/vedenie-donsp\/","title":{"rendered":"Vedenie DONsP"},"content":{"rendered":"\n<p><strong>Riadite\u013e nemocnice:<\/strong><\/p>\n\n\n\n<p>PhDr. Jozef Mint\u00e1l, MBA, MEng.<\/p>\n\n\n\n<p>Email: <a href=\"mailto:mintal@donsp.sk\">mintal@donsp.sk<\/a><\/p>\n\n\n\n<p><strong>N\u00e1mestn\u00edk pre HT\u010c:<\/strong><\/p>\n\n\n\n<p>Ing. J\u00e1n Stre\u017eo<\/p>\n\n\n\n<p>Email: <a href=\"mailto:strezo@donsp.sk\">strezo@donsp.sk<\/a><\/p>\n\n\n\n<p><strong>N\u00e1mestn\u00edk pre lie\u010debno prevent\u00edvnu starostlivos\u0165 (opera\u010dn\u00e9 odbory):<\/strong><\/p>\n\n\n\n<p>MUDr. Rastislav Johanes, PhD., MBA<\/p>\n\n\n\n<p>Email: <a href=\"mailto:johanes@donsp.sk\">johanes@donsp.sk<\/a><\/p>\n\n\n\n<p><strong>N\u00e1mestn\u00edk pre lie\u010debno prevent\u00edvnu starostlivos\u0165 (internistick\u00e9 odbory):<\/strong><\/p>\n\n\n\n<p>MUDr. Peter Letavay, MBA, MPH<\/p>\n\n\n\n<p>Email: <a href=\"mailto:letavay@donsp.sk\">letavay@donsp.sk<\/a><\/p>\n\n\n\n<p><strong>N\u00e1mestn\u00ed\u010dka pre o\u0161etrovate\u013estvo:<\/strong><\/p>\n\n\n\n<p>PhDr. Alena Dud\u00e1\u0161ov\u00e1<\/p>\n\n\n\n<p>Email: <a href=\"mailto:dudasova.a@donsp.sk\">dudasova.a@donsp.sk<\/a><\/p>\n","protected":false},"excerpt":{"rendered":"<p>Riadite&#318; nemocnice: PhDr. Jozef Mint&aacute;l, MBA, MEng. Email: mintal@donsp.sk N&aacute;mestn&iacute;k pre HT&#268;: Ing. J&aacute;n Stre&#382;o Email: strezo@donsp.sk N&aacute;mestn&iacute;k pre lie&#269;ebno prevent&iacute;vnu starostlivos&#357; (opera&#269;n&eacute; odbory): MUDr. Rastislav Johanes, PhD., MBA Email: johanes@donsp.sk N&aacute;mestn&iacute;k pre lie&#269;ebno prevent&iacute;vnu starostlivos&#357; (internistick&eacute; odbory): MUDr. Peter&nbsp;<a class=\"read-more\" href=\"https:\/\/www.donsp.sk\/donsp\/vedenie-donsp\/\"><\/a><\/p>\n","protected":false},"author":3,"featured_media":0,"parent":0,"menu_order":0,"comment_status":"closed","ping_status":"closed","template":"","meta":{"_seopress_robots_primary_cat":"","_seopress_titles_title":"","_seopress_titles_desc":"","_seopress_robots_index":"","pgc_sgb_lightbox_settings":"","footnotes":""},"class_list":["post-6855","page","type-page","status-publish"],"_links":{"self":[{"href":"https:\/\/www.donsp.sk\/donsp\/wp-json\/wp\/v2\/pages\/6855","targetHints":{"allow":["GET"]}}],"collection":[{"href":"https:\/\/www.donsp.sk\/donsp\/wp-json\/wp\/v2\/pages"}],"about":[{"href":"https:\/\/www.donsp.sk\/donsp\/wp-json\/wp\/v2\/types\/page"}],"author":[{"embeddable":true,"href":"https:\/\/www.donsp.sk\/donsp\/wp-json\/wp\/v2\/users\/3"}],"replies":[{"embeddable":true,"href":"https:\/\/www.donsp.sk\/donsp\/wp-json\/wp\/v2\/comments?post=6855"}],"version-history":[{"count":1,"href":"https:\/\/www.donsp.sk\/donsp\/wp-json\/wp\/v2\/pages\/6855\/revisions"}],"predecessor-version":[{"id":6856,"href":"https:\/\/www.donsp.sk\/donsp\/wp-json\/wp\/v2\/pages\/6855\/revisions\/6856"}],"wp:attachment":[{"href":"https:\/\/www.donsp.sk\/donsp\/wp-json\/wp\/v2\/media?parent=6855"}],"curies":[{"name":"wp","href":"https:\/\/api.w.org\/{rel}","templated":true}]}}