{"id":6256,"date":"2025-01-21T14:47:09","date_gmt":"2025-01-21T12:47:09","guid":{"rendered":"https:\/\/www.donsp.sk\/donsp\/?page_id=6256"},"modified":"2025-11-30T13:44:24","modified_gmt":"2025-11-30T11:44:24","slug":"urologicka-ambulancia","status":"publish","type":"page","link":"https:\/\/www.donsp.sk\/donsp\/ambulancie\/urologicka-ambulancia\/","title":{"rendered":"Urologick\u00e1 ambulancia"},"content":{"rendered":"\n<p><\/p>\n\n\n\n<p>MUDr. Svetlana Opartyov\u00e1, PhD., MBA.<\/p>\n\n\n\n<div class=\"wp-block-columns alignwide visboard is-layout-flex wp-container-core-columns-is-layout-9d6595d7 wp-block-columns-is-layout-flex\">\n<div class=\"wp-block-column is-vertically-aligned-center is-layout-flow wp-block-column-is-layout-flow\" style=\"flex-basis:50%\">\n<h5 class=\"wp-block-heading\">Ordina\u010dn\u00e9 hodiny<\/h5>\n\n\n\n<div class=\"wp-block-group\"><div class=\"wp-block-group__inner-container is-layout-flow wp-block-group-is-layout-flow\">\n<figure class=\"wp-block-table is-style-regular\"><table><tbody><tr><td>Pondelok<\/td><td>07:00 h &#8211; 15:00 h<\/td><\/tr><tr><td>Utorok<\/td><td>07:00 h &#8211; 15:00 h<\/td><\/tr><tr><td>Streda<\/td><td>07:00 h &#8211; 15:00 h<\/td><\/tr><tr><td>\u0160tvrtok<\/td><td>07:00 h &#8211; 15:00 h<\/td><\/tr><tr><td>Piatok<\/td><td>07:00 h &#8211; 13:00 h<\/td><\/tr><\/tbody><\/table><\/figure>\n<\/div><\/div>\n<\/div>\n\n\n\n<div class=\"wp-block-column is-vertically-aligned-center is-layout-flow wp-block-column-is-layout-flow\" style=\"flex-basis:50%\">\n<div class=\"wp-block-columns is-layout-flex wp-container-core-columns-is-layout-9d6595d7 wp-block-columns-is-layout-flex\">\n<div class=\"wp-block-column is-layout-flow wp-block-column-is-layout-flow\" style=\"flex-basis:100%\">\n<div class=\"wp-block-group\"><div class=\"wp-block-group__inner-container is-layout-flow wp-block-group-is-layout-flow\">\n<div class=\"wp-block-group\"><div class=\"wp-block-group__inner-container is-layout-flow wp-block-group-is-layout-flow\">\n<h5 class=\"wp-block-heading\">Kontakt<\/h5>\n\n\n\n<p>Objednanie: <a href=\"tel:4210435801357\">+421 (0) 43 5801 357<\/a><\/p>\n\n\n\n<p>email: <a href=\"mailto:urolog@donsp.sk\">urolog@donsp.sk<\/a><\/p>\n<\/div><\/div>\n<\/div><\/div>\n<\/div>\n<\/div>\n<\/div>\n<\/div>\n\n\n\n<p>Urologick\u00e1 ambulancia zabezpe\u010duje diagnostick\u00fa a&nbsp;lie\u010debno-prevent\u00edvnu starostlivos\u0165 pre pacientov s ochoreniami mo\u010dov\u00e9ho \u00fastrojenstva a&nbsp;mu\u017esk\u00fdch pohlavn\u00fdch org\u00e1nov. Poskytuje diagnostiku a lie\u010dbu konkrementov (kamene) v obli\u010dk\u00e1ch a mo\u010dov\u00fdch cest\u00e1ch, ben\u00edgnej hyperpl\u00e1zie prostaty, n\u00e1dorov\u00fdch ochoren\u00ed, por\u00fach mo\u010denia, inkontinencie mo\u010du, ochoren\u00ed semenn\u00edkov a sexu\u00e1lnych por\u00fach.<\/p>\n\n\n\n<div class=\"wp-block-group is-vertical is-layout-flex wp-container-core-group-is-layout-8cf370e7 wp-block-group-is-layout-flex\">\n<p><strong>UROLOGICK\u00c9 VY\u0160ETRENIE<\/strong><br>Ak ste sa rozhodli da\u0165 sa vy\u0161etri\u0165 v na\u0161ej urologickej ambulancii, prv\u00fdm krokom je objedna\u0165 sa na prv\u00e9 vy\u0161etrenie, osobne, telefonicky \/043\/5801357\/ alebo e-mailom \/urolog@donsp.sk\/. Po\u010das vy\u0161etrenia s lek\u00e1rom konzultujete svoj<br>zdravotn\u00fd stav, \u0165a\u017ekosti a sympt\u00f3my. Lek\u00e1r v\u00e1s vy\u0161etr\u00ed, ak si to zdravotn\u00fd stav alebo diagnostika vy\u017eaduje, podst\u00fapite priamo na mieste odber mo\u010du \u010di krvi na laborat\u00f3rne vy\u0161etrenie, sonografick\u00e9 vy\u0161etrenie. N\u00e1sledne v\u00e1m lek\u00e1r nastav\u00ed<br>lie\u010dbu alebo odporu\u010d\u00ed \u010fal\u0161\u00ed postup. Ak je to potrebn\u00e9, objedn\u00e1me v\u00e1s na opera\u010dn\u00fd z\u00e1krok. V\u0161etky tieto \u00fakony u n\u00e1s absolvujete v pohode, bez stresu a s garanciou starostlivosti vysoko odborn\u00e9ho person\u00e1lu. \u00dalohou ambulancie je aj prevent\u00edvna starostlivos\u0165 o urologick\u00fdch pacientov.<br><strong>\u010cO U N\u00c1S N\u00c1JDETE?<br><\/strong>Kvalitn\u00e9 modern\u00e9 pr\u00edstrojov\u00e9 vybavenie \u2013 flexibiln\u00fd cystoskop, USG pr\u00edstroj, uroflowmeter, analyz\u00e1tor mo\u010du.<\/p>\n\n\n\n<p>Zmluvn\u00fd vz\u0165ah so v\u0161etk\u00fdmi zdravotn\u00fdmi pois\u0165ov\u0148ami \u2013 V\u0160ZP, D\u00f4vera, Union.  <\/p>\n\n\n\n<p>Diskr\u00e9tne a pr\u00edjemn\u00e9 prostredie, priate\u013esk\u00fa atmosf\u00e9ru, \u00fastretov\u00fd pr\u00edstup.<\/p>\n\n\n\n<p>Mo\u017enos\u0165 objednania sa na orienta\u010dn\u00fd \u010das vy\u0161etrenia, kr\u00e1tke \u010dakacie lehoty.<\/p>\n\n\n\n<p>Bezbari\u00e9rov\u00fd pr\u00edstup na na\u0161u ambulanciu.<\/p>\n<\/div>\n\n\n\n<h4 class=\"wp-block-heading\"><strong>NAJ\u010cASTEJ\u0160IE UROLOGICK\u00c9 PROBL\u00c9MY, S KTOR\u00ddMI SA NA N\u00c1S KLIENTI OBRACAJ\u00da<\/strong><\/h4>\n\n\n\n<ol class=\"wp-block-list\">\n<li>UROLOGICK\u00c9 Z\u00c1PALY (mo\u010dov\u00e9ho mech\u00fara, obli\u010diek, mo\u010dovodov, mo\u010dovej trubice, prostaty, semenn\u00edkov a nadsemenn\u00edkov)<\/li>\n\n\n\n<li>OCHORENIE PROSTATY (BPH \u2013 ben\u00edgna prostatick\u00e1 hyperpl\u00e1zia, \u010dast\u00e9 mo\u010denie \u2013 polakisuria)<\/li>\n\n\n\n<li>PREVENT\u00cdVNE VY\u0160ETRENIE A V\u010cASN\u00c1 DIAGNOSTIKA OCHOREN\u00cd A N\u00c1DOROV PROSTATY, SEMENN\u00cdKOV \u010cI OBLI\u010cIEK<\/li>\n\n\n\n<li>KAMENE V MO\u010cOV\u00ddCH CEST\u00c1CH<\/li>\n\n\n\n<li>N\u00c1LEZ KRVI V MO\u010cI<\/li>\n\n\n\n<li>OCHORENIE SEMENN\u00cdKOV<\/li>\n\n\n\n<li>INKONTINENCIA MO\u010cU<\/li>\n\n\n\n<li>PROBL\u00c9MY PRI POHLAVNOM STYKU (probl\u00e9my s erekciou \u2013 erektiln\u00e1 dysfunkcia, fim\u00f3za, parafim\u00f3za, pred\u010dasn\u00e1 ejakul\u00e1cia)<\/li>\n\n\n\n<li>KONZULT\u00c1CIA PRED OPER\u00c1CIOU (obriezky, frenulotomie &#8211; oper\u00e1cia uzdi\u010dky; hydrok\u00e9ly, varikok\u00e9ly, cysty nadsemenn\u00edka)<br>CYSTOSKOPIOU (diagnostick\u00e9 vy\u0161etrenie mo\u010dovej r\u00fary a mo\u010dov\u00e9ho mech\u00fara<br>kamerou)<\/li>\n<\/ol>\n\n\n\n<p><strong>PRE\u010cO U N\u00c1S NA UROLOGICKEJ AMBULANCII DONsP?<br><\/strong>Urologick\u00e1 ambulancia v DONsP je v\u00fdnimo\u010dn\u00e1 t\u00fdm, \u017ee pacient je u n\u00e1s na prvom mieste. Neza\u017eijete dlh\u00e9 vy\u010dk\u00e1vania v \u010dak\u00e1rni s mno\u017estvom \u010fal\u0161\u00edch pacientov s nedostatkom s\u00fakromia. \u010cakaj\u00fa v\u00e1s pr\u00edjemn\u00e9 modern\u00e9 priestory, roz\u0161\u00edren\u00e9 mo\u017enosti urologickej diagnostiky, modern\u00e9 pr\u00edstrojov\u00e9 vybavenie, diskr\u00e9tnos\u0165 a starostlivosti vysoko odborn\u00e9ho person\u00e1lu. Lek\u00e1r je tu pre v\u00e1s a m\u00e1 vyhraden\u00fd \u010das, aby sa venoval va\u0161im probl\u00e9mom.<\/p>\n\n\n\n<h4 class=\"wp-block-heading\"><strong>NA\u0160E SLU\u017dBY<\/strong><\/h4>\n\n\n\n<p><strong>VSTUPN\u00c9 VY\u0160ETRENIE<br><\/strong>Vstupn\u00e9 vy\u0161etrenie je d\u00f4le\u017eit\u00fdm prv\u00fdm krokom, ktor\u00fdm z\u00edskavame komplexn\u00fd obraz o va\u0161om zdrav\u00ed. Na\u0161a urologick\u00e1 ambulancia pon\u00faka profesion\u00e1lne konzult\u00e1cie s lek\u00e1rom, ktor\u00fd v\u00e1m pom\u00f4\u017ee s diagnostikou a individu\u00e1lnym pl\u00e1novan\u00edm lie\u010dby.<br><strong>PREVENT\u00cdVNA PREHLIADKA<br><\/strong>Na prevent\u00edvnu urologick\u00fa prehliadku radi priv\u00edtame mu\u017eov po 50 \u2013 tom roku veku, resp. po 40 \u2013 tom roku veku pod\u013ea v\u00fdskytu urologick\u00e9ho n\u00e1dorov\u00e9ho ochorenia v rodine s prihliadnut\u00edm na odpor\u00fa\u010dania zdravotnej pois\u0165ovne. Je zameran\u00e1 na odhalenie urologick\u00e9ho ochorenia v po\u010diato\u010dnom \u0161t\u00e1diu, kedy je v\u00e4\u010d\u0161inou dobre lie\u010dite\u013en\u00e9. Za\u010d\u00edna sa anamn\u00e9zou \u2013 rozhovorom s pacientom oh\u013eadom ochoren\u00ed v rodine, aktu\u00e1lnych \u0165a\u017ekost\u00ed pacienta, pokra\u010duje anal\u00fdzou mo\u010du a odberom krvi na PSA (prostatick\u00fd \u0161pecifick\u00fd antig\u00e9n), klinick\u00fdm vy\u0161etren\u00edm \u2013 vy\u0161etrenie brucha, driekovej oblasti, panvy, vonkaj\u0161ieho genit\u00e1lu pohmatom a vy\u0161etrenie prostaty cez kone\u010dn\u00edk. N\u00e1sledne lek\u00e1r realizuje USG vy\u0161etrenie obli\u010diek, mo\u010dov\u00e9ho mech\u00fara, prostaty. Prevent\u00edvna urologick\u00e1 prehliadka zv\u00e4\u010d\u0161a nezaberie viac ako 15 min\u00fat a m\u00f4\u017ee zachr\u00e1ni\u0165 \u017eivot pacienta.<br><strong>OCHORENIA DET\u00cd<br><\/strong>V na\u0161ej urologickej ambulancii sa \u0161pecializujeme aj na diagnostiku a lie\u010dbu urologick\u00fdch ochoren\u00ed u det\u00ed, poskytuj\u00fac im komplexn\u00fa starostlivos\u0165.<br>UROFLOWMETRIA<\/p>\n\n\n\n<p>Pon\u00fakame slu\u017ebu uroflow merania, ide o neinvaz\u00edvne a bezbolestn\u00e9 vy\u0161etrenie, ktor\u00e9 umo\u017e\u0148uje presn\u00fa kvantifik\u00e1ciu prietoku mo\u010du a hodnotenie funkcie doln\u00fdch mo\u010dov\u00fdch ciest.<\/p>\n\n\n\n<p><strong>AK\u00daTNE VY\u0160ETRENIE<br><\/strong>Ak\u00fatne vy\u0161etrenie je k dispoz\u00edcii pre pacientov s n\u00e1hlymi urologick\u00fdmi probl\u00e9mami, ako s\u00fa napr. siln\u00e9 bolesti, krv\u00e1canie, infekcie mo\u010dov\u00fdch ciest, aby bola pacientom v\u010das poskytnut\u00e1 okam\u017eit\u00fa diagnostika a lie\u010dba. <\/p>\n\n\n\n<p><strong>LIE\u010cBA RECIDIVUJ\u00daCICH UROLOGICK\u00ddCH INFEKCI\u00cd<br><\/strong>Lie\u010dba recidivuj\u00facich urologick\u00fdch infekci\u00ed zah\u0155\u0148a komplexn\u00fd pr\u00edstup, ktor\u00fd zah\u0155\u0148a diagnostiku pr\u00ed\u010diny, posilnenie imunitn\u00e9ho syst\u00e9mu a cielen\u00fa antibiotick\u00fa terapiu, s cie\u013eom dosiahnu\u0165 dlhodob\u00e9 zlep\u0161enie zdravotn\u00e9ho stavu.<\/p>\n\n\n\n<p>MUDr. SVETLANA OP\u00c1RTYOV\u00c1, PhD., MBA.<\/p>\n\n\n\n<p>UROL\u00d3G \u0160PECIALISTA<\/p>\n\n\n\n<p>Po skon\u010den\u00ed Lek\u00e1rskej Fakulty JLFUK v Martine v m\u00e1ji 2008 ako sekund\u00e1rny lek\u00e1r nast\u00fapila na urologick\u00fa kliniku Univerzitnej nemocnice v Martine, kde p\u00f4sobila a\u017e do j\u00fala 2024. Po\u010das odbornej praxe z\u00edskala PhD. v odbore chirurgia a atest\u00e1ciu v odbore urol\u00f3gia. Ako urol\u00f3g s viac ako 16-ro\u010dnou sk\u00fasenos\u0165ou od septembra 2024 p\u00f4sob\u00ed v DONsP. Vykon\u00e1va ambulantn\u00fa \u010dinnos\u0165 a vybran\u00e9 endoskopick\u00e9 i otvoren\u00e9 urologick\u00e9 oper\u00e1cie.<\/p>\n","protected":false},"excerpt":{"rendered":"<p>MUDr. Svetlana Opartyov&aacute;, PhD., MBA. Ordina&#269;n&eacute; hodiny Pondelok 07:00 h &ndash; 15:00 h Utorok 07:00 h &ndash; 15:00 h Streda 07:00 h &ndash; 15:00 h &Scaron;tvrtok 07:00 h &ndash; 15:00 h Piatok 07:00 h &ndash; 13:00 h Kontakt Objednanie: +421&nbsp;<a class=\"read-more\" href=\"https:\/\/www.donsp.sk\/donsp\/ambulancie\/urologicka-ambulancia\/\"><\/a><\/p>\n","protected":false},"author":3,"featured_media":0,"parent":6,"menu_order":0,"comment_status":"closed","ping_status":"closed","template":"","meta":{"_seopress_robots_primary_cat":"0","_seopress_titles_title":"","_seopress_titles_desc":"","_seopress_robots_index":"","pgc_sgb_lightbox_settings":"","footnotes":""},"class_list":["post-6256","page","type-page","status-publish"],"_links":{"self":[{"href":"https:\/\/www.donsp.sk\/donsp\/wp-json\/wp\/v2\/pages\/6256","targetHints":{"allow":["GET"]}}],"collection":[{"href":"https:\/\/www.donsp.sk\/donsp\/wp-json\/wp\/v2\/pages"}],"about":[{"href":"https:\/\/www.donsp.sk\/donsp\/wp-json\/wp\/v2\/types\/page"}],"author":[{"embeddable":true,"href":"https:\/\/www.donsp.sk\/donsp\/wp-json\/wp\/v2\/users\/3"}],"replies":[{"embeddable":true,"href":"https:\/\/www.donsp.sk\/donsp\/wp-json\/wp\/v2\/comments?post=6256"}],"version-history":[{"count":9,"href":"https:\/\/www.donsp.sk\/donsp\/wp-json\/wp\/v2\/pages\/6256\/revisions"}],"predecessor-version":[{"id":8468,"href":"https:\/\/www.donsp.sk\/donsp\/wp-json\/wp\/v2\/pages\/6256\/revisions\/8468"}],"up":[{"embeddable":true,"href":"https:\/\/www.donsp.sk\/donsp\/wp-json\/wp\/v2\/pages\/6"}],"wp:attachment":[{"href":"https:\/\/www.donsp.sk\/donsp\/wp-json\/wp\/v2\/media?parent=6256"}],"curies":[{"name":"wp","href":"https:\/\/api.w.org\/{rel}","templated":true}]}}