{"id":6053,"date":"2024-11-07T13:52:39","date_gmt":"2024-11-07T11:52:39","guid":{"rendered":"https:\/\/www.donsp.sk\/donsp\/?page_id=6053"},"modified":"2025-06-17T11:07:40","modified_gmt":"2025-06-17T09:07:40","slug":"prevadzkovy-poriadok-parkoviska","status":"publish","type":"page","link":"https:\/\/www.donsp.sk\/donsp\/prevadzkovy-poriadok-parkoviska\/","title":{"rendered":"Prev\u00e1dzkov\u00fd poriadok parkoviska"},"content":{"rendered":"\n<h4 class=\"wp-block-heading\">CENN\u00cdK PARKOVAC\u00cdCH SLU\u017dIEB:<\/h4>\n\n\n\n<h4 class=\"wp-block-heading\"><br>PREV\u00c1DZKOV\u00dd A REKLAMA\u010cN\u00dd PORIADOK platen\u00e9ho parkoviska DONsP MUDr. L. N. J\u00e9g\u00e9ho Doln\u00fd Kub\u00edn.<\/h4>\n\n\n\n<h5 class=\"wp-block-heading\"><br>I. Z\u00c1KLADN\u00c9 \u00daDAJE:<\/h5>\n\n\n\n<ol class=\"wp-block-list\">\n<li>Prev\u00e1dzkovate\u013e platen\u00e9ho parkoviska:<br>Dolnooravsk\u00e1 nemocnica MUDr. L. N. J\u00e9g\u00e9ho Doln\u00fd Kub\u00edn<\/li>\n\n\n\n<li>Miesto prev\u00e1dzky<br>Nemocni\u010dn\u00e1 1944\/10<\/li>\n\n\n\n<li>Prev\u00e1dzkov\u00e1 doba: pondelok &#8211; nede\u013ea, 00:00 h &#8211; 24:00 hod.<\/li>\n\n\n\n<li>Sp\u00f4sob platby:\n<ul class=\"wp-block-list\">\n<li>vlo\u017een\u00edm parkovacieho l\u00edstka zo vstupn\u00e9ho termin\u00e1lu do automatickej pokladne<\/li>\n\n\n\n<li>predlo\u017een\u00edm parkovacieho l\u00edstka zamestnancovi v priestoroch vr\u00e1tnice, len pre ob\u010danov \u0164ZP<\/li>\n\n\n\n<li>automatick\u00e1 poklad\u0148a sa nach\u00e1dza pri prechode pre chodcov smerom k vr\u00e1tnici.<\/li>\n<\/ul>\n<\/li>\n\n\n\n<li>Cenn\u00edk parkovania pre z\u00e1kazn\u00edkov:\n<ul class=\"wp-block-list\">\n<li>Prv\u00fdch 120 min\u00fat                                                     ZADARMO<\/li>\n\n\n\n<li>Ka\u017ed\u00e1 \u010fal\u0161ia za\u010dat\u00e1 hodina 1,00 \u20ac<\/li>\n\n\n\n<li>maxim\u00e1lna cena parkovn\u00e9ho za 24 hod\u00edn               20 \u20ac<\/li>\n\n\n\n<li>strata alebo po\u0161kodenie parkovacieho l\u00edstka          20 \u20ac\/parkovac\u00ed de\u0148<\/li>\n<\/ul>\n<\/li>\n\n\n\n<li>Priestor v okol\u00ed parkovacieho syst\u00e9mu a automatick\u00fdch pokladni je monitorovan\u00fd<br>kamerov\u00fdm syst\u00e9mom.<\/li>\n\n\n\n<li>Po zaplaten\u00ed v automatickej pokladni je k dispoz\u00edcii 15 min\u00fat na opustenie parkoviska.<\/li>\n\n\n\n<li>Vozidla osloboden\u00e9 od platenia parkovn\u00e9ho ur\u010duje prev\u00e1dzkovate\u013e.<\/li>\n<\/ol>\n\n\n\n<p><\/p>\n\n\n\n<h5 class=\"wp-block-heading\">II. PODMIENKY PARKOVANIA<\/h5>\n\n\n\n<ol class=\"wp-block-list\">\n<li>Tento prev\u00e1dzkov\u00fd poriadok upravuje pravidla u\u017e\u00edvania nechr\u00e1nen\u00e9ho parkovacieho miesta<br>z\u00e1kazn\u00edkov ur\u010den\u00e9 na parkovanie osobn\u00fdch vozidiel medzi prev\u00e1dzkovate\u013eom parkoviska a<br>medzi dr\u017eite\u013eom alebo u\u017e\u00edvate\u013eom cestn\u00fdch motorov\u00fdch vozidiel.<\/li>\n\n\n\n<li>U\u017e\u00edva\u0165 nechr\u00e1nen\u00e9 parkovacie miesto m\u00f4\u017ee len z\u00e1kazn\u00edk, ktor\u00fd akceptuje tento prev\u00e1dzkov\u00fd<br>poriadok, cenn\u00edk a skuto\u010dnos\u0165, \u017ee priestor ako aj samotn\u00e9 vozidla bud\u00fa monitorovan\u00e9<br>prostredn\u00edctvom bezpe\u010dnostn\u00fdch kamier, \u010dim sa uzatv\u00e1ra dohoda o poskytovan\u00ed<br>nechr\u00e1nen\u00e9ho parkovacieho miesta. Dohoda vznik\u00e1 prevzat\u00edm parkovacieho l\u00edstka<br>z\u00e1kazn\u00edkom z vjazdov\u00e9ho termin\u00e1lu.<\/li>\n\n\n\n<li>Syst\u00e9m parkovania:\n<ul class=\"wp-block-list\">\n<li>a) Postup pri vjazde vozidla:\n<ul class=\"wp-block-list\">\n<li>vjazd pre z\u00e1kazn\u00edkov parkoviska sa nach\u00e1dza 10 m pred vr\u00e1tnicou nemocnice<\/li>\n\n\n\n<li>Po\u010det vo\u013en\u00fdch miest na parkovisku je vysvietenej tabu\u013eke nad poklad\u0148ou<\/li>\n\n\n\n<li>vodi\u010d osobn\u00e9ho vozidla zastav\u00ed pred vjazdovou z\u00e1vorou, stla\u010den\u00edm tla\u010didla pre v\u00fddaj parkovacieho l\u00edstka na vjazdovom termin\u00e1li si odoberie parkovac\u00ed l\u00edstok, \u010d\u00edm sa z\u00e1vora otvor\u00ed <\/li>\n\n\n\n<li>vodi\u010d zaparkuje vozidlo na vybranom nechr\u00e1nenom parkovacom mieste,<\/li>\n\n\n\n<li>vodi\u010d opust\u00ed parkovac\u00ed priestor, pri\u010dom parkovac\u00ed l\u00edstok je povinn\u00fd zobra\u0165 so sebou. <\/li>\n\n\n\n<li>b) Postup pri v\u00fdjazde vozidla:\n<ul class=\"wp-block-list\">\n<li>v automatickej\/manu\u00e1lnej pokladni zaplat\u00ed vodi\u010d vozidla pr\u00edslu\u0161n\u00fa hotovos\u0165 za dobu parkovania pod\u013ea cenn\u00edka<\/li>\n\n\n\n<li>platbu v automatickej pokladni vodi\u010d uskuto\u010dni vlo\u017een\u00edm parkovacieho l\u00edstka do automatickej pokladne a n\u00e1sledne sa riadi in\u0161trukciami na displeji automatickej pokladne<\/li>\n\n\n\n<li>po uhraden\u00ed parkovn\u00e9ho vodi\u010d obdr\u017e\u00ed doklad o zaplaten\u00ed, pri\u010dom parkovac\u00ed l\u00edstok si ponech\u00e1 pre pou\u017eitie na v\u00fdjazd z parkoviska,<\/li>\n\n\n\n<li>pri pohybe na parkovisku ka\u017ed\u00e1 osoba ma povinnos\u0165 dba\u0165 o svoju bezpe\u010dnos\u0165 tak, ako upravuje z\u00e1kon o cestnej prem\u00e1vke,<\/li>\n\n\n\n<li>v\u00fdjazd z parkoviska je mo\u017en\u00fd v\u00fdjazdovou z\u00e1vorou,<\/li>\n\n\n\n<li>vodi\u010d osobn\u00e9ho vozidla zastav\u00ed pred v\u00fdjazdovou z\u00e1vorou, vlo\u017een\u00edm parkovacieho l\u00edstka z vjazdov\u00e9ho termin\u00e1lu k \u010d\u00edta\u010dke otvor\u00ed z\u00e1voru a od\u00edde vozidlom z parkoviska, <\/li>\n\n\n\n<li>Platba je mo\u017en\u00e1 aj na v\u00fdstupnej rampe platobn\u00fdmi kartami alebo telef\u00f3nnom, <\/li>\n<\/ul>\n<\/li>\n<\/ul>\n<\/li>\n<\/ul>\n<\/li>\n\n\n\n<li>V pr\u00edpade, \u017ee z\u00e1kazn\u00edk poru\u0161\u00ed tento prev\u00e1dzkov\u00fd poriadok podstatn\u00fdm sp\u00f4sobom, m\u00e1<br>prev\u00e1dzkovate\u013e pr\u00e1vo odtiahnu\u0165 vozidlo.<\/li>\n\n\n\n<li>Vozidl\u00e1, ktor\u00e9 s\u00fa zaparkovan\u00e9 na parkovisku, musia byt v riadnom technickom stave a musia<br>by\u0165 schv\u00e1len\u00e9 k pou\u017e\u00edvaniu v prev\u00e1dzke.<\/li>\n\n\n\n<li>Prev\u00e1dzkovate\u013e parkoviska nezodpoved\u00e1 za po\u0161kodenie, zni\u010denie alebo odcudzenie vec\u00ed a<br>vozidiel zaparkovan\u00fdch na parkovisku. Zaparkovan\u00e9 vozidla nie s\u00fa str\u00e1\u017een\u00e9 a prev\u00e1dzkovate\u013e<br>nenesie zodpovednos\u0165 za ich po\u0161kodenie, zni\u010denie alebo stratu po\u010das parkovania.<\/li>\n\n\n\n<li>V priestoroch parkoviska je zak\u00e1zan\u00e9 riadenie vozidiel osobami bez vodi\u010dsk\u00e9ho preukazu ako<br>i v\u00fdu\u010dba jazdy.<\/li>\n\n\n\n<li>Z\u00e1kazn\u00edk (vr\u00e1tane v\u0161etk\u00fdch os\u00f4b zdr\u017eiavaj\u00facich sa na parkovisku) je povinn\u00fd stara\u0165 sa o to,<br>aby na majetku prev\u00e1dzkovate\u013ea nevznikla \u0161koda, pri\u010dom zodpoved\u00e1 za v\u0161etky \u0161kody<br>sp\u00f4soben\u00e9 nim alebo jeho vozidlom na majetku prev\u00e1dzkovate\u013ea parkoviska.<br><\/li>\n<\/ol>\n\n\n\n<h5 class=\"wp-block-heading\">III. POVINNOSTI Z\u00c1KAZN\u00cdKA:<\/h5>\n\n\n\n<ol class=\"wp-block-list\">\n<li>Pri zaparkovan\u00ed vozidla v\u017edy riadne uzavrie\u0165 a uzamkn\u00fa\u0165 vozidlo a zabezpe\u010di\u0165 ho proti<br>samovo\u013en\u00e9mu uvedeniu do pohybu a parkova\u0165 iba na jednom parkovacom mieste.<\/li>\n\n\n\n<li>Dodr\u017eiava\u0165 v\u0161etky v\u00fdstra\u017en\u00e9 n\u00e1pisy, dopravn\u00e9 zna\u010dky a tento prev\u00e1dzkov\u00fd poriadok.<\/li>\n\n\n\n<li>Dodr\u017eiava\u0165 v\u0161etky bezpe\u010dnostn\u00e9 a po\u017eiarne predpisy.<\/li>\n\n\n\n<li>Parkovacie miesto u\u017e\u00edva\u0165 len s vozidlom v technicky prev\u00e1dzkyschopnom stave a parkova\u0165<br>iba na vyzna\u010denom nechr\u00e1nenom parkovacom mieste.<\/li>\n\n\n\n<li>Udr\u017eiava\u0165 \u010distotu a poriadok na parkovisku.<\/li>\n\n\n\n<li>Starostlivo uschova\u0165 parkovac\u00ed l\u00edstok. Z\u00e1kazn\u00edk nesie zodpovednos\u0165 za stratu, po\u0161kodenie<br>alebo zni\u010denie parkovacieho l\u00edstka. V pr\u00edpade straty parkovacieho l\u00edstka bude \u00fa\u010dtovan\u00fd za<br>jeho stratu poplatok 20 EUR.<\/li>\n\n\n\n<li>Platbu za parkovn\u00e9 vykona\u0165 v\u017edy pred odjazdom z parkoviska.<\/li>\n\n\n\n<li>V pr\u00edpade zistenia poruchy automatickej pokladne alebo parkovacieho syst\u00e9mu t\u00fato<br>skuto\u010dnos\u0165 bez zbyto\u010dn\u00e9ho odkladu ozn\u00e1mi\u0165 prev\u00e1dzkovate\u013eovi parkoviska na tel. \u010d.<br>0911796660.<\/li>\n\n\n\n<li>V pr\u00edpade po\u0161kodenia dopravn\u00e9ho zna\u010denia alebo dopravn\u00e9ho zariadenia je zodpovedn\u00e1<br>osoba povinn\u00e1 bezodkladne kontaktova\u0165 pol\u00edciu a prev\u00e1dzkovate\u013ea parkoviska na tel. \u010d\u00edsle<br>0911796660.<\/li>\n<\/ol>\n\n\n\n<h5 class=\"wp-block-heading\">IV. REKLAMA\u010cN\u00dd PORIADOK<\/h5>\n\n\n\n<ol class=\"wp-block-list\">\n<li>Na zabezpe\u010denie jednotn\u00e9ho, r\u00fdchleho a spr\u00e1vneho postupu pri vybavovan\u00ed reklam\u00e1ci\u00ed<br>poskytovan\u00fdch slu\u017eieb na parkovisku sa vyd\u00e1va tento reklama\u010dn\u00fd priadok.<\/li>\n\n\n\n<li>Pr\u00e1vo na reklam\u00e1ciu slu\u017eieb:<\/li>\n<\/ol>\n\n\n\n<p>Ak vodi\u010d zaparkovan\u00e9ho vozidla zist\u00ed, \u017ee slu\u017eba, ktor\u00e1 mu bola poskytnut\u00e1 ma vadu, uplat\u0148uje<br>svoje pr\u00e1vo u prev\u00e1dzkovate\u013ea parkoviska bez zbyto\u010dn\u00e9ho odkladu. Jeho pr\u00e1vo zanikne, ak nebolo<br>uplatnen\u00e9 do 7 dn\u00ed od poskytnutia slu\u017eby. Prev\u00e1dzkovate\u013e m\u00e1 pr\u00e1vo reklam\u00e1ciu neprija\u0165 v pr\u00edpade,<br>ak neboli splnen\u00e9 v\u0161etky podmienky reklam\u00e1cie:<\/p>\n\n\n\n<p>Vodi\u010d vozidla pri uplat\u0148ovan\u00ed reklam\u00e1cie mus\u00ed predlo\u017ei\u0165 doklad o poskytnut\u00fdch slu\u017eb\u00e1ch<br>(parkovac\u00ed l\u00edstok) a doklad o zaplaten\u00ed slu\u017eieb, ktor\u00fdch vadu reklamuje. K reklam\u00e1cii je potrebn\u00e9<br>prilo\u017ei\u0165 aj popis udalosti, ktor\u00e1 je pr\u00ed\u010dinou reklam\u00e1cie slu\u017eieb, kontaktn\u00fa osobu, kore\u0161ponden\u010dn\u00fa<br>adresu a telefonicky kontakt. V pr\u00edpade n\u00e1rokovania vr\u00e1tenia pe\u0148az\u00ed je potrebn\u00e9 zasla\u0165 \u010d\u00edslo \u00factu<br>v tvare IBAN. Ak nie je mo\u017en\u00e9 poskytn\u00fa\u0165 prev\u00e1dzkovate\u013eovi v\u0161etky n\u00e1le\u017eitosti reklam\u00e1cie, uvedie<br>z\u00e1kazn\u00edk d\u00f4vod tejto skuto\u010dnosti. Reklam\u00e1ciu je mo\u017en\u00e9 zasla\u0165 po\u0161tou na adresu prev\u00e1dzkovate\u013ea<br>\u2013 Dolnooravsk\u00e1 nemocnica s poliklinikou MUDr. L. N. J\u00e9g\u00e9ho, Nemocni\u010dn\u00e1 1944\/10 alebo formou e-<br>mailu na adresu strezo@donsp.sk. Prev\u00e1dzkovate\u013e vybav\u00ed reklam\u00e1ciu najnesk\u00f4r do 30 dn\u00ed od jej<br>uplatnenia. Lehota na vybavenie reklam\u00e1cie za\u010d\u00edna plyn\u00fa\u0165 d\u0148om nasleduj\u00facim po dni, kedy bola<br>reklam\u00e1cia uplatnen\u00e1. Po uplynut\u00ed lehoty vznik\u00e1 spotrebite\u013eovi n\u00e1rok na vr\u00e1tenie pe\u0148az\u00ed za<br>reklamovan\u00fa slu\u017ebu. Ak ide o zlo\u017eit\u00fd pr\u00edpad ako je po\u0161kodenie motorov\u00e9ho vozidla technol\u00f3giou<br>parkoviska po\u010das doby parkovania je potrebn\u00e9 na mieste sp\u00edsa\u0165 \u201espr\u00e1vu o nehode\u201c v dvoch<br>vyhotoveniach, 1 ks si majite\u013e vozidla ponech\u00e1 a 1 ks ost\u00e1va prev\u00e1dzkovate\u013eovi parkoviska.<br>Bezodkladne je nutn\u00e9 kontaktova\u0165 prev\u00e1dzkovate\u013ea parkoviska na tel. \u010d\u00edsle 0911796660.<\/p>\n\n\n\n<p>Pe\u0148a\u017en\u00e9 rozdiely zisten\u00e9 mimo parkoviska neuzn\u00e1vame.<\/p>\n\n\n\n<p>*Aby sme mohli Va\u0161u reklam\u00e1ciu vybavi\u0165, zoberte pros\u00edm na vedomie, \u017ee sprac\u00favame Va\u0161e<br>osobn\u00e9 \u00fadaje v rozsahu: titul, meno, priezvisko, adresa bydliska, kore\u0161ponden\u010dn\u00e1 adresa, \u010c\u00edslo<br>bankov\u00e9ho \u00factu, telef\u00f3nne \u010d\u00edslo, e-mail a podpis. Uveden\u00e9 osobn\u00e9 \u00fadaje sprac\u00favame z d\u00f4vodu<br>plnenia si na\u0161ich z\u00e1konn\u00fdch a zmluvn\u00fdch povinnosti na pr\u00e1vnom z\u00e1klade uvedenom vy ustanoven\u00ed<br>\u010dl\u00e1nku 6 odsek 1 p\u00edsmeno b) a p\u00edsmeno c) nariadenia Eur\u00f3pskeho parlamentu a Rady (EU)<br>2016\/679 o ochrane fyzick\u00fdch os\u00f4b pri spracovan\u00ed osobn\u00fdch \u00fadajov a o vo\u013enom pohybe tak\u00fdchto<br>\u00fadajov (\u010falej len ako ,,Nariadenie\u201c). V pr\u00edpade, ak sa rozhodnete n\u00e1m Va\u0161e osobn\u00e9 \u00fadaje<br>neposkytn\u00fa\u0165, nebude mo\u017en\u00e9 Va\u0161u reklam\u00e1ciu vybavi\u0165. Podrobn\u00e9 inform\u00e1cie o sprac\u00favan\u00ed Va\u0161ich<br>osobn\u00fdch \u00fadajov je mo\u017en\u00e9 z\u00edska\u0165 na e-mailovej adrese jurasova@donsp.sk.<\/p>\n\n\n\n<h5 class=\"wp-block-heading\">IV. Z\u00c1VERE\u010cN\u00c9 USTANOVENIA: ;<\/h5>\n\n\n\n<ol class=\"wp-block-list\">\n<li>Prev\u00e1dzkov\u00fd a reklama\u010dn\u00fd poriadok parkoviska s\u00fa povinn\u00ed dodr\u017eiava\u0165 v\u0161etci u\u017e\u00edvatelia<br>parkovac\u00edch miest na parkovisku DONsP.<\/li>\n\n\n\n<li>Prev\u00e1dzkov\u00fd a reklama\u010dn\u00fd poriadok parkoviska nadob\u00fada \u00da\u010dinnos\u0165 d\u0148om 1.11.2024.<\/li>\n\n\n\n<li>Prev\u00e1dzkov\u00fd a reklama\u010dn\u00fd poriadok bude vidite\u013en\u00fdm sp\u00f4sobom umiestnen\u00fd pri vjazde<br>na parkovisko, pri automatickej pokladni a z\u00e1rove\u0148 bude uveden\u00fd na webovej str\u00e1nke donsp.sk.<\/li>\n\n\n\n<li>Na parkovisku je prem\u00e1vka upraven\u00e1 dopravn\u00fdm zna\u010den\u00edm a z\u00e1kazn\u00edk je povinn\u00fd dodr\u017eiava\u0165<br>v plnom rozsahu ustanovenia z\u00e1kona \u010d. 8\/2009 Z.z. o cestnej prem\u00e1vke v znen\u00ed neskor\u0161\u00edch<br>predpisov.<\/li>\n\n\n\n<li>R\u00fdchlos\u0165 jazdy na parkovisku je max. 10 km\/hod.<\/li>\n\n\n\n<li>Zneu\u017eitie susedn\u00e9ho nechr\u00e1nen\u00e9ho parkovacieho miesta nespr\u00e1vnym parkovan\u00edm vozidla<br>z\u00e1kazn\u00edka bude posudzovan\u00e9 ako parkovanie na dvoch (pripadne viac) nechr\u00e1nen\u00fdch<br>parkovac\u00edch miestach a z\u00e1kazn\u00edk je povinn\u00fd zaplati\u0165 n\u00e1hradu za v\u0161etky obsaden\u00e9 nechr\u00e1nen\u00e9<br>parkovacie miesta pod\u013ea platn\u00e9ho cenn\u00edka.<\/li>\n\n\n\n<li>Ak vozidlo odstaven\u00e9 mimo vyzna\u010den\u00fdch parkovac\u00edch miest tvor\u00ed prek\u00e1\u017eku cestnej alebo<br>pe\u0161ej doprave, prev\u00e1dzkovate\u013e parkoviska ho bezodkladne da odvies\u0165 na n\u00e1klady a riziko<br>dr\u017eite\u013ea vozidla.<\/li>\n<\/ol>\n\n\n\n<p>V Dolnom Kub\u00edne, d\u0148a 1.11.2024.<\/p>\n\n\n\n<ol class=\"wp-block-list\">\n<li><\/li>\n<\/ol>\n","protected":false},"excerpt":{"rendered":"<p>CENN&Iacute;K PARKOVAC&Iacute;CH SLU&#381;IEB: PREV&Aacute;DZKOV&Yacute; A REKLAMA&#268;N&Yacute; PORIADOK platen&eacute;ho parkoviska DONsP MUDr. L. N. J&eacute;g&eacute;ho Doln&yacute; Kub&iacute;n. I. Z&Aacute;KLADN&Eacute; &Uacute;DAJE: II. PODMIENKY PARKOVANIA III. POVINNOSTI Z&Aacute;KAZN&Iacute;KA: IV. REKLAMA&#268;N&Yacute; PORIADOK Ak vodi&#269; zaparkovan&eacute;ho vozidla zist&iacute;, &#382;e slu&#382;ba, ktor&aacute; mu bola poskytnut&aacute; ma&nbsp;<a class=\"read-more\" href=\"https:\/\/www.donsp.sk\/donsp\/prevadzkovy-poriadok-parkoviska\/\"><\/a><\/p>\n","protected":false},"author":3,"featured_media":0,"parent":0,"menu_order":0,"comment_status":"closed","ping_status":"closed","template":"","meta":{"_seopress_robots_primary_cat":"0","_seopress_titles_title":"","_seopress_titles_desc":"","_seopress_robots_index":"","pgc_sgb_lightbox_settings":"","footnotes":""},"class_list":["post-6053","page","type-page","status-publish"],"_links":{"self":[{"href":"https:\/\/www.donsp.sk\/donsp\/wp-json\/wp\/v2\/pages\/6053","targetHints":{"allow":["GET"]}}],"collection":[{"href":"https:\/\/www.donsp.sk\/donsp\/wp-json\/wp\/v2\/pages"}],"about":[{"href":"https:\/\/www.donsp.sk\/donsp\/wp-json\/wp\/v2\/types\/page"}],"author":[{"embeddable":true,"href":"https:\/\/www.donsp.sk\/donsp\/wp-json\/wp\/v2\/users\/3"}],"replies":[{"embeddable":true,"href":"https:\/\/www.donsp.sk\/donsp\/wp-json\/wp\/v2\/comments?post=6053"}],"version-history":[{"count":7,"href":"https:\/\/www.donsp.sk\/donsp\/wp-json\/wp\/v2\/pages\/6053\/revisions"}],"predecessor-version":[{"id":7302,"href":"https:\/\/www.donsp.sk\/donsp\/wp-json\/wp\/v2\/pages\/6053\/revisions\/7302"}],"wp:attachment":[{"href":"https:\/\/www.donsp.sk\/donsp\/wp-json\/wp\/v2\/media?parent=6053"}],"curies":[{"name":"wp","href":"https:\/\/api.w.org\/{rel}","templated":true}]}}