{"id":5978,"date":"2024-08-08T11:12:58","date_gmt":"2024-08-08T09:12:58","guid":{"rendered":"https:\/\/www.donsp.sk\/donsp\/?page_id=5978"},"modified":"2024-08-09T09:51:49","modified_gmt":"2024-08-09T07:51:49","slug":"dotazniky-spokojnosti-pacienta","status":"publish","type":"page","link":"https:\/\/www.donsp.sk\/donsp\/dotazniky-spokojnosti-pacienta\/","title":{"rendered":"Dotazn\u00edk spokojnosti pacienta"},"content":{"rendered":"\n<p>Pode\u013ete sa s nami o va\u0161e sk\u00fasenosti v na\u0161ej nemocnici vyplnen\u00edm <strong>dotazn\u00edka spokojnosti,<\/strong> \u010d\u00edm n\u00e1m pom\u00f4\u017eete zvy\u0161ova\u0165 a skvalit\u0148ova\u0165 \u00farove\u0148 zdravotnej starostlivosti pre na\u0161ich pacientov. Va\u0161e vyplnen\u00e9 \u00fadaje s\u00fa anonymn\u00e9 a bud\u00fa pou\u017eit\u00e9 len na \u00fa\u010dely prieskumu.<\/p>\n\n\n\n<p>Pacient m\u00e1 mo\u017enos\u0165:<\/p>\n\n\n\n<p>&#8211; vyplni\u0165 dotazn\u00edk v on-line verzii na na\u0161ej webovej str\u00e1nke <\/p>\n\n\n\n<p>&#8211; vyplni\u0165 dotazn\u00edk na pr\u00edslu\u0161nom oddelen\u00ed alebo ambulancii a vhodi\u0165 ho do uzatvoren\u00e9ho boxu na to ur\u010den\u00e9ho<\/p>\n\n\n\n<p>&#8211; prostredn\u00edctvom QR k\u00f3du umiestnen\u00e9ho na jednotliv\u00fdch pracovisk\u00e1ch<br><\/p>\n\n\n\n<h2 class=\"wp-block-heading\"><em>P\u00f4rodn\u00edcke oddelenie:<br><\/em><\/h2>\n\n\n\n<p><a href=\"https:\/\/docs.google.com\/forms\/d\/e\/1FAIpQLSdWvFZzrS3eQ42RJeelK8r6rqNnk3YPp9yzc-wXRi-dtlmCzw\/viewform\" target=\"_blank\" rel=\"noreferrer noopener\">Online Dotazn\u00edk spokojnosti &#8211; P\u00f4rodn\u00edcke oddelenie<\/a><\/p>\n\n\n\n<div class=\"wp-block-file\"><a id=\"wp-block-file--media-0336e436-4a74-494f-9513-c03e3177c9ad\" href=\"https:\/\/www.donsp.sk\/donsp\/wp-content\/uploads\/dotaznik-porodnica.docx\"><strong>dotaznik porodnica<\/strong><\/a><a href=\"https:\/\/www.donsp.sk\/donsp\/wp-content\/uploads\/dotaznik-porodnica.docx\" class=\"wp-block-file__button wp-element-button\" download aria-describedby=\"wp-block-file--media-0336e436-4a74-494f-9513-c03e3177c9ad\">Stiahnu\u0165<\/a><\/div>\n\n\n\n<h2 class=\"wp-block-heading\"><em>Ambulancie:<\/em><\/h2>\n\n\n\n<p><a href=\"https:\/\/docs.google.com\/forms\/d\/e\/1FAIpQLSc2EqN3WjGcgcY2EaKYByWUxqFaXgfeHzjOnpLKa6xPGdjMJA\/viewform\" target=\"_blank\" rel=\"noreferrer noopener\">Online Dotazn\u00edk spokojnosti &#8211; Ambulancie DONsP<\/a><\/p>\n\n\n\n<div class=\"wp-block-file\"><a id=\"wp-block-file--media-6808c722-ca38-445c-8087-6d88b0ab1a7f\" href=\"https:\/\/www.donsp.sk\/donsp\/wp-content\/uploads\/dotaznik-ambulancia.docx\"><strong>dotaznik ambulancia<\/strong><\/a><a href=\"https:\/\/www.donsp.sk\/donsp\/wp-content\/uploads\/dotaznik-ambulancia.docx\" class=\"wp-block-file__button wp-element-button\" download aria-describedby=\"wp-block-file--media-6808c722-ca38-445c-8087-6d88b0ab1a7f\">Stiahnu\u0165<\/a><\/div>\n\n\n\n<h2 class=\"wp-block-heading\"><em>Oddelenia:<\/em><\/h2>\n\n\n\n<p><a href=\"https:\/\/docs.google.com\/forms\/d\/e\/1FAIpQLScuYBugd67Z7YJC-s9SdTSll8NfcXWPKVVGnhqc4NJz2oAqsw\/viewform\" target=\"_blank\" rel=\"noreferrer noopener\">Online Dotazn\u00edk spokojnosti &#8211; Oddelenia DONsP<\/a><\/p>\n\n\n\n<div class=\"wp-block-file\"><a id=\"wp-block-file--media-a9b902f7-dbdc-43fa-8f37-5a1e49b8d9bb\" href=\"https:\/\/www.donsp.sk\/donsp\/wp-content\/uploads\/dotaznik-odd.docx\"><strong>dotaznik oddelenie<\/strong><\/a><a href=\"https:\/\/www.donsp.sk\/donsp\/wp-content\/uploads\/dotaznik-odd.docx\" class=\"wp-block-file__button wp-element-button\" download aria-describedby=\"wp-block-file--media-a9b902f7-dbdc-43fa-8f37-5a1e49b8d9bb\">Stiahnu\u0165<\/a><\/div>\n\n\n\n<p><br><\/p>\n","protected":false},"excerpt":{"rendered":"<p>Pode&#318;te sa s nami o va&scaron;e sk&uacute;senosti v na&scaron;ej nemocnici vyplnen&iacute;m dotazn&iacute;ka spokojnosti, &#269;&iacute;m n&aacute;m pom&ocirc;&#382;ete zvy&scaron;ova&#357; a skvalit&#328;ova&#357; &uacute;rove&#328; zdravotnej starostlivosti pre na&scaron;ich pacientov. Va&scaron;e vyplnen&eacute; &uacute;daje s&uacute; anonymn&eacute; a bud&uacute; pou&#382;it&eacute; len na &uacute;&#269;ely prieskumu. Pacient m&aacute; mo&#382;nos&#357;:&nbsp;<a class=\"read-more\" href=\"https:\/\/www.donsp.sk\/donsp\/dotazniky-spokojnosti-pacienta\/\"><\/a><\/p>\n","protected":false},"author":3,"featured_media":0,"parent":0,"menu_order":0,"comment_status":"closed","ping_status":"closed","template":"","meta":{"_seopress_robots_primary_cat":"0","_seopress_titles_title":"","_seopress_titles_desc":"","_seopress_robots_index":"","pgc_sgb_lightbox_settings":"","footnotes":""},"class_list":["post-5978","page","type-page","status-publish"],"_links":{"self":[{"href":"https:\/\/www.donsp.sk\/donsp\/wp-json\/wp\/v2\/pages\/5978","targetHints":{"allow":["GET"]}}],"collection":[{"href":"https:\/\/www.donsp.sk\/donsp\/wp-json\/wp\/v2\/pages"}],"about":[{"href":"https:\/\/www.donsp.sk\/donsp\/wp-json\/wp\/v2\/types\/page"}],"author":[{"embeddable":true,"href":"https:\/\/www.donsp.sk\/donsp\/wp-json\/wp\/v2\/users\/3"}],"replies":[{"embeddable":true,"href":"https:\/\/www.donsp.sk\/donsp\/wp-json\/wp\/v2\/comments?post=5978"}],"version-history":[{"count":6,"href":"https:\/\/www.donsp.sk\/donsp\/wp-json\/wp\/v2\/pages\/5978\/revisions"}],"predecessor-version":[{"id":5989,"href":"https:\/\/www.donsp.sk\/donsp\/wp-json\/wp\/v2\/pages\/5978\/revisions\/5989"}],"wp:attachment":[{"href":"https:\/\/www.donsp.sk\/donsp\/wp-json\/wp\/v2\/media?parent=5978"}],"curies":[{"name":"wp","href":"https:\/\/api.w.org\/{rel}","templated":true}]}}