{"id":5675,"date":"2022-12-06T10:10:02","date_gmt":"2022-12-06T08:10:02","guid":{"rendered":"https:\/\/www.donsp.sk\/donsp\/?page_id=5675"},"modified":"2024-04-25T12:54:21","modified_gmt":"2024-04-25T10:54:21","slug":"dohody","status":"publish","type":"page","link":"https:\/\/www.donsp.sk\/donsp\/dohody\/","title":{"rendered":"Dohody"},"content":{"rendered":"\n<div class=\"wp-block-file\"><a id=\"wp-block-file--media-7d44ea15-a484-42b0-969c-a99a79ec8232\" href=\"https:\/\/www.donsp.sk\/donsp\/wp-content\/uploads\/Kolektivna-zmluva-do-31.12.2025.pdf\">Kolektivna-zmluva-do-31.12.2025<\/a><a href=\"https:\/\/www.donsp.sk\/donsp\/wp-content\/uploads\/Kolektivna-zmluva-do-31.12.2025.pdf\" class=\"wp-block-file__button wp-element-button\" download aria-describedby=\"wp-block-file--media-7d44ea15-a484-42b0-969c-a99a79ec8232\">Stiahnu\u0165<\/a><\/div>\n\n\n\n<div class=\"wp-block-file\"><a id=\"wp-block-file--media-0aca79b6-c32f-4622-94f0-57d4a747712e\" href=\"https:\/\/www.donsp.sk\/donsp\/wp-content\/uploads\/Dohoda_o_poskytnuti_stabilizacneho_prispevku_14122022_final.docx\">Dohoda_o_poskytnut\u00ed_stabiliza\u010dn\u00e9ho_pr\u00edspevku_14122022_final<\/a><a href=\"https:\/\/www.donsp.sk\/donsp\/wp-content\/uploads\/Dohoda_o_poskytnuti_stabilizacneho_prispevku_14122022_final.docx\" class=\"wp-block-file__button wp-element-button\" download aria-describedby=\"wp-block-file--media-0aca79b6-c32f-4622-94f0-57d4a747712e\">Stiahnu\u0165<\/a><\/div>\n","protected":false},"excerpt":{"rendered":"","protected":false},"author":3,"featured_media":0,"parent":0,"menu_order":0,"comment_status":"closed","ping_status":"closed","template":"","meta":{"_seopress_robots_primary_cat":"0","_seopress_titles_title":"","_seopress_titles_desc":"","_seopress_robots_index":"","pgc_sgb_lightbox_settings":"","footnotes":""},"class_list":["post-5675","page","type-page","status-publish"],"_links":{"self":[{"href":"https:\/\/www.donsp.sk\/donsp\/wp-json\/wp\/v2\/pages\/5675","targetHints":{"allow":["GET"]}}],"collection":[{"href":"https:\/\/www.donsp.sk\/donsp\/wp-json\/wp\/v2\/pages"}],"about":[{"href":"https:\/\/www.donsp.sk\/donsp\/wp-json\/wp\/v2\/types\/page"}],"author":[{"embeddable":true,"href":"https:\/\/www.donsp.sk\/donsp\/wp-json\/wp\/v2\/users\/3"}],"replies":[{"embeddable":true,"href":"https:\/\/www.donsp.sk\/donsp\/wp-json\/wp\/v2\/comments?post=5675"}],"version-history":[{"count":2,"href":"https:\/\/www.donsp.sk\/donsp\/wp-json\/wp\/v2\/pages\/5675\/revisions"}],"predecessor-version":[{"id":5947,"href":"https:\/\/www.donsp.sk\/donsp\/wp-json\/wp\/v2\/pages\/5675\/revisions\/5947"}],"wp:attachment":[{"href":"https:\/\/www.donsp.sk\/donsp\/wp-json\/wp\/v2\/media?parent=5675"}],"curies":[{"name":"wp","href":"https:\/\/api.w.org\/{rel}","templated":true}]}}