{"id":53,"date":"2010-09-11T08:34:38","date_gmt":"2010-09-11T06:34:38","guid":{"rendered":"http:\/\/www.donsp.sk\/donsp\/?page_id=53"},"modified":"2025-11-30T14:01:16","modified_gmt":"2025-11-30T12:01:16","slug":"ortopedicke-oddelenie","status":"publish","type":"page","link":"https:\/\/www.donsp.sk\/donsp\/oddelenia\/ortopedicke-oddelenie\/","title":{"rendered":"Ortopedick\u00e9 oddelenie"},"content":{"rendered":"\n<div class=\"wp-block-columns alignwide visboard is-layout-flex wp-container-core-columns-is-layout-9d6595d7 wp-block-columns-is-layout-flex\">\n<div class=\"wp-block-column is-vertically-aligned-center is-layout-flow wp-block-column-is-layout-flow\" style=\"flex-basis:50%\">\n<h5 class=\"wp-block-heading\"><strong> <strong>N\u00e1v\u0161tevn\u00e9 hodiny<\/strong> <\/strong><\/h5>\n\n\n\n<div class=\"wp-block-group\"><div class=\"wp-block-group__inner-container is-layout-flow wp-block-group-is-layout-flow\">\n<figure class=\"wp-block-table is-style-regular\"><table><tbody><tr><td>Pondelok<\/td><td class=\"has-text-align-center\" data-align=\"center\">14:00 h &#8211; 17:00 h<\/td><\/tr><tr><td>Utorok<\/td><td class=\"has-text-align-center\" data-align=\"center\">14:00 h &#8211; 17:00 h<\/td><\/tr><tr><td>Streda<\/td><td class=\"has-text-align-center\" data-align=\"center\">14:00 h &#8211; 17:00 h<\/td><\/tr><tr><td>\u0160tvrtok<\/td><td class=\"has-text-align-center\" data-align=\"center\">14:00 h &#8211; 17:00 h<\/td><\/tr><tr><td>Piatok<\/td><td class=\"has-text-align-center\" data-align=\"center\">14:00 h &#8211; 17:00 h<\/td><\/tr><tr><td>Sobota<\/td><td class=\"has-text-align-center\" data-align=\"center\">10:00 h &#8211; 12:00 h, 14:00 h &#8211; 17:00 h<\/td><\/tr><tr><td>Nede\u013ea<\/td><td class=\"has-text-align-center\" data-align=\"center\">10:00 h &#8211; 12:00 h, 14:00 h &#8211; 17:00 h<\/td><\/tr><\/tbody><\/table><\/figure>\n<\/div><\/div>\n<\/div>\n\n\n\n<div class=\"wp-block-column is-vertically-aligned-center is-layout-flow wp-block-column-is-layout-flow\" style=\"flex-basis:50%\">\n<div class=\"wp-block-columns is-layout-flex wp-container-core-columns-is-layout-9d6595d7 wp-block-columns-is-layout-flex\">\n<div class=\"wp-block-column is-layout-flow wp-block-column-is-layout-flow\" style=\"flex-basis:100%\">\n<div class=\"wp-block-group\"><div class=\"wp-block-group__inner-container is-layout-flow wp-block-group-is-layout-flow\">\n<div class=\"wp-block-group\"><div class=\"wp-block-group__inner-container is-layout-flow wp-block-group-is-layout-flow\">\n<h5 class=\"wp-block-heading\">Kontakt<\/h5>\n\n\n\n<p><\/p>\n<\/div><\/div>\n\n\n\n<div class=\"wp-block-group\"><div class=\"wp-block-group__inner-container is-layout-flow wp-block-group-is-layout-flow\">\n<p>Prim\u00e1r oddelenia: MUDr. \u0160ag\u00e1t Tom\u00e1\u0161<\/p>\n\n\n\n<p>\u010d. t. <a href=\"tel:+421435801272\">+421 (0) 43 5801 272<\/a><br>Lek\u00e1rska&nbsp;izba: <a href=\"tel:+421435801508\">+421 (0) 43 5801 508<\/a><br>Ved\u00faca sestra: <a href=\"tel:+421435801416\">+421 (0) 43 5801 416<\/a><\/p>\n\n\n\n<p><a href=\"https:\/\/www.donsp.sk\/donsp\/telefonny-zoznam\/#ort\">telef\u00f3nny zoznam<\/a><br><br><\/p>\n<\/div><\/div>\n<\/div><\/div>\n<\/div>\n<\/div>\n<\/div>\n<\/div>\n\n\n\n<figure class=\"wp-block-embed is-type-video is-provider-youtube wp-block-embed-youtube wp-embed-aspect-16-9 wp-has-aspect-ratio\"><div class=\"wp-block-embed__wrapper\">\n<iframe loading=\"lazy\" title=\"Komplet nemocnica prihovory  cele  fullhd 50p\" width=\"1140\" height=\"641\" src=\"https:\/\/www.youtube.com\/embed\/0d9zLymV4oo?start=620&#038;feature=oembed\" frameborder=\"0\" allow=\"accelerometer; autoplay; clipboard-write; encrypted-media; gyroscope; picture-in-picture; web-share\" referrerpolicy=\"strict-origin-when-cross-origin\" allowfullscreen><\/iframe>\n<\/div><\/figure>\n\n\n\n<hr class=\"wp-block-separator has-css-opacity\"\/>\n\n\n\n<h2 class=\"wp-block-heading has-text-align-center headline-xsmall\">O ODDELEN\u00cd<\/h2>\n\n\n\n<p><\/p>\n\n\n\n<p>Lek\u00e1ri:<\/p>\n\n\n\n<p> MUDr. Tom\u00e1\u0161 \u0160ag\u00e1t,       atestovan\u00fd<\/p>\n\n\n\n<p>MUDr. Krasni\u010dan&nbsp;Mat\u00fa\u0161,  atestovan\u00fd<\/p>\n\n\n\n<p>MUDr. Kr\u0161\u00e1k Michal,         atestovan\u00fd <\/p>\n\n\n\n<p>MUDr. Mozol\u00edk Pavol, atestovan\u00fd<\/p>\n\n\n\n<p>MUDr. Ondrek Jakub, atestovan\u00fd<\/p>\n\n\n\n<p>MUDr. Pr\u00e1del Michal, atestovan\u00fd<\/p>\n\n\n\n<p>MUDr. Socha J\u00e1n, atestovan\u00fd<\/p>\n\n\n\n<p>MUDr. \u0160ill\u00e1k Jozef, v atesta\u010dnej pr\u00edprave<\/p>\n\n\n\n<p>MUDr. Vl\u010d\u00e1k Jakub,     v atesta\u010dnej pr\u00edprave <\/p>\n\n\n\n<p>MUDr. Vran\u010d\u00edk Tom\u00e1\u0161,        atestovan\u00fd<\/p>\n\n\n\n<p><\/p>\n\n\n\n<p><\/p>\n\n\n\n<p>Vznik&nbsp;ortopedicko-traumatologick\u00e9ho oddelenia&nbsp;sa datuje od vzniku nemocnice&nbsp;1.11. 1976 kedy sa za\u010dala starostlivos\u0165 o pacientov s ochoreniami&nbsp;a \u00farazmi pohybov\u00e9ho \u00fastrojenstva. Postupne boli do praxe zaveden\u00e9 v\u0161etky modern\u00e9 a opera\u010dn\u00e9 postupy a met\u00f3dy vr\u00e1tane artroskopii, implant\u00e1ci\u00ed umel\u00fdch n\u00e1hrad ve\u013ek\u00fdch&nbsp;k\u013abov, ako i&nbsp;modern\u00e9 postupy pri&nbsp;o\u0161etrovan\u00ed \u00farazov pohybov\u00e9ho&nbsp;apar\u00e1tu.<\/p>\n\n\n\n<p><strong>Charakteristika oddelenia. <\/strong><\/p>\n\n\n\n<p>Ro\u010dne na Ortopedicko traumatologickom oddelen\u00ed vykonaj\u00fa viac ako 1 420 pl\u00e1novan\u00fdch&nbsp;aj urgentn\u00fdch v\u00fdkonov. Opera\u010dn\u00e1 i \u010fal\u0161ia lie\u010debn\u00e1 starostlivos\u0165 sa sna\u017e\u00ed by\u0165 v\u017edy v s\u00falade s najnov\u0161\u00edmi trendmi v medic\u00edne, k \u010domu napom\u00e1ha aj s\u00fastavn\u00e9 vzdel\u00e1vanie a \u0161t\u00fadijn\u00e9&nbsp;pobyty lek\u00e1rov a sestier&nbsp;na klinik\u00e1ch v zahrani\u010d\u00ed a na Slovensku. Oddelenie&nbsp;poskytuje&nbsp; komplexn\u00fa starostlivos\u0165 o ochorenia a \u00farazy pohybov\u00e9ho \u00fastrojenstva. Z operat\u00edvy s\u00fa v popred\u00ed artroskopie &#8211;&nbsp;ktor\u00fdch&nbsp; vykon\u00e1vame&nbsp;viac ako&nbsp;400 ro\u010dne.<\/p>\n\n\n\n<p>Postupne prib\u00fada&nbsp;implant\u00e1ci\u00ed umel\u00fdch k\u013abnych&nbsp;n\u00e1hrad&nbsp;bedrov\u00fdch i&nbsp;kolenn\u00fdch zhybov &#8211; v posledn\u00fdch&nbsp; rokoch&nbsp; vykon\u00e1vame&nbsp;viac ako 350&nbsp; umel\u00fdch n\u00e1hrad&nbsp;bedra a kolena ro\u010dne. \u010cakacie&nbsp;doby na&nbsp;implant\u00e1ciu k\u013abnej&nbsp;n\u00e1hrady&nbsp;s\u00fa na na\u0161om oddelen\u00ed&nbsp; 6-9 mesiacov &#8211; v z\u00e1vislosti od zdravotnej&nbsp;pois\u0165ovne klienta.<\/p>\n\n\n\n<p>Na na\u0161om oddelen\u00ed vykon\u00e1vame komplexn\u00fa&nbsp;starostlivos\u0165 o pacientov s \u00farazmi pohybov\u00e9ho \u00fastrojenstva. V&nbsp; traumatologick\u00fdch indik\u00e1ci\u00e1ch na\u0161e pracovisko sleduje najmodernej\u0161ie&nbsp;trendy&nbsp;v opera\u010dnej&nbsp;lie\u010dbe&nbsp;zlomen\u00edn, ako jedno&nbsp; z prv\u00fdch&nbsp;pracov\u00edsk na Slovensku sme zaviedli metodiku vn\u00fatrodre\u0148ov\u00e9ho zaisten\u00e9ho&nbsp;klincovania&nbsp;pri zlomenin\u00e1ch dlh\u00fdch kost\u00ed. Na oddelen\u00ed sme&nbsp;schopn\u00ed rie\u0161i\u0165 prakticky&nbsp;v\u0161etky&nbsp;druhy poranen\u00ed&nbsp;pohybov\u00e9ho&nbsp;apar\u00e1tu,&nbsp;za pou\u017eitia&nbsp;najmodernej\u0161\u00edch lie\u010den\u00fdch&nbsp;postupov a techn\u00edk.<\/p>\n\n\n\n<p>Koncom roka 2009 sme za\u010dali vyu\u017e\u00edva\u0165 superaseptick\u00e9 opera\u010dn\u00e9 s\u00e1ly s&nbsp;lamin\u00e1rnym pr\u00faden\u00edm vzduchu do opera\u010dn\u00e9ho po\u013ea, ktor\u00e9 sp\u013a\u0148aj\u00fa v\u0161etky parametre eur\u00f3pskych hygienick\u00fdch noriem a s\u00fa jedny z&nbsp;najmodernej\u0161\u00edch na Slovensku. Otvoren\u00edm t\u00fdchto opera\u010dn\u00fdch s\u00e1l sme pri \u0165a\u017ek\u00fdch opera\u010dn\u00fdch v\u00fdkonoch podstatne zn\u00ed\u017eili za\u0165a\u017eenie organizmu pacienta \u0161irokospektr\u00e1lnymi antibiotikami.<\/p>\n\n\n\n<p>Pri poskytovan\u00ed&nbsp;zdravotnej&nbsp;starostlivosti kladieme d\u00f4raz&nbsp;na&nbsp;\u013eudsk\u00fd&nbsp;pr\u00edstup&nbsp;ku&nbsp;n\u00e1\u0161mu&nbsp;klientovi.&nbsp;Ch\u00e1pav\u00fd a l\u00e1skav\u00fd&nbsp;pr\u00edstup&nbsp;ku&nbsp;ka\u017ed\u00e9mu pacientovi je mottom na\u0161ej ka\u017edodennej&nbsp;pr\u00e1ce.&nbsp;Sved\u010dia o tom stovky pacientov zo v\u0161etk\u00fdch&nbsp; k\u00fatov na\u0161ej republiky.<\/p>\n\n\n","protected":false},"excerpt":{"rendered":"<p>Pondelok 14:00 h &ndash; 17:00 h Utorok 14:00 h &ndash; 17:00 h Streda 14:00 h &ndash; 17:00 h &Scaron;tvrtok 14:00 h &ndash; 17:00 h Piatok 14:00 h &ndash; 17:00 h Sobota 10:00 h &ndash; 12:00 h, 14:00 h &ndash; 17:00&nbsp;<a class=\"read-more\" href=\"https:\/\/www.donsp.sk\/donsp\/oddelenia\/ortopedicke-oddelenie\/\"><\/a><\/p>\n","protected":false},"author":1,"featured_media":0,"parent":5,"menu_order":2,"comment_status":"closed","ping_status":"closed","template":"","meta":{"_seopress_robots_primary_cat":"0","_seopress_titles_title":"","_seopress_titles_desc":"","_seopress_robots_index":"","pgc_sgb_lightbox_settings":"","footnotes":""},"class_list":["post-53","page","type-page","status-publish"],"_links":{"self":[{"href":"https:\/\/www.donsp.sk\/donsp\/wp-json\/wp\/v2\/pages\/53","targetHints":{"allow":["GET"]}}],"collection":[{"href":"https:\/\/www.donsp.sk\/donsp\/wp-json\/wp\/v2\/pages"}],"about":[{"href":"https:\/\/www.donsp.sk\/donsp\/wp-json\/wp\/v2\/types\/page"}],"author":[{"embeddable":true,"href":"https:\/\/www.donsp.sk\/donsp\/wp-json\/wp\/v2\/users\/1"}],"replies":[{"embeddable":true,"href":"https:\/\/www.donsp.sk\/donsp\/wp-json\/wp\/v2\/comments?post=53"}],"version-history":[{"count":14,"href":"https:\/\/www.donsp.sk\/donsp\/wp-json\/wp\/v2\/pages\/53\/revisions"}],"predecessor-version":[{"id":8475,"href":"https:\/\/www.donsp.sk\/donsp\/wp-json\/wp\/v2\/pages\/53\/revisions\/8475"}],"up":[{"embeddable":true,"href":"https:\/\/www.donsp.sk\/donsp\/wp-json\/wp\/v2\/pages\/5"}],"wp:attachment":[{"href":"https:\/\/www.donsp.sk\/donsp\/wp-json\/wp\/v2\/media?parent=53"}],"curies":[{"name":"wp","href":"https:\/\/api.w.org\/{rel}","templated":true}]}}