{"id":4,"date":"2010-09-11T08:21:13","date_gmt":"2010-09-11T08:21:13","guid":{"rendered":"http:\/\/www.donsp.sk\/donsp\/?page_id=4"},"modified":"2025-06-16T18:50:25","modified_gmt":"2025-06-16T16:50:25","slug":"o-nas","status":"publish","type":"page","link":"https:\/\/www.donsp.sk\/donsp\/o-nas\/","title":{"rendered":"O n\u00e1s"},"content":{"rendered":"\n<p>Dolnooravsk\u00e1 nemocnica s poliklinikou MUDr. L. N. J\u00e9g\u00e9ho Doln\u00fd Kub\u00edn je nemocnicou nadregion\u00e1lneho v\u00fdznamu, s v\u00fdznamn\u00fdm podielom pacientov z in\u00fdch regi\u00f3nov. V\u00fdznamn\u00fdm rysom DONsP&nbsp; je&nbsp; jej komplexnos\u0165 diagnostiky a lie\u010dby. DONsP m\u00e1 v s\u00fa\u010dasnosti 653 zamestnancov, ktor\u00fdch z\u00e1kladn\u00fdm a najd\u00f4le\u017eitej\u0161\u00edm poslan\u00edm je nepretr\u017eite zabezpe\u010dova\u0165 lie\u010debno-prevent\u00edvnu a o\u0161etrovate\u013esk\u00fa starostlivos\u0165 o na\u0161ich pacientov, na \u00farovni s\u00fa\u010dasn\u00fdch poznatkov lek\u00e1rskych a humanitn\u00fdch vied, v podmienkach slovensk\u00e9ho zdravotn\u00edctva. Stredobodom pozornosti zdravotn\u00edckych zamestnancov je prospech chor\u00e9ho v ka\u017edej situ\u00e1cii a kvalitn\u00e1 zdravotn\u00e1 starostlivos\u0165, ktor\u00fa poskytuj\u00fa pacientom od prenat\u00e1lneho obdobia, a\u017e do obdobia vysokej staroby.<\/p>\n\n\n\n<p>Pri na\u0161ej pr\u00e1ci vyu\u017e\u00edvame pr\u00edstrojov\u00fa techniku, ktor\u00fa modernizujeme v r\u00e1mci finan\u010dn\u00fdch mo\u017enost\u00ed nemocnice a aktu\u00e1lne aplikujeme najnov\u0161ie lie\u010debn\u00e9 trendy. Dlhodob\u00e1 a kontinu\u00e1lna snaha vedenia NsP o stabiliz\u00e1ciu ekonomickej situ\u00e1cie, zlep\u0161enie podmienok pre pacientov a pracovn\u00fdch podmienok pre zamestnancov nemocnice je procesom, ktor\u00fd si e\u0161te vy\u017eiada ve\u013ea \u00fasilia a finan\u010dn\u00fdch prostriedkov. Aj v s\u00fa\u010dasn\u00fdch podmienkach v\u0161ak na\u0161i vysoko kvalifikovan\u00ed odborn\u00edci a \u0161pecialisti, spolu s erudovan\u00fdm o\u0161etrovate\u013esk\u00fdm person\u00e1lom a nezdravotn\u00edckymi zamestnancami vyv\u00edjaj\u00fa maxim\u00e1lnu snahu, ktorej cie\u013eom je kvalitne lie\u010den\u00fd a spokojn\u00fd pacient.<\/p>\n\n\n\n<p>DONsP MUDr. L. N. J\u00e9g\u00e9ho Doln\u00fd Kub\u00edn je definovan\u00e1 ako v\u0161eobecn\u00e1 nemocnica, ktor\u00e1 poskytuje lie\u010debno-prevent\u00edvnu starostlivos\u0165 pre sp\u00e1dov\u00fa oblas\u0165 okresu Doln\u00fd Kub\u00edn a \u010dasti N\u00e1mestova s po\u010dtom obyvate\u013eov 63 632 a nadregion\u00e1lnu \u00fastavn\u00fa a odborn\u00fa ambulantn\u00e1 starostlivos\u0165 pre regi\u00f3n Orava (po\u010det obyvate\u013eov 139 355).<\/p>\n\n\n\n<p>NsP Doln\u00fd Kub\u00edn m\u00e1 9 l\u00f4\u017ekov\u00fdch oddelen\u00ed: intern\u00e9, detsk\u00e9, novorodeneck\u00e9, gynekologicko-p\u00f4rodn\u00edcke, OAIM, ortopedick\u00e9, chirurgick\u00e9, neurologick\u00e9, ODCH. \u0160pecializovan\u00e9 oddelenia: dial\u00fdza a OUP (oddelenie urgentn\u00e9ho pr\u00edjmu).<\/p>\n\n\n\n<p>Oddelenia spolo\u010dn\u00fdch vy\u0161etrovac\u00edch a lie\u010debn\u00fdch zlo\u017eiek (SVaLZ): OKB (oddelenie klinickej bioch\u00e9mie), OKM (oddelenie klinickej mikrobiol\u00f3gie), RDG (r\u00e1diodiagnostick\u00e9 oddelenie), patologicko-anatomick\u00e9, oddelenie funk\u010dnej diagnostiky, OLVaS (oddelenie lie\u010debnej v\u00fd\u017eivy a stravovania), FRO (fyziatricko-rehabilita\u010dn\u00e9 oddelenie), HTO (hematologicko-transf\u00fazne oddelenie). Kompletne je zabezpe\u010den\u00e1 ambulantn\u00e1 starostlivos\u0165 na odborn\u00fdch \u0161pecializovan\u00fdch ambulanci\u00e1ch, ktor\u00e9 maj\u00fa s\u00eddlo v NsP po od\u0161t\u00e1tnen\u00ed (napr\u00edklad: kardiologick\u00e9 ambulancie, imuno-alergologick\u00e9, urologick\u00e1, gastroenterologick\u00e9, neurologick\u00e9, chirurgick\u00e9, ortopedick\u00e9, logop\u00e9dia, POKO, diabetologick\u00e9, endokrinologick\u00e9, TBC, reumatologick\u00e1, ko\u017en\u00e1 a pod.) V DONsP je poskytovan\u00e1 24 hodinov\u00e1 pohotovostn\u00e1 slu\u017eba (APS-detsk\u00e1 a dospel\u00ed), urgentn\u00fd pr\u00edjem, chirurgick\u00e1, ortopedick\u00e1 a intern\u00e1 pr\u00edjmov\u00e1 ambulancia, RLP, gynekologicko-p\u00f4rodn\u00edcka, neurologick\u00e1, pediatrick\u00e1, dial\u00fdza + JIS, OAIM.<\/p>\n","protected":false},"excerpt":{"rendered":"<p>Dolnooravsk&aacute; nemocnica s poliklinikou MUDr. L. N. J&eacute;g&eacute;ho Doln&yacute; Kub&iacute;n je nemocnicou nadregion&aacute;lneho v&yacute;znamu, s v&yacute;znamn&yacute;m podielom pacientov z in&yacute;ch regi&oacute;nov. V&yacute;znamn&yacute;m rysom DONsP&nbsp; je&nbsp; jej komplexnos&#357; diagnostiky a lie&#269;by. DONsP m&aacute; v s&uacute;&#269;asnosti 653 zamestnancov, ktor&yacute;ch z&aacute;kladn&yacute;m a najd&ocirc;le&#382;itej&scaron;&iacute;m&nbsp;<a class=\"read-more\" href=\"https:\/\/www.donsp.sk\/donsp\/o-nas\/\"><\/a><\/p>\n","protected":false},"author":1,"featured_media":0,"parent":0,"menu_order":0,"comment_status":"closed","ping_status":"closed","template":"","meta":{"_seopress_robots_primary_cat":"0","_seopress_titles_title":"","_seopress_titles_desc":"","_seopress_robots_index":"","pgc_sgb_lightbox_settings":"","footnotes":""},"class_list":["post-4","page","type-page","status-publish"],"_links":{"self":[{"href":"https:\/\/www.donsp.sk\/donsp\/wp-json\/wp\/v2\/pages\/4","targetHints":{"allow":["GET"]}}],"collection":[{"href":"https:\/\/www.donsp.sk\/donsp\/wp-json\/wp\/v2\/pages"}],"about":[{"href":"https:\/\/www.donsp.sk\/donsp\/wp-json\/wp\/v2\/types\/page"}],"author":[{"embeddable":true,"href":"https:\/\/www.donsp.sk\/donsp\/wp-json\/wp\/v2\/users\/1"}],"replies":[{"embeddable":true,"href":"https:\/\/www.donsp.sk\/donsp\/wp-json\/wp\/v2\/comments?post=4"}],"version-history":[{"count":6,"href":"https:\/\/www.donsp.sk\/donsp\/wp-json\/wp\/v2\/pages\/4\/revisions"}],"predecessor-version":[{"id":7284,"href":"https:\/\/www.donsp.sk\/donsp\/wp-json\/wp\/v2\/pages\/4\/revisions\/7284"}],"wp:attachment":[{"href":"https:\/\/www.donsp.sk\/donsp\/wp-json\/wp\/v2\/media?parent=4"}],"curies":[{"name":"wp","href":"https:\/\/api.w.org\/{rel}","templated":true}]}}