{"id":39,"date":"2010-09-11T08:32:43","date_gmt":"2010-09-11T08:32:43","guid":{"rendered":"http:\/\/www.donsp.sk\/donsp\/?page_id=39"},"modified":"2025-05-21T14:07:16","modified_gmt":"2025-05-21T12:07:16","slug":"oddelenie-klinickej-biochemie-klinickej-hematologiea-transfuziologie","status":"publish","type":"page","link":"https:\/\/www.donsp.sk\/donsp\/svalz\/oddelenie-klinickej-biochemie-klinickej-hematologiea-transfuziologie\/","title":{"rendered":"OKB a HTO"},"content":{"rendered":"<h1 style=\"text-align: justify;\"><strong>Oddelenie klinickej bioch\u00e9mie, hematol\u00f3gie a transf\u00faziol\u00f3gie<\/strong><\/h1>\n<p style=\"text-align: left;\">Je organiza\u010dnou zlo\u017ekou nemocnice ako samostatn\u00fd medic\u00ednsky odbor interdisciplin\u00e1rneho charakteru. Svoju \u010dinnos\u0165 vykon\u00e1va v r\u00e1mci lie\u010debno-prevent\u00edvnej starostlivosti a podlieha priamo riadite\u013eovi nemocnice.<\/p>\n<p style=\"text-align: left;\">Oddelenie klinickej bioch\u00e9mie, hematol\u00f3gie a transf\u00faziol\u00f3gie je po str\u00e1nke ekonomickej, n\u00e1kladov\u00fdm strediskom nemocnice v oblasti mzdov\u00fdch fondov, vecn\u00fdch n\u00e1kladov a investi\u010dn\u00e9ho vybavenia.<\/p>\n<p style=\"text-align: left;\">Oddelenie klinickej bioch\u00e9mie, hematol\u00f3gie a transf\u00faziol\u00f3gie m\u00e1 vypracovan\u00e9 \u0161tandardn\u00e9 pracovn\u00e9 postupy, ktor\u00e9 s\u00fa prisp\u00f4soben\u00e9 jej hlavn\u00fdm \u00faloh\u00e1m. Hlavnou n\u00e1pl\u0148ou oddelenia klinickej bioch\u00e9mie, hematol\u00f3gie a transf\u00faziol\u00f3gie\u00a0je poskytovanie komplexnej biochemickej, hematologickej a transf\u00faziologickej diagnostiky na stanovenie etiol\u00f3gie biochemick\u00fdch a\u00a0hematologick\u00fdch parametrov a stanovenie terapie.<\/p>\n<p style=\"text-align: justify;\"><strong>Denn\u00e1 prev\u00e1dzka : 7.00 h &#8211; 15.00 h<\/strong><\/p>\n<p style=\"text-align: justify;\"><strong>\u00dastavn\u00e1 pohotovostn\u00e1 slu\u017eba \u00a015.00 h &#8211; 7.00 h<\/strong><\/p>\n<p style=\"text-align: justify;\"><strong>V\u00edzia do bud\u00facnosti.<\/strong><\/p>\n<p style=\"text-align: left;\">Spr\u00e1vnos\u0165 a\u00a0presnos\u0165 diagnostiky s\u00fa hlavn\u00fdmi hodnotite\u013emi kvality na\u0161ich \u010dinnost\u00ed, zaveden\u00edm a\u00a0udr\u017eiavan\u00edm syst\u00e9mu zabezpe\u010dovania kvality pod\u013ea STN EN ISO 9001:2001 chceme poskytova\u0165 klientom (lek\u00e1rom, pacientom) primeran\u00fa istotu, \u017ee v\u00fdsledky na\u0161ej \u010dinnosti maj\u00fa po\u017eadovan\u00fa kvalitu.\u00a0Vytv\u00e1ra\u0165 podmienky pre to, aby v\u00fdsledky na\u0161ej \u010dinnosti boli st\u00e1le v\u00a0s\u00falade s\u00a0platn\u00fdmi legislat\u00edvnymi normami a predpismi.\u00a0Ka\u017ed\u00fd pracovn\u00edk OKB a HTO mus\u00ed c\u00edti\u0165 a nies\u0165 zodpovednos\u0165 za v\u00fdsledky svojej pr\u00e1ce. Zdravotn\u00edcki pracovn\u00edci oddelenia s\u00fa systematicky veden\u00ed k\u00a0rozvoju svojich znalost\u00ed a\u00a0zru\u010dnost\u00ed pravideln\u00fdm vzdel\u00e1van\u00edm.\u00a0Zabezpe\u010dovanie kvality nesmie by\u0165 na \u00fakor bezpe\u010dnosti a ochrany zdravia pracovn\u00edkov OKB a HTO.\u00a0Cielene vyh\u013ead\u00e1va\u0165 a\u00a0na\u010d\u00fava\u0165 potreb\u00e1m na\u0161ich klientov (lek\u00e1rov, pacientov), z\u00edskan\u00e9 poznatky vyhodnocova\u0165 a\u00a0pou\u017e\u00edva\u0165 k\u00a0zv\u00fd\u0161eniu ich spokojnosti s\u00a0na\u0161imi slu\u017ebami roz\u0161\u00edren\u00edm palety vy\u0161etrovac\u00edch met\u00f3d.<\/p>\n<p style=\"text-align: left;\"><strong> \u010cinnos\u0165 oddelenia.<\/strong><\/p>\n<p style=\"text-align: left;\">Hlavn\u00fdm odborn\u00fdm obsahom klinickej bioch\u00e9mie, hematol\u00f3gie a transf\u00faziol\u00f3gie je diagnostika z\u00e1kladn\u00fdch biochemick\u00fdch a hematologick\u00fdch vy\u0161etren\u00ed, \u0161peci\u00e1lnych imunologick\u00fdch vy\u0161etren\u00ed najnov\u0161\u00edmi dostupn\u00fdmi met\u00f3dami. Biochemick\u00fdmi a hematologick\u00fdmi vy\u0161etreniami a interpret\u00e1ciou ich v\u00fdsledkov sa podie\u013ea na diagnostike, lie\u010dbe, monitorovan\u00ed lie\u010dby a stanoven\u00ed diagn\u00f3zy, ochoren\u00ed os\u00f4b hospitalizovan\u00fdch v NsP Doln\u00fd Kub\u00edn, NsP Trsten\u00e1 a ambulantn\u00fdch pacientov z regi\u00f3nu Oravy. Odber a spracovanie materi\u00e1lu sa riadi pod\u013ea platn\u00fdch postupov uveden\u00fdch v pr\u00edslu\u0161n\u00fdch met\u00f3dach. Prev\u00e1dzkov\u00fd poriadok je vypracovan\u00fd v s\u00falade so znen\u00edm koncepcie odborov OKB a HTO. Je z\u00e1v\u00e4zn\u00fd pre v\u0161etk\u00fdch pracovn\u00edkov OKB a HTO.<\/p>\n<div style=\"text-align: justify;\">\n<div>\n<p style=\"text-align: left;\">Zabezpe\u010dujeme laborat\u00f3rne vy\u0161etrenia lie\u010debno-prevent\u00edvnej starostlivosti pre pacientov NsP Doln\u00fd Kub\u00edn, NsP Trsten\u00e1, ambulantn\u00fdch pacientov regi\u00f3nu Orava, z in\u00fdch regi\u00f3nov a cudzincov pod\u013ea po\u017eiadaviek o\u0161etruj\u00facich lek\u00e1rov. Hlavn\u00fdm cie\u013eom OKB a HTO je vykon\u00e1va\u0165 diagnostiku v s\u00falade s normami spr\u00e1vnej laborat\u00f3rnej praxe vr\u00e1tane internej a externej kontroly kvality.<\/p>\n<p style=\"text-align: left;\">Tieto ciele pl\u00e1nujeme dosiahnu\u0165 takto: Dodr\u017eiavan\u00edm syst\u00e9mu kvality v laborat\u00f3rnych \u00fasekoch zabezpe\u010di\u0165 kvalitn\u00fa diagnostiku, aby sa dosahovala vysok\u00e1 odbornos\u0165 a spo\u013eahlivos\u0165 pr\u00e1ce, bezpe\u010dnos\u0165 a objektivita. Zavies\u0165 nov\u00e9 met\u00f3dy a dosiahnu\u0165 \u0161pecifickos\u0165 vy\u0161etren\u00ed a skr\u00e1tenie intervalu vy\u0161etren\u00ed.<\/p>\n<p style=\"text-align: left;\"><strong>Klinick\u00e1 bioch\u00e9mia:<\/strong> je medic\u00ednsky odbor, ktor\u00fd patr\u00ed medzi lie\u010debn\u00e9 a vy\u0161etrovacie zlo\u017eky n\u00e1\u0161ho zdravotn\u00edctva. N\u00e1pl\u0148ou odboru je sledovanie l\u00e1tkovej v\u00fdmeny v zdrav\u00ed aj chorobe a vyu\u017eitie poznatkov, ktor\u00e9 sa pri tom z\u00edskaj\u00fa, na prevenciu, v\u010dasn\u00fa diagnostiku, pozorovanie priebehu ochorenia, ur\u010denie rozsahu po\u0161kodenia organizmu a stanovenie progn\u00f3zy. Met\u00f3dou pr\u00e1ce s\u00fa vy\u0161etrenia fyzik\u00e1lnochemick\u00e9, chemick\u00e9 a imunologick\u00e9. Uplat\u0148ovanie nov\u00fdch poznatkov sa uskuto\u010d\u0148uje zav\u00e1dzan\u00edm modern\u00fdch vy\u0161etrovac\u00edch met\u00f3d s \u010do najvy\u0161\u0161ou analytickou spo\u013eahlivos\u0165ou a informa\u010dnou cenou, jednak hodnoten\u00edm v\u00fdsledkov pod\u013ea posledn\u00fdch poznatkov vedy a na z\u00e1klade praktick\u00fdch sk\u00fasenosti. Funk\u010dn\u00e1 n\u00e1pl\u0148 oddelen\u00ed klinickej bioch\u00e9mie vy\u017eaduje \u00fazku spolupr\u00e1cu so v\u0161etk\u00fdmi klinick\u00fdmi pracoviskami, ako aj s ostatn\u00fdmi oddeleniami spolo\u010dn\u00fdch vy\u0161etrovac\u00edch zlo\u017eiek nemocnice. Diagnostiku prev\u00e1dzame na doposia\u013e najmodernej\u0161ie dostupn\u00fdch analyz\u00e1toroch.<\/p>\n<p style=\"text-align: left;\"><strong>Hematologick\u00e1 ambulancia<\/strong>: sa zaober\u00e1 prevenciou, diagnostikou, terapiou a dispenzariz\u00e1ciou chor\u00f4b krvi, krvotvorn\u00fdch buniek a org\u00e1nov. Vykon\u00e1va laborat\u00f3rne a konzili\u00e1rne vy\u0161etrenia pri sekund\u00e1rnych ochoreniach krvi a krvotvorby v \u00fazkej spolupr\u00e1ci s \u010fal\u0161\u00edmi odbormi. Zais\u0165uje hematologick\u00e9 vy\u0161etrenia a monitorovanie antikoagula\u010dnej a fibrinolytickej lie\u010dby.<\/p>\n<p style=\"text-align: left;\"><strong>Oddelenie laborat\u00f3rnej hematol\u00f3gie:<\/strong>\u00a0sa zaober\u00e1 laborat\u00f3rnou diagnostikou, vykon\u00e1va morfologick\u00e9 vy\u0161etrenia, cytochemick\u00e9, funk\u010dn\u00e9 vy\u0161etrenia, hemostazeologick\u00e9 vy\u0161etrenia, \u0161peci\u00e1lne biochemick\u00e9 vy\u0161etrenia, zais\u0165uje laborat\u00f3rne hematologick\u00e9 vy\u0161etrenia a vy\u0161etrenia antikoagula\u010dnej a fibrinolitickej lie\u010dby. Spolupracuje s klinick\u00fdmi a laborat\u00f3rnymi odbormi. Zabezpe\u010duje spo\u013eahlivos\u0165 a presnos\u0165 laborat\u00f3rnych, diagnostick\u00fdch met\u00f3d a postupov. Zais\u0165uje a rozv\u00edja syst\u00e9m kontroly kvality na v\u0161etk\u00fdch stup\u0148och.<\/p>\n<p style=\"text-align: left;\"><strong>Oddelenie transf\u00faziol\u00f3gie: <\/strong>sa zaober\u00e1 vy\u0161etrovan\u00edm darcov krvi, odberom a vyu\u017e\u00edvan\u00edm krvi a jej zlo\u017eiek, ich spracovan\u00edm a racion\u00e1lnym lie\u010debn\u00fdm vyu\u017eit\u00edm pri dodr\u017eiavan\u00ed bezpe\u010dnosti pre darcu a pr\u00edjemcu.<\/p>\n<p><strong>Kontaktn\u00e1 osoba<\/strong>: Prim. MUDr. Per\u017eelov\u00e1 Adriana<\/p>\n<p><strong>Kontaktn\u00e1 emailov\u00e1 adres<\/strong>a: <a href=\"mailto:perzelova@donsp.sk\">perzelova@donsp.sk <\/a>;<\/p>\n<p><strong>Kontaktn\u00e9 telef\u00f3nne \u010d\u00edslo<\/strong>: <a href=\"http:\/\/0435801590\" data-wplink-url-error=\"true\">0435801590<\/a><\/p>\n<p><strong>Adresa: <\/strong> Oddelenie klinickej bioch\u00e9mie, klinickej hematol\u00f3gie a\u00a0transf\u00faziol\u00f3gie<\/p>\n<p>Dolnooravsk\u00e1 nemocnica s poliklinikou MUDr. L. N. J\u00e9g\u00e9 Doln\u00fd Kub\u00edn,<\/p>\n<p>Nemocni\u010dn\u00e1 1944\/10, 026 14 Doln\u00fd Kub\u00edn,<\/p>\n<p><strong>Telef\u00f3nny zoznam &#8211; ostatn\u00e9 kontakty s predvo\u013ebou 043 5801 &#8212; :<\/strong><\/p>\n<p><strong>HTO <\/strong><\/p>\n<p><strong><a href=\"http:\/\/5801559\" data-wplink-url-error=\"true\">5801559<\/a>\u00a0 \u00a0 \u00a0 \u00a0 Lek\u00e1r hematol\u00f3gia\u00a0 \u00a0 \u00a0 \u00a0 \u00a0 \u00a0 \u00a0 \u00a0 \u00a0 \u00a0 \u00a0 \u00a0 MUDr. Aur\u00e9lia Fedorov\u00e1<\/strong><\/p>\n<p><strong><a href=\"http:\/\/5801560\" data-wplink-url-error=\"true\">5801560<\/a>\u00a0\u00a0\u00a0\u00a0\u00a0\u00a0\u00a0 Ved\u00faci laborant\u00a0\u00a0\u00a0\u00a0\u00a0\u00a0\u00a0\u00a0\u00a0\u00a0\u00a0\u00a0\u00a0\u00a0\u00a0\u00a0\u00a0\u00a0\u00a0\u00a0\u00a0\u00a0\u00a0\u00a0\u00a0\u00a0\u00a0\u00a0 Mgr. Jarmila\u00a0 Mri\u0161kov\u00e1<\/strong><\/p>\n<p><strong><a href=\"http:\/\/5801558\" data-wplink-url-error=\"true\">5801558<\/a>\u00a0\u00a0\u00a0\u00a0\u00a0\u00a0\u00a0 Denn\u00e1 miestnos\u0165<\/strong><\/p>\n<p><strong><a href=\"http:\/\/5801554\" data-wplink-url-error=\"true\">5801554<\/a>\u00a0\u00a0\u00a0\u00a0\u00a0\u00a0\u00a0 Hemat. laborat\u00f3rium<\/strong><\/p>\n<p><strong><a href=\"http:\/\/5801305\" data-wplink-url-error=\"true\">5801305<\/a>\u00a0\u00a0\u00a0\u00a0\u00a0\u00a0\u00a0 Krvn\u00fd sklad<\/strong><\/p>\n<p><strong><a href=\"http:\/\/5801560\" data-wplink-url-error=\"true\">5801560<\/a>\u00a0\u00a0\u00a0\u00a0\u00a0\u00a0\u00a0 Vy\u0161etrov\u0148a darcov<\/strong><\/p>\n<p><strong>Spolo\u010densk\u00e1 miestnos\u0165 \u2013 darcovia<\/strong><\/p>\n<p><strong><a href=\"http:\/\/5801362\" data-wplink-url-error=\"true\">5801362<\/a>\u00a0\u00a0\u00a0\u00a0\u00a0\u00a0\u00a0 Hematologick\u00e1 ambulancia sestra <\/strong><\/p>\n<p><strong>OKB<\/strong><\/p>\n<p><strong><a href=\"http:\/\/5801406\" data-wplink-url-error=\"true\">5801406\u00a0<\/a>\u00a0\u00a0\u00a0\u00a0\u00a0\u00a0 Ved\u00faci laborant, denn\u00e1 miestnos\u0165\u00a0 Daniela \u017datkuliakov\u00e1<\/strong><strong>,<br \/><\/strong><\/p>\n<p><strong><a href=\"http:\/\/5801464\" data-wplink-url-error=\"true\">5801464<\/a>\u00a0 \u00a0 \u00a0 \u00a0 \u00a0 Biochemick\u00e9 laborat\u00f3rium<br \/><\/strong><\/p>\n<p><strong><a href=\"http:\/\/5801378\" data-wplink-url-error=\"true\">5801378<\/a>\u00a0\u00a0\u00a0\u00a0\u00a0\u00a0\u00a0\u00a0\u00a0 Imunologick\u00e9 laborat\u00f3rium\u00a0<\/strong><\/p>\n<p style=\"text-align: justify;\"><strong><a href=\"http:\/\/5801464\" data-wplink-url-error=\"true\">5801464<\/a>\u00a0\u00a0\u00a0\u00a0\u00a0\u00a0\u00a0\u00a0\u00a0 Biochemick\u00e9 laborat\u00f3rium\u00a0\u00a0\u00a0\u00a0\u00a0\u00a0\u00a0\u00a0\u00a0\u00a0\u00a0\u00a0\u00a0\u00a0\u00a0\u00a0\u00a0 pr\u00edjem materi\u00e1lu<\/strong><\/p>\n<\/div>\n<\/div>\n\n\n<p><\/p>\n","protected":false},"excerpt":{"rendered":"<p>Oddelenie klinickej bioch&eacute;mie, hematol&oacute;gie a transf&uacute;ziol&oacute;gie Je organiza&#269;nou zlo&#382;kou nemocnice ako samostatn&yacute; medic&iacute;nsky odbor interdisciplin&aacute;rneho charakteru. Svoju &#269;innos&#357; vykon&aacute;va v r&aacute;mci lie&#269;ebno-prevent&iacute;vnej starostlivosti a podlieha priamo riadite&#318;ovi nemocnice. Oddelenie klinickej bioch&eacute;mie, hematol&oacute;gie a transf&uacute;ziol&oacute;gie je po str&aacute;nke ekonomickej, n&aacute;kladov&yacute;m strediskom&nbsp;<a class=\"read-more\" href=\"https:\/\/www.donsp.sk\/donsp\/svalz\/oddelenie-klinickej-biochemie-klinickej-hematologiea-transfuziologie\/\"><\/a><\/p>\n","protected":false},"author":1,"featured_media":0,"parent":2594,"menu_order":5,"comment_status":"closed","ping_status":"closed","template":"","meta":{"_seopress_robots_primary_cat":"0","_seopress_titles_title":"","_seopress_titles_desc":"","_seopress_robots_index":"","pgc_sgb_lightbox_settings":"","footnotes":""},"class_list":["post-39","page","type-page","status-publish"],"_links":{"self":[{"href":"https:\/\/www.donsp.sk\/donsp\/wp-json\/wp\/v2\/pages\/39","targetHints":{"allow":["GET"]}}],"collection":[{"href":"https:\/\/www.donsp.sk\/donsp\/wp-json\/wp\/v2\/pages"}],"about":[{"href":"https:\/\/www.donsp.sk\/donsp\/wp-json\/wp\/v2\/types\/page"}],"author":[{"embeddable":true,"href":"https:\/\/www.donsp.sk\/donsp\/wp-json\/wp\/v2\/users\/1"}],"replies":[{"embeddable":true,"href":"https:\/\/www.donsp.sk\/donsp\/wp-json\/wp\/v2\/comments?post=39"}],"version-history":[{"count":5,"href":"https:\/\/www.donsp.sk\/donsp\/wp-json\/wp\/v2\/pages\/39\/revisions"}],"predecessor-version":[{"id":7029,"href":"https:\/\/www.donsp.sk\/donsp\/wp-json\/wp\/v2\/pages\/39\/revisions\/7029"}],"up":[{"embeddable":true,"href":"https:\/\/www.donsp.sk\/donsp\/wp-json\/wp\/v2\/pages\/2594"}],"wp:attachment":[{"href":"https:\/\/www.donsp.sk\/donsp\/wp-json\/wp\/v2\/media?parent=39"}],"curies":[{"name":"wp","href":"https:\/\/api.w.org\/{rel}","templated":true}]}}