{"id":38,"date":"2010-09-11T08:32:20","date_gmt":"2010-09-11T06:32:20","guid":{"rendered":"http:\/\/www.donsp.sk\/donsp\/?page_id=38"},"modified":"2025-11-30T13:54:23","modified_gmt":"2025-11-30T11:54:23","slug":"interne-oddelenie","status":"publish","type":"page","link":"https:\/\/www.donsp.sk\/donsp\/oddelenia\/interne-oddelenie\/","title":{"rendered":"Intern\u00e9 oddelenie"},"content":{"rendered":"\n<div class=\"wp-block-columns alignwide visboard is-layout-flex wp-container-core-columns-is-layout-9d6595d7 wp-block-columns-is-layout-flex\">\n<div class=\"wp-block-column is-vertically-aligned-center is-layout-flow wp-block-column-is-layout-flow\" style=\"flex-basis:50%\">\n<h5 class=\"wp-block-heading\"><strong> <strong>N\u00e1v\u0161tevn\u00e9 hodiny<\/strong> <\/strong><\/h5>\n\n\n\n<div class=\"wp-block-group\"><div class=\"wp-block-group__inner-container is-layout-flow wp-block-group-is-layout-flow\">\n<div class=\"wp-block-group\"><div class=\"wp-block-group__inner-container is-layout-flow wp-block-group-is-layout-flow\">\n<figure class=\"wp-block-table is-style-regular\"><table><tbody><tr><td>Pondelok<\/td><td class=\"has-text-align-center\" data-align=\"center\">14:00 h &#8211; 17:00 h<\/td><\/tr><tr><td>Utorok<\/td><td class=\"has-text-align-center\" data-align=\"center\">14:00 h &#8211; 17:00 h<\/td><\/tr><tr><td>Streda<\/td><td class=\"has-text-align-center\" data-align=\"center\">14:00 h &#8211; 17:00 h<\/td><\/tr><tr><td>\u0160tvrtok<\/td><td class=\"has-text-align-center\" data-align=\"center\">14:00 h &#8211; 17:00 h<\/td><\/tr><tr><td>Piatok<\/td><td class=\"has-text-align-center\" data-align=\"center\">14:00 h &#8211; 17:00 h<\/td><\/tr><tr><td>Sobota<\/td><td class=\"has-text-align-center\" data-align=\"center\">10:00 h &#8211; 12:00 h, 14:00 h &#8211; 17:00 h<\/td><\/tr><tr><td>Nede\u013ea<\/td><td class=\"has-text-align-center\" data-align=\"center\">10:00h  &#8211; 12:00 h, 14:00 h &#8211; 17:00 h<\/td><\/tr><\/tbody><\/table><\/figure>\n<\/div><\/div>\n<\/div><\/div>\n<\/div>\n\n\n\n<div class=\"wp-block-column is-vertically-aligned-center is-layout-flow wp-block-column-is-layout-flow\" style=\"flex-basis:50%\">\n<div class=\"wp-block-columns is-layout-flex wp-container-core-columns-is-layout-9d6595d7 wp-block-columns-is-layout-flex\">\n<div class=\"wp-block-column is-layout-flow wp-block-column-is-layout-flow\" style=\"flex-basis:100%\">\n<div class=\"wp-block-group\"><div class=\"wp-block-group__inner-container is-layout-flow wp-block-group-is-layout-flow\">\n<div class=\"wp-block-group\"><div class=\"wp-block-group__inner-container is-layout-flow wp-block-group-is-layout-flow\">\n<h5 class=\"wp-block-heading\">Kontakt<\/h5>\n\n\n\n<p>Prim\u00e1r oddelenia: MUDr. Letavay Peter, MBA, MPH<\/p>\n\n\n\n<p>\u010d. t. <a href=\"tel:+421435801302\">+421 (0) 43 5801 302<\/a><br>Ved\u00faca sestra: <a href=\"tel:+421435801293\">+421 (0) 43 5801 293<\/a><br><br>Intern\u00e9 odd. \u017eeny: <a href=\"tel:+421435801463\">+421 (0) 43 5801 463<\/a><br>Intern\u00e9 odd. mu\u017ei: <a href=\"tel:+421435801381\">+421 (0) 43 5801 381<\/a><\/p>\n\n\n\n<p>Intern\u00e9 JIS: <a href=\"tel:+421435801297\">+421 (0) 43 5801 297<\/a><\/p>\n\n\n\n<p><a href=\"https:\/\/www.donsp.sk\/donsp\/telefonny-zoznam\/#int\">telef\u00f3nny zoznam<\/a><br><\/p>\n<\/div><\/div>\n<\/div><\/div>\n<\/div>\n<\/div>\n<\/div>\n<\/div>\n\n\n\n<figure class=\"wp-block-embed is-type-video is-provider-youtube wp-block-embed-youtube wp-embed-aspect-16-9 wp-has-aspect-ratio\"><div class=\"wp-block-embed__wrapper\">\n<iframe loading=\"lazy\" title=\"Komplet nemocnica prihovory  cele  fullhd 50p\" width=\"1140\" height=\"641\" src=\"https:\/\/www.youtube.com\/embed\/0d9zLymV4oo?start=760&#038;feature=oembed\" frameborder=\"0\" allow=\"accelerometer; autoplay; clipboard-write; encrypted-media; gyroscope; picture-in-picture; web-share\" referrerpolicy=\"strict-origin-when-cross-origin\" allowfullscreen><\/iframe>\n<\/div><\/figure>\n\n\n\n<hr class=\"wp-block-separator has-css-opacity\"\/>\n\n\n\n<h2 class=\"wp-block-heading has-text-align-center headline-xsmall\">O ODDELEN\u00cd<\/h2>\n\n\n\n<p>Lek\u00e1ri oddelenia:<\/p>\n\n\n\n<p>MUDr. Peter Letavay, MBA, MPH,      atestovan\u00fd<\/p>\n\n\n\n<p>MUDr. Barto\u0161ov\u00e1 Mike\u0161ov\u00e1 Martina,  atestovan\u00e1<\/p>\n\n\n\n<p>MUDr. Belvon\u010d\u00edkov\u00e1 Klaudia, v atesta\u010dnej pr\u00edprave<\/p>\n\n\n\n<p>MUDr. Borovka Mat\u00fa\u0161,                        atestovan\u00fd <\/p>\n\n\n\n<p>MUDr. Brej\u010d\u00e1kov\u00e1 Tatiana,                   v atesta\u010dnej pr\u00edprave <\/p>\n\n\n\n<p>MUDr. Celecov\u00e1 Zuzana, PhD.             atestovan\u00e1<\/p>\n\n\n\n<p>MUDr. Dziewicz Ivan, ml.,                    atestovan\u00fd<\/p>\n\n\n\n<p>MUDr. Ganobjak Andrej,                      atestovan\u00fd&nbsp; <\/p>\n\n\n\n<p>MUDr. Harmaniak Kristian,                   v atesta\u010dnej pr\u00edprave<\/p>\n\n\n\n<p>MUDr. Jankovi\u010dov\u00e1 Zuzana,                  atestovan\u00e1 <\/p>\n\n\n\n<p>MUDr. Jur\u010d\u00e1kov\u00e1 Zuzana,                     v atesta\u010dnej pr\u00edprave <\/p>\n\n\n\n<p>MUDr. Lobotkov\u00e1 Andrea,                    v atesta\u010dnej pr\u00edprave <\/p>\n\n\n\n<p>MUDr. Mazurov\u00e1 M\u00e1ria,                         v atesta\u010dnej pr\u00edprave<\/p>\n\n\n\n<p>MUDr. Medveck\u00e1&nbsp;Michaela, v atesta\u010dnej pr\u00edprave<\/p>\n\n\n\n<p>MUDr. Mich\u00e1lkov\u00e1 Mudron\u010d\u00edkov\u00e1&nbsp; Adriana, v atesta\u010dnej pr\u00edprave<\/p>\n\n\n\n<p>MUDr. Nadiya Sydoryk,                          bez atest\u00e1cie<\/p>\n\n\n\n<p>MUDr. Piskor&nbsp;Michal, atestovan\u00fd&nbsp;<\/p>\n\n\n\n<p>MUDr. Polonec Katar\u00edna,                         v atesta\u010dnej pr\u00edprave <\/p>\n\n\n\n<p>MUDr. R\u00e1zga J\u00e1n,                                    atestovan\u00fd <\/p>\n\n\n\n<p>MUDr. Sot\u00e1kov\u00e1,                                     v atesta\u010dnej pr\u00edprave<\/p>\n\n\n\n<p>MUDr. Sterculov\u00e1&nbsp;Michaela, v atesta\u010dnej pr\u00edprave&nbsp;<\/p>\n\n\n\n<p>MUDr. \u0160ab\u00edk Martin,                                v atesta\u010dnej pr\u00edprave        <\/p>\n\n\n\n<p>MUDr. \u0160ab\u00edkov\u00e1 Katar\u00edna, v atesta\u010dnej pr\u00edprave<\/p>\n\n\n\n<p>MUDr. Timea Gorb\u00e1rov\u00e1,                          v atesta\u010dnej pr\u00edprave<\/p>\n\n\n\n<p>MUDr. Vasilikov\u00e1 Petra,                              v atesta\u010dnej pr\u00edprave<\/p>\n\n\n\n<p>MUDr. Mackov\u00e1 Gabriela,                          v atesta\u010dnej pr\u00edprave<\/p>\n\n\n\n<p>MUDr. O\u010dkajakov\u00e1&nbsp; Iveta, atestovan\u00e1<\/p>\n\n\n\n<p>MUDr. Smikov\u00e1 Veronika,                          v atesta\u010dnej pr\u00edprave<\/p>\n\n\n\n<p><\/p>\n\n\n\n<p>Intern\u00e9 oddelenie&nbsp;patr\u00ed k&nbsp;z\u00e1kladn\u00fdm oddeleniam DONsP L. N. J\u00e9g\u00e9 v&nbsp;Dolnom Kub\u00edne. Nach\u00e1dza sa na prvom poschod\u00ed monobloku.&nbsp;Oddelenie je \u010dlenen\u00e9 na dve samostatn\u00e9 jednotky s&nbsp;kompletn\u00fdm zariaden\u00edm ako intern\u00e9&nbsp;oddelenie mu\u017ei a&nbsp;intern\u00e9&nbsp; oddelenie \u017eeny.<\/p>\n\n\n\n<p>Izby s\u00fa v\u00e4\u010d\u0161inou trojposte\u013eov\u00e9, na ka\u017edom trakte je izba dvojposte\u013eov\u00e1.&nbsp;M\u00e1me aj&nbsp;nad\u0161tandardn\u00e9 izby s&nbsp;komplexn\u00fdm vybaven\u00edm a&nbsp;vlastn\u00fdm soci\u00e1lnym zariaden\u00edm.&nbsp;Ostatn\u00e9 izby s\u00fa vybaven\u00e9 LCD telev\u00edzormi. Cel\u00e9 oddelenie je pokryt\u00e9 WIFI sign\u00e1lom. Z&nbsp;odborn\u00e9ho h\u013eadiska intern\u00e9 oddelenie zabezpe\u010duje komplexn\u00fa starostlivos\u0165 na vysokej \u00farovni pre pacientov s&nbsp;intern\u00fdmi ochoreniami, predov\u0161etk\u00fdm pre na\u0161u sp\u00e1dov\u00fa oblas\u0165. Toto&nbsp;m\u00f4\u017eeme dosiahnu\u0165 len v&nbsp;\u00fazkej spolupr\u00e1ci so SVALZ &#8211; ov\u00fdmi oddeleniami a&nbsp;predov\u0161etk\u00fdm odborn\u00fdmi&nbsp;ambulanciami \u2013 kardiologickou, gastroenterologickou, hematologickou, ne\u0161t\u00e1tnou nefrologickou, ambulanciou pre diabetol\u00f3giu a&nbsp;endokrinn\u00e9 poruchy, ambulanciou klinickej imunol\u00f3gie, ne\u0161t\u00e1tnou ambulanciou POKO, ne\u0161t\u00e1tnou dial\u00fdzou i ne\u0161t\u00e1tnou ambulanciou&nbsp; respira\u010dn\u00fdch chor\u00f4b.&nbsp;Pri diagnostike a&nbsp;lie\u010dbe&nbsp;na\u0161ich pacientov \u00fazko spolupracujeme&nbsp;s&nbsp;ostatn\u00fdmi&nbsp;odborn\u00fdmi oddeleniami a&nbsp;vy\u0161\u0161\u00edmi zdravotn\u00edckymi zariadeniami, predov\u0161etk\u00fdm&nbsp;Martinskou fakultnou nemocnicou, \u00daVN Ru\u017eomberok,&nbsp;S\u00daSCH v Banskej Bystrici a&nbsp;N\u00e1rodn\u00fdm onkologick\u00fdm \u00fastavom v&nbsp;Bratislave.<\/p>\n\n\n\n<p>Osobitnou s\u00fa\u010das\u0165ou n\u00e1\u0161ho&nbsp;oddelenia je JIS, ktor\u00e1 je na&nbsp;pr\u00edzem\u00ed bloku <strong>A<\/strong> \u010dasti na\u0161ej nemocnice.<\/p>\n\n\n\n<p><strong>Intern\u00e9 oddelenie JIS<\/strong>: 9 elektropolohovate\u013en\u00fdch ak\u00fatnych postel\u00ed&nbsp; vo vysokom \u0161tandarde. Jedna izba nad\u0161tandardn\u00e1 vybaven\u00e1 samostatn\u00fdm WC, sprchou, TV, vysoko r\u00fdchlostn\u00fdm internetom, elektrick\u00fd polohovate\u013enou poste\u013eou.<\/p>\n\n\n\n<p>Je&nbsp; prisp\u00f4soben\u00e1 na zvl\u00e1dnutie ak\u00fatnych stavov vo&nbsp; vn\u00fatornom lek\u00e1rstve&nbsp; &#8211;&nbsp; predov\u0161etk\u00fdm ak\u00fatnych koron\u00e1rnych syndr\u00f3mov, s&nbsp;\u00fazkou spolupr\u00e1cou s&nbsp;kardiologick\u00fdm centrom&nbsp;Rooseweltovej nemocnice&nbsp; Bansk\u00e1 Bystrica i&nbsp;z\u00e1va\u017en\u00fdch metabolick\u00fdch stavov. Je vybaven\u00e1 modernou monitorovacou technikou s&nbsp;mo\u017enos\u0165ou invaz\u00edvnych vy\u0161etren\u00ed, vr\u00e1tane zabezpe\u010denia&nbsp;do\u010dasnej externej kardiostimul\u00e1cie.<\/p>\n\n\n\n<p>Pre diagnostiku ischemickej choroby srdca&nbsp;i stratifik\u00e1cii pacientov&nbsp;s&nbsp;dok\u00e1zanou koron\u00e1rnou chorobou srdca a&nbsp;pacientov po infarkte myokardu sl\u00fa\u017ei ambulancia funk\u010dn\u00e9ho vy\u0161etrovania.<\/p>\n\n\n\n<p><\/p>\n","protected":false},"excerpt":{"rendered":"<p>Pondelok 14:00 h &ndash; 17:00 h Utorok 14:00 h &ndash; 17:00 h Streda 14:00 h &ndash; 17:00 h &Scaron;tvrtok 14:00 h &ndash; 17:00 h Piatok 14:00 h &ndash; 17:00 h Sobota 10:00 h &ndash; 12:00 h, 14:00 h &ndash; 17:00&nbsp;<a class=\"read-more\" href=\"https:\/\/www.donsp.sk\/donsp\/oddelenia\/interne-oddelenie\/\"><\/a><\/p>\n","protected":false},"author":1,"featured_media":0,"parent":5,"menu_order":4,"comment_status":"closed","ping_status":"closed","template":"","meta":{"_seopress_robots_primary_cat":"0","_seopress_titles_title":"","_seopress_titles_desc":"","_seopress_robots_index":"","pgc_sgb_lightbox_settings":"","footnotes":""},"class_list":["post-38","page","type-page","status-publish"],"_links":{"self":[{"href":"https:\/\/www.donsp.sk\/donsp\/wp-json\/wp\/v2\/pages\/38","targetHints":{"allow":["GET"]}}],"collection":[{"href":"https:\/\/www.donsp.sk\/donsp\/wp-json\/wp\/v2\/pages"}],"about":[{"href":"https:\/\/www.donsp.sk\/donsp\/wp-json\/wp\/v2\/types\/page"}],"author":[{"embeddable":true,"href":"https:\/\/www.donsp.sk\/donsp\/wp-json\/wp\/v2\/users\/1"}],"replies":[{"embeddable":true,"href":"https:\/\/www.donsp.sk\/donsp\/wp-json\/wp\/v2\/comments?post=38"}],"version-history":[{"count":9,"href":"https:\/\/www.donsp.sk\/donsp\/wp-json\/wp\/v2\/pages\/38\/revisions"}],"predecessor-version":[{"id":8472,"href":"https:\/\/www.donsp.sk\/donsp\/wp-json\/wp\/v2\/pages\/38\/revisions\/8472"}],"up":[{"embeddable":true,"href":"https:\/\/www.donsp.sk\/donsp\/wp-json\/wp\/v2\/pages\/5"}],"wp:attachment":[{"href":"https:\/\/www.donsp.sk\/donsp\/wp-json\/wp\/v2\/media?parent=38"}],"curies":[{"name":"wp","href":"https:\/\/api.w.org\/{rel}","templated":true}]}}