{"id":3795,"date":"2018-06-29T11:32:52","date_gmt":"2018-06-29T09:32:52","guid":{"rendered":"http:\/\/www.donsp.sk\/donsp\/?page_id=3795"},"modified":"2025-11-04T14:29:42","modified_gmt":"2025-11-04T12:29:42","slug":"ambulantna-pohotovostna-sluzba","status":"publish","type":"page","link":"https:\/\/www.donsp.sk\/donsp\/informacie\/ambulantna-pohotovostna-sluzba\/","title":{"rendered":"Ambulantn\u00e1 pohotovostn\u00e1 slu\u017eba"},"content":{"rendered":"<p><span style=\"color: #0000ff;\">Ambulantn\u00e1 pohotovostn\u00e1 slu\u017eba pre deti a dorast od nedele 1.7.2018<\/span><\/p>\n<p><span style=\"color: #0000ff;\">Prev\u00e1dzkov\u00e9 hodiny <\/span><\/p>\n<p><span style=\"color: #0000ff;\">po &#8211; piatok\u00a0 16:00 &#8211; 20:00<\/span><\/p>\n<p><span style=\"color: #0000ff;\">so &#8211; ne\u00a0 \u00a0 \u00a0 \u00a0 \u00a0 \u00a08:00 &#8211; 20:00<\/span><\/p>\n<p><span style=\"color: #0000ff;\">sviatky\u00a0 \u00a0 \u00a0 \u00a0 \u00a0 8:00 &#8211; 20:00 <\/span><\/p>\n<p><span style=\"color: #0000ff;\">Ambulancia sa nach\u00e1dza v p\u00f4vodn\u00fdch priestoroch blok\u00a0 &#8222;H&#8220; na pr\u00edzem\u00ed, Vchod I.<\/span><\/p>\n<p><span style=\"color: #0000ff;\">Kontakt: <a href=\"http:\/\/0435801394\" data-wplink-url-error=\"true\">+421 43 5801 394<\/a><\/span><\/p>\n<p><span style=\"color: #008000;\">Ambulantn\u00e1 pohotovostn\u00e1 slu\u017eba pre dospel\u00fdch<\/span><\/p>\n<p><span style=\"color: #008000;\">Prev\u00e1dzkov\u00e9 hodiny<\/span><\/p>\n<p><span style=\"color: #008000;\">po &#8211; piatok\u00a0 16:00 &#8211; 22:00<\/span><\/p>\n<p><span style=\"color: #008000;\">so &#8211; ne\u00a0\u00a0\u00a0\u00a0\u00a0\u00a0\u00a0\u00a0\u00a0\u00a0 7:00 &#8211; 22:00<\/span><\/p>\n<p><span style=\"color: #008000;\">sviatky\u00a0\u00a0\u00a0\u00a0\u00a0\u00a0\u00a0\u00a0\u00a0 7:00 &#8211; 22:00<\/span><\/p>\n<p><span style=\"color: #008000;\">Ambulancia sa nach\u00e1dza v p\u00f4vodn\u00fdch priestoroch blok\u00a0 &#8222;A&#8220; na pr\u00edzem\u00ed. Vchod VIII.<br \/>\n<\/span><\/p>\n<p><span style=\"color: #008000;\">Kontakt: <a href=\"http:\/\/0435801461\" data-wplink-url-error=\"true\">+421 43 5801 461<\/a><\/span><\/p>\n<p><span style=\"color: #008000;\"><a href=\"http:\/\/www.donsp.sk\/donsp\/wp-content\/uploads\/op2.png\" rel=\"attachment wp-att-3552\"><img loading=\"lazy\" decoding=\"async\" class=\"wp-image-3552 alignleft\" src=\"http:\/\/www.donsp.sk\/donsp\/wp-content\/uploads\/op2.png\" alt=\"op2\" width=\"645\" height=\"369\" srcset=\"https:\/\/www.donsp.sk\/donsp\/wp-content\/uploads\/op2.png 782w, https:\/\/www.donsp.sk\/donsp\/wp-content\/uploads\/op2-300x171.png 300w, https:\/\/www.donsp.sk\/donsp\/wp-content\/uploads\/op2-768x439.png 768w\" sizes=\"auto, (max-width: 645px) 100vw, 645px\" \/><\/a><\/span><\/p>\n","protected":false},"excerpt":{"rendered":"<p>Ambulantn&aacute; pohotovostn&aacute; slu&#382;ba pre deti a dorast od nedele 1.7.2018 Prev&aacute;dzkov&eacute; hodiny po &ndash; piatok&nbsp; 16:00 &ndash; 20:00 so &ndash; ne&nbsp; &nbsp; &nbsp; &nbsp; &nbsp; &nbsp;8:00 &ndash; 20:00 sviatky&nbsp; &nbsp; &nbsp; &nbsp; &nbsp; 8:00 &ndash; 20:00 Ambulancia sa nach&aacute;dza v&nbsp;<a class=\"read-more\" href=\"https:\/\/www.donsp.sk\/donsp\/informacie\/ambulantna-pohotovostna-sluzba\/\"><\/a><\/p>\n","protected":false},"author":1,"featured_media":0,"parent":7,"menu_order":10,"comment_status":"closed","ping_status":"closed","template":"","meta":{"_seopress_robots_primary_cat":"0","_seopress_titles_title":"","_seopress_titles_desc":"","_seopress_robots_index":"","pgc_sgb_lightbox_settings":"","footnotes":""},"class_list":["post-3795","page","type-page","status-publish"],"_links":{"self":[{"href":"https:\/\/www.donsp.sk\/donsp\/wp-json\/wp\/v2\/pages\/3795","targetHints":{"allow":["GET"]}}],"collection":[{"href":"https:\/\/www.donsp.sk\/donsp\/wp-json\/wp\/v2\/pages"}],"about":[{"href":"https:\/\/www.donsp.sk\/donsp\/wp-json\/wp\/v2\/types\/page"}],"author":[{"embeddable":true,"href":"https:\/\/www.donsp.sk\/donsp\/wp-json\/wp\/v2\/users\/1"}],"replies":[{"embeddable":true,"href":"https:\/\/www.donsp.sk\/donsp\/wp-json\/wp\/v2\/comments?post=3795"}],"version-history":[{"count":2,"href":"https:\/\/www.donsp.sk\/donsp\/wp-json\/wp\/v2\/pages\/3795\/revisions"}],"predecessor-version":[{"id":8123,"href":"https:\/\/www.donsp.sk\/donsp\/wp-json\/wp\/v2\/pages\/3795\/revisions\/8123"}],"up":[{"embeddable":true,"href":"https:\/\/www.donsp.sk\/donsp\/wp-json\/wp\/v2\/pages\/7"}],"wp:attachment":[{"href":"https:\/\/www.donsp.sk\/donsp\/wp-json\/wp\/v2\/media?parent=3795"}],"curies":[{"name":"wp","href":"https:\/\/api.w.org\/{rel}","templated":true}]}}