{"id":36,"date":"2010-09-11T08:31:55","date_gmt":"2010-09-11T08:31:55","guid":{"rendered":"http:\/\/www.donsp.sk\/donsp\/?page_id=36"},"modified":"2025-11-30T14:03:47","modified_gmt":"2025-11-30T12:03:47","slug":"neurologicke-oddelenie","status":"publish","type":"page","link":"https:\/\/www.donsp.sk\/donsp\/oddelenia\/neurologicke-oddelenie\/","title":{"rendered":"Neurologick\u00e9 oddelenie"},"content":{"rendered":"\n<div class=\"wp-block-columns alignwide visboard is-layout-flex wp-container-core-columns-is-layout-9d6595d7 wp-block-columns-is-layout-flex\">\n<div class=\"wp-block-column is-vertically-aligned-center is-layout-flow wp-block-column-is-layout-flow\" style=\"flex-basis:50%\">\n<h5 class=\"wp-block-heading\"><strong> <strong>N\u00e1v\u0161tevn\u00e9 hodiny<\/strong> <\/strong><\/h5>\n\n\n\n<div class=\"wp-block-group\"><div class=\"wp-block-group__inner-container is-layout-flow wp-block-group-is-layout-flow\">\n<figure class=\"wp-block-table is-style-regular\"><table><tbody><tr><td>Pondelok<\/td><td class=\"has-text-align-center\" data-align=\"center\">14:00 h &#8211; 17:00 h<\/td><\/tr><tr><td>Utorok<\/td><td class=\"has-text-align-center\" data-align=\"center\">14:00 h &#8211; 17:00 h<\/td><\/tr><tr><td>Streda<\/td><td class=\"has-text-align-center\" data-align=\"center\">14:00 h &#8211; 17:00 h<\/td><\/tr><tr><td>\u0160tvrtok<\/td><td class=\"has-text-align-center\" data-align=\"center\">14:00 h &#8211; 17:00 h<\/td><\/tr><tr><td>Piatok<\/td><td class=\"has-text-align-center\" data-align=\"center\">14:00 h &#8211; 17:00 h<\/td><\/tr><tr><td>Sobota<\/td><td class=\"has-text-align-center\" data-align=\"center\">10:00 h &#8211; 12:00 h, 14:00 h &#8211; 17:00 h<\/td><\/tr><tr><td>Nede\u013ea<\/td><td class=\"has-text-align-center\" data-align=\"center\">10:00 h  h,- 12:00 14:00 h &#8211; 17:00 h<\/td><\/tr><\/tbody><\/table><\/figure>\n<\/div><\/div>\n<\/div>\n\n\n\n<div class=\"wp-block-column is-vertically-aligned-center is-layout-flow wp-block-column-is-layout-flow\" style=\"flex-basis:50%\">\n<div class=\"wp-block-columns is-layout-flex wp-container-core-columns-is-layout-9d6595d7 wp-block-columns-is-layout-flex\">\n<div class=\"wp-block-column is-layout-flow wp-block-column-is-layout-flow\" style=\"flex-basis:100%\">\n<div class=\"wp-block-group\"><div class=\"wp-block-group__inner-container is-layout-flow wp-block-group-is-layout-flow\">\n<div class=\"wp-block-group\"><div class=\"wp-block-group__inner-container is-layout-flow wp-block-group-is-layout-flow\">\n<h5 class=\"wp-block-heading\">Kontakt<\/h5>\n<\/div><\/div>\n\n\n\n<div class=\"wp-block-group\"><div class=\"wp-block-group__inner-container is-layout-flow wp-block-group-is-layout-flow\">\n<p>Prim\u00e1r oddelenia: MUDr. Ky\u010dina Mari\u00e1n<\/p>\n\n\n\n<p>\u010d. t. <a href=\"tel:4210435801282\">+421 (0)<\/a><a href=\"tel:+421435801282\"> <\/a><a href=\"tel:4210435801282\">43 5801 282<\/a><br>Ved\u00faca sestra: <a href=\"tel:+421435801316\">+421 (0) 43 5801 316<\/a><br><br>Oddelenie: <a href=\"tel:+421435801574\">+421 (0) 43 5801 574<\/a><\/p>\n<\/div><\/div>\n\n\n\n<div class=\"wp-block-group\"><div class=\"wp-block-group__inner-container is-layout-flow wp-block-group-is-layout-flow\">\n<p>JIS: <a href=\"tel:+421435801519\">+421 (0) 43 5801 519<\/a><\/p>\n\n\n\n<p><a href=\"https:\/\/www.donsp.sk\/donsp\/telefonny-zoznam\/#neu\">telef\u00f3nny zoznam<\/a><\/p>\n<\/div><\/div>\n<\/div><\/div>\n<\/div>\n<\/div>\n<\/div>\n<\/div>\n\n\n\n<figure class=\"wp-block-embed is-type-video is-provider-youtube wp-block-embed-youtube wp-embed-aspect-16-9 wp-has-aspect-ratio\"><div class=\"wp-block-embed__wrapper\">\n<iframe loading=\"lazy\" title=\"Komplet nemocnica prihovory  cele  fullhd 50p\" width=\"1140\" height=\"641\" src=\"https:\/\/www.youtube.com\/embed\/0d9zLymV4oo?start=1135&#038;feature=oembed\" frameborder=\"0\" allow=\"accelerometer; autoplay; clipboard-write; encrypted-media; gyroscope; picture-in-picture; web-share\" referrerpolicy=\"strict-origin-when-cross-origin\" allowfullscreen><\/iframe>\n<\/div><\/figure>\n\n\n\n<hr class=\"wp-block-separator has-css-opacity\"\/>\n\n\n\n<h2 class=\"wp-block-heading has-text-align-center headline-xsmall\">O ODDELEN\u00cd<\/h2>\n\n\n\n<p>Lek\u00e1ri:<\/p>\n\n\n\n<p>MUDr. Garajov\u00e1 Ivana,           v atesta\u010dnej pr\u00edprave<\/p>\n\n\n\n<p>MUDr. Kr\u0161\u00e1k J\u00e1n,                     v atesta\u010dnej pr\u00edprave<\/p>\n\n\n\n<p>MUDr. Kubasov\u00e1 Jana,&nbsp;atestovan\u00e1<\/p>\n\n\n\n<p>MUDr. Kubicov\u00e1 Katar\u00edna,       atestovan\u00e1<\/p>\n\n\n\n<p>MUDr. Mari\u00e1n Ky\u010dina,              atestovan\u00fd<\/p>\n\n\n\n<p>MUDr. Masarykov\u00e1 Alica,         atestovan\u00e1<\/p>\n\n\n\n<p>MUDr. Mi\u0161atov\u00e1 Zuzana, atestovan\u00e1<\/p>\n\n\n\n<p>MUDr. Nat\u0161inov\u00e1 Andrea,        v atesta\u010dnej pr\u00edprave         <\/p>\n\n\n\n<p>MUDr. Shekhovtsov Artem,      bez atest\u00e1cie<\/p>\n\n\n\n<p>MUDr. Slov\u00edk Juraj,                    v atesta\u010dnej pr\u00edprave<\/p>\n\n\n\n<p>MUDr. \u0160ag\u00e1tov\u00e1 Erika,               atestovan\u00e1<\/p>\n\n\n\n<p>MUDr. \u0160ingliarov\u00e1 M\u00e1ria, atestovan\u00e1<\/p>\n\n\n\n<p>MUDr. Tk\u00e1\u010dov\u00e1 Katar\u00edna,           atestovan\u00e1 <\/p>\n\n\n\n<p>MUDr. Vran\u010d\u00edkov\u00e1 Angelika,      v atesta\u010dnej pr\u00edprave<\/p>\n\n\n\n<p><\/p>\n\n\n\n<p>Neurologick\u00e9 oddelenie DONsP Doln\u00fd Kub\u00edn poskytuje starostlivos\u0165 o pacientov s ochoreniami nervov\u00e9ho syst\u00e9mu, ako s\u00fa:<\/p>\n\n\n\n<ul class=\"wp-block-list\">\n<li>cievne mozgov\u00e9 pr\u00edhody a postihnutia mozgov\u00fdch a kr\u010dn\u00fdch ciev<\/li>\n\n\n\n<li>z\u00e1vratov\u00e9 stavy<\/li>\n\n\n\n<li>epilepsia a epileptick\u00e9 syndr\u00f3my<\/li>\n\n\n\n<li>imunitne podmienen\u00e9 postihnutia nervov\u00e9ho syst\u00e9mu ako s\u00fa napr. roztr\u00fasen\u00e1 skler\u00f3za, imunitne podmienen\u00e9 z\u00e1paly mozgu a miechy, z\u00e1paly mie\u0161nych kore\u0148ov a perif\u00e9rnych nervov a pod.<\/li>\n\n\n\n<li>ochorenia s neurog\u00e9nne podmienen\u00fdmi poruchami pohybu ako napr. Parkinsonova choroba<\/li>\n\n\n\n<li>tzv. neurodegenerat\u00edvne ochorenia ako napr. Alzheimerova demencia<\/li>\n\n\n\n<li>prim\u00e1rne (napr. migr\u00e9na) a sekund\u00e1rne bolesti hlavy<\/li>\n\n\n\n<li>n\u00e1dory nervov\u00e9ho syst\u00e9mu \u2013 v r\u00e1mci medziodborovej spolupr\u00e1ce s onkol\u00f3gom, neurochirurgom a \u010fal\u0161\u00edmi \u0161pecialistami<\/li>\n\n\n\n<li>ochorenia nervovo-svalov\u00e9ho prenosu a vy\u010dlenen\u00e1 \u010das\u0165 ochoren\u00ed svalov<\/li>\n\n\n\n<li>vertebrog\u00e9nne ochorenia s postihnut\u00edm nervov\u00e9ho syst\u00e9mu<\/li>\n\n\n\n<li>n\u00e1sledn\u00e1 starostlivos\u0165 po \u00farazovom po\u0161koden\u00ed nervov\u00e9ho syst\u00e9mu v r\u00e1mci medziodborovej starostlivosti<\/li>\n\n\n\n<li>spolupr\u00e1ca pri diagnostike a lie\u010dbe pacientov s infekciami nervov\u00e9ho syst\u00e9mu<\/li>\n\n\n\n<li>podie\u013eame sa aj na diagnostike a lie\u010dbe pacientov s psychosomatick\u00fdmi ochoreniami<\/li>\n<\/ul>\n\n\n\n<p>V r\u00e1mci lie\u010dby cievnych ochoren\u00ed mozgu spolupracujeme s pracoviskom interven\u010dnej r\u00e1diol\u00f3gie r\u00e1diologickej kliniky, neurologickou klinikou a neurochirurgickou klinikou Univerzitnej nemocnice v Martine. Pri lie\u010dbe demyeliniza\u010dn\u00fdch ochoren\u00ed (napr. rozstr\u00fasen\u00e1 skler\u00f3za) spolupracujeme prim\u00e1rne s centrami pre lie\u010dbu demyeliniza\u010dn\u00fdch ochoren\u00ed v r\u00e1mci neurologick\u00fdch klin\u00edk v UN Martin a \u00daVN Ru\u017eomberok. Pri potrebe neurochirurgickej lie\u010dby spolupracujeme neurochirurgick\u00fdmi klinikami v \u00daVN Ru\u017eomberok, UN Martin a FNsP Bansk\u00e1 Bystrica.<\/p>\n\n\n\n<p>Z h\u013eadiska \u00fazemn\u00e9ho \u010dlenenia pokr\u00fdva neurologick\u00e9 oddelenie V Dolnom Kub\u00edne prim\u00e1rne cel\u00fd regi\u00f3n Oravy.<\/p>\n\n\n\n<p>Neurologick\u00e9 oddelenie pozost\u00e1va zo \u0161tandardn\u00e9ho oddelenia s kapacitou 31 l\u00f4\u017eok a z jednotky intenz\u00edvnej starostlivosti s kapacitou 6 monitorovan\u00fdch l\u00f4\u017eok. S\u00fa\u010das\u0165ou oddelenia je neurofyziologick\u00e9 pracovisko, kde poskytujeme pr\u00edstrojov\u00e9 vy\u0161etrenia pre hospitalizovan\u00fdch aj ambulantn\u00fdch pacientov ako s\u00fa: elektroencefalografia (EEG), elektromyografia a elektroneurografia (EMG), tzv. vy\u0161etrenie evokovan\u00fdch potenci\u00e1lov (EP), ultrazvukov\u00e9 vy\u0161etrenie kr\u010dn\u00fdch a mozgov\u00fdch tepien. S\u00fa\u010das\u0165ou neurologick\u00e9ho oddelenia je tie\u017e neurologick\u00e1 ambulancia a ambulancia neurologick\u00e9ho urgentn\u00e9ho pr\u00edjmu. Ve\u013ek\u00fdm pr\u00ednosom v diagnostike pacientov s neurologick\u00fdmi ochoreniami je aj pracovisko magnetickej rezonancie, ktor\u00e9 je priamou s\u00fa\u010das\u0165ou r\u00e1diologick\u00e9ho oddelenia DONsP.<\/p>\n","protected":false},"excerpt":{"rendered":"<p>Pondelok 14:00 h &ndash; 17:00 h Utorok 14:00 h &ndash; 17:00 h Streda 14:00 h &ndash; 17:00 h &Scaron;tvrtok 14:00 h &ndash; 17:00 h Piatok 14:00 h &ndash; 17:00 h Sobota 10:00 h &ndash; 12:00 h, 14:00 h &ndash; 17:00&nbsp;<a class=\"read-more\" href=\"https:\/\/www.donsp.sk\/donsp\/oddelenia\/neurologicke-oddelenie\/\"><\/a><\/p>\n","protected":false},"author":1,"featured_media":0,"parent":5,"menu_order":9,"comment_status":"closed","ping_status":"closed","template":"","meta":{"_seopress_robots_primary_cat":"0","_seopress_titles_title":"","_seopress_titles_desc":"","_seopress_robots_index":"","pgc_sgb_lightbox_settings":"","footnotes":""},"class_list":["post-36","page","type-page","status-publish"],"_links":{"self":[{"href":"https:\/\/www.donsp.sk\/donsp\/wp-json\/wp\/v2\/pages\/36","targetHints":{"allow":["GET"]}}],"collection":[{"href":"https:\/\/www.donsp.sk\/donsp\/wp-json\/wp\/v2\/pages"}],"about":[{"href":"https:\/\/www.donsp.sk\/donsp\/wp-json\/wp\/v2\/types\/page"}],"author":[{"embeddable":true,"href":"https:\/\/www.donsp.sk\/donsp\/wp-json\/wp\/v2\/users\/1"}],"replies":[{"embeddable":true,"href":"https:\/\/www.donsp.sk\/donsp\/wp-json\/wp\/v2\/comments?post=36"}],"version-history":[{"count":9,"href":"https:\/\/www.donsp.sk\/donsp\/wp-json\/wp\/v2\/pages\/36\/revisions"}],"predecessor-version":[{"id":8477,"href":"https:\/\/www.donsp.sk\/donsp\/wp-json\/wp\/v2\/pages\/36\/revisions\/8477"}],"up":[{"embeddable":true,"href":"https:\/\/www.donsp.sk\/donsp\/wp-json\/wp\/v2\/pages\/5"}],"wp:attachment":[{"href":"https:\/\/www.donsp.sk\/donsp\/wp-json\/wp\/v2\/media?parent=36"}],"curies":[{"name":"wp","href":"https:\/\/api.w.org\/{rel}","templated":true}]}}