{"id":3599,"date":"2017-10-26T13:20:45","date_gmt":"2017-10-26T11:20:45","guid":{"rendered":"http:\/\/www.donsp.sk\/donsp\/?page_id=3599"},"modified":"2025-12-18T10:20:31","modified_gmt":"2025-12-18T08:20:31","slug":"priamy-najom","status":"publish","type":"page","link":"https:\/\/www.donsp.sk\/donsp\/inzercia\/najom-nebytovych-priestorov\/priamy-najom\/","title":{"rendered":"Priamy n\u00e1jom"},"content":{"rendered":"\n<div class=\"wp-block-file\"><a id=\"wp-block-file--media-3163f3c7-9055-49e2-994a-f0aab1155e81\" href=\"https:\/\/www.donsp.sk\/donsp\/wp-content\/uploads\/zamer-a-podmienky-priameho-najmu-majetku-zsk-c.-09-2025-donsp-dk-1.pdf\">Z\u00e1mer a podmienky priameho n\u00e1jmu \u010d 09 2025<\/a><\/div>\n\n\n\n<div class=\"wp-block-file\"><a id=\"wp-block-file--media-41880a62-42b0-4213-819c-1dcfd6013638\" href=\"https:\/\/www.donsp.sk\/donsp\/wp-content\/uploads\/zamer-a-podmienky-priameho-najmu.pdf\">Z\u00e1mer a podmienky priameho n\u00e1jmu \u010d 07 2025<\/a><\/div>\n\n\n\n<div class=\"wp-block-file\"><a id=\"wp-block-file--media-fbc73112-e5b4-42c6-85c1-d05f08bf8a66\" href=\"https:\/\/www.donsp.sk\/donsp\/wp-content\/uploads\/4-2024-zamer-a-podmienky-1.doc\">Z\u00e1mer a podmienky priameho n\u00e1jmu \u010d 04 2024<\/a><\/div>\n\n\n\n<div class=\"wp-block-file\"><a id=\"wp-block-file--media-fbc73112-e5b4-42c6-85c1-d05f08bf8a66\" href=\"https:\/\/www.donsp.sk\/donsp\/wp-content\/uploads\/Zamer-a-podmienky-priameho-najmu-1.doc\">Z\u00e1mer a podmienky priameho n\u00e1jmu \u010d 03 2024<\/a><\/div>\n\n\n\n<div class=\"wp-block-file\"><a id=\"wp-block-file--media-fbc73112-e5b4-42c6-85c1-d05f08bf8a66\" href=\"https:\/\/www.donsp.sk\/donsp\/wp-content\/uploads\/4-2023-PN-zamer-a-podmienky.pdf\">Z\u00e1mer a podmienky priameho n\u00e1jmu \u010d. 04 2023<\/a><\/div>\n\n\n\n<div class=\"wp-block-file\"><a id=\"wp-block-file--media-fbc73112-e5b4-42c6-85c1-d05f08bf8a66\" href=\"https:\/\/www.donsp.sk\/donsp\/wp-content\/uploads\/Zamer-a-podmienky-priameho-najmu-c.-01-2023-1.doc\">Z\u00e1mer a podmienky priameho n\u00e1jmu \u010d. 01 2023<\/a><\/div>\n\n\n\n<div class=\"wp-block-file\"><a id=\"wp-block-file--media-fbc73112-e5b4-42c6-85c1-d05f08bf8a66\" href=\"https:\/\/www.donsp.sk\/donsp\/wp-content\/uploads\/Zamer-a-podmienky-priameho-najmu-c.-6_2022.doc\"><strong>Zamer-a-podmienky-priameho-najmu-c.-6_2022<\/strong><\/a><\/div>\n\n\n\n<div class=\"wp-block-file\"><a id=\"wp-block-file--media-8bbc41fe-4e66-4d80-83c8-4aec628aa9a0\" href=\"https:\/\/www.donsp.sk\/donsp\/wp-content\/uploads\/Zamer-a-podmienky-priameho-najmu-c.5_2022.doc\"><strong>Zamer-a-podmienky-priameho-najmu-c.5_2022<\/strong><\/a><\/div>\n\n\n\n<div class=\"wp-block-file\"><a id=\"wp-block-file--media-c35ce415-4430-4e31-8c8e-b3b296f2ebeb\" href=\"https:\/\/www.donsp.sk\/donsp\/wp-content\/uploads\/Zamer-a-podmienky-priameho-najmu-c.-4_2022.doc\" target=\"_blank\" rel=\"noreferrer noopener\"><strong>Zamer-a-podmienky-priameho-najmu-c.-4_2022<\/strong><\/a><\/div>\n\n\n\n<div class=\"wp-block-file\"><a id=\"wp-block-file--media-47d4fa7d-999d-405f-bbf7-5858ab35ffdc\" href=\"https:\/\/www.donsp.sk\/donsp\/wp-content\/uploads\/Zamer-a-podmienky-priameho-najmu.doc\"><strong>Z\u00e1mer a podmienky priameho n\u00e1jmu c.-1 2022 <\/strong><\/a><\/div>\n\n\n\n<div class=\"wp-block-file\"><a id=\"wp-block-file--media-b06de07c-52c3-47c9-836a-26cb35571afd\" href=\"https:\/\/www.donsp.sk\/donsp\/wp-content\/uploads\/ZPN42021.pdf\"><strong>Z\u00e1mer a podmienky priameho n\u00e1jmu c.-4 2021<\/strong><\/a><\/div>\n\n\n\n<div class=\"wp-block-file\"><a id=\"wp-block-file--media-ca6347a1-7f15-4703-a1db-211a00a31fd0\" href=\"https:\/\/www.donsp.sk\/donsp\/wp-content\/uploads\/ZPN32021.pdf\"><strong>Z\u00e1mer a podmienky priameho n\u00e1jmu c.-3 2021<\/strong><\/a><\/div>\n","protected":false},"excerpt":{"rendered":"","protected":false},"author":2,"featured_media":0,"parent":3596,"menu_order":0,"comment_status":"closed","ping_status":"closed","template":"","meta":{"_seopress_robots_primary_cat":"0","_seopress_titles_title":"","_seopress_titles_desc":"","_seopress_robots_index":"","pgc_sgb_lightbox_settings":"","footnotes":""},"class_list":["post-3599","page","type-page","status-publish"],"_links":{"self":[{"href":"https:\/\/www.donsp.sk\/donsp\/wp-json\/wp\/v2\/pages\/3599","targetHints":{"allow":["GET"]}}],"collection":[{"href":"https:\/\/www.donsp.sk\/donsp\/wp-json\/wp\/v2\/pages"}],"about":[{"href":"https:\/\/www.donsp.sk\/donsp\/wp-json\/wp\/v2\/types\/page"}],"author":[{"embeddable":true,"href":"https:\/\/www.donsp.sk\/donsp\/wp-json\/wp\/v2\/users\/2"}],"replies":[{"embeddable":true,"href":"https:\/\/www.donsp.sk\/donsp\/wp-json\/wp\/v2\/comments?post=3599"}],"version-history":[{"count":4,"href":"https:\/\/www.donsp.sk\/donsp\/wp-json\/wp\/v2\/pages\/3599\/revisions"}],"predecessor-version":[{"id":8644,"href":"https:\/\/www.donsp.sk\/donsp\/wp-json\/wp\/v2\/pages\/3599\/revisions\/8644"}],"up":[{"embeddable":true,"href":"https:\/\/www.donsp.sk\/donsp\/wp-json\/wp\/v2\/pages\/3596"}],"wp:attachment":[{"href":"https:\/\/www.donsp.sk\/donsp\/wp-json\/wp\/v2\/media?parent=3599"}],"curies":[{"name":"wp","href":"https:\/\/api.w.org\/{rel}","templated":true}]}}