{"id":3596,"date":"2017-10-26T10:59:30","date_gmt":"2017-10-26T08:59:30","guid":{"rendered":"http:\/\/www.donsp.sk\/donsp\/?page_id=3596"},"modified":"2020-12-11T11:35:58","modified_gmt":"2020-12-11T09:35:58","slug":"najom-nebytovych-priestorov","status":"publish","type":"page","link":"https:\/\/www.donsp.sk\/donsp\/inzercia\/najom-nebytovych-priestorov\/","title":{"rendered":"N\u00e1jom nebytov\u00fdch priestorov"},"content":{"rendered":"<p style=\"text-align: left;\">Z\u00c1MER a PODMIENKY Obchodnej verejnej s\u00fa\u0165a\u017ee \u010d. OVS-01\/2018 o najvhodnej\u0161\u00ed n\u00e1vrh na uzatvorenie zmluvy o n\u00e1jme nebytov\u00fdch priestorov<br \/>\nvyhl\u00e1sen\u00e1 v zmysle ust. \u00a7 281 a\u017e 288 z\u00e1kona \u010d. 513\/1991 Zb. (Obchodn\u00fd z\u00e1konn\u00edk) \u017dilinsk\u00fd samospr\u00e1vny kraj &#8211; v spr\u00e1ve<br \/>\nN\u00e1zov: Dolnooravsk\u00e1 nemocnica s poliklinikou MUDr. L.N.J\u00e9g\u00e9ho<br \/>\nS\u00eddlo: Nemocni\u010dn\u00e1 1944\/10, 026 01 Doln\u00fd Kub\u00edn<br \/>\nI\u010cO: 00634905<br \/>\nDI\u010c: 2020563754<br \/>\nI\u010c DPH: SK202056754<br \/>\n\u0160tatut\u00e1rny org\u00e1n: PhDr, Jozef Mint\u00e1l, MBA, MEng. &#8211; riadite\u013e<br \/>\nKontaktn\u00e1 osoba: Bc. Smolkov\u00e1 Adriana<br \/>\nTel. kontakt: 043\/5801 563, 043\/5801 202<br \/>\ne-mailov\u00e1 adresa: smolkova@donsp.sk<br \/>\nako vyhl\u00e1s o vate \u013e obchodnej verejnej s\u00fa\u0165a\u017ee vyhlasuje pod\u013ea \u00a7 281 a\u017e 288 z\u00e1k, \u010d. 513\/1991 Zb. (Obchodn\u00fd z\u00e1konn\u00edk) obchodn\u00fa verejn\u00fa s\u00fa\u0165a\u017e o najvhodnej\u0161\u00ed n\u00e1vrh na uzatvorenie zmluvy na pren\u00e1jom nebytov\u00fdch priestorov v s\u00falade s \u00a7 9a ods, 9 v spojen\u00ed s \u00a7 9a ods. 1 p\u00edsm, a) z\u00e1kona \u010d. 446\/2001 Z. z. o majetku vy\u0161\u0161\u00edch \u00fazemn\u00fdch celkov v znen\u00ed neskor\u0161\u00edch predpisov v nadv\u00e4znosti na ust. \u010c L 22 ods. 1 p\u00edsm. b) Z\u00e1sad hospod\u00e1renia a nakladania s majetkom \u017dilinsk\u00e9ho samospr\u00e1vneho kraja a s\u00fa\u010dasne zverej\u0148uje z\u00e1mer prenaja\u0165 \u010cast\u00ed svojho do\u010dasne prebyto\u010dn\u00e9ho majetku formou obchodnej verejnej s\u00fa\u0165a\u017ee.<br \/>\n\u010cas\u0165 1: \u0160pecifik\u00e1cia predmetu obchodnej verejnej s\u00fa\u0165a\u017ee I\u010c 3<br \/>\npredmetom s\u00fa\u0165a\u017ee na prenechanie majetku do u\u017e\u00edvania formou zmluvy o n\u00e1jme nebytov\u00fdch priestorov je nebytov\u00fd priestor, a to: budova nemocnice, zn\u00ed\u017een\u00fd suter\u00e9n bloku A, o v\u00fdmere 541,87 nr, nach\u00e1dzaj\u00faci sa v are\u00e1li DONsP Doln\u00fd Kub\u00edn, s\u00fapisn\u00e9 \u010d. stavby 1944, ktor\u00e1 je postaven\u00e1 na pare. \u010d. KN 845\/6 je veden\u00e1 na Okresnom \u00farade Doln\u00fd Kub\u00edn, katastr\u00e1lny odbor na L V vlastn\u00edctva \u010d. 994, k.\u00fa. Doln\u00fd Kub\u00edn Brezovec<br \/>\n\u00da\u010del n\u00e1jmu: Dialyza\u010dn\u00e9 stredisko<br \/>\nDoba n\u00e1jmu: ur\u010dit\u00e1, najviac na dobu piatich rokov od 01.08.2018 do 31.07.2023<br \/>\nV\u00fd\u0161ka n\u00e1jomn\u00e9ho: najni\u017e\u0161ia hodnota predmetu s\u00fa\u0165a\u017ee: 37, 182 \u20ac za m2 \/rok.<br \/>\nStru\u010dn\u00fd popis nebytov\u00e9ho priestoru a pozemku pon\u00faknut\u00e9ho k n\u00e1jmu<br \/>\nNebytov\u00fd priestor a pozemok pon\u00faknut\u00fd na n\u00e1jom, je v spr\u00e1ve DONsP Doln\u00fd Kub\u00edn, ktorej zria\u010fovate\u013eom je \u017dilinsk\u00fd samospr\u00e1vny kraj. Vyhlasovate\u013e Obchodnej verejnej s\u00fa\u0165a\u017ee umo\u017en\u00ed uch\u00e1dza\u010dovi, aby si predmetn\u00fd nebytov\u00fd priestor a pozemok prezrel pred jeho prihl\u00e1sen\u00edm sa do OVS. Term\u00edn obhliadky si m\u00f4\u017eu uch\u00e1dza\u010di dohodn\u00fa\u0165 telefonicky s kontaktnou osobou vy h laso vate \u013ea, te\u00ed. 045801 563, najnesk\u00f4r do troch dn\u00ed po nahl\u00e1sen\u00ed z\u00e1ujmu. Bli\u017e\u0161ie inform\u00e1cie na adrese: e-mail smolkova@donsp.sk<br \/>\n2. Podmienky s\u00fa\u0165a\u017ee<br \/>\na) S\u00fa\u0165a\u017ee sa m\u00f4\u017eu z\u00fa\u010dastni\u0165 pr\u00e1vnick\u00e9 a fyzick\u00e9 osoby.<br \/>\nb) De\u0148, mesiac, rok a hodina dokedy sa m\u00f4\u017eu predklada\u0165 n\u00e1vrhy Term\u00edn predlo\u017eenia n\u00e1vrhov je do 13.07.2018, do 10:00 hod<br \/>\nc) Jazyk, v ktorom sa mus\u00ed n\u00e1vrh predlo\u017ei\u0165<br \/>\nPonuka a n\u00e1vrh zmluvy mus\u00ed by\u0165 vypracovan\u00fd v slovenskom jazyku.<br \/>\nd) Adresa na ktor\u00fa sa m\u00e1 n\u00e1vrh doru\u010di\u0165: DONsP MUDr. L.N.J\u00e9g\u00e9, Bc. Adriana Smolkov\u00e1, Technick\u00fd odbor, Nemocni\u010dn\u00e1 1944\/10,026 01 Doln\u00fd Kub\u00edn.<br \/>\ne) Forma predlo\u017eenia n\u00e1vrhu:<br \/>\nN\u00e1vrh do s\u00fa\u0165a\u017ee predklad\u00e1 \u00fa\u010dastn\u00edk v neporu\u0161enej zalepenej ob\u00e1lke, na ktorej je uveden\u00e9: n\u00e1zov a s\u00eddlo \u00fa\u010dastn\u00edka a ozna\u010denie &#8222;OVS &#8211; 01\/2018, \u010das\u0165 1 &#8211; NEOTV\u00c1RA\u0164&#8220;.<\/p>\n<p style=\"text-align: left;\">\u00ed) Predlo\u017een\u00fd n\u00e1vrh mus\u00ed okrem in\u00e9ho obsahova\u0165 najm\u00e4 identifika\u010dn\u00e9 \u00fadaje z\u00e1ujemcu:<br \/>\npri FO: meno, priezvisko, rodn\u00e9 priezvisko, d\u00e1tum narodenia, adresa trval\u00e9ho bydliska, pri PO: obchodn\u00e9 meno, pr\u00e1vnu formu, s\u00eddlo, I\u010cO, DI\u010c, I\u010c DPH (ak bolo pridelen\u00e9), \u0161tatut\u00e1rny org\u00e1n s uveden\u00edm opr\u00e1vnenosti kona\u0165<br \/>\nozna\u010denie kontaktnej osoby z\u00e1ujemcu, tel. kontakt, e-mailov\u00e1 adresa, na ktor\u00fa mu bude<br \/>\nvyhlasovate\u013eom ozn\u00e1men\u00fd v\u00fdsledok obchodnej verejnej s\u00fa\u0165a\u017ee,<br \/>\nnavrhnut\u00fa v\u00fd\u0161ku n\u00e1jomn\u00e9ho za predmet s\u00fa\u0165a\u017ee &#8211; za 1 m2\/rok (celkov\u00e9 n\u00e1jomn\u00e9).<br \/>\np\u00edsomn\u00e9 \u010destn\u00e9 prehl\u00e1senie z\u00e1ujemcu, \u017ee s\u00fahlas\u00ed s podmienkami obchodnej verejnej s\u00fa\u0165a\u017ee,<br \/>\nuveden\u00fdmi v \u010dl\u00e1nku 2 tohto ozn\u00e1menia,<br \/>\n\u010destn\u00e9 prehl\u00e1senie uch\u00e1dza\u010da, \u017ee nebytov\u00e9 priestory, ktor\u00e9 s\u00fa predmetom tejto Obchodnej verejnej s\u00fa\u0165a\u017ee, s \u00ed osobne, pred prihl\u00e1sen\u00edm sa do s\u00fa\u0165a\u017ee prezrel, obozn\u00e1mil sa s ich technick\u00fdm stavom, s\u00fa sp\u00f4sobil\u00e9 na dohodnut\u00fd \u00fa\u010del, nepo\u017eaduje \u017eiadne opravy, ani \u00fapravy priestorov a v pr\u00edpade, \u017ee sa stane v\u00ed\u0165azom obchodnej verejnej s\u00fa\u0165a\u017ee ich prevezme v stave, v akom sa nach\u00e1dzali v \u010dase jeho osobnej prehliadky.<br \/>\ng) Rozsah a \u00faplnos\u0165 s\u00fa\u0165a\u017en\u00e9ho n\u00e1vrhu:<br \/>\nS\u00fa\u0165a\u017en\u00fd n\u00e1vrh mus\u00ed by\u0165 predlo\u017een\u00fd v s\u00falade s podmienkami s\u00fa\u0165a\u017ee a v po\u017eadovanom rozsahu. S\u00fa\u0165a\u017en\u00e9 n\u00e1vrhy doru\u010den\u00e9 in\u00fdm sp\u00f4sobom, ako je uveden\u00fd v bode 2 tohto ozn\u00e1menia alebo po stanovenom term\u00edne odovzdania, nebud\u00fa do obchodnej verejnej s\u00fa\u0165a\u017ee prijat\u00e9.<br \/>\nh) \u010eal\u0161ie podmienky vyhlasovate\u013ea:<br \/>\nvyhlasovate\u013e si vyhradzuje pr\u00e1vo zmeni\u0165 podmienky s\u00fa\u0165a\u017ee alebo s\u00fa\u0165a\u017e zru\u0161i\u0165 pod\u013ea \u00a7 283 z\u00e1kona \u010d. 513\/1991 Zb. Obchodn\u00fd z\u00e1konn\u00edk,<br \/>\nvyhlasovate\u013e si vyhradzuje pr\u00e1vo odmietnu\u0165 v\u0161etky predlo\u017een\u00e9 n\u00e1vrhy (\u00a7 287 ods. 2 z\u00e1kona \u010c. 513\/1991 Zb. Obchodn\u00fd z\u00e1konn\u00edk) a ukon\u010di\u0165 obchodn\u00fa verejn\u00fa s\u00fa\u0165a\u017e bez v\u00fdberu s\u00fa\u0165a\u017en\u00e9ho n\u00e1vrhu,<br \/>\nvyhlasovate\u013e si vyhradzuje pr\u00e1vo odmietnu\u0165 navrhovate\u013ea v pr\u00edpade, ak tento je, alebo v minulosti bol dl\u017en\u00edkom vyhlasovate\u013ea, resp. \u017dilinsk\u00e9ho samospr\u00e1vneho kraja, ako zria\u010fovate\u013ea vyhlasovate\u013ea,<br \/>\nn\u00e1vrh nemo\u017eno odvola\u0165 po jeho doru\u010den\u00ed vyhlasovate\u013eovi,<br \/>\nvyhlasovate\u013e si vyhradzuje pr\u00e1vo meni\u0165 v\u0161etky uveden\u00e9 podmienky obchodnej verejnej s\u00fa\u0165a\u017ee, vyhlasovate\u013e si vyhradzuje pr\u00e1vo pred\u013a\u017ei\u0165 lehotu na vyhl\u00e1senie vybran\u00e9ho s\u00fa\u0165a\u017en\u00e9ho n\u00e1vrhu, vyhlasovate\u013e si vyhradzuje pr\u00e1vo, v pr\u00edpade zistenia ne\u00faplnosti s\u00fa\u0165a\u017en\u00e9ho n\u00e1vrhu z h\u013eadiska po\u017eiadaviek vyhlasovate\u013ea uveden\u00fdch v s\u00fa\u0165a\u017en\u00fdch podkladoch, vyradi\u0165 n\u00e1vrh z obchodnej verejnej s\u00fa\u0165a\u017ee,<br \/>\nvyhlasovate\u013e si vyhradzuje pr\u00e1vo v pr\u00edpade form\u00e1lnych nedostatkov, ktor\u00e9 nemenia obsah s\u00fa\u0165a\u017en\u00e9ho n\u00e1vrhu, vyzva\u0165 z\u00e1ujemcu na jeho doplnenie,<br \/>\nvyhlasovate\u013e neuhr\u00e1dza z\u00e1ujemcom \u017eiadne n\u00e1klady spojen\u00e9 s \u00fa\u010das\u0165ou v tejto obchodnej verejnej s\u00fa\u0165a\u017ei,<br \/>\nlehota na uzatvorenie zmluvy o n\u00e1jme nebytov\u00fdch priestorov s vybran\u00fdm \u00fa\u010dastn\u00edkom je 15 dn\u00ed od ozn\u00e1menia o vybrat\u00ed jeho s\u00fa\u0165a\u017en\u00e9ho n\u00e1vrhu,<br \/>\nv pr\u00edpade, \u017ee so z\u00e1ujemcom v\u00ed\u0165azn\u00e9ho n\u00e1vrhu nebude uzatvoren\u00e1 zmluva o n\u00e1jme nebytov\u00fdch priestorov v lehote uvedenej v t\u00fdchto \u010fal\u0161\u00edch podmienkach s\u00fa\u0165a\u017ee z d\u00f4vodov na strane z\u00e1ujemcu, m\u00f4\u017ee vyhlasovate\u013e uzavrie\u0165 zmluvu so z\u00e1ujemcom, ktor\u00fd sa vo vyhodnoten\u00ed obchodnej verejnej s\u00fa\u0165a\u017ee umiestnil ako \u010fal\u0161\u00ed v porad\u00ed. Vyhlasovate\u013e je opr\u00e1vnen\u00fd rokova\u0165 o uzatvoren\u00ed zmluvy o n\u00e1jme nebytov\u00fdch priestorov aj v pr\u00edpadoch, ak z ak\u00fdchko\u013evek d\u00f4vodov vybran\u00fd \u00fa\u010dastn\u00edk, neuzavrie n\u00e1jomn\u00fa zmluvu v lehote ur\u010denej vyhlasovate\u013eom s\u00fa\u0165a\u017ee,<br \/>\nv pr\u00edpade, \u017ee z\u00e1ujemca v\u00ed\u0165azn\u00e9ho n\u00e1vrhu, ktor\u00fd je jedin\u00fdm z\u00e1ujemcom tejto OVS, z ak\u00fdchko\u013evek d\u00f4vodov neuzavrie zmluvu o n\u00e1jme nebytov\u00fdch priestorov v lehote ur\u010denej vyhlasovate\u013eom s\u00fa\u0165a\u017ee, je vyhlasovate\u013e opr\u00e1vnen\u00fd vyhl\u00e1si\u0165 nov\u00fa OVS na predmetn\u00e9 nebytov\u00e9 priestory a rokova\u0165 o uzatvoren\u00ed zmluvy o n\u00e1jme nebytov\u00fdch priestorov so z\u00e1ujemcom v\u00ed\u0165azn\u00e9ho n\u00e1vrhu tejto novej vyhl\u00e1senej OVS,<br \/>\nv pr\u00edpade z\u00e1ujmu v\u00ed\u0165azn\u00e9ho z\u00e1ujemcu (s ktor\u00fdm vyhlasovate\u013e uzavrie zmluvu o n\u00e1jme nebytov\u00fdch priestorov) o vykonanie stavebn\u00fdch \u00faprav alebo ak\u00e9hoko\u013evek in\u00e9ho zhodnotenia predmetu n\u00e1jmu, je v\u00ed\u0165azn\u00fd z\u00e1ujemca opr\u00e1vnen\u00fd vykona\u0165 tak\u00e9to \u00fapravy alebo zhodnotenie len po predch\u00e1dzaj\u00facom p\u00edsomnom s\u00fahlase vyhlasovate\u013ea, na vlastn\u00e9 n\u00e1klady a nebezpe\u010denstvo, bez n\u00e1roku na n\u00e1hradu vynalo\u017een\u00fdch n\u00e1kladov zo strany vyhlasovate\u013ea, a to ani po skon\u010den\u00ed n\u00e1jmu z ak\u00e9hoko\u013evek d\u00f4vodu. Vykonanie \u017eiadnych stavebn\u00fdch \u00faprav alebo zhodnotenia predmetu n\u00e1jmu nebude ma\u0165 vplyv na v\u00fd\u0161ku n\u00e1jomn\u00e9ho, s ktorou v\u00ed\u0165azn\u00fd z\u00e1ujemca uspel v obchodnej verejnej s\u00fa\u0165a\u017ei.<br \/>\ni) Sp\u00f4sob v\u00fdberu najvhodnej\u0161ieho n\u00e1vrhu na uzavretie zmluvy o n\u00e1jme nebytov\u00e9ho priestoru: n\u00e1vrh predlo\u017een\u00fd z\u00e1ujemcom sa zahrnie do obchodnej verejnej s\u00fa\u0165a\u017ee len v pr\u00edpade, ak jeho obsah bude zodpoveda\u0165 s\u00fa\u0165a\u017en\u00fdm podmienkam. Len tak\u00fdmto z\u00e1ujemcom ozn\u00e1mi vyhlasovate\u013e v\u00fdsledok obchodnej verejnej s\u00fa\u0165a\u017ee a vybran\u00e9ho \u00fa\u010dastn\u00edka n\u00e1vrhu vyhlasovate\u013e vyzve na uzatvorenie zmluvy o n\u00e1jme nebytov\u00fdch priestorov, ktor\u00fd bol predmetom tejto obchodnej verejnej s\u00fa\u0165a\u017ee, krit\u00e9riom pre vyhodnotenie s\u00fa\u0165a\u017en\u00fdch n\u00e1vrhov bude najvy\u0161\u0161ia pon\u00faknut\u00e1 cena za 1 m2\/rok. V pr\u00edpade rovnosti pon\u00fakan\u00fdch cien vyhlasovate\u013e p\u00edsomne oslov\u00ed navrhovate\u013eov s najvy\u0161\u0161ou pon\u00faknutou cenou, aby t\u00edto zv\u00fd\u0161ili pon\u00fakan\u00fa cenu,<br \/>\nvyhodnotenie s\u00fa\u0165a\u017en\u00fdch n\u00e1vrhov sa uskuto\u010dn\u00ed v s\u00eddle Dolnooravskej nemocnice s poliklinikou MUDr. L. N. J\u00e9g\u00e9ho v Dolnom Kub\u00edne do 14 dn\u00ed od uz\u00e1vierky predkladania s\u00fa\u0165a\u017en\u00fdch n\u00e1vrhov. Po t\u00fato dobu s\u00fa s\u00fa\u0165a\u017en\u00e9 n\u00e1vrhy viazan\u00e9. Vyhlasovate\u013e bude elektronickou formou informova\u0165 ne\u00faspe\u0161n\u00fdch \u00fa\u010dastn\u00edkov s\u00fa\u0165a\u017ee o v\u00fdsledku s\u00fa\u0165a\u017ee do 7 dn\u00ed od vyhodnotenia s\u00fa\u0165a\u017ee,<br \/>\nvyhlasovate\u013e vyberie najvhodnej\u0161\u00ed z predlo\u017een\u00fdch n\u00e1vrhov a ozn\u00e1mi jeho prijatie vybran\u00e9mu \u00fa\u010dastn\u00edkovi v lehote do 7 dn\u00ed od vyhodnotenia s\u00fa\u0165a\u017ee a to elektronickou formou na e-mailov\u00fa adresu vybran\u00e9ho \u00fa\u010dastn\u00edka.<br \/>\n3. V pr\u00edpade potreby objasni\u0165 \u00fadaje uveden\u00e9 vo v\u00fdzve, m\u00f4\u017ee ktor\u00fdko\u013evek z uch\u00e1dza\u010dov po\u017eiada\u0165 o ich vysvetlenie priamo u zodpovednej osoby:<br \/>\nBc. Adri\u00e1na Smolkov\u00e1, tel. 043\/5801 563, e-mail: smolkova@donsp.sk<br \/>\n4. Vyhlasovate\u013e prehlasuje, \u017ee pri obchodnej verejnej s\u00fa\u0165a\u017ei boli dodr\u017ean\u00e9 nasledovn\u00e9 v\u0161eobecne z\u00e1v\u00e4zn\u00e9 pr\u00e1vne predpisy:<br \/>\n&#8211; z\u00e1kon \u010d. 513\/1991 Zb. Obchodn\u00fd z\u00e1konn\u00edk v platnom znen\u00ed,<br \/>\n&#8211; z\u00e1kon \u010d. 40\/1964 Zb. Ob\u010diansky z\u00e1konn\u00edk v platnom znen\u00ed,<br \/>\n&#8211; z\u00e1kon \u010d. 162\/1995 Z. z. Katastr\u00e1lny z\u00e1kon v platnom znen\u00ed,<br \/>\n&#8211; Z\u00e1sady hospod\u00e1renia a nakladania s majetkom \u017dilinsk\u00e9ho samospr\u00e1vneho kraja.<br \/>\nV Dolnom Kub\u00edne, d\u0148a4.6.2018<\/p>\n","protected":false},"excerpt":{"rendered":"<p>Z&Aacute;MER a PODMIENKY Obchodnej verejnej s&uacute;&#357;a&#382;e &#269;. OVS-01\/2018 o najvhodnej&scaron;&iacute; n&aacute;vrh na uzatvorenie zmluvy o n&aacute;jme nebytov&yacute;ch priestorov vyhl&aacute;sen&aacute; v zmysle ust. &sect; 281 a&#382; 288 z&aacute;kona &#269;. 513\/1991 Zb. (Obchodn&yacute; z&aacute;konn&iacute;k) &#381;ilinsk&yacute; samospr&aacute;vny kraj &ndash; v spr&aacute;ve N&aacute;zov: Dolnooravsk&aacute;&nbsp;<a class=\"read-more\" href=\"https:\/\/www.donsp.sk\/donsp\/inzercia\/najom-nebytovych-priestorov\/\"><\/a><\/p>\n","protected":false},"author":2,"featured_media":0,"parent":761,"menu_order":10,"comment_status":"closed","ping_status":"closed","template":"","meta":{"_seopress_robots_primary_cat":"0","_seopress_titles_title":"","_seopress_titles_desc":"","_seopress_robots_index":"","pgc_sgb_lightbox_settings":"","footnotes":""},"class_list":["post-3596","page","type-page","status-publish"],"_links":{"self":[{"href":"https:\/\/www.donsp.sk\/donsp\/wp-json\/wp\/v2\/pages\/3596","targetHints":{"allow":["GET"]}}],"collection":[{"href":"https:\/\/www.donsp.sk\/donsp\/wp-json\/wp\/v2\/pages"}],"about":[{"href":"https:\/\/www.donsp.sk\/donsp\/wp-json\/wp\/v2\/types\/page"}],"author":[{"embeddable":true,"href":"https:\/\/www.donsp.sk\/donsp\/wp-json\/wp\/v2\/users\/2"}],"replies":[{"embeddable":true,"href":"https:\/\/www.donsp.sk\/donsp\/wp-json\/wp\/v2\/comments?post=3596"}],"version-history":[{"count":0,"href":"https:\/\/www.donsp.sk\/donsp\/wp-json\/wp\/v2\/pages\/3596\/revisions"}],"up":[{"embeddable":true,"href":"https:\/\/www.donsp.sk\/donsp\/wp-json\/wp\/v2\/pages\/761"}],"wp:attachment":[{"href":"https:\/\/www.donsp.sk\/donsp\/wp-json\/wp\/v2\/media?parent=3596"}],"curies":[{"name":"wp","href":"https:\/\/api.w.org\/{rel}","templated":true}]}}