{"id":35,"date":"2010-09-11T08:31:44","date_gmt":"2010-09-11T06:31:44","guid":{"rendered":"http:\/\/www.donsp.sk\/donsp\/?page_id=35"},"modified":"2025-11-30T14:05:24","modified_gmt":"2025-11-30T12:05:24","slug":"novorodenecke-oddelenie","status":"publish","type":"page","link":"https:\/\/www.donsp.sk\/donsp\/oddelenia\/novorodenecke-oddelenie\/","title":{"rendered":"Novorodeneck\u00e9 oddelenie"},"content":{"rendered":"\n<div class=\"wp-block-columns alignwide visboard is-layout-flex wp-container-core-columns-is-layout-9d6595d7 wp-block-columns-is-layout-flex\">\n<div class=\"wp-block-column is-vertically-aligned-center is-layout-flow wp-block-column-is-layout-flow\" style=\"flex-basis:50%\">\n<h5 class=\"wp-block-heading\"><strong> <strong>N\u00e1v\u0161tevn\u00e9 hodiny<\/strong> <\/strong><\/h5>\n\n\n\n<div class=\"wp-block-group\"><div class=\"wp-block-group__inner-container is-layout-flow wp-block-group-is-layout-flow\">\n<figure class=\"wp-block-table is-style-regular\"><table><tbody><tr><td>Pondelok<\/td><td class=\"has-text-align-center\" data-align=\"center\">14:00 h &#8211; 17:00 h<\/td><\/tr><tr><td>Utorok<\/td><td class=\"has-text-align-center\" data-align=\"center\">14:00 h &#8211; 17:00 h<\/td><\/tr><tr><td>Streda<\/td><td class=\"has-text-align-center\" data-align=\"center\">14:00 h &#8211; 17:00 h<\/td><\/tr><tr><td>\u0160tvrtok<\/td><td class=\"has-text-align-center\" data-align=\"center\">14:00 h &#8211; 17:00 h<\/td><\/tr><tr><td>Piatok<\/td><td class=\"has-text-align-center\" data-align=\"center\">14:00 h &#8211; 17:00 h<\/td><\/tr><tr><td>Sobota<\/td><td class=\"has-text-align-center\" data-align=\"center\">10:00 h &#8211; 12:00 h, 14:00 h &#8211; 17:00 h<\/td><\/tr><tr><td>Nede\u013ea<\/td><td class=\"has-text-align-center\" data-align=\"center\">10:00 h &#8211; 12:00 h, 14:00 h &#8211; 17:00 h<\/td><\/tr><\/tbody><\/table><\/figure>\n<\/div><\/div>\n<\/div>\n\n\n\n<div class=\"wp-block-column is-vertically-aligned-center is-layout-flow wp-block-column-is-layout-flow\" style=\"flex-basis:50%\">\n<div class=\"wp-block-columns is-layout-flex wp-container-core-columns-is-layout-9d6595d7 wp-block-columns-is-layout-flex\">\n<div class=\"wp-block-column is-layout-flow wp-block-column-is-layout-flow\" style=\"flex-basis:100%\">\n<div class=\"wp-block-group\"><div class=\"wp-block-group__inner-container is-layout-flow wp-block-group-is-layout-flow\">\n<div class=\"wp-block-group\"><div class=\"wp-block-group__inner-container is-layout-flow wp-block-group-is-layout-flow\">\n<h5 class=\"wp-block-heading\">Kontakt<\/h5>\n\n\n\n<p>Prim\u00e1r oddelenia: <a href=\"mailto:lastikova@donsp.sk\">MUDr. La\u0161t\u00edkov\u00e1 Monika<\/a><\/p>\n\n\n\n<p>Prim\u00e1r: <a href=\"tel:+421435801418\">+421 (0) 43 5801 418<\/a><br>Ved\u00faca sestra: <a href=\"tel:+421435801230\">+421 (0) 43 5801 230<\/a><\/p>\n\n\n\n<p>Oddelenie: <a href=\"tel:+421435801330\">+421 (0) 43 5801 330<\/a><\/p>\n\n\n\n<p><a href=\"https:\/\/www.donsp.sk\/donsp\/telefonny-zoznam\/#nov\">telef\u00f3nny zoznam<\/a><br><\/p>\n<\/div><\/div>\n<\/div><\/div>\n<\/div>\n<\/div>\n<\/div>\n<\/div>\n\n\n\n<hr class=\"wp-block-separator has-css-opacity\"\/>\n\n\n\n<h2 class=\"wp-block-heading has-text-align-center headline-xsmall\">O ODDELEN\u00cd<\/h2>\n\n\n\n<p>Lek\u00e1ri oddelenia:<\/p>\n\n\n\n<p>MUDr. La\u0161t\u00edkov\u00e1 Monika,        atestovan\u00e1<br>MUDr. Le\u0161kov\u00e1 \u013dubica,            v atesta\u010dnej pr\u00edprave<\/p>\n\n\n\n<p>Zabezpe\u010duje starostlivos\u0165 o&nbsp;fyziologick\u00fdch novorodencov, ktor\u00ed s\u00fa o\u0161etrovan\u00ed syst\u00e9mom \u201eRooming in\u201c (matka spolu s&nbsp;die\u0165a\u0165om)&nbsp;na izb\u00e1ch, ktor\u00e9 s\u00fa vybaven\u00e9 preba\u013eovac\u00edm pultom, vani\u010dkou, telef\u00f3nom, r\u00e1diom a&nbsp;telev\u00edzorom. Izby s\u00fa 1, 2 a&nbsp;3 l\u00f4\u017ekov\u00e9. Na oddelen\u00ed zabezpe\u010dujeme intermedi\u00e1lnu aj intenz\u00edvnu starostlivos\u0165 o&nbsp;patologick\u00fdch novorodencov do stabiliz\u00e1cie stavu. Pr\u00edstrojov\u00e9 vybavenie zodpoved\u00e1 \u00farovni intenz\u00edvnej starostlivosti.<\/p>\n\n\n\n<p>Charakteristika oddelenia: Oddelenia m\u00e1 18 postel\u00ed<\/p>\n\n\n\n<p>Z&nbsp;toto 15 postel\u00ed fyziologick\u00ed novorodenci (rooming in \u2013 matka + die\u0165a)<\/p>\n\n\n\n<p>a&nbsp;3 postele \u2013 patologick\u00ed novorodenci<\/p>\n","protected":false},"excerpt":{"rendered":"<p>Pondelok 14:00 h &ndash; 17:00 h Utorok 14:00 h &ndash; 17:00 h Streda 14:00 h &ndash; 17:00 h &Scaron;tvrtok 14:00 h &ndash; 17:00 h Piatok 14:00 h &ndash; 17:00 h Sobota 10:00 h &ndash; 12:00 h, 14:00 h &ndash; 17:00&nbsp;<a class=\"read-more\" href=\"https:\/\/www.donsp.sk\/donsp\/oddelenia\/novorodenecke-oddelenie\/\"><\/a><\/p>\n","protected":false},"author":1,"featured_media":0,"parent":5,"menu_order":10,"comment_status":"closed","ping_status":"closed","template":"","meta":{"_seopress_robots_primary_cat":"0","_seopress_titles_title":"","_seopress_titles_desc":"","_seopress_robots_index":"","pgc_sgb_lightbox_settings":"","footnotes":""},"class_list":["post-35","page","type-page","status-publish"],"_links":{"self":[{"href":"https:\/\/www.donsp.sk\/donsp\/wp-json\/wp\/v2\/pages\/35","targetHints":{"allow":["GET"]}}],"collection":[{"href":"https:\/\/www.donsp.sk\/donsp\/wp-json\/wp\/v2\/pages"}],"about":[{"href":"https:\/\/www.donsp.sk\/donsp\/wp-json\/wp\/v2\/types\/page"}],"author":[{"embeddable":true,"href":"https:\/\/www.donsp.sk\/donsp\/wp-json\/wp\/v2\/users\/1"}],"replies":[{"embeddable":true,"href":"https:\/\/www.donsp.sk\/donsp\/wp-json\/wp\/v2\/comments?post=35"}],"version-history":[{"count":9,"href":"https:\/\/www.donsp.sk\/donsp\/wp-json\/wp\/v2\/pages\/35\/revisions"}],"predecessor-version":[{"id":8478,"href":"https:\/\/www.donsp.sk\/donsp\/wp-json\/wp\/v2\/pages\/35\/revisions\/8478"}],"up":[{"embeddable":true,"href":"https:\/\/www.donsp.sk\/donsp\/wp-json\/wp\/v2\/pages\/5"}],"wp:attachment":[{"href":"https:\/\/www.donsp.sk\/donsp\/wp-json\/wp\/v2\/media?parent=35"}],"curies":[{"name":"wp","href":"https:\/\/api.w.org\/{rel}","templated":true}]}}