{"id":33,"date":"2010-09-11T08:31:21","date_gmt":"2010-09-11T06:31:21","guid":{"rendered":"http:\/\/www.donsp.sk\/donsp\/?page_id=33"},"modified":"2025-11-30T13:55:51","modified_gmt":"2025-11-30T11:55:51","slug":"detske-oddelenie","status":"publish","type":"page","link":"https:\/\/www.donsp.sk\/donsp\/oddelenia\/detske-oddelenie\/","title":{"rendered":"Detsk\u00e9 oddelenie"},"content":{"rendered":"\n<div class=\"wp-block-columns alignwide visboard is-layout-flex wp-container-core-columns-is-layout-9d6595d7 wp-block-columns-is-layout-flex\">\n<div class=\"wp-block-column is-vertically-aligned-center is-layout-flow wp-block-column-is-layout-flow\" style=\"flex-basis:50%\">\n<h5 class=\"wp-block-heading\"><strong> <strong>N\u00e1v\u0161tevn\u00e9 hodiny<\/strong> <\/strong><\/h5>\n\n\n\n<div class=\"wp-block-group\"><div class=\"wp-block-group__inner-container is-layout-flow wp-block-group-is-layout-flow\">\n<figure class=\"wp-block-table is-style-regular\"><table><tbody><tr><td>Pondelok<\/td><td class=\"has-text-align-center\" data-align=\"center\">14:00 h &#8211; 17:00 h<\/td><\/tr><tr><td>Utorok<\/td><td class=\"has-text-align-center\" data-align=\"center\">14:00 h &#8211; 17:00 h<\/td><\/tr><tr><td>Streda<\/td><td class=\"has-text-align-center\" data-align=\"center\">14:00 h &#8211; 17:00 h<\/td><\/tr><tr><td>\u0160tvrtok<\/td><td class=\"has-text-align-center\" data-align=\"center\">14:00 h &#8211; 17:00 h<\/td><\/tr><tr><td>Piatok<\/td><td class=\"has-text-align-center\" data-align=\"center\">14:00 h &#8211; 17:00 h<\/td><\/tr><tr><td>Sobota<\/td><td class=\"has-text-align-center\" data-align=\"center\">10:00 h &#8211; 12:00 h, 14:00 h &#8211; 17:00 h<\/td><\/tr><tr><td>Nede\u013ea<\/td><td class=\"has-text-align-center\" data-align=\"center\">10:00 h &#8211; 12:00 h, 14:00 h &#8211; 17:00 h<\/td><\/tr><\/tbody><\/table><\/figure>\n<\/div><\/div>\n<\/div>\n\n\n\n<div class=\"wp-block-column is-vertically-aligned-center is-layout-flow wp-block-column-is-layout-flow\" style=\"flex-basis:50%\">\n<div class=\"wp-block-columns is-layout-flex wp-container-core-columns-is-layout-9d6595d7 wp-block-columns-is-layout-flex\">\n<div class=\"wp-block-column is-layout-flow wp-block-column-is-layout-flow\" style=\"flex-basis:100%\">\n<div class=\"wp-block-group\"><div class=\"wp-block-group__inner-container is-layout-flow wp-block-group-is-layout-flow\">\n<div class=\"wp-block-group\"><div class=\"wp-block-group__inner-container is-layout-flow wp-block-group-is-layout-flow\">\n<h5 class=\"wp-block-heading\">Kontakt<\/h5>\n<\/div><\/div>\n\n\n\n<div class=\"wp-block-group\"><div class=\"wp-block-group__inner-container is-layout-flow wp-block-group-is-layout-flow\">\n<div class=\"wp-block-group\"><div class=\"wp-block-group__inner-container is-layout-flow wp-block-group-is-layout-flow\">\n<p>Prim\u00e1r oddelenia: MUDr. Dud\u00e1\u0161ikov\u00e1 Be\u00e1ta<\/p>\n\n\n\n<p>\u010d. t. <a href=\"tel:+421435801267\">+421 (0) 43 5801 267<\/a><br>Z\u00e1stupca prim\u00e1ra: <a href=\"tel:+421435801526\">+421 (0) 43 5801 526<\/a><br>Ved\u00faca sestra: <a href=\"tel:+421435801410\">+421 (0) 43 5801 410<\/a><br><br>Oddelenie 0-3r.: <a href=\"tel:+421435801269\">+421 (0) 43 5801 269<\/a><br>V\u00e4\u010d\u0161ie deti 3-18r: <a href=\"tel:+421435801205\">+421 (0) 43 5801 205<\/a><\/p>\n<\/div><\/div>\n\n\n\n<div class=\"wp-block-group\"><div class=\"wp-block-group__inner-container is-layout-flow wp-block-group-is-layout-flow\">\n<p>Detsk\u00e1 JIS.: <a href=\"tel:+421435801456\">+421 (0) 43 5801 456<\/a><\/p>\n\n\n\n<p><a href=\"https:\/\/www.donsp.sk\/donsp\/telefonny-zoznam\/#det\">telef\u00f3nny zoznam<\/a><\/p>\n<\/div><\/div>\n<\/div><\/div>\n<\/div><\/div>\n<\/div>\n<\/div>\n<\/div>\n<\/div>\n\n\n\n<figure class=\"wp-block-embed is-type-video is-provider-youtube wp-block-embed-youtube wp-embed-aspect-16-9 wp-has-aspect-ratio\"><div class=\"wp-block-embed__wrapper\">\n<iframe loading=\"lazy\" title=\"Komplet nemocnica prihovory  cele  fullhd 50p\" width=\"1140\" height=\"641\" src=\"https:\/\/www.youtube.com\/embed\/0d9zLymV4oo?start=540&#038;feature=oembed\" frameborder=\"0\" allow=\"accelerometer; autoplay; clipboard-write; encrypted-media; gyroscope; picture-in-picture; web-share\" referrerpolicy=\"strict-origin-when-cross-origin\" allowfullscreen><\/iframe>\n<\/div><\/figure>\n\n\n\n<hr class=\"wp-block-separator has-css-opacity\"\/>\n\n\n\n<h2 class=\"wp-block-heading has-text-align-center headline-xsmall\">O ODDELEN\u00cd<\/h2>\n\n\n\n<p class=\"has-text-align-center\"><strong>Die\u0165a je najkraj\u0161\u00ed dar, ktor\u00fd m\u00f4\u017eeme od \u017eivota dosta\u0165.<\/strong><\/p>\n\n\n\n<p class=\"has-text-align-center\"><span style=\"color: #0000ff;\"><strong>Pros\u00edme darujte 2% z&nbsp;Va\u0161\u00edch zaplaten\u00fdch dan\u00ed n\u00e1\u0161mu Z\u00e1ujmov\u00e9mu zdru\u017eeniu &#8222;DIE\u0164A&#8220; na detskom oddelen\u00ed na\u0161ej nemocnice.<\/strong><\/span><\/p>\n\n\n\n<p>Potrebn\u00e9 dokumenty si m\u00f4\u017eete <span style=\"color: #0000ff;\"><a href=\"http:\/\/donsp.sk\/zml\/dkdieta.pdf\" target=\"_blank\" rel=\"noopener\" data-wplink-edit=\"true\"><span style=\"color: #0000ff;\">VYTLA\u010cI\u0164 TU<\/span><\/a><\/span><\/p>\n\n\n\n<p>\u010eakujeme.<\/p>\n\n\n\n<p>Lek\u00e1ri:<\/p>\n\n\n\n<p>MUDr. Be\u00e1ta Dud\u00e1\u0161ikov\u00e1, atestovan\u00e1<\/p>\n\n\n\n<p>MUDr. Koutn\u00e1 \u013dubom\u00edra, atestovan\u00e1<\/p>\n\n\n\n<p>MUDr. Hol\u00fabkov\u00e1 M\u00e1ria,&nbsp;v atesta\u010dnej pr\u00edprave<\/p>\n\n\n\n<p>MUDr. Benkov\u00e1 Nat\u00e1lia,           v atesta\u010dnej pr\u00edprave <\/p>\n\n\n\n<p>MUDr. Bla\u017ee\u0148\u00e1kov\u00e1 Monika,     atestovan\u00e1<\/p>\n\n\n\n<p>MUDr. Dibdiakov\u00e1 Lenka,          v atesta\u010dnej pr\u00edprave<\/p>\n\n\n\n<p>MUDr. Hrke\u013eov\u00e1 Katar\u00edna,          atestovan\u00e1<\/p>\n\n\n\n<p>MUDr. Iveta Sop\u00fachov\u00e1,            v atesta\u010dnej pr\u00edprave<\/p>\n\n\n\n<p>MUDr. Jurinov\u00e1 Zuzana,             v atesta\u010dnej pr\u00edprave<\/p>\n\n\n\n<p>MUDr. La\u0161\u0165\u00e1kov\u00e1 Iveta,&nbsp;atestovan\u00e1<\/p>\n\n\n\n<p>MUDr. Machajov\u00e1&nbsp;Michaela,&nbsp;atestovan\u00e1<\/p>\n\n\n\n<p>MUDr. Machajov\u00e1 Romana,          atestovan\u00e1<\/p>\n\n\n\n<p>MUDr. Marcov\u00e1&nbsp;Nikola, atestovan\u00e1<\/p>\n\n\n\n<p>MUDr. M\u00e1ria Dufalov\u00e1,                 v atesta\u010dnej pr\u00edprave<\/p>\n\n\n\n<p>MUDr. Mikul\u00e1\u0161ov\u00e1 Adriana,          atestovan\u00e1<\/p>\n\n\n\n<p>MUDr. Milanov\u00e1&nbsp; Andrea,             atestovan\u00e1<\/p>\n\n\n\n<p>MUDr. Pa\u017eitn\u00e1 Veronika,               v atesta\u010dnej pr\u00edprave<\/p>\n\n\n\n<p>MUDr. Ryp\u00e1kov\u00e1 Al\u017ebeta,             v atesta\u010dnej pr\u00edprave<\/p>\n\n\n\n<p>MUDr. Sahu\u013eov\u00e1 Adriana,             v atesta\u010dnej pr\u00edprave<\/p>\n\n\n\n<p>MUDr. Tok\u00e1rov\u00e1 Nat\u00e1lia, v atesta\u010dnej pr\u00edprave<\/p>\n\n\n\n<p><strong><span style=\"font-weight: normal;\">Sna\u017e\u00edme sa, aby bolo \u0161\u0165astn\u00e9, m\u00fadre, \u00faspe\u0161n\u00e9 dobr\u00e9 a zdrav\u00e9. Naraz pr\u00edde neo\u010dak\u00e1van\u00e1 choroba. Ide\u00e1lne by bolo, keby chor\u00e9 die\u0165a mohlo by\u0165 v\u017edy \u00faspe\u0161ne vylie\u010den\u00e9 doma, no realita je \u010dasto tak\u00e1, \u017ee choroba si vy\u017eiadala hospitaliz\u00e1ciu. Rodi\u010dia aj deti maj\u00fa strach a pr\u00e1ve toto je hlavn\u00fd d\u00f4vod, aby cel\u00fd n\u00e1\u0161 person\u00e1l sa postaral o die\u0165a po str\u00e1nke lie\u010debnej, o\u0161etrovate\u013eskej a du\u0161evnej.<\/span><\/strong><\/p>\n\n\n\n<p>Detsk\u00e9 oddelenie sa nach\u00e1dza v budove polikliniky na dvoch poschodiach. Na prvom poschod\u00ed, kde s\u00fa hospitalizovan\u00e9 deti vo veku od 0 do 3 rokov m\u00e1me 15 l\u00f4\u017eok pre deti, 7 l\u00f4\u017eok pre sprievodcu, izby zv\u00fd\u0161en\u00e9ho doh\u013eadu so \u0161tyrmi l\u00f4\u017ekami.&nbsp;Na druhom poschod\u00ed s\u00fa izby pre deti od 3 do 18 rokov + 364 dn\u00ed a pr\u00edjmov\u00e1 detsk\u00e1 ambulancia. Oddelenie je vybaven\u00e9 poste\u013eami r\u00f4znej ve\u013ekosti pod\u013ea veku.&nbsp;Na oddelen\u00ed m\u00e1me \u0161tandardn\u00e9 pr\u00edstrojov\u00e9 vybavenie vr\u00e1tane monitorov vit\u00e1lnych funkcii, inf\u00faznych p\u00famp, line\u00e1rnych d\u00e1vkova\u010dov, pulzn\u00fdch oxymetrov. Na izb\u00e1ch s\u00fa zvlh\u010dova\u010de vzduchu a inhal\u00e1tory.&nbsp;Na detskom oddelen\u00ed pracuje 21 detsk\u00fdch sestier s ukon\u010den\u00fdm SZ\u0160, niektor\u00e9 s\u00fa so \u0161pecializ\u00e1ciou PS\u0160. Sestry pracuj\u00fa formou o\u0161etrovate\u013esk\u00e9ho procesu u v\u0161etk\u00fdch det\u00ed.<\/p>\n\n\n\n<p>Na oddelen\u00ed pre deti od 3 do 18 rokov je z\u00e1kladn\u00e1 a matersk\u00e1 \u0161kola. V materskej \u0161kole je zabezpe\u010den\u00e1 odborn\u00e1 pedagogick\u00e1 starostlivos\u0165 jednou pracovn\u00ed\u010dkou. Vyu\u010dovac\u00ed proces prebieha pod veden\u00edm dvoch odborn\u00fdch pedag\u00f3gov pod\u013ea u\u010debn\u00fdch pl\u00e1nov a osnov pre z\u00e1kladn\u00e9 \u0161koly redukovan\u00fdch a upraven\u00fdch pod\u013ea zdravotn\u00e9ho stavu pacientov a pod\u013ea \u010dasovej n\u00e1ro\u010dnosti lie\u010debn\u00e9ho re\u017eimu. Deti maj\u00fa k dispoz\u00edcii po\u010d\u00edta\u010de, internet, kni\u017enicu, na ka\u017edej izbe je telev\u00edzor. Prostredie oddelenia spr\u00edjem\u0148uje aktu\u00e1lna farebn\u00e1 v\u00fdzdoba.&nbsp;Pre detsk\u00e9ho pacienta sa od roku 2007 zaviedlo nov\u00e1 diagnostick\u00e1 met\u00f3da &#8222;24 hodinov\u00e1 esofage\u00e1lna phmetria&#8220;<\/p>\n\n\n\n<p><strong>V\u00fdhody:<\/strong><\/p>\n\n\n\n<p>Najcitlivej\u0161ia, pacienta minim\u00e1lne za\u0165a\u017euj\u00faca, diagnostick\u00e1 met\u00f3da gastroesophage\u00e1lneho refluxu (GER) u det\u00ed aj dospel\u00fdch pokladan\u00e1 za najv\u00e4\u010d\u0161\u00ed pokrok v diagnostike GER modern\u00fd pr\u00edstroj \u0161vaj\u010diarskej firmy MMS: ph-meter ORION II, vybaven\u00fd LCD displejom, virtu\u00e1lnym in\u0161trukt\u00e1\u017enym programom, umo\u017e\u0148uje 24 hodinov\u00fd kontinu\u00e1lny monitoring pri be\u017en\u00fdch \u010dinnostiach pacienta s n\u00e1sledn\u00fdm spracovan\u00edm, vyhodnoten\u00edm a n\u00e1zorn\u00fdm zobrazen\u00edm zachyten\u00fdch refluxn\u00fdch epiz\u00f3d.<\/p>\n\n\n\n<p>V pr\u00edpade hospitaliz\u00e1cie men\u0161ieho pacienta je mo\u017en\u00e9 prijatie na oddelenie doprovod mami\u010dku alebo otecka.<\/p>\n\n\n\n<p><\/p>\n","protected":false},"excerpt":{"rendered":"<p>Pondelok 14:00 h &ndash; 17:00 h Utorok 14:00 h &ndash; 17:00 h Streda 14:00 h &ndash; 17:00 h &Scaron;tvrtok 14:00 h &ndash; 17:00 h Piatok 14:00 h &ndash; 17:00 h Sobota 10:00 h &ndash; 12:00 h, 14:00 h &ndash; 17:00&nbsp;<a class=\"read-more\" href=\"https:\/\/www.donsp.sk\/donsp\/oddelenia\/detske-oddelenie\/\"><\/a><\/p>\n","protected":false},"author":1,"featured_media":0,"parent":5,"menu_order":7,"comment_status":"closed","ping_status":"closed","template":"","meta":{"_seopress_robots_primary_cat":"0","_seopress_titles_title":"","_seopress_titles_desc":"","_seopress_robots_index":"","pgc_sgb_lightbox_settings":"","footnotes":""},"class_list":["post-33","page","type-page","status-publish"],"_links":{"self":[{"href":"https:\/\/www.donsp.sk\/donsp\/wp-json\/wp\/v2\/pages\/33","targetHints":{"allow":["GET"]}}],"collection":[{"href":"https:\/\/www.donsp.sk\/donsp\/wp-json\/wp\/v2\/pages"}],"about":[{"href":"https:\/\/www.donsp.sk\/donsp\/wp-json\/wp\/v2\/types\/page"}],"author":[{"embeddable":true,"href":"https:\/\/www.donsp.sk\/donsp\/wp-json\/wp\/v2\/users\/1"}],"replies":[{"embeddable":true,"href":"https:\/\/www.donsp.sk\/donsp\/wp-json\/wp\/v2\/comments?post=33"}],"version-history":[{"count":11,"href":"https:\/\/www.donsp.sk\/donsp\/wp-json\/wp\/v2\/pages\/33\/revisions"}],"predecessor-version":[{"id":8473,"href":"https:\/\/www.donsp.sk\/donsp\/wp-json\/wp\/v2\/pages\/33\/revisions\/8473"}],"up":[{"embeddable":true,"href":"https:\/\/www.donsp.sk\/donsp\/wp-json\/wp\/v2\/pages\/5"}],"wp:attachment":[{"href":"https:\/\/www.donsp.sk\/donsp\/wp-json\/wp\/v2\/media?parent=33"}],"curies":[{"name":"wp","href":"https:\/\/api.w.org\/{rel}","templated":true}]}}