{"id":2478,"date":"2015-06-19T13:28:56","date_gmt":"2015-06-19T11:28:56","guid":{"rendered":"http:\/\/www.donsp.sk\/donsp\/?page_id=2478"},"modified":"2025-05-14T08:33:07","modified_gmt":"2025-05-14T06:33:07","slug":"nahlasenie-korupcie","status":"publish","type":"page","link":"https:\/\/www.donsp.sk\/donsp\/informacie\/nahlasenie-korupcie\/","title":{"rendered":"Nahl\u00e1senie  korupcie"},"content":{"rendered":"\n<p><strong>Z\u00e1sady<\/strong> pod\u00e1vania, preverovania a evidovania podnetov podan\u00fdch v zmysle z\u00e1kona \u010d. 307\/2014 Z. z. o niektor\u00fdch opatreniach s\u00favisiacich s oznamovan\u00edm protispolo\u010denskej \u010dinnosti a o zmene a doplnen\u00ed niektor\u00fdch z\u00e1konov<\/p>\n\n\n\n<p><span id=\"inserted4190\" style=\"font-size: 25px;\"><strong style=\"font-size: 19px;\">&nbsp;Podnet mo\u017eno poda\u0165 :<\/strong> <\/span><\/p>\n\n\n\n<p>&#8211; p\u00edsomne<\/p>\n\n\n\n<p>&#8211; osobne (\u00fastne) do z\u00e1znamu (z\u00e1pisnice)<\/p>\n\n\n\n<p>&#8211; alebo elektronickou po\u0161tou.<\/p>\n\n\n\n<p>1 P\u00edsomn\u00fd podnet sa pod\u00e1va zodpovednej osobe <strong>p. Petronele Jarkovskej, alebo do schr\u00e1nky pri podate\u013eni zamestn\u00e1vate\u013ea<\/strong>, ktor\u00fa pravidelne kontroluje zodpovedn\u00e1 osoba.<\/p>\n\n\n\n<p>2 Podanie podnetu <strong>\u00fastnou formou<\/strong> (osobne) do z\u00e1znamu mo\u017eno uskuto\u010dni\u0165 prostredn\u00edctvom zodpovednej osoby (z\u00e1pisnica).<\/p>\n\n\n\n<p>3 Podanie podnetu <strong>elektronickou formou<\/strong> je mo\u017en\u00e9 uskuto\u010dni\u0165 na e-adresu zodpovednej osoby:<\/p>\n\n\n\n<p>e- mail: \u00a0\u00a0<span id=\"inserted7086\" style=\"font-size: 22px;\"><\/span><span id=\"inserted4634\" style=\"font-size: 32px;\"><span id=\"inserted7086\" style=\"font-size: 19px;\"> <a href=\"mailto:jarkovska@donsp.sk\">jarkovska@donsp.sk<\/a><\/span><\/span><\/p>\n","protected":false},"excerpt":{"rendered":"<p>Z&aacute;sady pod&aacute;vania, preverovania a evidovania podnetov podan&yacute;ch v zmysle z&aacute;kona &#269;. 307\/2014 Z. z. o niektor&yacute;ch opatreniach s&uacute;visiacich s oznamovan&iacute;m protispolo&#269;enskej &#269;innosti a o zmene a doplnen&iacute; niektor&yacute;ch z&aacute;konov &nbsp;Podnet mo&#382;no poda&#357; : &ndash; p&iacute;somne &ndash; osobne (&uacute;stne) do z&aacute;znamu&nbsp;<a class=\"read-more\" href=\"https:\/\/www.donsp.sk\/donsp\/informacie\/nahlasenie-korupcie\/\"><\/a><\/p>\n","protected":false},"author":1,"featured_media":0,"parent":7,"menu_order":30,"comment_status":"closed","ping_status":"open","template":"","meta":{"_seopress_robots_primary_cat":"0","_seopress_titles_title":"","_seopress_titles_desc":"","_seopress_robots_index":"","pgc_sgb_lightbox_settings":"","footnotes":""},"class_list":["post-2478","page","type-page","status-publish"],"_links":{"self":[{"href":"https:\/\/www.donsp.sk\/donsp\/wp-json\/wp\/v2\/pages\/2478","targetHints":{"allow":["GET"]}}],"collection":[{"href":"https:\/\/www.donsp.sk\/donsp\/wp-json\/wp\/v2\/pages"}],"about":[{"href":"https:\/\/www.donsp.sk\/donsp\/wp-json\/wp\/v2\/types\/page"}],"author":[{"embeddable":true,"href":"https:\/\/www.donsp.sk\/donsp\/wp-json\/wp\/v2\/users\/1"}],"replies":[{"embeddable":true,"href":"https:\/\/www.donsp.sk\/donsp\/wp-json\/wp\/v2\/comments?post=2478"}],"version-history":[{"count":1,"href":"https:\/\/www.donsp.sk\/donsp\/wp-json\/wp\/v2\/pages\/2478\/revisions"}],"predecessor-version":[{"id":6838,"href":"https:\/\/www.donsp.sk\/donsp\/wp-json\/wp\/v2\/pages\/2478\/revisions\/6838"}],"up":[{"embeddable":true,"href":"https:\/\/www.donsp.sk\/donsp\/wp-json\/wp\/v2\/pages\/7"}],"wp:attachment":[{"href":"https:\/\/www.donsp.sk\/donsp\/wp-json\/wp\/v2\/media?parent=2478"}],"curies":[{"name":"wp","href":"https:\/\/api.w.org\/{rel}","templated":true}]}}