{"id":2477,"date":"2015-06-21T05:58:04","date_gmt":"2015-06-21T03:58:04","guid":{"rendered":"http:\/\/www.donsp.sk\/donsp\/?page_id=2477"},"modified":"2025-06-16T19:34:18","modified_gmt":"2025-06-16T17:34:18","slug":"nahlasenie-korupcie","status":"publish","type":"page","link":"https:\/\/www.donsp.sk\/donsp\/nahlasenie-korupcie\/","title":{"rendered":"Ozn\u00e1menie protispolo\u010denskej \u010dinnosti"},"content":{"rendered":"\n<p><a href=\"https:\/\/www.epi.sk\/zz\/2019-54\">Z\u00e1kon \u010d. 54\/2019<\/a> Z. z. o\u00a0ochrane oznamovate\u013eov protispolo\u010denskej \u010dinnosti a\u00a0o zmene a\u00a0doplnen\u00ed niektor\u00fdch z\u00e1konov upravuje podmienky poskytovania ochrany oznamovate\u013eom (zamestnancom) v\u00a0s\u00favislosti s\u00a0ich oznamovan\u00edm protispolo\u010denskej \u010dinnosti.<\/p>\n\n\n\n<p><strong>Oznamovate\u013eom<\/strong>&nbsp;fyzick\u00e1 osoba, ktor\u00e1 v&nbsp;dobrej viere urob\u00ed ozn\u00e1menie org\u00e1nu pr\u00edslu\u0161n\u00e9mu na&nbsp;prijatie ozn\u00e1menia, \u00daradu alebo zamestn\u00e1vate\u013eovi; za oznamovate\u013ea sa pova\u017euje aj bl\u00edzka osoba oznamovate\u013ea, ktor\u00e1 je v&nbsp;pracovnopr\u00e1vnom vz\u0165ahu k tomu ist\u00e9mu zamestn\u00e1vate\u013eovi ako oznamovate\u013e, k zamestn\u00e1vate\u013eovi, ktor\u00fd je z\u00e1vislou osobou vo&nbsp;vz\u0165ahu k zamestn\u00e1vate\u013eovi oznamovate\u013ea alebo k zamestn\u00e1vate\u013eovi, ktor\u00fd je zalo\u017een\u00fd alebo zriaden\u00fd zamestn\u00e1vate\u013eom oznamovate\u013ea,<\/p>\n\n\n\n<p><strong>Ozn\u00e1men\u00edm<\/strong>&nbsp;uvedenie skuto\u010dnost\u00ed, o&nbsp;ktor\u00fdch sa fyzick\u00e1 osoba dozvedela v&nbsp;s\u00favislosti s&nbsp;v\u00fdkonom svojho zamestnania, povolania, postavenia alebo funkcie alebo v&nbsp;s\u00favislosti s&nbsp;\u010dinnos\u0165ou vo&nbsp;verejnom z\u00e1ujme a&nbsp;ktor\u00e9 sa t\u00fdkaj\u00fa protispolo\u010denskej \u010dinnosti,<\/p>\n\n\n\n<p><a href=\"https:\/\/www.zilinskazupa.sk\/files\/clanok-8-smernice.pdf\">Ide najm\u00e4 o&nbsp;ochranu oznamovate\u013eov pred ich neopr\u00e1vnen\u00fdm postihom v&nbsp;pracovnopr\u00e1vnom vz\u0165ahu, resp. pozastaven\u00edm \u00fa\u010dinnosti tak\u00e9hoto pracovnopr\u00e1vneho \u00fakonu a&nbsp;tie\u017e pr\u00e1va a&nbsp;povinnosti fyzick\u00fdch os\u00f4b a&nbsp;pr\u00e1vnick\u00fdch os\u00f4b, vr\u00e1tane zamestn\u00e1vate\u013ea pri oznamovan\u00ed protispolo\u010denskej \u010dinnosti.<\/a><\/p>\n\n\n\n<p>Tento z\u00e1kon vybran\u00fdm kateg\u00f3ri\u00e1m zamestn\u00e1vate\u013eov a&nbsp;zamestn\u00e1vate\u013eovi, ktor\u00fd je org\u00e1nom verejnej moci ulo\u017eil povinnos\u0165 zos\u00faladi\u0165 doteraj\u0161\u00ed vn\u00fatorn\u00fd syst\u00e9m vybavovania podnetov s&nbsp;t\u00fdmto z\u00e1konom a&nbsp;ustanovi\u0165 osobu zodpovedn\u00fa za prij\u00edmanie, evidenciu a&nbsp;preverovanie ozn\u00e1men\u00ed.<\/p>\n\n\n\n<p>Preto, na&nbsp;z\u00e1klade \u00a7 10 ods. 8 z\u00e1kona \u010d. 54\/2019 Z. z. o&nbsp;ochrane oznamovate\u013eov protispolo\u010denskej \u010dinnosti a&nbsp;o zmene a&nbsp;doplnen\u00ed niektor\u00fdch z\u00e1konov \u017dilinsk\u00fd samospr\u00e1vny kraj vydal&nbsp;<strong><a href=\"https:\/\/www.zilinskazupa.sk\/files\/smernica-zsk-c-uhk-02-2023-protispolocenskej-cinnosti-final.pdf\">Smernicu \u010d. S-\u00daHK-02\/2023<\/a><\/strong><a href=\"https:\/\/www.zilinskazupa.sk\/files\/odbory\/kontrola\/2019\/smernica-127-2019-vnutorny-system-vybavovania-oznameni-k-zak-54-2019-final-2.pdf\">&nbsp;<\/a>&#8211; o&nbsp;vn\u00fatornom syst\u00e9me prij\u00edmania, preverovania a&nbsp;evidencie ozn\u00e1men\u00ed o&nbsp;protispolo\u010denskej \u010dinnosti.<\/p>\n\n\n\n<p>\u00dalohy zodpovednej osoby (napr. prij\u00edmanie, preverovanie a\u00a0evidenciu ozn\u00e1men\u00ed o\u00a0protispolo\u010denskej \u010dinnosti\u00a0<strong>zamestnancov Dolnooravskej nemocnice s poliklinikou MUDr. L. Nad\u0161i J\u00e9g\u00e9ho<\/strong>\u00a0pln\u00ed\u00a0<strong>Mgr. Nina Mandi\u010dov\u00e1<\/strong>.<\/p>\n\n\n\n<p>Ozn\u00e1menie je mo\u017en\u00e9 poda\u0165:<\/p>\n\n\n\n<p>a) elektronickou po\u0161tou zaslanou na\u00a0adresu\u00a0<a>mandicovanina@donsp.sk<\/a>, <\/p>\n\n\n\n<p>b) p\u00edsomne po\u0161tou zaslanou na\u00a0adresu: DONsP, Mgr. Nina Mandi\u010dov\u00e1, Nemocni\u010dn\u00e1 1944\/10, 026 14 Doln\u00fd Kub\u00edn,<\/p>\n\n\n\n<p>alebo <strong>do schr\u00e1nky pri podate\u013eni zamestn\u00e1vate\u013ea<\/strong>, ktor\u00fa pravidelne kontroluje zodpovedn\u00e1 osoba. <\/p>\n\n\n\n<p>c) \u00dastnou <strong>formou (osobne)<\/strong> do z\u00e1znamu mo\u017eno uskuto\u010dni\u0165 prostredn\u00edctvom zodpovednej osoby (z\u00e1pisnica).<\/p>\n\n\n\n<p>Z\u00e1sady pod\u00e1vania, preverovania a evidovania podnetov podan\u00fdch v zmysle z\u00e1kona \u010d. 307\/2014 Z. z. o niektor\u00fdch opatreniach s\u00favisiacich s oznamovan\u00edm protispolo\u010denskej \u010dinnosti a o zmene a doplnen\u00ed niektor\u00fdch z\u00e1konov.<\/p>\n\n\n\n<p><\/p>\n\n\n\n<p><\/p>\n\n\n\n<p><\/p>\n\n\n\n<p><\/p>\n\n\n\n<p><\/p>\n","protected":false},"excerpt":{"rendered":"<p>Z&aacute;kon &#269;. 54\/2019 Z. z. o&nbsp;ochrane oznamovate&#318;ov protispolo&#269;enskej &#269;innosti a&nbsp;o zmene a&nbsp;doplnen&iacute; niektor&yacute;ch z&aacute;konov upravuje podmienky poskytovania ochrany oznamovate&#318;om (zamestnancom) v&nbsp;s&uacute;vislosti s&nbsp;ich oznamovan&iacute;m protispolo&#269;enskej &#269;innosti. Oznamovate&#318;om&nbsp;fyzick&aacute; osoba, ktor&aacute; v&nbsp;dobrej viere urob&iacute; ozn&aacute;menie org&aacute;nu pr&iacute;slu&scaron;n&eacute;mu na&nbsp;prijatie ozn&aacute;menia, &Uacute;radu alebo zamestn&aacute;vate&#318;ovi; za&nbsp;<a class=\"read-more\" href=\"https:\/\/www.donsp.sk\/donsp\/nahlasenie-korupcie\/\"><\/a><\/p>\n","protected":false},"author":1,"featured_media":0,"parent":0,"menu_order":0,"comment_status":"closed","ping_status":"closed","template":"","meta":{"_seopress_robots_primary_cat":"0","_seopress_titles_title":"","_seopress_titles_desc":"","_seopress_robots_index":"","pgc_sgb_lightbox_settings":"","footnotes":""},"class_list":["post-2477","page","type-page","status-publish"],"_links":{"self":[{"href":"https:\/\/www.donsp.sk\/donsp\/wp-json\/wp\/v2\/pages\/2477","targetHints":{"allow":["GET"]}}],"collection":[{"href":"https:\/\/www.donsp.sk\/donsp\/wp-json\/wp\/v2\/pages"}],"about":[{"href":"https:\/\/www.donsp.sk\/donsp\/wp-json\/wp\/v2\/types\/page"}],"author":[{"embeddable":true,"href":"https:\/\/www.donsp.sk\/donsp\/wp-json\/wp\/v2\/users\/1"}],"replies":[{"embeddable":true,"href":"https:\/\/www.donsp.sk\/donsp\/wp-json\/wp\/v2\/comments?post=2477"}],"version-history":[{"count":6,"href":"https:\/\/www.donsp.sk\/donsp\/wp-json\/wp\/v2\/pages\/2477\/revisions"}],"predecessor-version":[{"id":7078,"href":"https:\/\/www.donsp.sk\/donsp\/wp-json\/wp\/v2\/pages\/2477\/revisions\/7078"}],"wp:attachment":[{"href":"https:\/\/www.donsp.sk\/donsp\/wp-json\/wp\/v2\/media?parent=2477"}],"curies":[{"name":"wp","href":"https:\/\/api.w.org\/{rel}","templated":true}]}}