{"id":18,"date":"2010-09-11T08:24:44","date_gmt":"2010-09-11T08:24:44","guid":{"rendered":"http:\/\/www.donsp.sk\/donsp\/?page_id=18"},"modified":"2025-12-02T08:29:11","modified_gmt":"2025-12-02T06:29:11","slug":"kariera","status":"publish","type":"page","link":"https:\/\/www.donsp.sk\/donsp\/o-nas\/kariera\/","title":{"rendered":"Kari\u00e9ra a pracovn\u00e9 miesta"},"content":{"rendered":"\n<p><\/p>\n\n\n\n<h2 class=\"wp-block-heading\">Zoznam vo\u013en\u00fdch pracovn\u00fdch poz\u00edci\u00ed v DONsP<\/h2>\n\n\n\n<p>Dolnooravsk\u00e1 nemocnica s poliklinikou MUDr. L.N. J\u00e9g\u00e9ho Doln\u00fd Kub\u00edn pr\u00edjme do pracovn\u00e9ho pomeru lek\u00e1rov:<\/p>\n\n\n\n<div class=\"wp-block-columns is-layout-flex wp-container-core-columns-is-layout-9d6595d7 wp-block-columns-is-layout-flex\">\n<div class=\"wp-block-column is-layout-flow wp-block-column-is-layout-flow\" style=\"flex-basis:33.33%\">\n<p><mark style=\"background-color:rgba(0, 0, 0, 0)\" class=\"has-inline-color has-vivid-red-color\">Chirurgick\u00e9 oddelenie<\/mark><\/p>\n<\/div>\n\n\n\n<div class=\"wp-block-column is-layout-flow wp-block-column-is-layout-flow\" style=\"flex-basis:66.66%\">\n<p><mark style=\"background-color:rgba(0, 0, 0, 0)\" class=\"has-inline-color has-vivid-red-color\">Vo\u013en\u00e9 pracovn\u00e9 poz\u00edcie: &nbsp;<\/mark><\/p>\n\n\n\n<p><mark style=\"background-color:rgba(0, 0, 0, 0)\" class=\"has-inline-color has-vivid-red-color\"><strong>1 Lek\u00e1r &#8211; \u0161pecializ\u00e1cia v\u00edtan\u00e1,<\/strong>\u00a0\u00a0<strong> Plat: v zmysle z\u00e1kona 578\/2004\u00a0 \u00a780a<\/strong><\/mark><\/p>\n\n\n\n<p><mark style=\"background-color:rgba(0, 0, 0, 0)\" class=\"has-inline-color has-vivid-red-color\"><strong>2 Sestry Plat: v zmysle z\u00e1kona 578\/2004\u00a0 \u00a780ab<\/strong><\/mark><\/p>\n<\/div>\n<\/div>\n\n\n\n<div class=\"wp-block-columns is-layout-flex wp-container-core-columns-is-layout-9d6595d7 wp-block-columns-is-layout-flex\">\n<div class=\"wp-block-column is-layout-flow wp-block-column-is-layout-flow\" style=\"flex-basis:33.33%\">\n<p><mark style=\"background-color:rgba(0, 0, 0, 0)\" class=\"has-inline-color has-vivid-red-color\">Neurologick\u00e9 oddelenie<\/mark><\/p>\n<\/div>\n\n\n\n<div class=\"wp-block-column is-layout-flow wp-block-column-is-layout-flow\" style=\"flex-basis:66.66%\">\n<p><mark style=\"background-color:rgba(0, 0, 0, 0)\" class=\"has-inline-color has-vivid-red-color\">Vo\u013en\u00e9 pracovn\u00e9 poz\u00edcie:&nbsp;<\/mark><\/p>\n\n\n\n<p><mark style=\"background-color:rgba(0, 0, 0, 0)\" class=\"has-inline-color has-vivid-red-color\"><strong>1 Lek\u00e1r &#8211;  \u0161pecializ\u00e1cia v\u00edtan\u00e1),<\/strong>\u00a0\u00a0<strong> Plat: v zmysle z\u00e1kona 578\/2004\u00a0 \u00a780a<\/strong><\/mark><\/p>\n\n\n\n<p><mark style=\"background-color:rgba(0, 0, 0, 0)\" class=\"has-inline-color has-vivid-red-color\"><strong>1 Sestra Plat: v zmysle z\u00e1kona 578\/2004\u00a0 \u00a780ab<\/strong><\/mark><\/p>\n<\/div>\n<\/div>\n\n\n\n<div class=\"wp-block-columns is-layout-flex wp-container-core-columns-is-layout-9d6595d7 wp-block-columns-is-layout-flex\">\n<div class=\"wp-block-column is-layout-flow wp-block-column-is-layout-flow\" style=\"flex-basis:33.33%\">\n<p><mark style=\"background-color:rgba(0, 0, 0, 0)\" class=\"has-inline-color has-vivid-red-color\">Intern\u00e9 oddelenie<\/mark><\/p>\n<\/div>\n\n\n\n<div class=\"wp-block-column is-layout-flow wp-block-column-is-layout-flow\" style=\"flex-basis:66.66%\">\n<p><mark style=\"background-color:rgba(0, 0, 0, 0)\" class=\"has-inline-color has-vivid-red-color\">Vo\u013en\u00e9 pracovn\u00e9 poz\u00edcie:&nbsp;<\/mark><\/p>\n\n\n\n<p><mark style=\"background-color:rgba(0, 0, 0, 0)\" class=\"has-inline-color has-vivid-red-color\"><strong>2 Lek\u00e1ri &#8211; \u0161pecializ\u00e1cia v\u00edtan\u00e1,<\/strong>\u00a0\u00a0<strong> Plat: v zmysle z\u00e1kona 578\/2004\u00a0 \u00a780<\/strong><\/mark><\/p>\n\n\n\n<p><mark style=\"background-color:rgba(0, 0, 0, 0)\" class=\"has-inline-color has-vivid-red-color\"><strong>1 Sestra Plat: v zmysle z\u00e1kona 578\/2004\u00a0 \u00a780ab<\/strong><\/mark><\/p>\n<\/div>\n<\/div>\n\n\n\n<div class=\"wp-block-columns is-layout-flex wp-container-core-columns-is-layout-9d6595d7 wp-block-columns-is-layout-flex\">\n<div class=\"wp-block-column is-layout-flow wp-block-column-is-layout-flow\" style=\"flex-basis:33.33%\">\n<p><mark style=\"background-color:rgba(0, 0, 0, 0)\" class=\"has-inline-color has-black-color\">Oddelenie r\u00e1dio diagnostick\u00e9<\/mark><\/p>\n<\/div>\n\n\n\n<div class=\"wp-block-column is-layout-flow wp-block-column-is-layout-flow\" style=\"flex-basis:66.66%\">\n<p>Vo\u013en\u00e9 pracovn\u00e9 poz\u00edcie:&nbsp; <strong>\u017eiadne<\/strong><\/p>\n<\/div>\n<\/div>\n\n\n\n<div class=\"wp-block-columns is-layout-flex wp-container-core-columns-is-layout-9d6595d7 wp-block-columns-is-layout-flex\">\n<div class=\"wp-block-column is-layout-flow wp-block-column-is-layout-flow\" style=\"flex-basis:33.33%\">\n<p><mark style=\"background-color:rgba(0, 0, 0, 0)\" class=\"has-inline-color has-black-color\">Detsk\u00e9 oddelenie<\/mark><\/p>\n<\/div>\n\n\n\n<div class=\"wp-block-column is-layout-flow wp-block-column-is-layout-flow\" style=\"flex-basis:66.66%\">\n<p>Vo\u013en\u00e9 pracovn\u00e9 poz\u00edcie:<strong>\u00a0 <strong>\u017eiadne<\/strong><\/strong><\/p>\n<\/div>\n<\/div>\n\n\n\n<div class=\"wp-block-columns is-layout-flex wp-container-core-columns-is-layout-9d6595d7 wp-block-columns-is-layout-flex\">\n<div class=\"wp-block-column is-layout-flow wp-block-column-is-layout-flow\" style=\"flex-basis:33.33%\">\n<p>Fyziatricko &#8211; rehabilita\u010dn\u00e9 oddelenie<\/p>\n<\/div>\n\n\n\n<div class=\"wp-block-column is-layout-flow wp-block-column-is-layout-flow\" style=\"flex-basis:66.66%\">\n<p>Vo\u013en\u00e9 pracovn\u00e9 poz\u00edcie:<strong>&nbsp; <strong>\u017eiadne<\/strong><\/strong><\/p>\n<\/div>\n<\/div>\n\n\n\n<div class=\"wp-block-columns is-layout-flex wp-container-core-columns-is-layout-9d6595d7 wp-block-columns-is-layout-flex\">\n<div class=\"wp-block-column is-layout-flow wp-block-column-is-layout-flow\" style=\"flex-basis:33.33%\">\n<p>Oddelenie klinickej bioch\u00e9mie, klinickej &nbsp;hematol\u00f3gie a transf\u00faziol\u00f3gie.<\/p>\n<\/div>\n\n\n\n<div class=\"wp-block-column is-layout-flow wp-block-column-is-layout-flow\" style=\"flex-basis:66.66%\">\n<p>Vo\u013en\u00e9 pracovn\u00e9 poz\u00edcie:&nbsp; <strong><strong>\u017eiadne<\/strong><\/strong><\/p>\n<\/div>\n<\/div>\n\n\n\n<div class=\"wp-block-columns is-layout-flex wp-container-core-columns-is-layout-9d6595d7 wp-block-columns-is-layout-flex\">\n<div class=\"wp-block-column is-layout-flow wp-block-column-is-layout-flow\" style=\"flex-basis:33.33%\">\n<p><mark style=\"background-color:rgba(0, 0, 0, 0)\" class=\"has-inline-color has-black-color\">Gynekologicko &#8211; p\u00f4rodn\u00edcke oddelenie<\/mark><\/p>\n<\/div>\n\n\n\n<div class=\"wp-block-column is-layout-flow wp-block-column-is-layout-flow\" style=\"flex-basis:66.66%\">\n<p><mark style=\"background-color:rgba(0, 0, 0, 0)\" class=\"has-inline-color has-black-color\">Vo\u013en\u00e9 pracovn\u00e9 poz\u00edcie:<strong>\u00a0 <strong>\u017eiadne<\/strong><\/strong> <\/mark><\/p>\n<\/div>\n<\/div>\n\n\n\n<div class=\"wp-block-columns is-layout-flex wp-container-core-columns-is-layout-9d6595d7 wp-block-columns-is-layout-flex\">\n<div class=\"wp-block-column is-layout-flow wp-block-column-is-layout-flow\" style=\"flex-basis:33.33%\">\n<p>Oddelenie klinickej mikrobiol\u00f3gie<\/p>\n<\/div>\n\n\n\n<div class=\"wp-block-column is-layout-flow wp-block-column-is-layout-flow\" style=\"flex-basis:66.66%\">\n<p>Vo\u013en\u00e9 pracovn\u00e9 poz\u00edcie:&nbsp;<mark style=\"background-color:rgba(0, 0, 0, 0)\" class=\"has-inline-color has-vivid-red-color\"> <\/mark><strong><strong>\u017eiadne<\/strong><\/strong><\/p>\n<\/div>\n<\/div>\n\n\n\n<div class=\"wp-block-columns is-layout-flex wp-container-core-columns-is-layout-9d6595d7 wp-block-columns-is-layout-flex\">\n<div class=\"wp-block-column is-layout-flow wp-block-column-is-layout-flow\" style=\"flex-basis:33.33%\">\n<p><mark style=\"background-color:rgba(0, 0, 0, 0)\" class=\"has-inline-color has-black-color\">Patol\u00f3gia a prosekt\u00fara<\/mark><\/p>\n<\/div>\n\n\n\n<div class=\"wp-block-column is-layout-flow wp-block-column-is-layout-flow\" style=\"flex-basis:66.66%\">\n<p>Vo\u013en\u00e9 pracovn\u00e9 poz\u00edcie:<strong>\u00a0 <strong>\u017eiadne<\/strong><\/strong>\u00a0 <\/p>\n<\/div>\n<\/div>\n\n\n\n<div class=\"wp-block-columns is-layout-flex wp-container-core-columns-is-layout-9d6595d7 wp-block-columns-is-layout-flex\">\n<div class=\"wp-block-column is-layout-flow wp-block-column-is-layout-flow\" style=\"flex-basis:33.33%\">\n<p><mark style=\"background-color:rgba(0, 0, 0, 0)\" class=\"has-inline-color has-vivid-red-color\">Novorodeneck\u00e9 oddelenie<\/mark><\/p>\n<\/div>\n\n\n\n<div class=\"wp-block-column is-layout-flow wp-block-column-is-layout-flow\" style=\"flex-basis:66.66%\">\n<p><mark style=\"background-color:rgba(0, 0, 0, 0)\" class=\"has-inline-color has-vivid-red-color\">Vo\u013en\u00e9 pracovn\u00e9 poz\u00edcie:<strong>&nbsp; <\/strong><\/mark><\/p>\n\n\n\n<p><mark style=\"background-color:rgba(0, 0, 0, 0)\" class=\"has-inline-color has-vivid-red-color\"><strong><mark style=\"background-color:rgba(0, 0, 0, 0)\" class=\"has-inline-color has-vivid-red-color\"><strong>2 Sestry Plat: v zmysle z\u00e1kona 578\/2004\u00a0 \u00a780ab<\/strong><\/mark><\/strong><\/mark><\/p>\n<\/div>\n<\/div>\n\n\n\n<div class=\"wp-block-columns is-layout-flex wp-container-core-columns-is-layout-9d6595d7 wp-block-columns-is-layout-flex\">\n<div class=\"wp-block-column is-layout-flow wp-block-column-is-layout-flow\" style=\"flex-basis:33.33%\">\n<p><mark style=\"background-color:rgba(0, 0, 0, 0)\" class=\"has-inline-color has-vivid-red-color\">Ortopedick\u00e9 oddelenie<\/mark><\/p>\n<\/div>\n\n\n\n<div class=\"wp-block-column is-layout-flow wp-block-column-is-layout-flow\" style=\"flex-basis:66.66%\">\n<p><mark style=\"background-color:rgba(0, 0, 0, 0)\" class=\"has-inline-color has-vivid-red-color\">Vo\u013en\u00e9 pracovn\u00e9 poz\u00edcie:&nbsp;<\/mark><\/p>\n\n\n\n<p><mark style=\"background-color:rgba(0, 0, 0, 0)\" class=\"has-inline-color has-vivid-red-color\"><strong>2 Lek\u00e1ri<\/strong> <strong>&#8211; \u0161pecializ\u00e1cia v\u00edtan\u00e1,<\/strong>\u00a0\u00a0<strong> Plat: v zmysle z\u00e1kona 578\/2004\u00a0 \u00a780a<\/strong><\/mark><\/p>\n\n\n\n<p><mark style=\"background-color:rgba(0, 0, 0, 0)\" class=\"has-inline-color has-vivid-red-color\"><strong>1 Sestra &#8211; Plat: v zmysle z\u00e1kona 578\/2004\u00a0 \u00a780ab<\/strong><\/mark><\/p>\n<\/div>\n<\/div>\n\n\n\n<div class=\"wp-block-columns is-layout-flex wp-container-core-columns-is-layout-9d6595d7 wp-block-columns-is-layout-flex\">\n<div class=\"wp-block-column is-layout-flow wp-block-column-is-layout-flow\" style=\"flex-basis:33.33%\">\n<p><mark style=\"background-color:rgba(0, 0, 0, 0)\" class=\"has-inline-color has-black-color\">Oddelenie anest\u00e9zie a intenz\u00edvnej medic\u00edny<\/mark><\/p>\n<\/div>\n\n\n\n<div class=\"wp-block-column is-layout-flow wp-block-column-is-layout-flow\" style=\"flex-basis:66.6%\">\n<p><mark style=\"background-color:rgba(0, 0, 0, 0)\" class=\"has-inline-color has-black-color\">Vo\u013en\u00e9 pracovn\u00e9 poz\u00edcie:<strong>\u00a0 <strong>\u017eiadne<\/strong><\/strong><\/mark><\/p>\n<\/div>\n<\/div>\n\n\n\n<div class=\"wp-block-columns is-layout-flex wp-container-core-columns-is-layout-9d6595d7 wp-block-columns-is-layout-flex\">\n<div class=\"wp-block-column is-layout-flow wp-block-column-is-layout-flow\" style=\"flex-basis:33.33%\">\n<p><mark style=\"background-color:rgba(0, 0, 0, 0)\" class=\"has-inline-color has-vivid-red-color\">Oddelenie dlhodobo chor\u00fdch<\/mark><\/p>\n<\/div>\n\n\n\n<div class=\"wp-block-column is-layout-flow wp-block-column-is-layout-flow\" style=\"flex-basis:66.6%\">\n<p><mark style=\"background-color:rgba(0, 0, 0, 0)\" class=\"has-inline-color has-vivid-red-color\">Vo\u013en\u00e9 pracovn\u00e9 poz\u00edcie:&nbsp;<\/mark><\/p>\n\n\n\n<p><mark style=\"background-color:rgba(0, 0, 0, 0)\" class=\"has-inline-color has-vivid-red-color\"><strong><mark style=\"background-color:rgba(0, 0, 0, 0)\" class=\"has-inline-color has-vivid-red-color\"><strong>1 Lek\u00e1r <\/strong>&#8211; <\/mark> \u0161pecializ\u00e1cia v\u00edtan\u00e1,<\/strong>\u00a0\u00a0<strong> Plat: v zmysle z\u00e1kona 578\/2004\u00a0 \u00a780<\/strong><\/mark><\/p>\n<\/div>\n<\/div>\n\n\n\n<div class=\"wp-block-columns is-layout-flex wp-container-core-columns-is-layout-9d6595d7 wp-block-columns-is-layout-flex\">\n<div class=\"wp-block-column is-layout-flow wp-block-column-is-layout-flow\" style=\"flex-basis:33.33%\">\n<p>Centr\u00e1lne opera\u010dn\u00e9 s\u00e1ly<\/p>\n<\/div>\n\n\n\n<div class=\"wp-block-column is-layout-flow wp-block-column-is-layout-flow\" style=\"flex-basis:66.66%\">\n<p><mark style=\"background-color:rgba(0, 0, 0, 0)\" class=\"has-inline-color has-black-color\">Vo\u013en\u00e9 pracovn\u00e9 poz\u00edcie<\/mark><strong><mark style=\"background-color:rgba(0, 0, 0, 0)\" class=\"has-inline-color has-black-color\">:&nbsp; <strong>\u017eiadne<\/strong><\/mark><\/strong><\/p>\n<\/div>\n<\/div>\n\n\n\n<div class=\"wp-block-columns is-layout-flex wp-container-core-columns-is-layout-9d6595d7 wp-block-columns-is-layout-flex\">\n<div class=\"wp-block-column is-layout-flow wp-block-column-is-layout-flow\" style=\"flex-basis:33.33%\">\n<p><mark style=\"background-color:rgba(0, 0, 0, 0)\" class=\"has-inline-color has-vivid-red-color\">Psychiatrick\u00e1 ambulancia<\/mark><\/p>\n<\/div>\n\n\n\n<div class=\"wp-block-column is-layout-flow wp-block-column-is-layout-flow\" style=\"flex-basis:66.66%\">\n<p><mark style=\"background-color:rgba(0, 0, 0, 0)\" class=\"has-inline-color has-vivid-red-color\"><strong><mark style=\"background-color:rgba(0, 0, 0, 0)\" class=\"has-inline-color has-vivid-red-color\"><strong>1 Lek\u00e1r <\/strong><\/mark>,<\/strong>\u00a0\u00a0<strong> Plat: v zmysle z\u00e1kona 578\/2004\u00a0 \u00a780<\/strong><\/mark><\/p>\n<\/div>\n<\/div>\n\n\n\n<div class=\"wp-block-columns is-layout-flex wp-container-core-columns-is-layout-9d6595d7 wp-block-columns-is-layout-flex\">\n<div class=\"wp-block-column is-layout-flow wp-block-column-is-layout-flow\" style=\"flex-basis:33.33%\">\n<p><mark style=\"background-color:rgba(0, 0, 0, 0)\" class=\"has-inline-color has-black-color\">Nemocni\u010dn\u00e1 lek\u00e1re\u0148<\/mark><\/p>\n<\/div>\n\n\n\n<div class=\"wp-block-column is-layout-flow wp-block-column-is-layout-flow\" style=\"flex-basis:66.66%\">\n<p><mark style=\"background-color:rgba(0, 0, 0, 0)\" class=\"has-inline-color has-black-color\">Vo\u013en\u00e9 pracovn\u00e9 poz\u00edcie:<strong>\u00a0 <strong>\u017eiadne<\/strong><\/strong><\/mark><\/p>\n<\/div>\n<\/div>\n\n\n\n<div class=\"wp-block-columns is-layout-flex wp-container-core-columns-is-layout-9d6595d7 wp-block-columns-is-layout-flex\">\n<div class=\"wp-block-column is-layout-flow wp-block-column-is-layout-flow\" style=\"flex-basis:33.33%\">\n<p><mark style=\"background-color:rgba(0, 0, 0, 0)\" class=\"has-inline-color has-black-color\">Oddelenie lie\u010debnej v\u00fd\u017eivy a stravovania<\/mark><\/p>\n<\/div>\n\n\n\n<div class=\"wp-block-column is-layout-flow wp-block-column-is-layout-flow\" style=\"flex-basis:66.66%\">\n<p><mark style=\"background-color:rgba(0, 0, 0, 0)\" class=\"has-inline-color has-black-color\">Vo\u013en\u00e9 pracovn\u00e9 poz\u00edcie:<strong>\u00a0 <strong>\u017eiadne<\/strong><\/strong><\/mark><\/p>\n<\/div>\n<\/div>\n\n\n\n<p><\/p>\n\n\n\n<p><strong>Inform\u00e1cie<\/strong>: tel.: <a href=\"tel:+421435801288\">043\/5801288<\/a>, person\u00e1lne oddelenie<\/p>\n\n\n\n<p>e-mail: <a href=\"mailto:balkova@donsp.sk\">balkova<\/a><a href=\"mailto:balkova@donsp.sk\">@donsp.sk<\/a><\/p>\n\n\n\n<p>web: www.donsp.sk<\/p>\n\n\n\n<p class=\"has-text-align-center\"><strong>Str\u00e1nka je pravidelne upravovan\u00e1, preto si pravidelne kontrolujte stav vo\u013en\u00fdch pracovn\u00fdch poz\u00edci\u00ed.<\/strong><\/p>\n\n\n\n<p><\/p>\n","protected":false},"excerpt":{"rendered":"<p>Zoznam vo&#318;n&yacute;ch pracovn&yacute;ch poz&iacute;ci&iacute; v DONsP Dolnooravsk&aacute; nemocnica s poliklinikou MUDr. L.N. J&eacute;g&eacute;ho Doln&yacute; Kub&iacute;n pr&iacute;jme do pracovn&eacute;ho pomeru lek&aacute;rov: Chirurgick&eacute; oddelenie Vo&#318;n&eacute; pracovn&eacute; poz&iacute;cie: &nbsp; 1 Lek&aacute;r &ndash; &scaron;pecializ&aacute;cia v&iacute;tan&aacute;,&nbsp;&nbsp; Plat: v zmysle z&aacute;kona 578\/2004&nbsp; &sect;80a 2 Sestry Plat:&nbsp;<a class=\"read-more\" href=\"https:\/\/www.donsp.sk\/donsp\/o-nas\/kariera\/\"><\/a><\/p>\n","protected":false},"author":1,"featured_media":0,"parent":4,"menu_order":0,"comment_status":"closed","ping_status":"closed","template":"","meta":{"_seopress_robots_primary_cat":"0","_seopress_titles_title":"","_seopress_titles_desc":"","_seopress_robots_index":"","pgc_sgb_lightbox_settings":"","footnotes":""},"class_list":["post-18","page","type-page","status-publish"],"_links":{"self":[{"href":"https:\/\/www.donsp.sk\/donsp\/wp-json\/wp\/v2\/pages\/18","targetHints":{"allow":["GET"]}}],"collection":[{"href":"https:\/\/www.donsp.sk\/donsp\/wp-json\/wp\/v2\/pages"}],"about":[{"href":"https:\/\/www.donsp.sk\/donsp\/wp-json\/wp\/v2\/types\/page"}],"author":[{"embeddable":true,"href":"https:\/\/www.donsp.sk\/donsp\/wp-json\/wp\/v2\/users\/1"}],"replies":[{"embeddable":true,"href":"https:\/\/www.donsp.sk\/donsp\/wp-json\/wp\/v2\/comments?post=18"}],"version-history":[{"count":34,"href":"https:\/\/www.donsp.sk\/donsp\/wp-json\/wp\/v2\/pages\/18\/revisions"}],"predecessor-version":[{"id":8488,"href":"https:\/\/www.donsp.sk\/donsp\/wp-json\/wp\/v2\/pages\/18\/revisions\/8488"}],"up":[{"embeddable":true,"href":"https:\/\/www.donsp.sk\/donsp\/wp-json\/wp\/v2\/pages\/4"}],"wp:attachment":[{"href":"https:\/\/www.donsp.sk\/donsp\/wp-json\/wp\/v2\/media?parent=18"}],"curies":[{"name":"wp","href":"https:\/\/api.w.org\/{rel}","templated":true}]}}