{"id":17,"date":"2010-09-11T08:24:21","date_gmt":"2010-09-11T08:24:21","guid":{"rendered":"http:\/\/www.donsp.sk\/donsp\/?page_id=17"},"modified":"2020-12-11T11:35:28","modified_gmt":"2020-12-11T09:35:28","slug":"rady-pre-pacienta","status":"publish","type":"page","link":"https:\/\/www.donsp.sk\/donsp\/informacie\/rady-pre-pacienta\/","title":{"rendered":"Rady pre pacienta"},"content":{"rendered":"<p><strong>Inform\u00e1cie o objednan\u00ed sa na jednotliv\u00e9 ambulancie h\u013eadajte na ich str\u00e1nkach. V hornej \u010dasti menu pokra\u010dujte v\u00fdberom ambulancie. <\/strong><\/p>\n<p><strong><br \/>\n<\/strong><\/p>\n<p><strong>Pri hospitaliz\u00e1cii je potrebn\u00e9 si donies\u0165:<\/strong><\/p>\n<ul>\n<li>ob\u010diansky preukaz<\/li>\n<li>preukaz poistenca<\/li>\n<li>doklad pr\u00e1ceneschopnosti, ak bol vystaven\u00fd<\/li>\n<li>zdravotn\u00fa dokument\u00e1ciu<\/li>\n<li>v\u00fdsledky vy\u0161etren\u00ed<\/li>\n<li>lieky, ktor\u00e9 be\u017ene u\u017e\u00edvate<\/li>\n<\/ul>\n<p><strong>Po\u010das hospitaliz\u00e1cie budete potrebova\u0165:<\/strong><\/p>\n<ul>\n<li>dom\u00e1cu obuv<\/li>\n<li>no\u010dn\u00fa bielize\u0148 a \u017eupan<\/li>\n<li>hygienick\u00e9 potreby a uter\u00e1k<\/li>\n<li>dlhodobo u\u017e\u00edvan\u00e9 lieky a zdravotn\u00edcke pom\u00f4cky<\/li>\n<\/ul>\n<p><strong>Ak to nie je nevyhnutn\u00e9, do nemocnice si neberte:<\/strong><\/p>\n<ul>\n<li>ve\u013ek\u00fd finan\u010dn\u00fd obnos<\/li>\n<li>zlato a in\u00e9 cennosti<\/li>\n<li>\u017eiv\u00e9 kvety<\/li>\n<\/ul>\n<p>pred prepusten\u00edm lek\u00e1r informuje pacienta o:<\/p>\n<ul>\n<li>sp\u00f4sobe a\u00a0frekvencii u\u017e\u00edvania ordinovan\u00fdch liekov a\u00a0ich \u00fa\u010dinkoch, pr\u00edpadn\u00fdch zmen\u00e1ch v\u00a0u\u017e\u00edvan\u00ed,<\/li>\n<li>spr\u00e1vnej \u017eivotospr\u00e1ve,<\/li>\n<li>n\u00e1slednej starostlivosti a\u00a0postupe v\u00a0o\u0161etrovan\u00ed a\u00a0lie\u010dbe.<\/li>\n<\/ul>\n<p>&nbsp;<\/p>\n<p style=\"text-align: left;\"><del><\/del>N\u00e1v\u0161tevn\u00e9 hodiny:<\/p>\n<h4>Pondelok &#8211; Piatok:\u00a0\u00a0 14:00 &#8211; 16:00, pri v\u00e1\u017enych stavoch cel\u00fd de\u0148.<\/h4>\n<h4>Sobota &#8211; Nede\u013ea:\u00a0\u00a0\u00a0 10:00 &#8211; 12:00;\u00a0\u00a0\u00a0 14:00 &#8211; 16:00<\/h4>\n","protected":false},"excerpt":{"rendered":"<p>Inform&aacute;cie o objednan&iacute; sa na jednotliv&eacute; ambulancie h&#318;adajte na ich str&aacute;nkach. V hornej &#269;asti menu pokra&#269;ujte v&yacute;berom ambulancie. Pri hospitaliz&aacute;cii je potrebn&eacute; si donies&#357;: ob&#269;iansky preukaz preukaz poistenca doklad pr&aacute;ceneschopnosti, ak bol vystaven&yacute; zdravotn&uacute; dokument&aacute;ciu v&yacute;sledky vy&scaron;etren&iacute; lieky, ktor&eacute; be&#382;ne&nbsp;<a class=\"read-more\" href=\"https:\/\/www.donsp.sk\/donsp\/informacie\/rady-pre-pacienta\/\"><\/a><\/p>\n","protected":false},"author":1,"featured_media":0,"parent":7,"menu_order":40,"comment_status":"closed","ping_status":"closed","template":"","meta":{"_seopress_robots_primary_cat":"0","_seopress_titles_title":"","_seopress_titles_desc":"","_seopress_robots_index":"","pgc_sgb_lightbox_settings":"","footnotes":""},"class_list":["post-17","page","type-page","status-publish"],"_links":{"self":[{"href":"https:\/\/www.donsp.sk\/donsp\/wp-json\/wp\/v2\/pages\/17","targetHints":{"allow":["GET"]}}],"collection":[{"href":"https:\/\/www.donsp.sk\/donsp\/wp-json\/wp\/v2\/pages"}],"about":[{"href":"https:\/\/www.donsp.sk\/donsp\/wp-json\/wp\/v2\/types\/page"}],"author":[{"embeddable":true,"href":"https:\/\/www.donsp.sk\/donsp\/wp-json\/wp\/v2\/users\/1"}],"replies":[{"embeddable":true,"href":"https:\/\/www.donsp.sk\/donsp\/wp-json\/wp\/v2\/comments?post=17"}],"version-history":[{"count":0,"href":"https:\/\/www.donsp.sk\/donsp\/wp-json\/wp\/v2\/pages\/17\/revisions"}],"up":[{"embeddable":true,"href":"https:\/\/www.donsp.sk\/donsp\/wp-json\/wp\/v2\/pages\/7"}],"wp:attachment":[{"href":"https:\/\/www.donsp.sk\/donsp\/wp-json\/wp\/v2\/media?parent=17"}],"curies":[{"name":"wp","href":"https:\/\/api.w.org\/{rel}","templated":true}]}}