{"id":1618,"date":"2013-01-25T11:29:48","date_gmt":"2013-01-25T10:29:48","guid":{"rendered":"http:\/\/www.donsp.sk\/donsp\/?page_id=1618"},"modified":"2020-12-11T11:34:06","modified_gmt":"2020-12-11T09:34:06","slug":"aktuality-3","status":"publish","type":"page","link":"https:\/\/www.donsp.sk\/donsp\/o-nas\/aktuality-3\/","title":{"rendered":"Aktuality"},"content":{"rendered":"<p><strong style=\"font-size: 14px; line-height: 1.5em;\">Na\u0161a nemocnica otvorila\u00a0mamologick\u00e9 centrum, ktor\u00e9 je\u00a0vybaven\u00e9 nov\u00fdm priamym digit\u00e1lnym mamografom, stolom na stereotaktick\u00fa biopsiu l\u00e9zi\u00ed prsn\u00edka v \u013eahu, so zariaden\u00edm na v\u00e1kuov\u00fa biopsiu l\u00e9zi\u00ed prsn\u00edka do ve\u013ekosti 1,5 cm bez opera\u010dn\u00e9ho v\u00fdkonu. V\u00fdhodou tohto centra je\u00a0najm\u00e4 komplexn\u00e1 zdravotn\u00e1\u00a0 starostlivos\u0165\u00a0 o pacientku a to od ambulantnej, zobrazovacej, operat\u00edvnej a\u00a0 histologickej starostlivosti. \u00a0 V\u00fd\u0161ka\u00a0v\u00fd\u0161ka invest\u00edcie sa o\u010dak\u00e1va okolo 250000 \u20ac. Na financovan\u00ed sa podie\u013eala\u00a0V\u00daC \u017dSK a DONsP.<\/strong><\/p>\n<p>Dolnooravsk\u00e1 nemocnica s poliklinikou MUDr. L. N. J\u00e9g\u00e9 v spolupr\u00e1ci so svojim zria\u010fovate\u013eom \u017dSK 4.1.2013 otvorila zrekon\u0161truovan\u00e9 RTG pracovisko. Toto oddelenie je vybaven\u00e9 nov\u00fdm digit\u00e1lnym r\u00f6ntgenov\u00fdm pr\u00edstrojom a sonografom. Obraz (sk\u00e9n) je pren\u00e1\u0161an\u00fd v digit\u00e1lnej podobe cez nemocni\u010dn\u00fa informa\u010dn\u00fa sie\u0165 priamo na monitory s vysok\u00fdm rozl\u00ed\u0161en\u00edm na jednotliv\u00e9 nemocni\u010dn\u00e9 pracovisk\u00e1 resp. ambulancie. Pracovisko je vybaven\u00e9 aj zariaden\u00edm umo\u017e\u0148uj\u00face pren\u00e1\u0161a\u0165 obraz na vy\u0161\u0161ie pracovisk\u00e1 na pr\u00edpadn\u00fa konzult\u00e1ciu s odborn\u00edkmi. Pr\u00ednosom tohto pr\u00edstroja je vysok\u00e1 kvalita obrazu neporovnate\u013en\u00e1 s klasick\u00fdm r\u00f6ntgenom a je d\u00f4le\u017eit\u00e9 najm\u00e4 to, invest\u00edcia ktor\u00fa v podstatnej miere financoval V\u00daC \u017dSK bude prin\u00e1\u0161a\u0165 vysok\u00e9 \u00faspory t\u00fdm, \u017ee sa nebud\u00fa pou\u017e\u00edva\u0165 drah\u00e9 filmy, kde ro\u010dn\u00e1 spotreba predstavovala cca 100 000 \u20ac.<\/p>\n<p>I touto cestou sa nemocnica chce po\u010fakova\u0165 za pridelenie kapit\u00e1lov\u00e9ho v\u00fddavku vo v\u00fd\u0161ke 115 000 \u20ac.<\/p>\n","protected":false},"excerpt":{"rendered":"<p>Na&scaron;a nemocnica otvorila&nbsp;mamologick&eacute; centrum, ktor&eacute; je&nbsp;vybaven&eacute; nov&yacute;m priamym digit&aacute;lnym mamografom, stolom na stereotaktick&uacute; biopsiu l&eacute;zi&iacute; prsn&iacute;ka v &#318;ahu, so zariaden&iacute;m na v&aacute;kuov&uacute; biopsiu l&eacute;zi&iacute; prsn&iacute;ka do ve&#318;kosti 1,5 cm bez opera&#269;n&eacute;ho v&yacute;konu. V&yacute;hodou tohto centra je&nbsp;najm&auml; komplexn&aacute; zdravotn&aacute;&nbsp; starostlivos&#357;&nbsp; o&nbsp;<a class=\"read-more\" href=\"https:\/\/www.donsp.sk\/donsp\/o-nas\/aktuality-3\/\"><\/a><\/p>\n","protected":false},"author":1,"featured_media":0,"parent":4,"menu_order":1,"comment_status":"closed","ping_status":"closed","template":"","meta":{"_seopress_robots_primary_cat":"0","_seopress_titles_title":"","_seopress_titles_desc":"","_seopress_robots_index":"","pgc_sgb_lightbox_settings":"","footnotes":""},"class_list":["post-1618","page","type-page","status-publish"],"_links":{"self":[{"href":"https:\/\/www.donsp.sk\/donsp\/wp-json\/wp\/v2\/pages\/1618","targetHints":{"allow":["GET"]}}],"collection":[{"href":"https:\/\/www.donsp.sk\/donsp\/wp-json\/wp\/v2\/pages"}],"about":[{"href":"https:\/\/www.donsp.sk\/donsp\/wp-json\/wp\/v2\/types\/page"}],"author":[{"embeddable":true,"href":"https:\/\/www.donsp.sk\/donsp\/wp-json\/wp\/v2\/users\/1"}],"replies":[{"embeddable":true,"href":"https:\/\/www.donsp.sk\/donsp\/wp-json\/wp\/v2\/comments?post=1618"}],"version-history":[{"count":0,"href":"https:\/\/www.donsp.sk\/donsp\/wp-json\/wp\/v2\/pages\/1618\/revisions"}],"up":[{"embeddable":true,"href":"https:\/\/www.donsp.sk\/donsp\/wp-json\/wp\/v2\/pages\/4"}],"wp:attachment":[{"href":"https:\/\/www.donsp.sk\/donsp\/wp-json\/wp\/v2\/media?parent=1618"}],"curies":[{"name":"wp","href":"https:\/\/api.w.org\/{rel}","templated":true}]}}