{"id":16,"date":"2010-09-11T08:23:48","date_gmt":"2010-09-11T08:23:48","guid":{"rendered":"http:\/\/www.donsp.sk\/donsp\/?page_id=16"},"modified":"2026-03-03T10:28:38","modified_gmt":"2026-03-03T08:28:38","slug":"ciele-nemocnice","status":"publish","type":"page","link":"https:\/\/www.donsp.sk\/donsp\/o-nas\/ciele-nemocnice\/","title":{"rendered":"Ciele nemocnice, certifik\u00e1ty"},"content":{"rendered":"\n<p><strong>Ciele n\u00e1\u0161ho zariadenia.<\/strong><\/p>\n\n\n\n<p>Dolnooravsk\u00e1 nemocnica s poliklinikou MUDr. Ladislava N\u00e1da\u0161i J\u00e9g\u00e9ho v Dolnom Kub\u00edne je nemocnicou nadregion\u00e1lneho v\u00fdznamu, s v\u00fdznamn\u00fdm podielom pacientov z in\u00fdch regi\u00f3nov. V\u00fdznamn\u00fdm rysom DONsP je komplexnos\u0165 diagnostiky a lie\u010dby. DONsP m\u00e1 v s\u00fa\u010dasnosti ve\u013ea zamestnancov, ktor\u00fdch z\u00e1kladn\u00fdm a najd\u00f4le\u017eitej\u0161\u00edm poslan\u00edm je nepretr\u017eite zabezpe\u010dova\u0165 lie\u010debno-prevent\u00edvnu a o\u0161etrovate\u013esk\u00fa starostlivos\u0165 o na\u0161ich pacientov, na \u00farovni s\u00fa\u010dasn\u00fdch poznatkov lek\u00e1rskych a humanitn\u00fdch vied, v podmienkach slovensk\u00e9ho zdravotn\u00edctva. Stredobodom pozornosti zdravotn\u00edckych zamestnancov je prospech chor\u00e9ho v ka\u017edej situ\u00e1cii a kvalitn\u00e1 zdravotn\u00e1 starostlivos\u0165, ktor\u00fa poskytuj\u00fa pacientom od prenat\u00e1lneho obdobia, a\u017e do obdobia vysokej staroby.<img loading=\"lazy\" decoding=\"async\" src=\"http:\/\/donsp.sk\/data\/9.png\" alt=\"plast\" width=\"224\" height=\"469\" align=\"right\" border=\"0\" hspace=\"5\" vspace=\"5\"><\/p>\n\n\n\n<p>Pri na\u0161ej pr\u00e1ci vyu\u017e\u00edvame pr\u00edstrojov\u00fa techniku, ktor\u00fa modernizujeme a aktu\u00e1lne aplikujeme najnov\u0161ie lie\u010debn\u00e9 trendy. Dlhodob\u00e1 a kontinu\u00e1lna snaha vedenia NsP o stabiliz\u00e1ciu ekonomickej situ\u00e1cie, zlep\u0161enie podmienok pre pacientov a pracovn\u00fdch podmienok pre zamestnancov nemocnice je procesom, ktor\u00fd si e\u0161te vy\u017eiada ve\u013ea \u00fasilia a finan\u010dn\u00fdch prostriedkov. Aj v s\u00fa\u010dasn\u00fdch podmienkach v\u0161ak na\u0161i vysoko kvalifikovan\u00ed odborn\u00edci a \u0161pecialisti, spolu s erudovan\u00fdm o\u0161etrovate\u013esk\u00fdm person\u00e1lom a nezdravotn\u00edckymi zamestnancami vyv\u00edjaj\u00fa maxim\u00e1lnu snahu, ktorej cie\u013eom je kvalitne lie\u010den\u00fd a spokojn\u00fd pacient.<\/p>\n\n\n\n<p>Na\u0161a nemocnica sa zameriava na nieko\u013eko k\u013e\u00fa\u010dov\u00fdch oblast\u00ed, aby systematicky zlep\u0161ovali zdravotn\u00fa starostlivos\u0165. Tieto ciele sa vz\u00e1jomne prekr\u00fdvaj\u00fa a tvoria komplexn\u00fd pr\u00edstup k dosiahnutiu vy\u0161\u0161ej kvality a efektivity.<\/p>\n\n\n\n<ol class=\"wp-block-list\">\n<li><strong> Zlep\u0161enie kvality a bezpe\u010dnosti pacientskej starostlivosti<\/strong><\/li>\n<\/ol>\n\n\n\n<ul class=\"wp-block-list\">\n<li><strong>Zn\u00ed\u017eenie v\u00fdskytu nozokomi\u00e1lnych n\u00e1kaz<\/strong>: Implement\u00e1cia pr\u00edsnych hygienick\u00fdch protokolov, pravideln\u00e9 \u0161kolenia person\u00e1lu a monitorovanie. Zabezpe\u010duje epidemiol\u00f3g DONsP.<\/li>\n\n\n\n<li><strong>Minimaliz\u00e1cia medic\u00ednskych ch\u00fdb:<\/strong> Zav\u00e1dzame kontrolne mechanizmy, digit\u00e1lnych syst\u00e9mov pre mana\u017ement liekov . Zabezpe\u010duje klinick\u00fd farmaceutol\u00f3g.<\/li>\n\n\n\n<li><strong>Zv\u00fd\u0161enie bezpe\u010dnosti pacientov<\/strong>: Zabezpe\u010denie dostato\u010dn\u00e9ho person\u00e1lneho obsadenia, predch\u00e1dzanie p\u00e1dom, spr\u00e1vna identifik\u00e1cia pacientov a ich proced\u00far.<\/li>\n\n\n\n<li><strong>Vyu\u017e\u00edvanie medic\u00edny zalo\u017eenej na d\u00f4kazoch<\/strong>: Aplik\u00e1cia najnov\u0161\u00edch vedeck\u00fdch poznatkov a osved\u010den\u00fdch postupov do klinickej praxe.<\/li>\n<\/ul>\n\n\n\n<ol start=\"2\" class=\"wp-block-list\">\n<li><strong> Zv\u00fd\u0161enie efekt\u00edvnosti a dostupnosti zdravotnej starostlivosti<\/strong><\/li>\n<\/ol>\n\n\n\n<ul class=\"wp-block-list\">\n<li><strong>Optimaliz\u00e1cia procesov<\/strong>: Zefekt\u00edvnenie prij\u00edmania a prep\u00fa\u0161\u0165ania pacientov, pl\u00e1novania oper\u00e1ci\u00ed a diagnostick\u00fdch vy\u0161etren\u00ed.<\/li>\n\n\n\n<li><strong>Skr\u00e1tenie \u010dakac\u00edch d\u00f4b<\/strong>: Efekt\u00edvnej\u0161ie riadenie kapacity, person\u00e1lu a zdrojov.<\/li>\n\n\n\n<li><strong>Zn\u00ed\u017eenie n\u00e1kladov bez zn\u00ed\u017eenia kvality<\/strong>.<\/li>\n\n\n\n<li><strong>Zlep\u0161enie pr\u00edstupu k \u0161pecializovanej starostlivosti<\/strong>: Roz\u0161\u00edrenie telemedic\u00ednskych slu\u017eieb a spolupr\u00e1ca s in\u00fdmi zdravotn\u00edckymi zariadeniami.<\/li>\n\n\n\n<li><strong>Efekt\u00edvnej\u0161ie vyu\u017e\u00edvanie zdrojov<\/strong>: Optimaliz\u00e1cia alok\u00e1cie l\u00f4\u017eok, vybavenia a person\u00e1lu.<\/li>\n<\/ul>\n\n\n\n<ol start=\"3\" class=\"wp-block-list\">\n<li><strong> Orient\u00e1cia na pacienta a jeho sk\u00fasenos\u0165<\/strong><\/li>\n<\/ol>\n\n\n\n<ul class=\"wp-block-list\">\n<li><strong>Zlep\u0161enie komunik\u00e1cie s pacientom:<\/strong> Poskytovanie jasn\u00fdch a zrozumite\u013en\u00fdch inform\u00e1ci\u00ed o stave, lie\u010dbe a progn\u00f3ze.<\/li>\n\n\n\n<li><strong>Zabezpe\u010denie d\u00f4stojnosti a s\u00fakromia:<\/strong> Re\u0161pektovanie osobn\u00fdch potrieb pacienta a zabezpe\u010denie diskr\u00e9tneho prostredia.<\/li>\n\n\n\n<li><strong>Zlep\u0161enie prostredia nemocnice:<\/strong> Vytvorenie pr\u00edjemn\u00e9ho, \u010dist\u00e9ho a komfortn\u00e9ho prostredia, ktor\u00e9 prispieva k uzdraveniu.<\/li>\n\n\n\n<li><strong>Rie\u0161enie s\u0165a\u017enost\u00ed a sp\u00e4tnej v\u00e4zby:<\/strong> Akt\u00edvne z\u00edskavanie a spracov\u00e1vanie sp\u00e4tnej v\u00e4zby od pacientov na neust\u00e1le zlep\u0161ovanie slu\u017eieb.<\/li>\n<\/ul>\n\n\n\n<ol start=\"4\" class=\"wp-block-list\">\n<li><strong> Invest\u00edcie do person\u00e1lu a inov\u00e1ci\u00ed<\/strong><\/li>\n<\/ol>\n\n\n\n<ul class=\"wp-block-list\">\n<li><strong>Podpora vzdel\u00e1vania a rozvoja person\u00e1lu:<\/strong> Pravideln\u00e9 \u0161kolenia, kurzy a mo\u017enosti pre profesion\u00e1lny rast.<\/li>\n\n\n\n<li><strong>Implement\u00e1cia modern\u00fdch technol\u00f3gi\u00ed:<\/strong> Vyu\u017e\u00edvanie digit\u00e1lnych rie\u0161en\u00ed, umelej inteligencie a robotiky pre efekt\u00edvnej\u0161iu diagnostiku a lie\u010dbu.<\/li>\n\n\n\n<li><strong>Podpora v\u00fdskumu a v\u00fdvoja:<\/strong> Akt\u00edvna \u00fa\u010das\u0165 na klinick\u00fdch \u0161t\u00fadi\u00e1ch a implement\u00e1cia inovat\u00edvnych met\u00f3d lie\u010dby.<\/li>\n\n\n\n<li><strong>Atrakcia a udr\u017eanie talentov:<\/strong> Vytvorenie atrakt\u00edvneho prostredia pre zdravotn\u00edckych profesion\u00e1lov.<\/li>\n<\/ul>\n\n\n\n<p>Tieto ciele s\u00fa pomerne&nbsp; merate\u013en\u00e9 a nemocnica ich &nbsp;pravidelne vyhodnocuje.<\/p>\n\n\n\n<p>Sme si vedom\u00ed, \u017ee ust\u00e1len\u00fa vysok\u00fa kvalitu m\u00f4\u017eeme dosiahnu\u0165 len s takou politikou kvality, ktor\u00e1 sa t\u00fdka v\u0161etk\u00fdch aktiv\u00edt na\u0161ej organiz\u00e1cie, v\u0161etk\u00fdch oddelen\u00ed, ambulancii a zamestnancov. Ka\u017ed\u00fd jednotlivec mus\u00ed prispieva\u0165 svoj\u00edm dielom k uskuto\u010d\u0148ovaniu cie\u013eov politiky kvality DONsP (pri optim\u00e1lnej produktivite a rentabilite pr\u00e1ce, pru\u017enosti reakcie na po\u017eiadavky objedn\u00e1vate\u013eov a zni\u017eovan\u00ed vlastn\u00fdch prev\u00e1dzkov\u00fdch n\u00e1kladov). Preto je \u00falohou ka\u017ed\u00e9ho pracovn\u00edka, vykon\u00e1va\u0165 bezchybn\u00fa pr\u00e1ci. Ka\u017ed\u00fd mus\u00ed pracova\u0165 tak, aby jeho objedn\u00e1vatelia (pacienti ako aj ich zdravotn\u00e9 pois\u0165ovne) boli spokojn\u00fdmi z\u00e1kazn\u00edkmi. Uspokojovanie potrieb na\u0161ich objedn\u00e1vate\u013eov a predch\u00e1dzanie ich o\u010dak\u00e1van\u00ed je trvalou s\u00fa\u010das\u0165ou ka\u017edodennej pr\u00e1ce a prezent\u00e1cie z\u00e1sad kvality na\u0161ej organiz\u00e1cie. Z\u00e1rukou tohto v\u0161etk\u00e9ho je i certifikovanie n\u00e1\u0161ho zdravotn\u00edckeho zariadenia pod\u013ea STN EN ISO 9001:2016 v roku 2007 a n\u00e1sledn\u00fdmi kontroln\u00fdmi auditmi v roku 2008, 2009, 2010, 2011, 2012, 2015 a\u017e&nbsp; 2025 vr\u00e1tane.<\/p>\n\n\n\n<p><span style=\"color: #000000;\">Spolo\u010dnos\u0165 z\u00edskala od certifika\u010dn\u00e9ho org\u00e1nu <\/span><strong><span style=\"color: #000000;\">EURO CERT group<\/span><\/strong><span style=\"color: #000000;\"> certifik\u00e1t preukazuj\u00faci zavedenie syst\u00e9mu mana\u017e\u00e9rstva pod\u013ea normy <\/span><strong><span style=\"color: #000000;\">STN EN ISO 9001:2016<\/span><\/strong><span style=\"color: #000000;\">. Udelen\u00e1 zna\u010dka deklaruje vyspel\u00fa \u00farove\u0148 riadenia, vysok\u00fa efektivitu a neust\u00e1le zvy\u0161ovanie kvality zdravotnej starostlivosti.<\/span><\/p>\n\n\n\n<p>Sme dr\u017eite\u013eom certifik\u00e1tu <strong>ISO 9001:2016<\/strong> od <strong>EURO CERT group<\/strong>. T\u00e1to zna\u010dka kvality potvrdzuje na\u0161e vysok\u00e9 \u0161tandardy, efektivitu riadenia a vysok\u00fa \u00farove\u0148 poskytovanej zdravotnej starostlivosti.<\/p>\n\n\n\n<div data-wp-interactive=\"core\/file\" class=\"wp-block-file\"><object data-wp-bind--hidden=\"!state.hasPdfPreview\" hidden class=\"wp-block-file__embed\" data=\"https:\/\/www.donsp.sk\/donsp\/wp-content\/uploads\/iso-9001.pdf\" type=\"application\/pdf\" style=\"width:100%;height:600px\" aria-label=\"Vlo\u017ei\u0165 ISO 9001.\"><\/object><a id=\"wp-block-file--media-c5962e50-bb2b-4f01-a365-5dbb9a985b8f\" href=\"https:\/\/www.donsp.sk\/donsp\/wp-content\/uploads\/iso-9001.pdf\">ISO 9001<\/a><\/div>\n\n\n\n<p>Certifik\u00e1cia zaviedla poriadok do prev\u00e1dzkov\u00fdch poriadkov oddelen\u00ed , do kontrolnej \u010dinnosti kvality pr\u00edstrojovej techniky a&nbsp;in\u00fdch organiza\u010dn\u00fdch \u010dinnost\u00ed. O\u010dak\u00e1vame, \u017ee v&nbsp;bl\u00edzkej bud\u00facnosti i&nbsp;zdravotn\u00e9 pois\u0165ovne bud\u00fa zoh\u013ead\u0148ova\u0165 pri uzatv\u00e1ran\u00ed zml\u00fav tento certifik\u00e1t. Certifik\u00e1t bude jednou s&nbsp;podmienok umiestnenia na trhoch zdravotn\u00edckych v\u00fdkonov v&nbsp;r\u00e1mci Eur\u00f3py. Jednou z&nbsp;podmienok pridelenia z\u00edskania certifik\u00e1cie v&nbsp;oblasti zdravotn\u00edctva bola aj rekon\u0161trukcia opera\u010dn\u00fdch s\u00e1lov, ktor\u00e1 nevyhovuje eur\u00f3pskym norm\u00e1m. V&nbsp;neposlednej miere zavedenie syst\u00e9mu kvality bolo, \u017ee na\u0161a nemocnica bola vybrat\u00e1 na vypracovanie z\u00e1kladn\u00e9ho dokumentu pre legislat\u00edvny r\u00e1mec rozvinutia traumatologick\u00e9ho pl\u00e1nu. Praktick\u00fd n\u00e1cvik rozvinutia traumatologick\u00e9ho pl\u00e1nu bol uskuto\u010dnen\u00fd v&nbsp;10.10.2008, kde sa z\u00fa\u010dastnilo 180 z\u00e1stupcov v\u0161etk\u00fdch nemocn\u00edc vr\u00e1tane fakultn\u00fdch nemocn\u00edc. T\u00e1to akcia dosiahla \u00faspech a&nbsp;preto na\u0161a nemocnica bola po\u017eiadan\u00e1 o&nbsp;spracovanie komplexn\u00e9ho u\u010debn\u00e9ho materi\u00e1lu pre oblas\u0165 vzdel\u00e1vania lek\u00e1rov v&nbsp;urgentnej medic\u00edny.<\/p>\n\n\n\n<p><\/p>\n","protected":false},"excerpt":{"rendered":"<p>Ciele n&aacute;&scaron;ho zariadenia. Dolnooravsk&aacute; nemocnica s poliklinikou MUDr. Ladislava N&aacute;da&scaron;i J&eacute;g&eacute;ho v Dolnom Kub&iacute;ne je nemocnicou nadregion&aacute;lneho v&yacute;znamu, s v&yacute;znamn&yacute;m podielom pacientov z in&yacute;ch regi&oacute;nov. V&yacute;znamn&yacute;m rysom DONsP je komplexnos&#357; diagnostiky a lie&#269;by. DONsP m&aacute; v s&uacute;&#269;asnosti ve&#318;a zamestnancov, ktor&yacute;ch&nbsp;<a class=\"read-more\" href=\"https:\/\/www.donsp.sk\/donsp\/o-nas\/ciele-nemocnice\/\"><\/a><\/p>\n","protected":false},"author":1,"featured_media":0,"parent":4,"menu_order":3,"comment_status":"closed","ping_status":"closed","template":"","meta":{"_seopress_robots_primary_cat":"0","_seopress_titles_title":"","_seopress_titles_desc":"","_seopress_robots_index":"","pgc_sgb_lightbox_settings":"","footnotes":""},"class_list":["post-16","page","type-page","status-publish"],"_links":{"self":[{"href":"https:\/\/www.donsp.sk\/donsp\/wp-json\/wp\/v2\/pages\/16","targetHints":{"allow":["GET"]}}],"collection":[{"href":"https:\/\/www.donsp.sk\/donsp\/wp-json\/wp\/v2\/pages"}],"about":[{"href":"https:\/\/www.donsp.sk\/donsp\/wp-json\/wp\/v2\/types\/page"}],"author":[{"embeddable":true,"href":"https:\/\/www.donsp.sk\/donsp\/wp-json\/wp\/v2\/users\/1"}],"replies":[{"embeddable":true,"href":"https:\/\/www.donsp.sk\/donsp\/wp-json\/wp\/v2\/comments?post=16"}],"version-history":[{"count":5,"href":"https:\/\/www.donsp.sk\/donsp\/wp-json\/wp\/v2\/pages\/16\/revisions"}],"predecessor-version":[{"id":8989,"href":"https:\/\/www.donsp.sk\/donsp\/wp-json\/wp\/v2\/pages\/16\/revisions\/8989"}],"up":[{"embeddable":true,"href":"https:\/\/www.donsp.sk\/donsp\/wp-json\/wp\/v2\/pages\/4"}],"wp:attachment":[{"href":"https:\/\/www.donsp.sk\/donsp\/wp-json\/wp\/v2\/media?parent=16"}],"curies":[{"name":"wp","href":"https:\/\/api.w.org\/{rel}","templated":true}]}}