{"id":15,"date":"2010-09-11T08:23:37","date_gmt":"2010-09-11T08:23:37","guid":{"rendered":"http:\/\/www.donsp.sk\/donsp\/?page_id=15"},"modified":"2025-06-16T19:16:54","modified_gmt":"2025-06-16T17:16:54","slug":"z-historie","status":"publish","type":"page","link":"https:\/\/www.donsp.sk\/donsp\/o-nas\/z-historie\/","title":{"rendered":"Z hist\u00f3rie"},"content":{"rendered":"<p>O za\u010diatkoch zdravotn\u00edckej starostlivosti, organizovanej stoli\u010dnou spr\u00e1vou v r\u00e1mci celej Oravy, m\u00f4\u017eeme v Dolnom Kub\u00edne hovori\u0165 a\u017e od polovice 18. storo\u010dia, hoci prv\u00e9 zmienky o lek\u00e1roch poch\u00e1dzaj\u00fa u\u017e z roku 1699. Pri sledovan\u00ed v\u00fdvoja zdravotn\u00edckej situ\u00e1cie v meste Doln\u00fd Kub\u00edn nem\u00f4\u017eeme zisten\u00e9 fakty hodnoti\u0165 \u00faplne izolovane a vz\u0165ahova\u0165 ich len na mesto. Je potrebn\u00e9 bra\u0165 do \u00favahy b\u00fdval\u00fd okres Doln\u00fd Kub\u00edn, ako niekdaj\u0161iu Oravsk\u00fa stolicu.<\/p>\n<p>V roku 1833 sa stal \u017eupn\u00fdm lek\u00e1rom dr. Baltaz\u00e1r Demian, ktor\u00fd nast\u00fapil po smrti lek\u00e1ra Jozefa Erbena. Ako \u017eupn\u00fd lek\u00e1r pod\u00e1val spr\u00e1vy o zdravotnom stave obyvate\u013estva \u017eupe a aj Miestodr\u017eite\u013eskej rade. Boli to spr\u00e1vy pomerne podrobn\u00e9. Bojoval proti alkoholizmu, navrhoval z\u00e1kaz pitia liehov\u00edn, s \u010d\u00edm v\u0161ak \u017eupa nes\u00fahlasila. Demian propagoval abstinenciu, zis\u0165oval p\u00f4vod pohlavn\u00fdch chor\u00f4b, ktor\u00e9 prin\u00e1\u0161ali na Oravu cudz\u00ed vojaci a obchodn\u00edci s pl\u00e1tnom, pohybuj\u00faci sa na ju\u017enom pohrani\u010d\u00ed Uhorska.<\/p>\n<p><img loading=\"lazy\" decoding=\"async\" src=\"http:\/\/donsp.sk\/data\/3x.jpg\" alt=\"fonendoskop\" width=\"337\" height=\"466\" align=\"right\" hspace=\"10\" vspace=\"10\" \/><\/p>\n<p>\u0160okuj\u00faci bol aj s\u00fastavne mal\u00fd po\u010det lek\u00e1rov a ostatn\u00fdch zdravotn\u00edkov. V roku 1840 vznikla s\u00edce z\u00e1kladina na v\u00fdstavbu nemocnice v Dolnom Kub\u00edne a v roku 1846 za\u010dal p\u00f4sobi\u0165 aj stoli\u010dn\u00fd v\u00fdbor pre zriadenie nemocnice, ale pre nedostatok financi\u00ed zostalo v pl\u00e1ne. Mal\u00e1 nemocni\u010dka, ktor\u00e1 sa zriadila v Dolnom Kub\u00edne v 70. rokoch 19. storo\u010dia, sl\u00fa\u017eila ako chudobinec, teda \u00fatulok pre bezpr\u00edstre\u0161n\u00fdch, napr\u00edklad \u017eobr\u00e1kov a podobne. Mo\u017eno v\u0161ak skon\u0161tatova\u0165, \u017ee to bolo v s\u00falade s vtedaj\u0161ou charakteristikou nemocn\u00edc v men\u0161\u00edch mest\u00e1ch Uhorka.<\/p>\n<p>V roku 1891 bolo v r\u00e1mci tejto tzv. nemocnice zriaden\u00e9 infek\u010dn\u00e9 oddelenie pre deti a \u00fadajne malo 4 postele. Do roku 1927 nebol v tejto nemocni\u010dke st\u00e1ly lek\u00e1r a nav\u0161tevovali ju lek\u00e1ri, ktor\u00ed v tom \u010dase vykon\u00e1vali funkcie okresn\u00fdch lek\u00e1rov (dr. Hammerschmid, dr. Bal\u00e1\u017e, \u017eupn\u00fd lek\u00e1r dr. Klopstock a nesk\u00f4r aj dr. L. N\u00e1da\u0161i). A\u017e v roku 1927 nast\u00fapil ako prv\u00fd riadite\u013e tejto nemocnice dr. Hru\u0161kovitz. V tom \u010dase mala nemocnica 6 postel\u00ed pre \u017eeny a 12 pre mu\u017eov. Od roku 1931 a\u017e do oslobodenie bol riadite\u013eom a prim\u00e1rom nemocnice dr. Vladim\u00edr F\u00e1bry. T\u00e1to mal\u00e1 nemocnica zohrala po\u010das SNP v\u00fdznamn\u00fa \u00falohu ako po\u013en\u00e9 obv\u00e4zi\u0161te a po\u013en\u00e1 nemocnica (najm\u00e4 v bojoch o Brestov\u00fa). Po dr. F\u00e1brym na miesto prim\u00e1ra nast\u00fapil dr. Nov\u00e1k, ktor\u00fd v tejto funkci\u00ed p\u00f4sobil do marca 1950. Pracovala tu aj o\u0161etrovate\u013eka a nemocnica mala aj svojho spr\u00e1vcu. Od 1. apr\u00edla 1950 na miesto prim\u00e1ra nast\u00fapil dr. Gluch. V\u00fdznamnej\u0161iu kapitolu starostlivosti o zdravie \u013eud\u00ed, ale i o zdravie ducha obyvate\u013eov Doln\u00e9ho Kub\u00edna a okolia nap\u00edsal svojim \u017eivotom a pr\u00e1cou dr. Ladislav N\u00e1da\u0161i &#8211; J\u00e9g\u00e9, dolnokub\u00ednsky rod\u00e1k. Osobitne mo\u017eno hodnoti\u0165 jeho organiz\u00e1torsk\u00fa a \u013eudomiln\u00fa \u010dinnos\u0165 v s\u00favislosti so zria\u010fovan\u00edm Nemocnice \u010cerven\u00e9ho kr\u00ed\u017ea v Dolnom Kub\u00edne i po\u010das jej p\u00e4\u0165ro\u010dnej existencie. Zriadil ju po\u010das 1. svetovej vojny v troch miestnostiach me\u0161tianskej \u0161koly. Bol jedin\u00fdm o\u0161etruj\u00facim lek\u00e1rom i \u0161\u00e9flek\u00e1rom pre 30 postel\u00ed. V tom \u010dase bola agilnou podpredsedn\u00ed\u010dkou \u010cerven\u00e9ho kr\u00ed\u017ea man\u017eelka P. O. Hviezdoslava. Bol to sk\u00fasen\u00fd lek\u00e1r, pritom skromn\u00fd k pacientom l\u00e1skav\u00fd. Hovorili o \u0148om, \u017ee bol aristokratom ducha s mimoriadnou pam\u00e4\u0165ou s ohromuj\u00facou liter\u00e1rnou erudovanos\u0165ou, ovl\u00e1daj\u00faci p\u00e4\u0165 svetov\u00fdch jazykov. Bol v\u00fdznamn\u00fdm slovensk\u00fdm spisovate\u013eom. D\u0148a 12. apr\u00edla 1924 ho vymenovali za z\u00e1stupcu zdravotn\u00e9ho referenda do Bratislavy. Ale Bratislava sa N\u00e1da\u0161imu znep\u00e1\u010dila, a preto sa vo febru\u00e1ri 1925 vr\u00e1til do Doln\u00e9ho Kub\u00edna. \u00dasilie o vybudovanie vyhovuj\u00facej\u0161ej nemocnice v Dolnom Kub\u00edne pokra\u010dovalo. V mestskej kronike sa do\u010d\u00edtame, \u017ee 16. decembra 1935 v krajskom zastupite\u013estve M. Poll\u00e1k poukazoval na dezol\u00e1tny stav krajinskej nemocnice v Dolnom Kub\u00edne. Orava potrebuje a aj si zasl\u00fa\u017ei riadnu a moderne vybaven\u00fa nemocnicu, ako to v\u00fdsti\u017en\u00e9 vyslovilo mestsk\u00e9 zastupite\u013estvo svojim pam\u00e4tn\u00fdm spisom vo veci krajinskej nemocnice v Dolnom Kub\u00edne 21. febru\u00e1ra 1935.<img loading=\"lazy\" decoding=\"async\" src=\"http:\/\/donsp.sk\/data\/old.png\" alt=\"donsp\" width=\"324\" height=\"221\" align=\"left\" border=\"1\" hspace=\"10\" vspace=\"10\" \/><\/p>\n<p>V okrese Doln\u00fd Kub\u00edn v roku 1945 pracovali len piati lek\u00e1ri. Starostlivos\u0165 sa poskytovala preva\u017ene formou s\u00fakromnej praxe a tzv. pouk\u00e1\u017ekov\u00e9ho syst\u00e9mu. Celkov\u00fd zdravotn\u00fd stav\u00a0 obyvate\u013estva v prv\u00fdch rokoch po osloboden\u00ed bol zl\u00fd, pozna\u010den\u00fd vojnov\u00fdmi hr\u00f4zami, celkov\u00fdmi nedostatkom a podv\u00fd\u017eivou. Starostlivos\u0165 o matku a die\u0165a nebola prakticky nijak\u00e1. Prevencia v teraj\u0161om zmysle neexistovala. \u017deny rodili doma za asistencie nedostato\u010dne kvalifikovan\u00fdch \u201ebab\u00edc\u201c a \u010dasto aj v ned\u00f4stojn\u00fdch podmienkach. Star\u00e1 nemocnica mala v \u010dase oslobodenia 23 l\u00f4\u017eok, v priebehu nasleduj\u00facich rokov sa jej kapacita roz\u0161\u00edrila na 27 a od roku 1951 na 32 l\u00f4\u017eok. Za v\u00e4\u010d\u0161iu \u00fapravu starej nemocnice mo\u017eno poklada\u0165 len pr\u00edstavbu jed\u00e1lne a hygienick\u00fdch zariaden\u00ed v roku 1960. V tom istom roku boli priestory polikliniky na Mat\u00fa\u0161kovej ul. pristaven\u00e9 priestory pre rtg \u0161t\u00edtkova\u010d od vtedy v nemocnici existoval len nevyhovuj\u00faci pr\u00edstroj Klinix II\u00a0 na skiaskopiu (priame presvecovanie). Budovu polikliniky stavebne prestavili z p\u00f4vodnej budovy robotn\u00edcko-soci\u00e1lnej pois\u0165ovne v rokoch 1947-1948, ke\u010f vy\u0161iel z\u00e1kon o n\u00e1rodnom poisten\u00ed.<br \/>\nSitu\u00e1cia s hospitaliz\u00e1ciou pacientov zo sp\u00e1dov\u00e9ho \u00fazemia Doln\u00e9ho Kub\u00edna bola nepriazniv\u00e1. V hospitaliz\u00e1cii pacientov vypom\u00e1hala Vojensk\u00e1 nemocnica v Ru\u017eomberku a \u0161t\u00e1tna nemocnice v Martine a Trstenej. Z\u00e1sadne zmeny v organiz\u00e1cii poskytovania zdravotnej starostlivosti nastali v roku 1951 v r\u00e1mci zjednotenia zdravotn\u00edctva. V roku 1952 vy\u0161iel Dokument o prevent\u00edvnom zameran\u00ed zdravotnej starostlivosti. Do zjednotenia zdravotn\u00edctva v celom sp\u00e1dovom \u00fazem\u00ed bol v \u010dinnosti iba jeden mestsk\u00fd obvod a zdravotn\u00e9 obvody v P\u00e1rnici. Oravskom Podz\u00e1mku a Z\u00e1zrivej kam sa nieko\u013eko rokov doch\u00e1dzalo. V tomto roku zriadili polikliniku a otvorili sa zdravotn\u00e9 obvody vo Veli\u010dnej (1954) a z\u00e1vodn\u00e9 ambulancie v z\u00e1vodoch Elektropraga (1950), Kovohuty Istebn\u00e9 (1951), Kovohuty Mokra\u010f (1951), Kovohuty \u0160irok\u00e1 (1966). OSP Doln\u00fd Kub\u00edn (1965) a Obvody Doln\u00fd Kub\u00edn II. III. Od 1.1.1976 (do sp\u00e1dov\u00e9ho \u00fazemia Doln\u00fd Kub\u00edn sa za\u010dlenil obvod Dlh\u00e1 nad Oravou, kde sa vhodnou adapt\u00e1ciou vytvorilo obvodn\u00e9 zdravotn\u00e9 stredisko.) V obdob\u00ed od za\u010diatku budovania zdravotn\u00edctva do otvorenia novej nemocnice v Dolnom Kub\u00edne vykonali viacer\u00ed lek\u00e1ri ve\u013ea z\u00e1slu\u017enej pr\u00e1ce v prospech zdravia ob\u010danov Doln\u00e9ho Kub\u00edna a sp\u00e1dov\u00e9ho \u00fazemia. Bol to predov\u0161etk\u00fdm prim\u00e1r MUDr. J. Gluch, ktor\u00fd vykon\u00e1val svoje povolanie ve\u013emi zodpovedne a obetavo a\u017e do roku 1982. Ako obvodn\u00ed lek\u00e1ri v tomto \u010dase boli MUDr. P. Hazaj (1950-1975), MUDr. Chovan (1953-1978), MUDr. J. Lauren\u010d\u00edk (1953-1978), a MUDr. M. Brezina (1963-1977).<img loading=\"lazy\" decoding=\"async\" src=\"http:\/\/donsp.sk\/data\/1x.jpg\" alt=\"fonendoskop2\" width=\"283\" height=\"266\" align=\"right\" hspace=\"10\" vspace=\"10\" \/><\/p>\n<p>Prudk\u00fd rozvoj priemyslu ur\u00fdchlil potrebu vybudovania novej nemocnice, odovzdanie staveniska sa uskuto\u010dnilo 21.5.1965. V\u00fdstavba za\u010dala v roku 1966. Zariadenie sa stavalo ako nemocnica I. typu, so 4 z\u00e1kladn\u00fdmi l\u00f4\u017ekov\u00fdmi oddeleniami: intern\u00fdm, chirurgick\u00fd, detsk\u00fdm a gynekologicko-p\u00f4rodn\u00edckym. U\u017e v priebehu za\u010datia v\u00fdstavby v s\u00favislosti s pokra\u010dovan\u00edm celkov\u00e9ho r\u00fdchleho rozvoja Oravy a vzh\u013eadom nato, \u017ee Nemocnica v Trstenej bola nemocnicou I. typu, nastala ak\u00fatna potreba nemocnice II. typu pre Oravu. Preto\u017ee sa u\u017e nedosiahlo roz\u0161\u00edrenie p\u00f4vodn\u00fdch pl\u00e1nov Dolnokub\u00ednskej nemocnice, bolo treba r\u00e1ta\u0165 s realiz\u00e1ciou nemocnice II. typu teda s roz\u0161\u00edren\u00edm o \u010fal\u0161ie l\u00f4\u017ekov\u00e9 oddelenia v p\u00f4vodne pl\u00e1novan\u00fdch priestoroch, pri\u010dom sa vyu\u017eili i star\u0161ie zdravotn\u00edcke zariadenia v Dolnom Kub\u00edne. Celkov\u00e1 rozpo\u010dtovan\u00e1 a skuto\u010dne prestavan\u00e1 finan\u010dn\u00e1 \u010diastka v tej dobe dosiahla 100 mili\u00f3nov kor\u00fan. Definit\u00edvna reprofiliz\u00e1cia NsP I. typu na NsP II. typu bola schv\u00e1len\u00e1 v roku 1974. Prakticky to znamenalo, \u017ee k z\u00e1kladn\u00fdm oddeleniam sa zriadili e\u0161te neurologick\u00e9, ortopedick\u00e9, ko\u017en\u00e9 a anesteziologicko-resuscita\u010dn\u00e9. \u00damerne sa roz\u0161\u00edrili aj poliklinick\u00e9 nel\u00f4\u017ekov\u00e9 oddelenia a spolo\u010dn\u00e9 lie\u010debne a vy\u0161etrovacie zlo\u017eky.<\/p>\n<p>Z celkov\u00e9ho komplexu NsP za\u010dala pracova\u0165 ako prv\u00e1 poliklinick\u00e1 \u010das\u0165. V roku 1972 sa premiestnila do novej \u00fa\u010delovej budovy nemocnice okresn\u00e1 hygienick\u00e1 stanica. Zdravotn\u00e9 obdoby praktick\u00fdch lek\u00e1rov umiestnili na pr\u00edzem\u00ed novej polikliniky v roku 1974. Stomatologick\u00e9 oddelenie za\u010dalo svoju \u010dinnos\u0165 v roku 1974 v nov\u00fdch priestoroch. 24.9. toho ist\u00e9ho roku ako prv\u00e9 za\u010dalo pracova\u0165 detsk\u00e9 oddelenie. Postupne otv\u00e1rali \u010fal\u0161ie oddelenia: gynekologick\u00e9 18.12.1975, p\u00f4rodn\u00edcke 27.12.1975, anestezilogicko &#8211; resuscita\u010dn\u00e9 1.1.1976, chirurgick\u00e9 6.10.1976, ortopedick\u00e9 1.11.1976. neurologick\u00e9 1.11.1976. Intern\u00e9 oddelenie 1.9.1976 sa premiestnilo do nov\u00fdch priestorov. \u010eal\u0161ie nel\u00f4\u017ekov\u00e9 a poliklinick\u00e9 oddelenia sa zria\u010fovali a otv\u00e1rali takto: oddelenie klinickej bioch\u00e9mie &#8211; 1.9.1974, oddelenie patol\u00f3gie &#8211; 1.3.1975, fyziatricko &#8211; rehabilita\u010dn\u00e9 &#8211; 28.10.1976, a r\u00e1diodiagnostick\u00e9 oddelenie &#8211; 26.7.1977. Oddelenie tuberkul\u00f3zy a respira\u010dn\u00fdch chor\u00f4b sa premiestnilo zo starej polikliniky do novej v roku 1976.<br \/>\nV r\u00e1mci polikliniky zriadili aj \u010fal\u0161ie pracovisk\u00e1: poliklinick\u00e9 oddelenie klinickej onkol\u00f3gie, psychiatria, dve kr\u010dn\u00e9 ambulancie a logopedick\u00e9 pracovisko, chirurgick\u00e1 ambulancia, pracovisko o\u010dn\u00e9ho lek\u00e1ra, urologick\u00e1 ambulancia, neurologick\u00e1 ambulancia, intern\u00e1 a ortopedick\u00e1 ambulancia.<br \/>\nOtv\u00e1ranie jednotliv\u00fdch oddelen\u00ed nemocnice sa stalo v\u00fdznamn\u00fdm medzn\u00edkom nielen pre mesto Doln\u00fd Kub\u00edn, ale i\u00a0pre obyvate\u013eov cel\u00e9ho okresu a\u00a0rovnako pre v\u0161etk\u00fdch zdravotn\u00fdch pracovn\u00edkov. Ofici\u00e1lne a\u00a0sl\u00e1vnostn\u00e9 odovzdanie celej NsP sa uskuto\u010dnilo 26.6.1977.<\/p>\n<p>Od tohto roku nemocnica s poliklinikou pre\u0161la \u010fal\u0161\u00edmi zmenami najm\u00e4 po roku 1990, kedy transforma\u010dn\u00e9 zmeny v n\u00e1rodnom hospod\u00e1rstve podmienili i zmeny vo financovan\u00ed zdravotn\u00edckych zariaden\u00ed a t\u00fdm aj zmeny v poskytovan\u00ed zdravotnej starostlivosti. V tejto dobe, ke\u010f zdravotn\u00edctvo sa topilo v dlhoch, t\u00e1to nemocnica sa pohybovala v kladnom hospod\u00e1ren\u00ed. V r\u00e1mci zefekt\u00edvnenia \u010dinnosti bol spracovan\u00fd projekt pre rekon\u0161trukciu opera\u010dn\u00fdch s\u00e1l, striech a po\u017eiarnych schod\u00edsk. Prv\u00e1 etapa tohto projektu bola ukon\u010den\u00e1 v roku 2002 vo v\u00fd\u0161ke 46 mil. Sk, kde boli vybudovan\u00e9 nov\u00e9 po\u017eiarne schodisk\u00e1, nov\u00e1 obl\u00fakov\u00e1 strecha a nov\u00e9 v\u00fd\u0165ahy, ktor\u00e9 bud\u00fa spolo\u010dn\u00e9 i pre pr\u00edstavbu nov\u00fdch opera\u010dn\u00fdch s\u00e1l, centr\u00e1lnej steriliz\u00e1cie a anesteziologicko &#8211; resuscita\u010dn\u00e9ho oddelenia, ktor\u00e9 bude dobudovan\u00e9 v druhej etape. Na realiz\u00e1ciu II. etapy bud\u00fa pou\u017eit\u00e9 prostriedky z ERDF. koncepcie rekon\u0161trukcie a dostavby NsP Doln\u00fd Kub\u00edn, v ktorej sa bude dostavbou rie\u0161i\u0165 zlep\u0161enie funk\u010dnosti zariadenia, skvalitnenie poskytovan\u00fdch slu\u017eieb a zefekt\u00edvnenie jeho \u010dinnosti. Koncepcia rekon\u0161trukcie a dostavby NsP bola rozdelen\u00e1 do troch et\u00e1p. Prv\u00e1 etapa bola realizovan\u00e1 koncom roka 2002 a jej n\u00e1pl\u0148ou boli pr\u00edpravn\u00e9 pr\u00e1ce s\u00favisiace s in\u017einierskymi sie\u0165ami a vertik\u00e1lnou dopravou (v\u00fd\u0165ahmi, schodiskami) tie\u017e po\u017eiarnymi a \u00fanikov\u00fdmi cestami. II. Etapa (2004 a\u017e 2005) zah\u0155\u0148a pr\u00edstavbu opera\u010dn\u00fdch s\u00e1l, oddelenia AIM a centr\u00e1lnej steriliz\u00e1cie. III. etapa (2005 a\u017e 2006) bude rie\u0161i\u0165 rekon\u0161trukcie v exteri\u00e9ry a interi\u00e9ry. \u010casov\u00e1 s\u00faslednos\u0165 aktiv\u00edt zabezpe\u010diacich odstr\u00e1nenie nedostatkov bude nasledovn\u00e1:<\/p>\n<div>\n<ul>\n<li>optimaliz\u00e1cia prev\u00e1dzok v\u00a0objektoch<\/li>\n<li>priestorov\u00e9 preusporiadanie prev\u00e1dzok, aby navz\u00e1jom tvorili odborovo ucelen\u00e9 \u010dasti obidve s\u00a0cie\u013eom zn\u00ed\u017eenia fixn\u00fdch n\u00e1kladov, energetickej n\u00e1ro\u010dnosti a\u00a0prezamestnanosti<\/li>\n<li>s\u00fabe\u017en\u00e1 realiz\u00e1cia pr\u00edstavby opera\u010dn\u00fdch s\u00e1l, oddelenia OAIM a centr\u00e1lnej steriliz\u00e1cie.<\/li>\n<\/ul>\n<\/div>\n<p>Realiz\u00e1cia projektu z\u00a0prostriedkov ERDF umo\u017en\u00ed z\u00a0poh\u013eadu ministerstva zdravotn\u00edctva presunutie \u0165a\u017eiska z\u00a0l\u00f4\u017ekovej starostlivosti na jednod\u0148ov\u00fa chirurgiu, ambulantn\u00fa zdravotn\u00fa starostlivos\u0165 alebo dom\u00e1cu opatrovate\u013esk\u00fa starostlivos\u0165 v\u00a0zmysle strategick\u00fdch krokov.<\/p>\n<p>V\u00a0zmysle zvy\u0161ovania efekt\u00edvnosti zariadenia, zastavenia rastu dlhu a\u00a0dosiahnutiu \u0161tandardu pod\u013ea EU d\u00f4jde k\u00a0stanoveniu jasn\u00fdch pravidiel platn\u00fdch pre v\u0161etky oddelenia, pri re\u0161pektovan\u00ed v\u0161etk\u00fdch medic\u00ednskych a\u00a0ekonomick\u00fdch krit\u00e9ri\u00ed a\u00a0zachovan\u00ed kvality zdravotn\u00edckej starostlivosti. Dostavba priniesla mo\u017enos\u0165 efekt\u00edvneho a\u00a0elegantn\u00e9ho rie\u0161enia centr\u00e1lneho a urgentn\u00e9ho pr\u00edjmu v\u00a0n\u00e1v\u00e4znosti na intenz\u00edvnu medic\u00ednu v\u00a0r\u00e1mci jedn\u00e9ho podla\u017eia. Taktie\u017e poloha opera\u010dn\u00e9ho traktu m\u00e1 pozit\u00edva v\u00a0minim\u00e1lnej n\u00e1ro\u010dnosti pri presune a\u00a0manipul\u00e1cii s\u00a0pacientmi. Nov\u00e9 usporiadanie je z\u00e1kladom zv\u00fd\u0161enia \u0161tandardu zariadenia, efekt\u00edvnej\u0161ieho vyu\u017eitia budovy a\u00a0zn\u00ed\u017eenia energetickej n\u00e1ro\u010dnosti vyu\u017eit\u00edm nov\u00fdch stavebn\u00fdch materi\u00e1lov v\u00a0r\u00e1mci dostavby. Realiz\u00e1cia dostavby v\u00fdraznou mierov prispela k\u00a0perspekt\u00edvnemu zavedeniu syst\u00e9mu kvality\u00a0 a\u00a0priprav\u00ed predpoklady pre roz\u0161\u00edrenie p\u00f4sobnosti zariadenia po vstupe do EU aj v\u00a0oblasti ju\u017en\u00e9ho Po\u013eska. N\u00e1sledne s\u00fa pripraven\u00e9 pod\u013ea koncepcie rozvoja zdravotn\u00edckeho zariadenia \u010fal\u0161ie projekty s\u00favisiace s\u00a0budovan\u00edm informa\u010dn\u00fdch syst\u00e9mov umo\u017e\u0148uj\u00facich e\u0161te kvalitnej\u0161ie riadenie\u00a0a \u010fal\u0161ie zefekt\u00edvnenie \u010dinnosti v DONsP.<\/p>\n","protected":false},"excerpt":{"rendered":"<p>O za&#269;iatkoch zdravotn&iacute;ckej starostlivosti, organizovanej stoli&#269;nou spr&aacute;vou v r&aacute;mci celej Oravy, m&ocirc;&#382;eme v Dolnom Kub&iacute;ne hovori&#357; a&#382; od polovice 18. storo&#269;ia, hoci prv&eacute; zmienky o lek&aacute;roch poch&aacute;dzaj&uacute; u&#382; z roku 1699. Pri sledovan&iacute; v&yacute;voja zdravotn&iacute;ckej situ&aacute;cie v meste Doln&yacute; Kub&iacute;n&nbsp;<a class=\"read-more\" href=\"https:\/\/www.donsp.sk\/donsp\/o-nas\/z-historie\/\"><\/a><\/p>\n","protected":false},"author":1,"featured_media":0,"parent":4,"menu_order":2,"comment_status":"closed","ping_status":"closed","template":"","meta":{"_seopress_robots_primary_cat":"0","_seopress_titles_title":"","_seopress_titles_desc":"","_seopress_robots_index":"","pgc_sgb_lightbox_settings":"","footnotes":""},"class_list":["post-15","page","type-page","status-publish"],"_links":{"self":[{"href":"https:\/\/www.donsp.sk\/donsp\/wp-json\/wp\/v2\/pages\/15","targetHints":{"allow":["GET"]}}],"collection":[{"href":"https:\/\/www.donsp.sk\/donsp\/wp-json\/wp\/v2\/pages"}],"about":[{"href":"https:\/\/www.donsp.sk\/donsp\/wp-json\/wp\/v2\/types\/page"}],"author":[{"embeddable":true,"href":"https:\/\/www.donsp.sk\/donsp\/wp-json\/wp\/v2\/users\/1"}],"replies":[{"embeddable":true,"href":"https:\/\/www.donsp.sk\/donsp\/wp-json\/wp\/v2\/comments?post=15"}],"version-history":[{"count":2,"href":"https:\/\/www.donsp.sk\/donsp\/wp-json\/wp\/v2\/pages\/15\/revisions"}],"predecessor-version":[{"id":7289,"href":"https:\/\/www.donsp.sk\/donsp\/wp-json\/wp\/v2\/pages\/15\/revisions\/7289"}],"up":[{"embeddable":true,"href":"https:\/\/www.donsp.sk\/donsp\/wp-json\/wp\/v2\/pages\/4"}],"wp:attachment":[{"href":"https:\/\/www.donsp.sk\/donsp\/wp-json\/wp\/v2\/media?parent=15"}],"curies":[{"name":"wp","href":"https:\/\/api.w.org\/{rel}","templated":true}]}}