{"id":121,"date":"2010-09-11T08:52:50","date_gmt":"2010-09-11T08:52:50","guid":{"rendered":"http:\/\/www.donsp.sk\/donsp\/?page_id=121"},"modified":"2025-11-30T14:06:18","modified_gmt":"2025-11-30T12:06:18","slug":"chirurgicke-ambulancie","status":"publish","type":"page","link":"https:\/\/www.donsp.sk\/donsp\/ambulancie\/chirurgicke-ambulancie\/","title":{"rendered":"Chirurgick\u00e9 ambulancie"},"content":{"rendered":"\n<div class=\"wp-block-columns alignwide visbg is-layout-flex wp-container-core-columns-is-layout-9d6595d7 wp-block-columns-is-layout-flex\">\n<div class=\"wp-block-column is-vertically-aligned-center visboard is-layout-flow wp-block-column-is-layout-flow\" style=\"flex-basis:50%\">\n<h5 class=\"wp-block-heading has-text-align-center\">Pr\u00edjmov\u00e1 ambulancia<\/h5>\n\n\n\n<div class=\"wp-block-group\"><div class=\"wp-block-group__inner-container is-layout-flow wp-block-group-is-layout-flow\">\n<figure class=\"wp-block-table is-style-regular\"><table><tbody><tr><td>Pondelok \u2013 Piatok<\/td><td>7:00 h \u2013 15:00 h<\/td><\/tr><tr><td>Kontakt<\/td><td><a href=\"tel:+421435801253\">+421 (0) 43 5801 253<\/a><\/td><\/tr><\/tbody><\/table><\/figure>\n<\/div><\/div>\n<\/div>\n\n\n\n<div class=\"wp-block-column is-vertically-aligned-center visboard is-layout-flow wp-block-column-is-layout-flow\" style=\"flex-basis:50%\">\n<h5 class=\"wp-block-heading has-text-align-center\">Stomick\u00e1 ambulancia<\/h5>\n\n\n\n<div class=\"wp-block-group\"><div class=\"wp-block-group__inner-container is-layout-flow wp-block-group-is-layout-flow\">\n<figure class=\"wp-block-table is-style-regular\"><table><tbody><tr><td>Piatok<\/td><td>13:00 h \u2013 14:00 h<\/td><\/tr><tr><td>Kontakt<\/td><td><a href=\"tel:+421435801276\">+421 (0) 43 5801 276<\/a><\/td><\/tr><\/tbody><\/table><\/figure>\n<\/div><\/div>\n<\/div>\n<\/div>\n\n\n\n<div class=\"wp-block-columns alignwide visbg is-layout-flex wp-container-core-columns-is-layout-9d6595d7 wp-block-columns-is-layout-flex\">\n<div class=\"wp-block-column is-vertically-aligned-center visboard is-layout-flow wp-block-column-is-layout-flow\" style=\"flex-basis:50%\">\n<h5 class=\"wp-block-heading has-text-align-center\">Ambulancia cievnej chirurgie<\/h5>\n\n\n\n<div class=\"wp-block-group\"><div class=\"wp-block-group__inner-container is-layout-flow wp-block-group-is-layout-flow\">\n<figure class=\"wp-block-table is-style-regular\"><table><tbody><tr><td>Streda<\/td><td>7:00 h \u2013 14:00 h<\/td><\/tr><tr><td>Kontakt<\/td><td><a href=\"tel:+421435801276\">+421 (0) 43 5801276<\/a><\/td><\/tr><\/tbody><\/table><\/figure>\n<\/div><\/div>\n<\/div>\n<\/div>\n\n\n\n<p class=\"has-text-align-center\"><strong>Chirurgick\u00e9 ambulancie v na\u0161ej DONsP. <\/strong><\/p>\n\n\n\n<p>Ambulantn\u00fa chirurgick\u00fa starostlivos\u0165 poskytujeme prostredn\u00edctvom ambulancie ak\u00fatnej chirurgie a prostredn\u00edctvom klinickej chirurgickej ambulancie. V r\u00e1mci chirurgickej ambulancie vykon\u00e1vame:<\/p>\n\n\n\n<ul class=\"wp-block-list\">\n<li>o\u0161etrovanie \u00farazov a zlomen\u00edn u dospel\u00fdch aj det\u00ed,<\/li>\n\n\n\n<li>o\u0161etrenie pop\u00e1len\u00edn,<\/li>\n\n\n\n<li>vyberanie &#8211; odstra\u0148ovanie ko\u017en\u00fdch novotvarov,<\/li>\n\n\n\n<li>prv\u00fa pomoc pri ak\u00fatnych bolestiach brucha (\u017eal\u00fadka, \u017el\u010dn\u00edka, pri krv\u00e1caniach z tr\u00e1viaceho traktu &#8211; dvan\u00e1storn\u00edka, \u010driev),<\/li>\n\n\n\n<li>prv\u00fa pomoc pri n\u00e1hlych pr\u00edhod\u00e1ch bru\u0161n\u00fdch (z\u00e1paly slep\u00e9ho \u010dreva, pankreasu, \u017el\u010dn\u00edka),<\/li>\n\n\n\n<li>o\u0161etrenie pri slabinov\u00fdch prietr\u017eiach,<\/li>\n\n\n\n<li>kontroln\u00e9 vy\u0161etrenia pacientov po prepusten\u00ed z \u00fastavn\u00e9ho o\u0161etrenia, ktor\u00fdch stav si vy\u017eaduje ambulantn\u00e9 kontroln\u00e9 vy\u0161etrenia.<\/li>\n<\/ul>\n\n\n\n<p><strong>Ambulancia cievnej chirurgie \u2013 zmena ordina\u010dn\u00fdch hod\u00edn<\/strong><\/p>\n\n\n\n<p>Dolnooravsk\u00e1 nemocnica s&nbsp;poliklinikou MUDr. L. Nad\u00e1\u0161i J\u00e9g\u00e9ho oznamuje pacientom aj poskytovate\u013eom zdravotnej starostlivosti <strong>zmenu ordina\u010dn\u00fdch hod\u00edn prev\u00e1dzky ambulancie cievnej chirurgie <\/strong>z&nbsp;p\u00f4vodne ordinovan\u00fdch \u0161tvrtkov v&nbsp;t\u00fd\u017edni <strong>na stredy<\/strong>.<\/p>\n\n\n\n<p><strong>Objednanie pacienta na vy\u0161etrenie aj realizovanie vy\u0161etrenia bude mo\u017en\u00e9 ka\u017ed\u00fa stredu!<\/strong><\/p>\n\n\n\n<p>Angiochirurgick\u00e1 ambulancia poskytuje \u0161pecializovan\u00fa starostlivos\u0165 o pacientov s ak\u00fatnymi a chronick\u00fdmi ochoreniami cievneho syst\u00e9mu. Zameriava sa na pos\u00fadenie mo\u017enosti opera\u010dnej alebo endovaskul\u00e1rnej lie\u010dby cievnych predov\u0161etk\u00fdm arteri\u00e1lnych ochoren\u00ed. Jedn\u00e1 sa o&nbsp;pacientov s&nbsp;perif\u00e9rnym art\u00e9riov\u00fdm ochorenie doln\u00fdch kon\u010dat\u00edn &#8211; PAODKK obzvl\u00e1\u0161\u0165 u&nbsp;pacientov s DM, s ochoreniami karot\u00edd, po tranzit\u00f3rnych ischemick\u00fdch atakoch alebo po ischemick\u00fdch cievnych mozgov\u00fdch pr\u00edhod\u00e1ch, s ochoreniami bru\u0161nej aorty. Umo\u017e\u0148uje nielen diagnostiku ale aj dispenz\u00e1r o&nbsp;t\u00fdchto pacientov s&nbsp;cievnymi ochoreniami.<\/p>\n\n\n\n<p>Lek\u00e1r ambulancie cievnej chirurgie pomocou neinvaz\u00edvnej diagnostiky (doppler, duplexn\u00e1 USG) odpor\u00fa\u010da lie\u010dbu ochoren\u00ed arteri\u00e1lneho a ven\u00f3zneho syst\u00e9mu, indikuje USG, DSA a&nbsp;CT\/MR angio-vy\u0161etrenia a&nbsp;pod\u013ea v\u00fdsledkov vyhodnot\u00ed \u010fal\u0161\u00ed postup lie\u010dby.<\/p>\n\n\n\n<p>V spolupr\u00e1ci s&nbsp;Klinikou cievnej chirurgie a&nbsp;v&nbsp;kooper\u00e1ci s interven\u010dn\u00fdmi radiol\u00f3gmi FN \u00daVN Ru\u017eomberok indikujeme a&nbsp;pl\u00e1nujeme hospitaliz\u00e1ciu pacientov k&nbsp;angiochirrugick\u00fdm rekon\u0161trukci\u00e1m (zostrojenie arterioven\u00f3znych fist\u00fal pre potreby hemodial\u00fdzy, tepenn\u00e9 bypassy, resekcie tepenn\u00fdch aneuryziem a&nbsp;rekon\u0161trukcie s&nbsp;cievnymi n\u00e1hradami, endarterekt\u00f3mie \/ trombembolekt\u00f3mie tepien) \u010di endovaskul\u00e1rnym intervenci\u00e1m (perkut\u00e1nna angioplastika \u2013 PTA a implant\u00e1cia stentov).<\/p>\n\n\n\n<p>Ambulantn\u00fd lek\u00e1r poskytuje svoje slu\u017eby aj formou konz\u00edli\u00ed pre pacientov hospitalizovan\u00fdch na oddeleniach v&nbsp;r\u00e1mci nemocnice v&nbsp;Dolnom Kub\u00edne.<\/p>\n\n\n\n<p>Mo\u017enos\u0165 objednania pacienta osobne \/ pr\u00edpadne telefonicky po odoslan\u00ed jeho obvodn\u00fdm lek\u00e1rom, in\u00fdm \u0161pecialistom, alebo pacient prich\u00e1dza s\u00e1m po telefonickom objednan\u00ed.<br><br><\/p>\n\n\n\n<p><strong>Lek\u00e1ri: <\/strong>Garant: MUDr. Peter Be\u0148o, MUDr. Gen\u010durov\u00e1 Zuzana<\/p>\n\n\n\n<p><strong>Sestra:<\/strong> D\u00e1\u0161a \u0160arfyov\u00e1<\/p>\n\n\n\n<p><strong>Ordina\u010dn\u00e9 hodiny:<\/strong> STREDA 7:00- 14:00, 14:00- 15:00 administrat\u00edva<\/p>\n\n\n\n<p><strong>Telefonick\u00fd kontakt \/ Adresa :<\/strong> <a href=\"tel:+421435801276\">+421435801276<\/a><\/p>\n\n\n\n<p>Dolnooravsk\u00e1 nemocnica s&nbsp;poliklinikou MUDr. L. N\u00e1da\u0161iho J\u00e9g\u00e9 Doln\u00fd Kub\u00edn, Nemocni\u010dn\u00e1 1944\/10, 02614 Doln\u00fd Kub\u00edn<\/p>\n\n\n\n<p><strong>Vopred \u010fakujeme sa pochopenie!<\/strong><\/p>\n","protected":false},"excerpt":{"rendered":"<p>Pr&iacute;jmov&aacute; ambulancia Pondelok &ndash; Piatok 7:00 h &ndash; 15:00 h Kontakt +421 (0) 43 5801 253 Stomick&aacute; ambulancia Piatok 13:00 h &ndash; 14:00 h Kontakt +421 (0) 43 5801 276 Ambulancia cievnej chirurgie Streda 7:00 h &ndash; 14:00 h Kontakt&nbsp;<a class=\"read-more\" href=\"https:\/\/www.donsp.sk\/donsp\/ambulancie\/chirurgicke-ambulancie\/\"><\/a><\/p>\n","protected":false},"author":1,"featured_media":0,"parent":6,"menu_order":0,"comment_status":"closed","ping_status":"closed","template":"","meta":{"_seopress_robots_primary_cat":"0","_seopress_titles_title":"","_seopress_titles_desc":"","_seopress_robots_index":"","pgc_sgb_lightbox_settings":"","footnotes":""},"class_list":["post-121","page","type-page","status-publish"],"_links":{"self":[{"href":"https:\/\/www.donsp.sk\/donsp\/wp-json\/wp\/v2\/pages\/121","targetHints":{"allow":["GET"]}}],"collection":[{"href":"https:\/\/www.donsp.sk\/donsp\/wp-json\/wp\/v2\/pages"}],"about":[{"href":"https:\/\/www.donsp.sk\/donsp\/wp-json\/wp\/v2\/types\/page"}],"author":[{"embeddable":true,"href":"https:\/\/www.donsp.sk\/donsp\/wp-json\/wp\/v2\/users\/1"}],"replies":[{"embeddable":true,"href":"https:\/\/www.donsp.sk\/donsp\/wp-json\/wp\/v2\/comments?post=121"}],"version-history":[{"count":7,"href":"https:\/\/www.donsp.sk\/donsp\/wp-json\/wp\/v2\/pages\/121\/revisions"}],"predecessor-version":[{"id":8479,"href":"https:\/\/www.donsp.sk\/donsp\/wp-json\/wp\/v2\/pages\/121\/revisions\/8479"}],"up":[{"embeddable":true,"href":"https:\/\/www.donsp.sk\/donsp\/wp-json\/wp\/v2\/pages\/6"}],"wp:attachment":[{"href":"https:\/\/www.donsp.sk\/donsp\/wp-json\/wp\/v2\/media?parent=121"}],"curies":[{"name":"wp","href":"https:\/\/api.w.org\/{rel}","templated":true}]}}