{"id":103,"date":"2010-09-11T08:44:27","date_gmt":"2010-09-11T06:44:27","guid":{"rendered":"http:\/\/www.donsp.sk\/donsp\/?page_id=103"},"modified":"2025-11-27T00:08:06","modified_gmt":"2025-11-26T22:08:06","slug":"gynekologicke-ambulancie","status":"publish","type":"page","link":"https:\/\/www.donsp.sk\/donsp\/ambulancie\/gynekologicke-ambulancie\/","title":{"rendered":"Gynekologick\u00e9 ambulancie"},"content":{"rendered":"\n<div class=\"wp-block-columns alignwide visbg is-layout-flex wp-container-core-columns-is-layout-9d6595d7 wp-block-columns-is-layout-flex\">\n<div class=\"wp-block-column is-vertically-aligned-center visboard is-layout-flow wp-block-column-is-layout-flow\" style=\"flex-basis:50%\">\n<div class=\"wp-block-group\"><div class=\"wp-block-group__inner-container is-layout-constrained wp-block-group-is-layout-constrained\">\n<h5 class=\"wp-block-heading\">Prim\u00e1rna ambulancia<\/h5>\n<\/div><\/div>\n\n\n\n<figure class=\"wp-block-table is-style-regular\"><table><tbody><tr><td>Pondelok<br>Streda<br>Piatok<\/td><td>07:00 &#8211; 13:00 hod<\/td><\/tr><tr><td>Utorok<br>\u0160tvrtok<\/td><td>07:00 &#8211; 08:00 hod<\/td><\/tr><tr><td>Kontakt<\/td><td><a href=\"tel:+421435801377\">+421 43 5801 377<\/a><\/td><\/tr><tr><td>Lek\u00e1ri<\/td><td>MUDr. Anton Rak<\/td><\/tr><\/tbody><\/table><\/figure>\n<\/div>\n\n\n\n<div class=\"wp-block-column visboard is-layout-flow wp-block-column-is-layout-flow\" style=\"flex-basis:50%\">\n<h5 class=\"wp-block-heading\">Zdru\u017een\u00e1 ambulancia<\/h5>\n\n\n\n<figure class=\"wp-block-table is-style-regular\"><table><tbody><tr><td>Pondelok<br>Streda<br>Piatok<\/td><td>09:30 &#8211; 14:30 hod<\/td><\/tr><tr><td>Utorok<br>\u0160tvrtok<\/td><td>07:00 &#8211; 14:30 hod len ak\u00fatne stavy<\/td><\/tr><tr><td>Kontakt<\/td><td><a href=\"tel:+421435801377\">+421 43 5801 377<\/a><br><a href=\"https:\/\/www.objednatvysetrenie.sk\/vyber-druhu-vysetrenia.html?page_id=89960&amp;zid=89782\" target=\"_blank\" rel=\"noreferrer noopener\" class=\"obj\">objednanie<\/a><\/td><\/tr><tr><td>Lek\u00e1ri<\/td><td>MUDr. Anton Rak<br>MUDr. Drahom\u00edra Bl\u00e1hov\u00e1<\/td><\/tr><\/tbody><\/table><\/figure>\n<\/div>\n<\/div>\n\n\n\n<div class=\"wp-block-columns alignwide visbg is-layout-flex wp-container-core-columns-is-layout-9d6595d7 wp-block-columns-is-layout-flex\">\n<div class=\"wp-block-column is-vertically-aligned-center visboard is-layout-flow wp-block-column-is-layout-flow\" style=\"flex-basis:50%\">\n<div class=\"wp-block-group\"><div class=\"wp-block-group__inner-container is-layout-constrained wp-block-group-is-layout-constrained\">\n<h5 class=\"wp-block-heading\">Pr\u00edjmov\u00e1 ambulancia<\/h5>\n<\/div><\/div>\n\n\n\n<figure class=\"wp-block-table is-style-regular\"><table><tbody><tr><td>Pondelok-Piatok<\/td><td>08:00 \u2013 14:30 hod<\/td><\/tr><tr><td>Kontakt<\/td><td><a href=\"tel:+421435801160\">+421 43 5801 160<\/a><br><a href=\"https:\/\/www.objednatvysetrenie.sk\/objednavka-vysetrenia.html?page_id=84263&amp;zid=56200&amp;druh_vysetrenia_id=0\" target=\"_blank\" rel=\"noreferrer noopener\" class=\"obj\">objednanie<\/a><\/td><\/tr><tr><td>Lek\u00e1r<\/td><td>MUDr. Miloslav Ostriho\u0148, MBA<\/td><\/tr><\/tbody><\/table><\/figure>\n<\/div>\n\n\n\n<div class=\"wp-block-column visboard is-layout-flow wp-block-column-is-layout-flow\" style=\"flex-basis:50%\">\n<h5 class=\"wp-block-heading\">Psychoprofylaktick\u00e1 ambulancia<\/h5>\n\n\n\n<figure class=\"wp-block-table is-style-regular\"><table><tbody><tr><td>Utorok<br>\u0160tvrtok<\/td><td>10:00 \u2013 13:00 hod<\/td><\/tr><tr><td>Kontakt<\/td><td><a href=\"tel:+421435801377\">+421 43 5801 377<\/a><\/td><\/tr><tr><td>Sestra<\/td><td>Em\u00edlia Drengubjakov\u00e1<\/td><\/tr><\/tbody><\/table><\/figure>\n<\/div>\n<\/div>\n\n\n\n<div class=\"wp-block-columns alignwide visbg is-layout-flex wp-container-core-columns-is-layout-9d6595d7 wp-block-columns-is-layout-flex\">\n<div class=\"wp-block-column is-vertically-aligned-center visboard is-layout-flow wp-block-column-is-layout-flow\" style=\"flex-basis:50%\">\n<div class=\"wp-block-group\"><div class=\"wp-block-group__inner-container is-layout-constrained wp-block-group-is-layout-constrained\">\n<h5 class=\"wp-block-heading\">SONO ambulancia<\/h5>\n<\/div><\/div>\n\n\n\n<figure class=\"wp-block-table is-style-regular\"><table><tbody><tr><td>Pondelok<br>Streda<br>Piatok<\/td><td>10:00 \u2013 14:30 hod<\/td><\/tr><tr><td>Utorok<br>\u0160tvrtok<\/td><td>07:00 \u2013 14:30 hod CTG<\/td><\/tr><tr><td>Kontakt<\/td><td><a href=\"tel:+421435801160\">+421 43 5801 274<\/a><br><a href=\"https:\/\/www.objednatvysetrenie.sk\/objednavka-vysetrenia.html?page_id=84263&amp;zid=56200&amp;druh_vysetrenia_id=0\" target=\"_blank\" rel=\"noreferrer noopener\" class=\"obj\">objednanie<\/a><\/td><\/tr><tr><td>Lek\u00e1ri<\/td><td>MUDr. Anton Rak<br>MUDr. Katar\u00edna Kru\u017eelov\u00e1<br>MUDr. Katar\u00edna Krasni\u010danov\u00e1<br>MUDr. Petra Morav\u010d\u00edkov\u00e1<br>MUDr. Zuzana Zjavkov\u00e1<br>MUDr. Zuzana Rak<br>MUDr. Veronika Bartkovjakov\u00e1<\/td><\/tr><\/tbody><\/table><\/figure>\n<\/div>\n<\/div>\n\n\n\n<p><\/p>\n","protected":false},"excerpt":{"rendered":"<p>Prim&aacute;rna ambulancia PondelokStredaPiatok 07:00 &ndash; 13:00 hod Utorok&Scaron;tvrtok 07:00 &ndash; 08:00 hod Kontakt +421 43 5801 377 Lek&aacute;ri MUDr. Anton Rak Zdru&#382;en&aacute; ambulancia PondelokStredaPiatok 09:30 &ndash; 14:30 hod Utorok&Scaron;tvrtok 07:00 &ndash; 14:30 hod len ak&uacute;tne stavy Kontakt +421 43 5801&nbsp;<a class=\"read-more\" href=\"https:\/\/www.donsp.sk\/donsp\/ambulancie\/gynekologicke-ambulancie\/\"><\/a><\/p>\n","protected":false},"author":1,"featured_media":0,"parent":6,"menu_order":2,"comment_status":"closed","ping_status":"closed","template":"","meta":{"_seopress_robots_primary_cat":"0","_seopress_titles_title":"","_seopress_titles_desc":"","_seopress_robots_index":"","pgc_sgb_lightbox_settings":"","footnotes":""},"class_list":["post-103","page","type-page","status-publish"],"_links":{"self":[{"href":"https:\/\/www.donsp.sk\/donsp\/wp-json\/wp\/v2\/pages\/103","targetHints":{"allow":["GET"]}}],"collection":[{"href":"https:\/\/www.donsp.sk\/donsp\/wp-json\/wp\/v2\/pages"}],"about":[{"href":"https:\/\/www.donsp.sk\/donsp\/wp-json\/wp\/v2\/types\/page"}],"author":[{"embeddable":true,"href":"https:\/\/www.donsp.sk\/donsp\/wp-json\/wp\/v2\/users\/1"}],"replies":[{"embeddable":true,"href":"https:\/\/www.donsp.sk\/donsp\/wp-json\/wp\/v2\/comments?post=103"}],"version-history":[{"count":8,"href":"https:\/\/www.donsp.sk\/donsp\/wp-json\/wp\/v2\/pages\/103\/revisions"}],"predecessor-version":[{"id":8407,"href":"https:\/\/www.donsp.sk\/donsp\/wp-json\/wp\/v2\/pages\/103\/revisions\/8407"}],"up":[{"embeddable":true,"href":"https:\/\/www.donsp.sk\/donsp\/wp-json\/wp\/v2\/pages\/6"}],"wp:attachment":[{"href":"https:\/\/www.donsp.sk\/donsp\/wp-json\/wp\/v2\/media?parent=103"}],"curies":[{"name":"wp","href":"https:\/\/api.w.org\/{rel}","templated":true}]}}