{"id":101,"date":"2010-09-11T08:51:00","date_gmt":"2010-09-11T06:51:00","guid":{"rendered":"http:\/\/www.donsp.sk\/donsp\/?page_id=101"},"modified":"2025-05-21T13:56:24","modified_gmt":"2025-05-21T11:56:24","slug":"jas-jednodnova-ambulantna-starostlivost","status":"publish","type":"page","link":"https:\/\/www.donsp.sk\/donsp\/ambulancie\/jas-jednodnova-ambulantna-starostlivost\/","title":{"rendered":"JAS &#8211; Jednod\u0148ov\u00e1 ambulantn\u00e1 starostlivos\u0165"},"content":{"rendered":"\n<div class=\"wp-block-columns alignwide visboard is-layout-flex wp-container-core-columns-is-layout-9d6595d7 wp-block-columns-is-layout-flex\">\n<div class=\"wp-block-column is-vertically-aligned-center is-layout-flow wp-block-column-is-layout-flow\" style=\"flex-basis:50%\">\n<h5 class=\"wp-block-heading\">Ordina\u010dn\u00e9 hodiny<\/h5>\n\n\n\n<div class=\"wp-block-group\"><div class=\"wp-block-group__inner-container is-layout-flow wp-block-group-is-layout-flow\">\n<figure class=\"wp-block-table is-style-regular\"><table><tbody><tr><td>Pondelok<\/td><td>08:30 &#8211; 12:00 hod<\/td><\/tr><tr><td>Utorok<\/td><td>07:30 &#8211; 11:00 hod<\/td><\/tr><tr><td>Streda<\/td><td>08:30 &#8211; 12:00 hod<\/td><\/tr><tr><td>\u0160tvrtok<\/td><td>07:30 &#8211; 12:00 hod<\/td><\/tr><tr><td>Piatok<\/td><td>08:30 &#8211; 12:00 hod<\/td><\/tr><tr><td>Sobota<\/td><td>neordinuje<\/td><\/tr><tr><td>Nede\u013ea<\/td><td>neordinuje<\/td><\/tr><\/tbody><\/table><\/figure>\n<\/div><\/div>\n<\/div>\n\n\n\n<div class=\"wp-block-column is-vertically-aligned-center is-layout-flow wp-block-column-is-layout-flow\" style=\"flex-basis:50%\">\n<div class=\"wp-block-columns is-layout-flex wp-container-core-columns-is-layout-9d6595d7 wp-block-columns-is-layout-flex\">\n<div class=\"wp-block-column is-layout-flow wp-block-column-is-layout-flow\" style=\"flex-basis:100%\">\n<div class=\"wp-block-group\"><div class=\"wp-block-group__inner-container is-layout-flow wp-block-group-is-layout-flow\">\n<div class=\"wp-block-group\"><div class=\"wp-block-group__inner-container is-layout-flow wp-block-group-is-layout-flow\">\n<h5 class=\"wp-block-heading\">Kontakt<\/h5>\n\n\n\n<p><\/p>\n<\/div><\/div>\n\n\n\n<div class=\"wp-block-group\"><div class=\"wp-block-group__inner-container is-layout-flow wp-block-group-is-layout-flow\">\n<p>Prim\u00e1r oddelenia: +421 (0) 43 5801 121<br>Ved\u00faca sestra: +421 (0) 43 5801 122<br><br>Sestry JAS: +421 (0) 43 5801 124<br>Ambulancia: +421 (0) 43 5801 124<\/p>\n<\/div><\/div>\n\n\n\n<div class=\"wp-block-group\"><div class=\"wp-block-group__inner-container is-layout-flow wp-block-group-is-layout-flow\"><\/div><\/div>\n<\/div><\/div>\n<\/div>\n<\/div>\n<\/div>\n<\/div>\n\n\n\n<hr class=\"wp-block-separator has-css-opacity\"\/>\n\n\n\n<h2 class=\"wp-block-heading has-text-align-center\">O ODDELEN\u00cd<\/h2>\n\n\n\n<p class=\"has-text-align-left\">Zariadenie poskytuje odborn\u00e9 zdravotn\u00edcke slu\u017eby chirurgick\u00fdch odborov (gynekol\u00f3gia, chirurgia, ortop\u00e9dia)\u00a0 formou tzv. jednod\u0148ovej chirurgie. To znamen\u00e1, \u017ee chirurgick\u00e9 slu\u017eby poskytovan\u00e9 na na\u0161om pracovisku si nevy\u017eaduj\u00fa hospitalizovanie v l\u00f4\u017ekovom zariaden\u00ed, \u010do pre pacienta a jeho pr\u00edbuzn\u00fdch zaru\u010duje v\u00fdrazn\u00e9 zlep\u0161enie komfortu pred oper\u00e1ciou, po\u010das nej a v poopera\u010dnom obdob\u00ed.<\/p>\n\n\n\n<p>Zariadenie z\u00e1rove\u0148 pon\u00faka menej stresuj\u00face prostredie, ak\u00e9 be\u017ene pon\u00faka l\u00f4\u017ekov\u00e9 oddelenie. Ocenia to najm\u00e4 rodi\u010dia detsk\u00fdch pacientov. Zo zdravotnej str\u00e1nky je d\u00f4le\u017eit\u00e9 zabr\u00e1ni\u0165 mo\u017enosti nemocni\u010dnej infekcie.<\/p>\n\n\n\n<p><strong>Oddelenie v s\u00fa\u010dasnej dobe z technick\u00fdch pr\u00ed\u010din neordinuje !!!<\/strong><\/p>\n","protected":false},"excerpt":{"rendered":"<p>Ordina&#269;n&eacute; hodiny Pondelok 08:30 &ndash; 12:00 hod Utorok 07:30 &ndash; 11:00 hod Streda 08:30 &ndash; 12:00 hod &Scaron;tvrtok 07:30 &ndash; 12:00 hod Piatok 08:30 &ndash; 12:00 hod Sobota neordinuje Nede&#318;a neordinuje Kontakt Prim&aacute;r oddelenia: +421 (0) 43 5801 121Ved&uacute;ca sestra:&nbsp;<a class=\"read-more\" href=\"https:\/\/www.donsp.sk\/donsp\/ambulancie\/jas-jednodnova-ambulantna-starostlivost\/\"><\/a><\/p>\n","protected":false},"author":1,"featured_media":0,"parent":6,"menu_order":1,"comment_status":"closed","ping_status":"closed","template":"","meta":{"_seopress_robots_primary_cat":"0","_seopress_titles_title":"","_seopress_titles_desc":"","_seopress_robots_index":"","pgc_sgb_lightbox_settings":"","footnotes":""},"class_list":["post-101","page","type-page","status-publish"],"_links":{"self":[{"href":"https:\/\/www.donsp.sk\/donsp\/wp-json\/wp\/v2\/pages\/101","targetHints":{"allow":["GET"]}}],"collection":[{"href":"https:\/\/www.donsp.sk\/donsp\/wp-json\/wp\/v2\/pages"}],"about":[{"href":"https:\/\/www.donsp.sk\/donsp\/wp-json\/wp\/v2\/types\/page"}],"author":[{"embeddable":true,"href":"https:\/\/www.donsp.sk\/donsp\/wp-json\/wp\/v2\/users\/1"}],"replies":[{"embeddable":true,"href":"https:\/\/www.donsp.sk\/donsp\/wp-json\/wp\/v2\/comments?post=101"}],"version-history":[{"count":3,"href":"https:\/\/www.donsp.sk\/donsp\/wp-json\/wp\/v2\/pages\/101\/revisions"}],"predecessor-version":[{"id":7023,"href":"https:\/\/www.donsp.sk\/donsp\/wp-json\/wp\/v2\/pages\/101\/revisions\/7023"}],"up":[{"embeddable":true,"href":"https:\/\/www.donsp.sk\/donsp\/wp-json\/wp\/v2\/pages\/6"}],"wp:attachment":[{"href":"https:\/\/www.donsp.sk\/donsp\/wp-json\/wp\/v2\/media?parent=101"}],"curies":[{"name":"wp","href":"https:\/\/api.w.org\/{rel}","templated":true}]}}